{"id":17007,"date":"2024-08-07T07:29:20","date_gmt":"2024-08-07T07:29:20","guid":{"rendered":"https:\/\/www.wierec.com\/?page_id=17007"},"modified":"2025-05-07T12:34:35","modified_gmt":"2025-05-07T12:34:35","slug":"betriebsmitarbeiter-shredder","status":"publish","type":"page","link":"https:\/\/www.wierec.com\/en\/betriebsmitarbeiter-shredder\/","title":{"rendered":"Betriebsmitarbeiter Shredder"},"content":{"rendered":"<div>\n<p>Sie m\u00f6chten durchstarten und etwas bewegen? Mit uns schaffen Sie Nachhaltiges. Die Wiederkehr Recycling ist ein fester Begriff in der nationalen Kreislaufwirtschaft und f\u00fchrend im Metall-Recycling. Sind Sie das erg\u00e4nzende Zahnrad in unserem Mechanismus und m\u00f6chten die national agierende Gruppe in einer der zukunftsrelevanten Branchen unterst\u00fctzen?<\/p>\n<\/p>\n<p>Diese M\u00f6glichkeit haben Sie nun, denn wir suchen zur Erg\u00e4nzung unseres Standortes in Schwarzenbach ab sofort eine\/n<\/p>\n<\/div>\n<h1>Betriebsmitarbeiter\/in Shredder 100% (w\/m\/d)<\/h1>\n<div>\n<p><strong>Ihr Aufgabengebiet:<\/strong><\/p>\n<ul>\n<li>Material trennen und sortieren nach Sorten und Qualit\u00e4ten<\/li>\n<li>Mithilfe bei der Warenannahme<\/li>\n<li>Allgemeine Reinigungs- und Aufr\u00e4umarbeiten<\/li>\n<li>Be- und Entladen von LKW\u2019s mittels Stapler<\/li>\n<\/ul>\n<p><strong>Was Sie mitbringen:<\/strong><\/p>\n<ul>\n<li>Berufserfahrung im Bereich Metall Recycling<\/li>\n<li>SUVA-Staplerausweis zwingend<\/li>\n<li>Sehr gute Deutschkenntnisse in Wort und Schrift<\/li>\n<li>K\u00f6rperlich fit, Teamplayer, handwerkliche F\u00e4higkeit und Bereitschaft mitanzupacken<\/li>\n<\/ul>\n<p><strong>Das bieten wir:<\/strong><\/p>\n<ul>\n<li>Zeitgem\u00e4sse Anstellung, unter anderem mit 5 Wochen Ferien und 1 Woche Betriebsferien<\/li>\n<li>42.5 Wochenarbeitsstunden<\/li>\n<li>Gesundheits- und Jubil\u00e4umsbonus<\/li>\n<li>Umkleidekabinen mit Duschm\u00f6glichkeiten und pers\u00f6nlichem Spind<\/li>\n<li>W\u00e4scheservice f\u00fcr die Arbeitskleidung<\/li>\n<li>J\u00e4hrlicher Gutschein f\u00fcr ein Paar Sicherheitsschuhe<\/li>\n<li>Attraktives internes und externes Fort- und Weiterbildungsangebot mit zeitlicher und finanzieller Unterst\u00fctzung<\/li>\n<\/ul>\n<p>Wir arbeiten gerne mit Menschen zusammen, welche sich selbst wie auch das Unternehmen weiterentwickeln wollen, Spass an der Arbeit haben und auch bereit sind, mit uns die Extrameile im Sinne Aller zu gehen. Bei uns k\u00f6nnen Sie Ihr Gedankengut einfliessen lassen und Prozesse mitverbessern. Es erwartet Sie ein vielseitiges Aufgabenspektrum in einem dynamischen und stets wachsenden Markt.<\/p>\n<p>Werden Sie Teil unseres Wiederkehr-Teams!<\/p>\n<\/p>\n<p>Frau Bianca Kalt freut sich auf Ihre vollst\u00e4ndigen Bewerbungsunterlagen: <a href=\"mailto:jobs@wierec.com\">jobs@wierec.com<\/a><br \/>Haben Sie noch Fragen? Wir freuen uns auf Ihre Kontaktaufnahme.<\/p>\n<\/div>\n<p>\n    <a href=\"https:\/\/www.wierec.com\/en\/bewerbung-schwarzenbach\/\">JETZT BEWERBEN<\/a>\n<\/p>\n<p>\n    <a href=\"https:\/\/www.wierec.com\/karriere\/\">ZUR\u00dcCK <\/a>\n<\/p>\n<div>\n<p>Sie haben Fragen zur offenen Stelle oder zum Bewerbungsprozess? <\/p>\n<\/div>\n<div>\n<h3>Schreiben Sie uns.<\/h3>\n<div>\n\n<div class=\"wpcf7 no-js\" id=\"wpcf7-f4895-o1\" lang=\"en-US\" dir=\"ltr\" data-wpcf7-id=\"4895\">\n<div class=\"screen-reader-response\"><p role=\"status\" aria-live=\"polite\" aria-atomic=\"true\"><\/p> <ul><\/ul><\/div>\n<form action=\"\/en\/wp-json\/wp\/v2\/pages\/17007#wpcf7-f4895-o1\" method=\"post\" class=\"wpcf7-form init\" aria-label=\"Contact form\" novalidate=\"novalidate\" data-status=\"init\">\n<fieldset class=\"hidden-fields-container\"><input type=\"hidden\" name=\"_wpcf7\" value=\"4895\" \/><input type=\"hidden\" name=\"_wpcf7_version\" value=\"6.1.5\" \/><input type=\"hidden\" name=\"_wpcf7_locale\" value=\"en_US\" \/><input type=\"hidden\" name=\"_wpcf7_unit_tag\" value=\"wpcf7-f4895-o1\" \/><input type=\"hidden\" name=\"_wpcf7_container_post\" value=\"0\" \/><input type=\"hidden\" name=\"_wpcf7_posted_data_hash\" value=\"\" \/><input type=\"hidden\" name=\"_wpcf7_recaptcha_response\" value=\"\" \/>\n<\/fieldset>\n<p><label> Surame*<br \/>\n<span class=\"wpcf7-form-control-wrap\" data-name=\"your-name\"><input size=\"40\" maxlength=\"400\" class=\"wpcf7-form-control wpcf7-text wpcf7-validates-as-required\" aria-required=\"true\" aria-invalid=\"false\" value=\"\" type=\"text\" name=\"your-name\" \/><\/span> <\/label>\n<\/p>\n<p><label> Name*<br \/>\n<span class=\"wpcf7-form-control-wrap\" data-name=\"your-vorname\"><input size=\"40\" maxlength=\"400\" class=\"wpcf7-form-control wpcf7-text wpcf7-validates-as-required\" aria-required=\"true\" aria-invalid=\"false\" value=\"\" type=\"text\" name=\"your-vorname\" \/><\/span> <\/label>\n<\/p>\n<p><label> E-Mail*<br \/>\n<span class=\"wpcf7-form-control-wrap\" data-name=\"your-email\"><input size=\"40\" maxlength=\"400\" class=\"wpcf7-form-control wpcf7-email wpcf7-validates-as-required wpcf7-text wpcf7-validates-as-email\" aria-required=\"true\" aria-invalid=\"false\" value=\"\" type=\"email\" name=\"your-email\" \/><\/span> <\/label>\n<\/p>\n<p><label>Telephone<span class=\"wpcf7-form-control-wrap\" data-name=\"tel-877\"><input size=\"40\" maxlength=\"400\" class=\"wpcf7-form-control wpcf7-tel wpcf7-text wpcf7-validates-as-tel\" aria-invalid=\"false\" value=\"\" type=\"tel\" name=\"tel-877\" \/><\/span><\/label>\n<\/p>\n<p><label> My question<br \/>\n<span class=\"wpcf7-form-control-wrap\" data-name=\"your-message\"><textarea cols=\"40\" rows=\"10\" maxlength=\"2000\" class=\"wpcf7-form-control wpcf7-textarea\" aria-invalid=\"false\" name=\"your-message\"><\/textarea><\/span> <\/label>\n<\/p>\n<p><input class=\"wpcf7-form-control wpcf7-submit has-spinner\" type=\"submit\" value=\"Send\" \/>\n<\/p><div class=\"wpcf7-response-output\" aria-hidden=\"true\"><\/div>\n<\/form>\n<\/div>\n\n<\/div>\n<\/div>\n<p><!--more--><br \/>\n<!-- {\"type\":\"layout\",\"children\":[{\"type\":\"section\",\"props\":{\"image_position\":\"center-center\",\"style\":\"default\",\"title_breakpoint\":\"xl\",\"title_position\":\"top-left\",\"title_rotation\":\"left\",\"vertical_align\":\"middle\",\"width\":\"default\"},\"children\":[{\"type\":\"row\",\"children\":[{\"type\":\"column\",\"props\":{\"image_position\":\"center-center\",\"position_sticky_breakpoint\":\"m\"},\"children\":[{\"type\":\"text\",\"props\":{\"column_breakpoint\":\"m\",\"content\":\"\n\n<p>Sie m\\u00f6chten durchstarten und etwas bewegen? Mit uns schaffen Sie Nachhaltiges. Die Wiederkehr Recycling ist ein fester Begriff in der nationalen Kreislaufwirtschaft und f\\u00fchrend im Metall-Recycling. Sind Sie das erg\\u00e4nzende Zahnrad in unserem Mechanismus und m\\u00f6chten die national agierende Gruppe in einer der zukunftsrelevanten Branchen unterst\\u00fctzen?<\\\/p>\\n\n\n<p><\\\/p>\\n\n\n<p>Diese M\\u00f6glichkeit haben Sie nun, denn wir suchen zur Erg\\u00e4nzung unseres Standortes in Schwarzenbach ab sofort eine\\\/n<\\\/p>\",\"margin\":\"default\"}},{\"type\":\"headline\",\"props\":{\"content\":\"Betriebsmitarbeiter\\\/in Shredder 100% (w\\\/m\\\/d)\",\"title_element\":\"h1\",\"title_style\":\"h3\"}},{\"type\":\"text\",\"props\":{\"column_breakpoint\":\"m\",\"content\":\"\n\n<p><strong>Ihr Aufgabengebiet:<\\\/strong><\\\/p>\\n\n\n<ul>\\n\n\n<li>Material trennen und sortieren nach Sorten und Qualit\\u00e4ten<\\\/li>\\n\n\n<li>Mithilfe bei der Warenannahme<\\\/li>\\n\n\n<li>Allgemeine Reinigungs- und Aufr\\u00e4umarbeiten<\\\/li>\\n\n\n<li>Be- und Entladen von LKW\\u2019s mittels Stapler<\\\/li>\\n<\\\/ul>\\n\n\n<p><strong>Was Sie mitbringen:<\\\/strong><\\\/p>\\n\n\n<ul>\\n\n\n<li>Berufserfahrung im Bereich Metall Recycling<\\\/li>\\n\n\n<li>SUVA-Staplerausweis zwingend<\\\/li>\\n\n\n<li>Sehr gute Deutschkenntnisse in Wort und Schrift<\\\/li>\\n\n\n<li>K\\u00f6rperlich fit, Teamplayer, handwerkliche F\\u00e4higkeit und Bereitschaft mitanzupacken<\\\/li>\\n<\\\/ul>\\n\n\n<p><strong>Das bieten wir:<\\\/strong><\\\/p>\\n\n\n<ul>\\n\n\n<li>Zeitgem\\u00e4sse Anstellung, unter anderem mit 5 Wochen Ferien und 1 Woche Betriebsferien<\\\/li>\\n\n\n<li>42.5 Wochenarbeitsstunden<\\\/li>\\n\n\n<li>Gesundheits- und Jubil\\u00e4umsbonus<\\\/li>\\n\n\n<li>Umkleidekabinen mit Duschm\\u00f6glichkeiten und pers\\u00f6nlichem Spind<\\\/li>\\n\n\n<li>W\\u00e4scheservice f\\u00fcr die Arbeitskleidung<\\\/li>\\n\n\n<li>J\\u00e4hrlicher Gutschein f\\u00fcr ein Paar Sicherheitsschuhe<\\\/li>\\n\n\n<li>Attraktives internes und externes Fort- und Weiterbildungsangebot mit zeitlicher und finanzieller Unterst\\u00fctzung<\\\/li>\\n<\\\/ul>\\n\n\n<p>Wir arbeiten gerne mit Menschen zusammen, welche sich selbst wie auch das Unternehmen weiterentwickeln wollen, Spass an der Arbeit haben und auch bereit sind, mit uns die Extrameile im Sinne Aller zu gehen. Bei uns k\\u00f6nnen Sie Ihr Gedankengut einfliessen lassen und Prozesse mitverbessern. Es erwartet Sie ein vielseitiges Aufgabenspektrum in einem dynamischen und stets wachsenden Markt.<\\\/p>\\n\n\n<p>Werden Sie Teil unseres Wiederkehr-Teams!<\\\/p>\\n\n\n<p><\\\/p>\\n\n\n<p>Frau Bianca Kalt freut sich auf Ihre vollst\\u00e4ndigen Bewerbungsunterlagen: <a href=\\\"mailto:jobs@wierec.com\\\">jobs@wierec.com<\\\/a><br \\\/>Haben Sie noch Fragen? Wir freuen uns auf Ihre Kontaktaufnahme.<\\\/p>\",\"margin\":\"default\"}},{\"type\":\"button\",\"props\":{\"grid_column_gap\":\"small\",\"grid_row_gap\":\"small\",\"margin\":\"default\"},\"children\":[{\"type\":\"button_item\",\"props\":{\"button_style\":\"primary\",\"content\":\"JETZT BEWERBEN\",\"icon_align\":\"left\",\"link\":\"bewerbung-schwarzenbach\\\/\"}}]}]}]}]},{\"type\":\"section\",\"props\":{\"image_position\":\"center-center\",\"style\":\"muted\",\"title_breakpoint\":\"xl\",\"title_position\":\"top-left\",\"title_rotation\":\"left\",\"vertical_align\":\"middle\",\"width\":\"default\"},\"children\":[{\"type\":\"row\",\"props\":{\"layout\":\"1-2,1-2\"},\"children\":[{\"type\":\"column\",\"props\":{\"image_position\":\"center-center\",\"position_sticky_breakpoint\":\"m\",\"width_medium\":\"1-2\"},\"children\":[{\"type\":\"button\",\"props\":{\"grid_column_gap\":\"small\",\"grid_row_gap\":\"small\",\"margin\":\"default\"},\"children\":[{\"type\":\"button_item\",\"props\":{\"button_style\":\"default\",\"content\":\"ZUR\\u00dcCK \",\"icon_align\":\"left\",\"link\":\"index.php\\\/karriere\\\/\"}}]}]},{\"type\":\"column\",\"props\":{\"image_position\":\"center-center\",\"position_sticky_breakpoint\":\"m\",\"width_medium\":\"1-2\"},\"children\":[{\"type\":\"text\",\"props\":{\"column_breakpoint\":\"m\",\"content\":\"\n\n<p>Sie haben Fragen zur offenen Stelle oder zum Bewerbungsprozess? <\\\/p>\",\"margin\":\"default\"}},{\"type\":\"accordion\",\"props\":{\"collapsible\":true,\"content_column_breakpoint\":\"m\",\"content_dropcap\":false,\"css\":\".el-title {color:#003967; padding:10px;padding-left:0px; font-size:20px; font-weight:bold; }\",\"image_align\":\"top\",\"image_grid_breakpoint\":\"m\",\"image_grid_width\":\"1-2\",\"image_svg_color\":\"emphasis\",\"link_style\":\"default\",\"link_text\":\"Read more\",\"show_image\":true,\"show_link\":true},\"children\":[{\"type\":\"accordion_item\",\"props\":{\"content\":\"\n\n<p>[contact-form-7 id=\\\"1256\\\" title=\\\"HR\\\"]<\\\/p>\",\"title\":\"Schreiben Sie uns.\"}}]}]}]}]}],\"version\":\"4.3.4\"} --><\/p>\n","protected":false},"excerpt":{"rendered":"<p>Sie m\u00f6chten durchstarten und etwas bewegen? Mit uns schaffen Sie Nachhaltiges. Die Wiederkehr Recycling ist ein fester Begriff in der nationalen Kreislaufwirtschaft und f\u00fchrend im Metall-Recycling. Sind Sie das erg\u00e4nzende Zahnrad in unserem Mechanismus und m\u00f6chten die national agierende Gruppe in einer der zukunftsrelevanten Branchen unterst\u00fctzen? Diese M\u00f6glichkeit haben Sie nun, denn wir suchen zur [&hellip;]<\/p>\n","protected":false},"author":1,"featured_media":0,"parent":0,"menu_order":0,"comment_status":"closed","ping_status":"closed","template":"","meta":{"inline_featured_image":false,"footnotes":""},"class_list":["post-17007","page","type-page","status-publish","hentry"],"yoast_head":"<!-- This site is optimized with the Yoast SEO Premium plugin v24.3 (Yoast SEO v27.3) - https:\/\/yoast.com\/product\/yoast-seo-premium-wordpress\/ -->\n<title>Betriebsmitarbeiter Shredder - Wiederkehr Recycling<\/title>\n<meta name=\"description\" content=\"Sie sind auf der Suche nach einer neuen Stelle? Dann bewerben Sie sich jetzt bei uns als Betriebsmitarbeiter\/in Shredder.\" \/>\n<meta name=\"robots\" content=\"index, follow, max-snippet:-1, max-image-preview:large, max-video-preview:-1\" \/>\n<link rel=\"canonical\" href=\"https:\/\/www.wierec.com\/en\/betriebsmitarbeiter-shredder\/\" \/>\n<meta property=\"og:locale\" content=\"en_US\" \/>\n<meta property=\"og:type\" content=\"article\" \/>\n<meta property=\"og:title\" content=\"Betriebsmitarbeiter Shredder\" \/>\n<meta property=\"og:description\" content=\"Sie sind auf der Suche nach einer neuen Stelle? Dann bewerben Sie sich jetzt bei uns als Betriebsmitarbeiter\/in Shredder.\" \/>\n<meta property=\"og:url\" content=\"https:\/\/www.wierec.com\/en\/betriebsmitarbeiter-shredder\/\" \/>\n<meta property=\"og:site_name\" content=\"Wiederkehr Recycling\" \/>\n<meta property=\"article:modified_time\" content=\"2025-05-07T12:34:35+00:00\" \/>\n<meta name=\"twitter:card\" content=\"summary_large_image\" \/>\n<meta name=\"twitter:label1\" content=\"Est. reading time\" \/>\n\t<meta name=\"twitter:data1\" content=\"2 minutes\" \/>\n<script type=\"application\/ld+json\" class=\"yoast-schema-graph\">{\"@context\":\"https:\\\/\\\/schema.org\",\"@graph\":[{\"@type\":\"WebPage\",\"@id\":\"https:\\\/\\\/www.wierec.com\\\/en\\\/betriebsmitarbeiter-shredder\\\/\",\"url\":\"https:\\\/\\\/www.wierec.com\\\/en\\\/betriebsmitarbeiter-shredder\\\/\",\"name\":\"Betriebsmitarbeiter Shredder - Wiederkehr Recycling\",\"isPartOf\":{\"@id\":\"https:\\\/\\\/www.wierec.com\\\/en\\\/#website\"},\"datePublished\":\"2024-08-07T07:29:20+00:00\",\"dateModified\":\"2025-05-07T12:34:35+00:00\",\"description\":\"Sie sind auf der Suche nach einer neuen Stelle? Dann bewerben Sie sich jetzt bei uns als Betriebsmitarbeiter\\\/in Shredder.\",\"breadcrumb\":{\"@id\":\"https:\\\/\\\/www.wierec.com\\\/en\\\/betriebsmitarbeiter-shredder\\\/#breadcrumb\"},\"inLanguage\":\"en-US\",\"potentialAction\":[{\"@type\":\"ReadAction\",\"target\":[\"https:\\\/\\\/www.wierec.com\\\/en\\\/betriebsmitarbeiter-shredder\\\/\"]}]},{\"@type\":\"BreadcrumbList\",\"@id\":\"https:\\\/\\\/www.wierec.com\\\/en\\\/betriebsmitarbeiter-shredder\\\/#breadcrumb\",\"itemListElement\":[{\"@type\":\"ListItem\",\"position\":1,\"name\":\"Home\",\"item\":\"https:\\\/\\\/www.wierec.com\\\/en\\\/\"},{\"@type\":\"ListItem\",\"position\":2,\"name\":\"Betriebsmitarbeiter Shredder\"}]},{\"@type\":\"WebSite\",\"@id\":\"https:\\\/\\\/www.wierec.com\\\/en\\\/#website\",\"url\":\"https:\\\/\\\/www.wierec.com\\\/en\\\/\",\"name\":\"Wiederkehr Recycling\",\"description\":\"Die Wiederkehr der Rohstoffe\",\"publisher\":{\"@id\":\"https:\\\/\\\/www.wierec.com\\\/en\\\/#organization\"},\"potentialAction\":[{\"@type\":\"SearchAction\",\"target\":{\"@type\":\"EntryPoint\",\"urlTemplate\":\"https:\\\/\\\/www.wierec.com\\\/en\\\/?s={search_term_string}\"},\"query-input\":{\"@type\":\"PropertyValueSpecification\",\"valueRequired\":true,\"valueName\":\"search_term_string\"}}],\"inLanguage\":\"en-US\"},{\"@type\":\"Organization\",\"@id\":\"https:\\\/\\\/www.wierec.com\\\/en\\\/#organization\",\"name\":\"Wiederkehr Recycling AG\",\"url\":\"https:\\\/\\\/www.wierec.com\\\/en\\\/\",\"logo\":{\"@type\":\"ImageObject\",\"inLanguage\":\"en-US\",\"@id\":\"https:\\\/\\\/www.wierec.com\\\/en\\\/#\\\/schema\\\/logo\\\/image\\\/\",\"url\":\"https:\\\/\\\/www.wierec.com\\\/wp-content\\\/uploads\\\/2020\\\/11\\\/logo-wiederkehr-gruppe-4f-quer-001.png\",\"contentUrl\":\"https:\\\/\\\/www.wierec.com\\\/wp-content\\\/uploads\\\/2020\\\/11\\\/logo-wiederkehr-gruppe-4f-quer-001.png\",\"width\":1500,\"height\":367,\"caption\":\"Wiederkehr Recycling AG\"},\"image\":{\"@id\":\"https:\\\/\\\/www.wierec.com\\\/en\\\/#\\\/schema\\\/logo\\\/image\\\/\"}}]}<\/script>\n<!-- \/ Yoast SEO Premium plugin. -->","yoast_head_json":{"title":"Betriebsmitarbeiter Shredder - Wiederkehr Recycling","description":"Sie sind auf der Suche nach einer neuen Stelle? Dann bewerben Sie sich jetzt bei uns als Betriebsmitarbeiter\/in Shredder.","robots":{"index":"index","follow":"follow","max-snippet":"max-snippet:-1","max-image-preview":"max-image-preview:large","max-video-preview":"max-video-preview:-1"},"canonical":"https:\/\/www.wierec.com\/en\/betriebsmitarbeiter-shredder\/","og_locale":"en_US","og_type":"article","og_title":"Betriebsmitarbeiter Shredder","og_description":"Sie sind auf der Suche nach einer neuen Stelle? Dann bewerben Sie sich jetzt bei uns als Betriebsmitarbeiter\/in Shredder.","og_url":"https:\/\/www.wierec.com\/en\/betriebsmitarbeiter-shredder\/","og_site_name":"Wiederkehr Recycling","article_modified_time":"2025-05-07T12:34:35+00:00","twitter_card":"summary_large_image","twitter_misc":{"Est. reading time":"2 minutes"},"schema":{"@context":"https:\/\/schema.org","@graph":[{"@type":"WebPage","@id":"https:\/\/www.wierec.com\/en\/betriebsmitarbeiter-shredder\/","url":"https:\/\/www.wierec.com\/en\/betriebsmitarbeiter-shredder\/","name":"Betriebsmitarbeiter Shredder - Wiederkehr Recycling","isPartOf":{"@id":"https:\/\/www.wierec.com\/en\/#website"},"datePublished":"2024-08-07T07:29:20+00:00","dateModified":"2025-05-07T12:34:35+00:00","description":"Sie sind auf der Suche nach einer neuen Stelle? Dann bewerben Sie sich jetzt bei uns als Betriebsmitarbeiter\/in Shredder.","breadcrumb":{"@id":"https:\/\/www.wierec.com\/en\/betriebsmitarbeiter-shredder\/#breadcrumb"},"inLanguage":"en-US","potentialAction":[{"@type":"ReadAction","target":["https:\/\/www.wierec.com\/en\/betriebsmitarbeiter-shredder\/"]}]},{"@type":"BreadcrumbList","@id":"https:\/\/www.wierec.com\/en\/betriebsmitarbeiter-shredder\/#breadcrumb","itemListElement":[{"@type":"ListItem","position":1,"name":"Home","item":"https:\/\/www.wierec.com\/en\/"},{"@type":"ListItem","position":2,"name":"Betriebsmitarbeiter Shredder"}]},{"@type":"WebSite","@id":"https:\/\/www.wierec.com\/en\/#website","url":"https:\/\/www.wierec.com\/en\/","name":"Wiederkehr Recycling","description":"Die Wiederkehr der Rohstoffe","publisher":{"@id":"https:\/\/www.wierec.com\/en\/#organization"},"potentialAction":[{"@type":"SearchAction","target":{"@type":"EntryPoint","urlTemplate":"https:\/\/www.wierec.com\/en\/?s={search_term_string}"},"query-input":{"@type":"PropertyValueSpecification","valueRequired":true,"valueName":"search_term_string"}}],"inLanguage":"en-US"},{"@type":"Organization","@id":"https:\/\/www.wierec.com\/en\/#organization","name":"Wiederkehr Recycling AG","url":"https:\/\/www.wierec.com\/en\/","logo":{"@type":"ImageObject","inLanguage":"en-US","@id":"https:\/\/www.wierec.com\/en\/#\/schema\/logo\/image\/","url":"https:\/\/www.wierec.com\/wp-content\/uploads\/2020\/11\/logo-wiederkehr-gruppe-4f-quer-001.png","contentUrl":"https:\/\/www.wierec.com\/wp-content\/uploads\/2020\/11\/logo-wiederkehr-gruppe-4f-quer-001.png","width":1500,"height":367,"caption":"Wiederkehr Recycling AG"},"image":{"@id":"https:\/\/www.wierec.com\/en\/#\/schema\/logo\/image\/"}}]}},"_links":{"self":[{"href":"https:\/\/www.wierec.com\/en\/wp-json\/wp\/v2\/pages\/17007","targetHints":{"allow":["GET"]}}],"collection":[{"href":"https:\/\/www.wierec.com\/en\/wp-json\/wp\/v2\/pages"}],"about":[{"href":"https:\/\/www.wierec.com\/en\/wp-json\/wp\/v2\/types\/page"}],"author":[{"embeddable":true,"href":"https:\/\/www.wierec.com\/en\/wp-json\/wp\/v2\/users\/1"}],"replies":[{"embeddable":true,"href":"https:\/\/www.wierec.com\/en\/wp-json\/wp\/v2\/comments?post=17007"}],"version-history":[{"count":5,"href":"https:\/\/www.wierec.com\/en\/wp-json\/wp\/v2\/pages\/17007\/revisions"}],"predecessor-version":[{"id":19599,"href":"https:\/\/www.wierec.com\/en\/wp-json\/wp\/v2\/pages\/17007\/revisions\/19599"}],"wp:attachment":[{"href":"https:\/\/www.wierec.com\/en\/wp-json\/wp\/v2\/media?parent=17007"}],"curies":[{"name":"wp","href":"https:\/\/api.w.org\/{rel}","templated":true}]}}