{"id":12092,"date":"2022-08-25T12:05:45","date_gmt":"2022-08-25T12:05:45","guid":{"rendered":"https:\/\/www.wierec.com\/?page_id=12092"},"modified":"2025-05-07T12:50:13","modified_gmt":"2025-05-07T12:50:13","slug":"bewerbung-waltenschwil","status":"publish","type":"page","link":"https:\/\/www.wierec.com\/fr\/bewerbung-waltenschwil\/","title":{"rendered":"Bewerbung Waltenschwil"},"content":{"rendered":"<h1>Online-Bewerbungsformular der Wiederkehr Recycling<\/h1>\n<div>\n<p>Sie m\u00f6chten durchstarten und etwas bewegen? Mit uns schaffen Sie Nachhaltiges.<\/p>\n<p>Wir unterst\u00fctzen Sie im Bewerbungsprozess und stellen Ihnen das folgende Online-Bewerbungsformular zur Verf\u00fcgung. F\u00fcllen Sie die Felder Schritt f\u00fcr Schritt aus und laden Sie Ihren Lebenslauf (im PDF-Format) am Ende des Formulars hoch. Es steht Ihnen zudem ein freies Textfeld zur Verf\u00fcgung, um individuelle Erg\u00e4nzungen vornehmen zu k\u00f6nnen.<\/p>\n<p>Bei Fragen und f\u00fcr weitere Informationen stehen wir Ihnen gerne auch telefonisch zur Verf\u00fcgung. <\/p>\n<p>Wir freuen uns auf Ihre Bewerbung!<\/p>\n<\/div>\n<div><div class=\"wpforms-container wpforms-container-full\" id=\"wpforms-12082\"><form id=\"wpforms-form-12082\" class=\"wpforms-validate wpforms-form wpforms-ajax-form\" data-formid=\"12082\" method=\"post\" enctype=\"multipart\/form-data\" action=\"\/fr\/wp-json\/wp\/v2\/pages\/12092?wpforms_form_id=12082\" data-token=\"5258b0b7a6fbea10735991ce0cf9233b\" data-token-time=\"1776850660\"><noscript class=\"wpforms-error-noscript\">Veuillez activer JavaScript dans votre navigateur pour remplir ce formulaire.<\/noscript><div class=\"wpforms-field-container\"><div id=\"wpforms-12082-field_6-container\" class=\"wpforms-field wpforms-field-divider\" data-field-id=\"6\"><h3 id=\"wpforms-12082-field_6\">Meine Personalien<\/h3><\/div><div id=\"wpforms-12082-field_23-container\" class=\"wpforms-field wpforms-field-text\" data-field-id=\"23\"><label class=\"wpforms-field-label\" for=\"wpforms-12082-field_23\">Vorname <span class=\"wpforms-required-label\">*<\/span><\/label><input type=\"text\" id=\"wpforms-12082-field_23\" class=\"wpforms-field-medium wpforms-field-required\" name=\"wpforms[fields][23]\" required><\/div><div id=\"wpforms-12082-field_24-container\" class=\"wpforms-field wpforms-field-text\" data-field-id=\"24\"><label class=\"wpforms-field-label\" for=\"wpforms-12082-field_24\">Nachname <span class=\"wpforms-required-label\">*<\/span><\/label><input type=\"text\" id=\"wpforms-12082-field_24\" class=\"wpforms-field-medium wpforms-field-required\" name=\"wpforms[fields][24]\" required><\/div><div id=\"wpforms-12082-field_19-container\" class=\"wpforms-field wpforms-field-text\" data-field-id=\"19\"><label class=\"wpforms-field-label\" for=\"wpforms-12082-field_19\">Strasse\/Nr. <span class=\"wpforms-required-label\">*<\/span><\/label><input type=\"text\" id=\"wpforms-12082-field_19\" class=\"wpforms-field-medium wpforms-field-required\" name=\"wpforms[fields][19]\" required><\/div><div id=\"wpforms-12082-field_20-container\" class=\"wpforms-field wpforms-field-text\" data-field-id=\"20\"><label class=\"wpforms-field-label\" for=\"wpforms-12082-field_20\">PLZ <span class=\"wpforms-required-label\">*<\/span><\/label><input type=\"text\" id=\"wpforms-12082-field_20\" class=\"wpforms-field-medium wpforms-field-required wpforms-masked-input\" data-rule-inputmask-incomplete=\"1\" data-inputmask-mask=\"9999\" name=\"wpforms[fields][20]\" required><\/div><div id=\"wpforms-12082-field_21-container\" class=\"wpforms-field wpforms-field-text\" data-field-id=\"21\"><label class=\"wpforms-field-label\" for=\"wpforms-12082-field_21\">Ort <span class=\"wpforms-required-label\">*<\/span><\/label><input type=\"text\" id=\"wpforms-12082-field_21\" class=\"wpforms-field-medium wpforms-field-required\" name=\"wpforms[fields][21]\" required><\/div><div id=\"wpforms-12082-field_1-container\" class=\"wpforms-field wpforms-field-email Musterhausen\" data-field-id=\"1\"><label class=\"wpforms-field-label\" for=\"wpforms-12082-field_1\">E-Mail <span class=\"wpforms-required-label\">*<\/span><\/label><input type=\"email\" id=\"wpforms-12082-field_1\" class=\"wpforms-field-medium wpforms-field-required\" name=\"wpforms[fields][1]\" spellcheck=\"false\" required><\/div><div id=\"wpforms-12082-field_3-container\" class=\"wpforms-field wpforms-field-phone\" data-field-id=\"3\"><label class=\"wpforms-field-label\" for=\"wpforms-12082-field_3\">Telefon (tags\u00fcber erreichbar)<\/label><input type=\"tel\" id=\"wpforms-12082-field_3\" class=\"wpforms-field-medium wpforms-smart-phone-field\" data-rule-smart-phone-field=\"true\" name=\"wpforms[fields][3]\" aria-label=\"Telefon (tags\u00fcber erreichbar)\" ><\/div><div id=\"wpforms-12082-field_7-container\" class=\"wpforms-field wpforms-field-divider\" data-field-id=\"7\"><h3 id=\"wpforms-12082-field_7\">Meine Bewerbung<\/h3><\/div><div id=\"wpforms-12082-field_10-container\" class=\"wpforms-field wpforms-field-select wpforms-field-select-style-classic\" data-field-id=\"10\"><label class=\"wpforms-field-label\" for=\"wpforms-12082-field_10\">f\u00fcr folgende Stelle <span class=\"wpforms-required-label\">*<\/span><\/label><select id=\"wpforms-12082-field_10\" class=\"wpforms-field-medium wpforms-field-required\" name=\"wpforms[fields][10]\" required=\"required\"><option value=\"Maschinist Umschlagger\u00e4te 100% (w\/m\/d)\" >Maschinist Umschlagger\u00e4te 100% (w\/m\/d)<\/option><\/select><\/div><div id=\"wpforms-12082-field_13-container\" class=\"wpforms-field wpforms-field-select Bewerbung wpforms-field-select-style-classic\" data-field-id=\"13\"><label class=\"wpforms-field-label\" for=\"wpforms-12082-field_13\">Meine Berufserfahrung in der ausgew\u00e4hlten Stelle<\/label><select id=\"wpforms-12082-field_13\" class=\"wpforms-field-medium\" name=\"wpforms[fields][13]\"><option value=\"Keine Berufserfahrung\" >Keine Berufserfahrung<\/option><option value=\"1-4 Jahre\" >1-4 Jahre<\/option><option value=\"5-9 Jahre\" >5-9 Jahre<\/option><option value=\"mehr als 9 Jahre\" >mehr als 9 Jahre<\/option><\/select><\/div><div id=\"wpforms-12082-field_14-container\" class=\"wpforms-field wpforms-field-text\" data-field-id=\"14\"><label class=\"wpforms-field-label\" for=\"wpforms-12082-field_14\">Mein erlernter Beruf<\/label><input type=\"text\" id=\"wpforms-12082-field_14\" class=\"wpforms-field-medium\" name=\"wpforms[fields][14]\" ><\/div><div id=\"wpforms-12082-field_15-container\" class=\"wpforms-field wpforms-field-text\" data-field-id=\"15\"><label class=\"wpforms-field-label\" for=\"wpforms-12082-field_15\">Mein Wunschsal\u00e4r<\/label><input type=\"text\" id=\"wpforms-12082-field_15\" class=\"wpforms-field-medium\" name=\"wpforms[fields][15]\" ><\/div><div id=\"wpforms-12082-field_16-container\" class=\"wpforms-field wpforms-field-date-time\" data-field-id=\"16\"><label class=\"wpforms-field-label\" for=\"wpforms-12082-field_16\">Mein m\u00f6gliches Startdatum<\/label><div class=\"wpforms-datepicker-wrap\"><input type=\"text\" id=\"wpforms-12082-field_16\" class=\"wpforms-field-date-time-date wpforms-datepicker wpforms-field-medium\" data-date-format=\"d\/m\/Y\" data-limit-days=\"mon,tue,wed,thu,fri\" data-disable-past-dates=\"1\" data-disable-todays-date=\"0\" data-input=\"true\" name=\"wpforms[fields][16][date]\" ><a title=\"Effacer la date\" data-clear role=\"button\" tabindex=\"0\" class=\"wpforms-datepicker-clear\" aria-label=\"Effacer la date\" style=\"display:none;\"><\/a><\/div><\/div><div id=\"wpforms-12082-field_8-container\" class=\"wpforms-field wpforms-field-file-upload\" data-field-id=\"8\"><label class=\"wpforms-field-label\" for=\"wpforms-12082-field_8\">Lebenslauf <span class=\"wpforms-required-label\">*<\/span><\/label><div\n\t\tclass=\"wpforms-uploader\"\n\t\tdata-field-id=\"8\"\n\t\tdata-form-id=\"12082\"\n\t\tdata-input-name=\"wpforms_12082_8\"\n\t\tdata-extensions=\"pdf\"\n\t\tdata-max-size=\"2097152\"\n\t\tdata-max-file-number=\"2\"\n\t\tdata-post-max-size=\"209715200\"\n\t\tdata-max-parallel-uploads=\"4\"\n\t\tdata-parallel-uploads=\"true\"\n\t\tdata-file-chunk-size=\"2097152\">\n\t<div class=\"dz-message\">\n\t\t<svg viewBox=\"0 0 1024 1024\" focusable=\"false\" data-icon=\"inbox\" width=\"50px\" height=\"50px\" fill=\"currentColor\" aria-hidden=\"true\">\n\t\t\t<path d=\"M885.2 446.3l-.2-.8-112.2-285.1c-5-16.1-19.9-27.2-36.8-27.2H281.2c-17 0-32.1 11.3-36.9 27.6L139.4 443l-.3.7-.2.8c-1.3 4.9-1.7 9.9-1 14.8-.1 1.6-.2 3.2-.2 4.8V830a60.9 60.9 0 0 0 60.8 60.8h627.2c33.5 0 60.8-27.3 60.9-60.8V464.1c0-1.3 0-2.6-.1-3.7.4-4.9 0-9.6-1.3-14.1zm-295.8-43l-.3 15.7c-.8 44.9-31.8 75.1-77.1 75.1-22.1 0-41.1-7.1-54.8-20.6S436 441.2 435.6 419l-.3-15.7H229.5L309 210h399.2l81.7 193.3H589.4zm-375 76.8h157.3c24.3 57.1 76 90.8 140.4 90.8 33.7 0 65-9.4 90.3-27.2 22.2-15.6 39.5-37.4 50.7-63.6h156.5V814H214.4V480.1z\"><\/path>\n\t\t<\/svg>\n\t\t<span class=\"modern-title\">Cliquez ou d\u00e9placez les fichiers vers cette zone pour les t\u00e9l\u00e9verser.<\/span>\n\n\t\t\t\t\t<span class=\"modern-hint\">Vous pouvez t\u00e9l\u00e9verser jusqu\u2019\u00e0 2 fichiers.<\/span>\n\t\t\t<\/div>\n<\/div>\n<input\n\t\ttype=\"text\"\n\t\tautocomplete=\"off\"\n\t\treadonly\n\t\tclass=\"dropzone-input\"\n\t\tstyle=\"position:absolute!important;clip:rect(0,0,0,0)!important;height:1px!important;width:1px!important;border:0!important;overflow:hidden!important;padding:0!important;margin:0!important;\"\n\t\tid=\"wpforms-12082-field_8\"\n\t\tname=\"wpforms_12082_8\" required\t\tvalue=\"\">\n<\/div><div id=\"wpforms-12082-field_25-container\" class=\"wpforms-field wpforms-field-file-upload\" data-field-id=\"25\"><label class=\"wpforms-field-label\" for=\"wpforms-12082-field_25\">Weitere Unterlagen<\/label><div\n\t\tclass=\"wpforms-uploader\"\n\t\tdata-field-id=\"25\"\n\t\tdata-form-id=\"12082\"\n\t\tdata-input-name=\"wpforms_12082_25\"\n\t\tdata-extensions=\"pdf\"\n\t\tdata-max-size=\"2097152\"\n\t\tdata-max-file-number=\"3\"\n\t\tdata-post-max-size=\"209715200\"\n\t\tdata-max-parallel-uploads=\"4\"\n\t\tdata-parallel-uploads=\"true\"\n\t\tdata-file-chunk-size=\"2097152\">\n\t<div class=\"dz-message\">\n\t\t<svg viewBox=\"0 0 1024 1024\" focusable=\"false\" data-icon=\"inbox\" width=\"50px\" height=\"50px\" fill=\"currentColor\" aria-hidden=\"true\">\n\t\t\t<path d=\"M885.2 446.3l-.2-.8-112.2-285.1c-5-16.1-19.9-27.2-36.8-27.2H281.2c-17 0-32.1 11.3-36.9 27.6L139.4 443l-.3.7-.2.8c-1.3 4.9-1.7 9.9-1 14.8-.1 1.6-.2 3.2-.2 4.8V830a60.9 60.9 0 0 0 60.8 60.8h627.2c33.5 0 60.8-27.3 60.9-60.8V464.1c0-1.3 0-2.6-.1-3.7.4-4.9 0-9.6-1.3-14.1zm-295.8-43l-.3 15.7c-.8 44.9-31.8 75.1-77.1 75.1-22.1 0-41.1-7.1-54.8-20.6S436 441.2 435.6 419l-.3-15.7H229.5L309 210h399.2l81.7 193.3H589.4zm-375 76.8h157.3c24.3 57.1 76 90.8 140.4 90.8 33.7 0 65-9.4 90.3-27.2 22.2-15.6 39.5-37.4 50.7-63.6h156.5V814H214.4V480.1z\"><\/path>\n\t\t<\/svg>\n\t\t<span class=\"modern-title\">Cliquez ou d\u00e9placez les fichiers vers cette zone pour les t\u00e9l\u00e9verser.<\/span>\n\n\t\t\t\t\t<span class=\"modern-hint\">Vous pouvez t\u00e9l\u00e9verser jusqu\u2019\u00e0 3 fichiers.<\/span>\n\t\t\t<\/div>\n<\/div>\n<input\n\t\ttype=\"text\"\n\t\tautocomplete=\"off\"\n\t\treadonly\n\t\tclass=\"dropzone-input\"\n\t\tstyle=\"position:absolute!important;clip:rect(0,0,0,0)!important;height:1px!important;width:1px!important;border:0!important;overflow:hidden!important;padding:0!important;margin:0!important;\"\n\t\tid=\"wpforms-12082-field_25\"\n\t\tname=\"wpforms_12082_25\" \t\tvalue=\"\">\n<\/div><div id=\"wpforms-12082-field_17-container\" class=\"wpforms-field wpforms-field-textarea\" data-field-id=\"17\"><label class=\"wpforms-field-label\" for=\"wpforms-12082-field_17\">Das m\u00f6chte ich Ihnen noch mitteilen:<\/label><textarea id=\"wpforms-12082-field_17\" class=\"wpforms-field-medium\" name=\"wpforms[fields][17]\" ><\/textarea><\/div><\/div><!-- .wpforms-field-container --><div class=\"wpforms-submit-container\" ><input type=\"hidden\" name=\"wpforms[id]\" value=\"12082\"><input type=\"hidden\" name=\"page_title\" value=\"\"><input type=\"hidden\" name=\"page_url\" value=\"https:\/\/www.wierec.com\/fr\/wp-json\/wp\/v2\/pages\/12092\"><input type=\"hidden\" name=\"url_referer\" value=\"\"><button type=\"submit\" name=\"wpforms[submit]\" id=\"wpforms-submit-12082\" class=\"wpforms-submit\" data-alt-text=\"wird gesendet..\" data-submit-text=\"Bewerbung an Wiederkehr Recycling absenden\" aria-live=\"assertive\" value=\"wpforms-submit\">Bewerbung an Wiederkehr Recycling absenden<\/button><img loading=\"lazy\" decoding=\"async\" src=\"https:\/\/www.wierec.com\/wp-content\/plugins\/wpforms\/assets\/images\/submit-spin.svg\" class=\"wpforms-submit-spinner\" style=\"display: none;\" width=\"26\" height=\"26\" alt=\"Chargement en cours\"><\/div><\/form><\/div>  <!-- .wpforms-container --><\/div>\n<p>\n    <a href=\"https:\/\/www.wierec.com\/karriere\/\">ZUR\u00dcCK <\/a>\n<\/p>\n<div>\n<p>Sie haben Fragen zur offenen Stelle oder zum Bewerbungsprozess? <\/p>\n<\/div>\n<div>\n<h3>Schreiben Sie uns.<\/h3>\n<div>\n\n<div class=\"wpcf7 no-js\" id=\"wpcf7-f6792-o1\" lang=\"fr-FR\" dir=\"ltr\" data-wpcf7-id=\"6792\">\n<div class=\"screen-reader-response\"><p role=\"status\" aria-live=\"polite\" aria-atomic=\"true\"><\/p> <ul><\/ul><\/div>\n<form action=\"\/fr\/wp-json\/wp\/v2\/pages\/12092#wpcf7-f6792-o1\" method=\"post\" class=\"wpcf7-form init\" aria-label=\"Formulaire de contact\" novalidate=\"novalidate\" data-status=\"init\">\n<fieldset class=\"hidden-fields-container\"><input type=\"hidden\" name=\"_wpcf7\" value=\"6792\" \/><input type=\"hidden\" name=\"_wpcf7_version\" value=\"6.1.5\" \/><input type=\"hidden\" name=\"_wpcf7_locale\" value=\"fr_FR\" \/><input type=\"hidden\" name=\"_wpcf7_unit_tag\" value=\"wpcf7-f6792-o1\" \/><input type=\"hidden\" name=\"_wpcf7_container_post\" value=\"0\" \/><input type=\"hidden\" name=\"_wpcf7_posted_data_hash\" value=\"\" \/><input type=\"hidden\" name=\"_wpcf7_recaptcha_response\" value=\"\" \/>\n<\/fieldset>\n<p><label> Nom*<br \/>\n<span class=\"wpcf7-form-control-wrap\" data-name=\"your-name\"><input size=\"40\" maxlength=\"400\" class=\"wpcf7-form-control wpcf7-text wpcf7-validates-as-required\" aria-required=\"true\" aria-invalid=\"false\" value=\"\" type=\"text\" name=\"your-name\" \/><\/span> <\/label>\n<\/p>\n<p><label> Email*<br \/>\n<span class=\"wpcf7-form-control-wrap\" data-name=\"your-email\"><input size=\"40\" maxlength=\"400\" class=\"wpcf7-form-control wpcf7-email wpcf7-validates-as-required wpcf7-text wpcf7-validates-as-email\" aria-required=\"true\" aria-invalid=\"false\" value=\"\" type=\"email\" name=\"your-email\" \/><\/span> <\/label>\n<\/p>\n<p><label> T\u00e9l\u00e9phone*<br \/>\n<span class=\"wpcf7-form-control-wrap\" data-name=\"your-tel\"><input size=\"40\" maxlength=\"400\" class=\"wpcf7-form-control wpcf7-text wpcf7-validates-as-required\" aria-required=\"true\" aria-invalid=\"false\" value=\"\" type=\"text\" name=\"your-tel\" \/><\/span> <\/label>\n<\/p>\n<p><label><br \/>\nMa question*<br \/>\n<span class=\"wpcf7-form-control-wrap\" data-name=\"your-message\"><textarea cols=\"40\" rows=\"10\" maxlength=\"2000\" class=\"wpcf7-form-control wpcf7-textarea wpcf7-validates-as-required\" aria-required=\"true\" aria-invalid=\"false\" name=\"your-message\"><\/textarea><\/span> <\/label>\n<\/p>\n<p><input class=\"wpcf7-form-control wpcf7-submit has-spinner\" type=\"submit\" value=\"Envoyer\" \/>\n<\/p><div class=\"wpcf7-response-output\" aria-hidden=\"true\"><\/div>\n<\/form>\n<\/div>\n\n<\/div>\n<\/div>\n<p><!--more--><br \/>\n<!-- {\"name\":\"Test Formular\",\"type\":\"layout\",\"children\":[{\"type\":\"section\",\"props\":{\"image_position\":\"center-center\",\"style\":\"default\",\"title_breakpoint\":\"xl\",\"title_position\":\"top-left\",\"title_rotation\":\"left\",\"vertical_align\":\"middle\",\"width\":\"default\"},\"children\":[{\"type\":\"row\",\"children\":[{\"type\":\"column\",\"props\":{\"image_position\":\"center-center\",\"position_sticky_breakpoint\":\"m\"},\"children\":[{\"type\":\"headline\",\"props\":{\"content\":\"Online-Bewerbungsformular der Wiederkehr Recycling\",\"title_element\":\"h1\",\"title_style\":\"h2\"}},{\"type\":\"text\",\"props\":{\"column_breakpoint\":\"m\",\"content\":\"\n\n<p>Sie m\\u00f6chten durchstarten und etwas bewegen? Mit uns schaffen Sie Nachhaltiges.<\\\/p>\\n\n\n<p>Wir unterst\\u00fctzen Sie im Bewerbungsprozess und stellen Ihnen das folgende Online-Bewerbungsformular zur Verf\\u00fcgung. F\\u00fcllen Sie die Felder Schritt f\\u00fcr Schritt aus und laden Sie Ihren Lebenslauf (im PDF-Format) am Ende des Formulars hoch. Es steht Ihnen zudem ein freies Textfeld zur Verf\\u00fcgung, um individuelle Erg\\u00e4nzungen vornehmen zu k\\u00f6nnen.<\\\/p>\\n\n\n<p>Bei Fragen und f\\u00fcr weitere Informationen stehen wir Ihnen gerne auch telefonisch zur Verf\\u00fcgung. <\\\/p>\\n\n\n<p>Wir freuen uns auf Ihre Bewerbung!<\\\/p>\",\"css\":\"h2 {\\n    font-size: 20px;\\n    font-weight: 500;\\n    text-transform: inherit;\\n    letter-spacing: 2px;\\n}\",\"margin\":\"default\"}},{\"type\":\"text\",\"props\":{\"column_breakpoint\":\"m\",\"content\":\"[wpforms id=\\\"12082\\\" title=\\\"false\\\"]\",\"margin\":\"default\"}}]}]}]},{\"type\":\"section\",\"props\":{\"image_position\":\"center-center\",\"style\":\"muted\",\"title_breakpoint\":\"xl\",\"title_position\":\"top-left\",\"title_rotation\":\"left\",\"vertical_align\":\"middle\",\"width\":\"default\"},\"children\":[{\"type\":\"row\",\"props\":{\"layout\":\"1-2,1-2\"},\"children\":[{\"type\":\"column\",\"props\":{\"image_position\":\"center-center\",\"position_sticky_breakpoint\":\"m\",\"width_medium\":\"1-2\"},\"children\":[{\"type\":\"button\",\"props\":{\"grid_column_gap\":\"small\",\"grid_row_gap\":\"small\",\"margin\":\"default\"},\"children\":[{\"type\":\"button_item\",\"props\":{\"button_style\":\"default\",\"content\":\"ZUR\\u00dcCK \",\"icon_align\":\"left\",\"link\":\"index.php\\\/karriere\\\/\"}}]}]},{\"type\":\"column\",\"props\":{\"image_position\":\"center-center\",\"position_sticky_breakpoint\":\"m\",\"width_medium\":\"1-2\"},\"children\":[{\"type\":\"text\",\"props\":{\"column_breakpoint\":\"m\",\"content\":\"\n\n<p>Sie haben Fragen zur offenen Stelle oder zum Bewerbungsprozess? <\\\/p>\",\"margin\":\"default\"}},{\"type\":\"accordion\",\"props\":{\"collapsible\":true,\"content_column_breakpoint\":\"m\",\"content_dropcap\":false,\"css\":\".el-title {color:#003967; padding:10px;padding-left:0px; font-size:20px; font-weight:bold; }\",\"image_align\":\"top\",\"image_grid_breakpoint\":\"m\",\"image_grid_width\":\"1-2\",\"image_svg_color\":\"emphasis\",\"link_style\":\"default\",\"link_text\":\"Read more\",\"show_image\":true,\"show_link\":true},\"children\":[{\"type\":\"accordion_item\",\"props\":{\"content\":\"\n\n<p>[contact-form-7 id=\\\"1256\\\" title=\\\"HR\\\"]<\\\/p>\",\"title\":\"Schreiben Sie uns.\"}}]}]}]}]}],\"version\":\"4.3.4\"} --><\/p>\n","protected":false},"excerpt":{"rendered":"<p>Online-Bewerbungsformular der Wiederkehr Recycling Sie m\u00f6chten durchstarten und etwas bewegen? Mit uns schaffen Sie Nachhaltiges. Wir unterst\u00fctzen Sie im Bewerbungsprozess und stellen Ihnen das folgende Online-Bewerbungsformular zur Verf\u00fcgung. F\u00fcllen Sie die Felder Schritt f\u00fcr Schritt aus und laden Sie Ihren Lebenslauf (im PDF-Format) am Ende des Formulars hoch. Es steht Ihnen zudem ein freies Textfeld [&hellip;]<\/p>\n","protected":false},"author":1,"featured_media":0,"parent":0,"menu_order":0,"comment_status":"closed","ping_status":"closed","template":"","meta":{"inline_featured_image":false,"footnotes":""},"class_list":["post-12092","page","type-page","status-publish","hentry"],"yoast_head":"<!-- This site is optimized with the Yoast SEO Premium plugin v24.3 (Yoast SEO v27.3) - https:\/\/yoast.com\/product\/yoast-seo-premium-wordpress\/ -->\n<title>Bewerbung Waltenschwil - Wiederkehr Recycling<\/title>\n<meta name=\"robots\" content=\"index, follow, max-snippet:-1, max-image-preview:large, max-video-preview:-1\" \/>\n<link rel=\"canonical\" href=\"https:\/\/www.wierec.com\/fr\/bewerbung-waltenschwil\/\" \/>\n<meta property=\"og:locale\" content=\"fr_FR\" \/>\n<meta property=\"og:type\" content=\"article\" \/>\n<meta property=\"og:title\" content=\"Bewerbung Waltenschwil\" \/>\n<meta property=\"og:description\" content=\"Online-Bewerbungsformular der Wiederkehr Recycling Sie m\u00f6chten durchstarten und etwas bewegen? Mit uns schaffen Sie Nachhaltiges. Wir unterst\u00fctzen Sie im Bewerbungsprozess und stellen Ihnen das folgende Online-Bewerbungsformular zur Verf\u00fcgung. F\u00fcllen Sie die Felder Schritt f\u00fcr Schritt aus und laden Sie Ihren Lebenslauf (im PDF-Format) am Ende des Formulars hoch. Es steht Ihnen zudem ein freies Textfeld [&hellip;]\" \/>\n<meta property=\"og:url\" content=\"https:\/\/www.wierec.com\/fr\/bewerbung-waltenschwil\/\" \/>\n<meta property=\"og:site_name\" content=\"Wiederkehr Recycling\" \/>\n<meta property=\"article:modified_time\" content=\"2025-05-07T12:50:13+00:00\" \/>\n<meta name=\"twitter:card\" content=\"summary_large_image\" \/>\n<meta name=\"twitter:label1\" content=\"Dur\u00e9e de lecture estim\u00e9e\" \/>\n\t<meta name=\"twitter:data1\" content=\"2 minutes\" \/>\n<script type=\"application\/ld+json\" class=\"yoast-schema-graph\">{\"@context\":\"https:\\\/\\\/schema.org\",\"@graph\":[{\"@type\":\"WebPage\",\"@id\":\"https:\\\/\\\/www.wierec.com\\\/fr\\\/bewerbung-waltenschwil\\\/\",\"url\":\"https:\\\/\\\/www.wierec.com\\\/fr\\\/bewerbung-waltenschwil\\\/\",\"name\":\"Bewerbung Waltenschwil - Wiederkehr Recycling\",\"isPartOf\":{\"@id\":\"https:\\\/\\\/www.wierec.com\\\/fr\\\/#website\"},\"datePublished\":\"2022-08-25T12:05:45+00:00\",\"dateModified\":\"2025-05-07T12:50:13+00:00\",\"breadcrumb\":{\"@id\":\"https:\\\/\\\/www.wierec.com\\\/fr\\\/bewerbung-waltenschwil\\\/#breadcrumb\"},\"inLanguage\":\"fr-FR\",\"potentialAction\":[{\"@type\":\"ReadAction\",\"target\":[\"https:\\\/\\\/www.wierec.com\\\/fr\\\/bewerbung-waltenschwil\\\/\"]}]},{\"@type\":\"BreadcrumbList\",\"@id\":\"https:\\\/\\\/www.wierec.com\\\/fr\\\/bewerbung-waltenschwil\\\/#breadcrumb\",\"itemListElement\":[{\"@type\":\"ListItem\",\"position\":1,\"name\":\"Home\",\"item\":\"https:\\\/\\\/www.wierec.com\\\/fr\\\/\"},{\"@type\":\"ListItem\",\"position\":2,\"name\":\"Bewerbung Waltenschwil\"}]},{\"@type\":\"WebSite\",\"@id\":\"https:\\\/\\\/www.wierec.com\\\/fr\\\/#website\",\"url\":\"https:\\\/\\\/www.wierec.com\\\/fr\\\/\",\"name\":\"Wiederkehr Recycling\",\"description\":\"Die Wiederkehr der Rohstoffe\",\"publisher\":{\"@id\":\"https:\\\/\\\/www.wierec.com\\\/fr\\\/#organization\"},\"potentialAction\":[{\"@type\":\"SearchAction\",\"target\":{\"@type\":\"EntryPoint\",\"urlTemplate\":\"https:\\\/\\\/www.wierec.com\\\/fr\\\/?s={search_term_string}\"},\"query-input\":{\"@type\":\"PropertyValueSpecification\",\"valueRequired\":true,\"valueName\":\"search_term_string\"}}],\"inLanguage\":\"fr-FR\"},{\"@type\":\"Organization\",\"@id\":\"https:\\\/\\\/www.wierec.com\\\/fr\\\/#organization\",\"name\":\"Wiederkehr Recycling AG\",\"url\":\"https:\\\/\\\/www.wierec.com\\\/fr\\\/\",\"logo\":{\"@type\":\"ImageObject\",\"inLanguage\":\"fr-FR\",\"@id\":\"https:\\\/\\\/www.wierec.com\\\/fr\\\/#\\\/schema\\\/logo\\\/image\\\/\",\"url\":\"https:\\\/\\\/www.wierec.com\\\/wp-content\\\/uploads\\\/2020\\\/11\\\/logo-wiederkehr-gruppe-4f-quer-001.png\",\"contentUrl\":\"https:\\\/\\\/www.wierec.com\\\/wp-content\\\/uploads\\\/2020\\\/11\\\/logo-wiederkehr-gruppe-4f-quer-001.png\",\"width\":1500,\"height\":367,\"caption\":\"Wiederkehr Recycling AG\"},\"image\":{\"@id\":\"https:\\\/\\\/www.wierec.com\\\/fr\\\/#\\\/schema\\\/logo\\\/image\\\/\"}}]}<\/script>\n<!-- \/ Yoast SEO Premium plugin. -->","yoast_head_json":{"title":"Bewerbung Waltenschwil - Wiederkehr Recycling","robots":{"index":"index","follow":"follow","max-snippet":"max-snippet:-1","max-image-preview":"max-image-preview:large","max-video-preview":"max-video-preview:-1"},"canonical":"https:\/\/www.wierec.com\/fr\/bewerbung-waltenschwil\/","og_locale":"fr_FR","og_type":"article","og_title":"Bewerbung Waltenschwil","og_description":"Online-Bewerbungsformular der Wiederkehr Recycling Sie m\u00f6chten durchstarten und etwas bewegen? Mit uns schaffen Sie Nachhaltiges. Wir unterst\u00fctzen Sie im Bewerbungsprozess und stellen Ihnen das folgende Online-Bewerbungsformular zur Verf\u00fcgung. F\u00fcllen Sie die Felder Schritt f\u00fcr Schritt aus und laden Sie Ihren Lebenslauf (im PDF-Format) am Ende des Formulars hoch. Es steht Ihnen zudem ein freies Textfeld [&hellip;]","og_url":"https:\/\/www.wierec.com\/fr\/bewerbung-waltenschwil\/","og_site_name":"Wiederkehr Recycling","article_modified_time":"2025-05-07T12:50:13+00:00","twitter_card":"summary_large_image","twitter_misc":{"Dur\u00e9e de lecture estim\u00e9e":"2 minutes"},"schema":{"@context":"https:\/\/schema.org","@graph":[{"@type":"WebPage","@id":"https:\/\/www.wierec.com\/fr\/bewerbung-waltenschwil\/","url":"https:\/\/www.wierec.com\/fr\/bewerbung-waltenschwil\/","name":"Bewerbung Waltenschwil - Wiederkehr Recycling","isPartOf":{"@id":"https:\/\/www.wierec.com\/fr\/#website"},"datePublished":"2022-08-25T12:05:45+00:00","dateModified":"2025-05-07T12:50:13+00:00","breadcrumb":{"@id":"https:\/\/www.wierec.com\/fr\/bewerbung-waltenschwil\/#breadcrumb"},"inLanguage":"fr-FR","potentialAction":[{"@type":"ReadAction","target":["https:\/\/www.wierec.com\/fr\/bewerbung-waltenschwil\/"]}]},{"@type":"BreadcrumbList","@id":"https:\/\/www.wierec.com\/fr\/bewerbung-waltenschwil\/#breadcrumb","itemListElement":[{"@type":"ListItem","position":1,"name":"Home","item":"https:\/\/www.wierec.com\/fr\/"},{"@type":"ListItem","position":2,"name":"Bewerbung Waltenschwil"}]},{"@type":"WebSite","@id":"https:\/\/www.wierec.com\/fr\/#website","url":"https:\/\/www.wierec.com\/fr\/","name":"Wiederkehr Recycling","description":"Die Wiederkehr der Rohstoffe","publisher":{"@id":"https:\/\/www.wierec.com\/fr\/#organization"},"potentialAction":[{"@type":"SearchAction","target":{"@type":"EntryPoint","urlTemplate":"https:\/\/www.wierec.com\/fr\/?s={search_term_string}"},"query-input":{"@type":"PropertyValueSpecification","valueRequired":true,"valueName":"search_term_string"}}],"inLanguage":"fr-FR"},{"@type":"Organization","@id":"https:\/\/www.wierec.com\/fr\/#organization","name":"Wiederkehr Recycling AG","url":"https:\/\/www.wierec.com\/fr\/","logo":{"@type":"ImageObject","inLanguage":"fr-FR","@id":"https:\/\/www.wierec.com\/fr\/#\/schema\/logo\/image\/","url":"https:\/\/www.wierec.com\/wp-content\/uploads\/2020\/11\/logo-wiederkehr-gruppe-4f-quer-001.png","contentUrl":"https:\/\/www.wierec.com\/wp-content\/uploads\/2020\/11\/logo-wiederkehr-gruppe-4f-quer-001.png","width":1500,"height":367,"caption":"Wiederkehr Recycling AG"},"image":{"@id":"https:\/\/www.wierec.com\/fr\/#\/schema\/logo\/image\/"}}]}},"_links":{"self":[{"href":"https:\/\/www.wierec.com\/fr\/wp-json\/wp\/v2\/pages\/12092","targetHints":{"allow":["GET"]}}],"collection":[{"href":"https:\/\/www.wierec.com\/fr\/wp-json\/wp\/v2\/pages"}],"about":[{"href":"https:\/\/www.wierec.com\/fr\/wp-json\/wp\/v2\/types\/page"}],"author":[{"embeddable":true,"href":"https:\/\/www.wierec.com\/fr\/wp-json\/wp\/v2\/users\/1"}],"replies":[{"embeddable":true,"href":"https:\/\/www.wierec.com\/fr\/wp-json\/wp\/v2\/comments?post=12092"}],"version-history":[{"count":10,"href":"https:\/\/www.wierec.com\/fr\/wp-json\/wp\/v2\/pages\/12092\/revisions"}],"predecessor-version":[{"id":19601,"href":"https:\/\/www.wierec.com\/fr\/wp-json\/wp\/v2\/pages\/12092\/revisions\/19601"}],"wp:attachment":[{"href":"https:\/\/www.wierec.com\/fr\/wp-json\/wp\/v2\/media?parent=12092"}],"curies":[{"name":"wp","href":"https:\/\/api.w.org\/{rel}","templated":true}]}}