{"id":4495,"date":"2020-11-16T08:01:09","date_gmt":"2020-11-16T08:01:09","guid":{"rendered":"https:\/\/www.wierec.com\/?page_id=4495"},"modified":"2025-06-16T07:56:09","modified_gmt":"2025-06-16T07:56:09","slug":"votre-partenaire-de-poids-groupe-wiederkehr","status":"publish","type":"page","link":"https:\/\/www.wierec.com\/fr\/votre-partenaire-de-poids-groupe-wiederkehr\/","title":{"rendered":"Enterprise"},"content":{"rendered":"<h1>LE RECYCLAGE EST UN RETOUR<\/h1>\n<p><img decoding=\"async\" src=\"\/wp-content\/uploads\/2020\/10\/Icon_Scrolldown.png\" alt=\"\"><\/p>\n<div>\n<p style=\"text-align: center;\">Le recyclage. Tout le monde en parle, et nous, nous agissons. Depuis 1959, ann\u00e9e o\u00f9 un jeune homme a pris son courage \u00e0 deux mains pour donner vie \u00e0 ses id\u00e9es originales et r\u00e9aliser ses objectifs ambitieux. Xaver Wiederkehr a d\u00e9but\u00e9 avec un atelier paisible et une Entreprise de recyclage qu\u2019il louait \u00e0 Wohlen. A l\u2019\u00e9poque, on se moquait encore de la nouvelle mode du recyclage. Aujourd\u2019hui, son nom marque toujours Wiederkehr Recycling, l\u2019une des plus grandes entreprises de ce type en Suisse et l\u2019une des usines de recyclage les plus modernes du monde.<\/p>\n<\/div>\n<ul>\n<li>\n<p>        <img decoding=\"async\" src=\"\/wp-content\/uploads\/2020\/10\/Wiederkehr_recycling_Unternehmen_Slider_1.jpg\" alt=\"\"><\/p>\n<\/li>\n<li>\n<p>        <img decoding=\"async\" src=\"\/wp-content\/uploads\/2020\/10\/Wiederkehr_recycling_Unternehmen_Slider_2.jpg\" alt=\"\"><\/p>\n<\/li>\n<li>\n<p>        <img decoding=\"async\" src=\"\/wp-content\/uploads\/2020\/10\/Wiederkehr_recycling_Unternehmen_Slider_3.jpg\" alt=\"\"><\/p>\n<\/li>\n<li>\n<p>        <img decoding=\"async\" src=\"\/wp-content\/uploads\/2020\/10\/Wiederkehr_recycling_Unternehmen_Slider_4.jpg\" alt=\"\"><\/p>\n<\/li>\n<li>\n<p>        <img decoding=\"async\" src=\"\/wp-content\/uploads\/2020\/10\/Wiederkehr_recycling_Unternehmen_Slider_5.jpg\" alt=\"\"><\/p>\n<\/li>\n<li>\n<p>        <img decoding=\"async\" src=\"\/wp-content\/uploads\/2020\/10\/Wiederkehr_recycling_Unternehmen_Slider_6.jpg\" alt=\"\"><\/p>\n<\/li>\n<li>\n<p>        <img decoding=\"async\" src=\"\/wp-content\/uploads\/2020\/10\/Wiederkehr_recycling_Unternehmen_Slider_7.jpg\" alt=\"\"><\/p>\n<\/li>\n<li>\n<p>        <img decoding=\"async\" src=\"\/wp-content\/uploads\/2020\/10\/Wiederkehr_recycling_Unternehmen_Slider_8.jpg\" alt=\"\"><\/p>\n<\/li>\n<\/ul>\n<h2>Notre principe directeur<\/h2>\n<div>\n<p style=\"text-align: center;\">Chez Wiederkehr Recycling, tous poursuivent le m\u00eame but.<\/p>\n<p style=\"text-align: center;\">Notre principe directeur nous donne un cap, une identit\u00e9 et, ce qui est particuli\u00e8rement important, de la motivation.<\/p>\n<\/div>\n<h3>Vision<\/h3>\n<div>\n<p style=\"text-align: center;\">Notre vision est LE RETOUR DES MATI\u00c8RES PREMI\u00c8RES, et ce, \u00e0 100%.<\/p>\n<\/div>\n<h3>Mission<\/h3>\n<div>\n<p style=\"text-align: center;\">Notre mission d\u00e9rive de nos objectifs. Elle est la ligne directrice sur laquelle se fondent notre pens\u00e9e et notre action entrepreneuriales.<\/p>\n<\/div>\n<ul>\n<li>\n<div>\n<p>Nous sommes une entreprise ind\u00e9pendante dirig\u00e9e par son propri\u00e9taire.<\/p>\n<\/div>\n<\/li>\n<li>\n<div>\n<p>Nous encourageons nos collaboratrices et nos collaborateurs \u00e0 donner le meilleur d\u2019eux-m\u00eames.<\/p>\n<\/div>\n<\/li>\n<li>\n<div>\n<p>Nous sommes l\u2019un des principaux acteurs de l\u2019\u00e9conomie circulaire en Suisse.<\/p>\n<\/div>\n<\/li>\n<li>\n<div>\n<p>Nous r\u00e9introduisons des mat\u00e9riaux recyclables issus de flux de d\u00e9chets dans le processus de production sous la forme de mati\u00e8res premi\u00e8res secondaires.<\/p>\n<\/div>\n<\/li>\n<li>\n<div>\n<p>Nous utilisons les technologies les plus r\u00e9centes et optimisons nos processus en continu.<\/p>\n<\/div>\n<\/li>\n<li>\n<div>\n<p>Nous utilisons l\u2019\u00e9nergie et les ressources de fa\u00e7on r\u00e9fl\u00e9chie et \u00e9conome.<\/p>\n<\/div>\n<\/li>\n<li>\n<div>\n<p>Nous agissons de fa\u00e7on durable et de mani\u00e8re \u00e0 favoriser la viabilit\u00e9 du circuit \u00e9conomique.<\/p>\n<\/div>\n<\/li>\n<\/ul>\n<h2>Valeurs<\/h2>\n<div>\n<p style=\"text-align: center;\">Notre culture d\u2019entreprise se refl\u00e8te dans la satisfaction des groupes internes et externes avec lesquels nous sommes en relation. Conscients d\u2019assumer une grande responsabilit\u00e9, nous vivons nos valeurs au quotidien. Celles-ci sont garantes de la viabilit\u00e9, de la durabilit\u00e9 et du succ\u00e8s de notre entreprise. Elles sont \u00e0 l\u2019intersection de trois axes: l\u2019humain, l\u2019entreprise et l\u2019environnement.<\/p>\n<\/div>\n<div>\n<p style=\"text-align: center;\">Respect<\/p>\n<\/div>\n<div>\n<p style=\"text-align: center;\">Confiance<\/p>\n<\/div>\n<div>\n<p style=\"text-align: center;\">Responsabilit\u00e9<\/p>\n<\/div>\n<div>\n<p style=\"text-align: center;\">Innovation<\/p>\n<\/div>\n<div>\n<p style=\"text-align: center;\">Int\u00e9grit\u00e9<\/p>\n<\/div>\n<div>\n<p style=\"text-align: center;\">Continuit\u00e9<\/p>\n<\/div>\n<div>\n<p style=\"text-align: center;\">Durabilit\u00e9<\/p>\n<\/div>\n<p><!--more--><br \/>\n<!-- {\"name\":\"Unternehmen DE\",\"type\":\"layout\",\"children\":[{\"type\":\"section\",\"props\":{\"animation\":\"slide-top\",\"header_transparent\":true,\"header_transparent_text_color\":\"light\",\"height\":\"viewport\",\"height_offset_top\":true,\"image\":\"wp-content\\\/uploads\\\/2020\\\/10\\\/Wiederkehr_Recycling_Header_Unternehmen.jpg\",\"image_position\":\"top-left\",\"image_size\":\"cover\",\"media_overlay\":\"rgba(0, 0, 0, 0.3)\",\"style\":\"default\",\"title_breakpoint\":\"xl\",\"title_position\":\"top-left\",\"title_rotation\":\"left\",\"vertical_align\":\"middle\",\"width\":\"\"},\"children\":[{\"type\":\"row\",\"children\":[{\"type\":\"column\",\"props\":{\"css\":\"\\n\",\"image_position\":\"center-center\",\"image_size\":\"cover\",\"image_width\":\"2000\",\"position_sticky_breakpoint\":\"m\"},\"children\":[{\"type\":\"headline\",\"props\":{\"animation\":\"none\",\"content\":\"LE RECYCLAGE EST UN RETOUR\",\"text_align\":\"center\",\"title_element\":\"h1\"}},{\"type\":\"image\",\"props\":{\"image\":\"wp-content\\\/uploads\\\/2020\\\/10\\\/Icon_Scrolldown.png\",\"image_svg_color\":\"emphasis\",\"margin\":\"default\",\"position\":\"absolute\",\"position_bottom\":\"-270\",\"text_align\":\"center\"}}]}]}]},{\"type\":\"section\",\"props\":{\"image_position\":\"center-center\",\"style\":\"default\",\"title_breakpoint\":\"xl\",\"title_position\":\"top-left\",\"title_rotation\":\"left\",\"vertical_align\":\"\",\"width\":\"xlarge\"},\"children\":[{\"type\":\"row\",\"props\":{\"width\":\"default\"},\"children\":[{\"type\":\"column\",\"props\":{\"image_position\":\"center-center\",\"position_sticky_breakpoint\":\"m\"},\"children\":[{\"type\":\"text\",\"props\":{\"class\":\"textgross\",\"column_breakpoint\":\"m\",\"content\":\"\n\n<p style=\\\"text-align: center;\\\">Le recyclage. Tout le monde en parle, et nous, nous agissons. Depuis 1959, ann\\u00e9e o\\u00f9 un jeune homme a pris son courage \\u00e0 deux mains pour donner vie \\u00e0 ses id\\u00e9es originales et r\\u00e9aliser ses objectifs ambitieux. Xaver Wiederkehr a d\\u00e9but\\u00e9 avec un atelier paisible et une Entreprise de recyclage qu\\u2019il louait \\u00e0 Wohlen. A l\\u2019\\u00e9poque, on se moquait encore de la nouvelle mode du recyclage. Aujourd\\u2019hui, son nom marque toujours Wiederkehr Recycling, l\\u2019une des plus grandes entreprises de ce type en Suisse et l\\u2019une des usines de recyclage les plus modernes du monde.<\\\/p>\",\"margin\":\"default\"}}]}]},{\"type\":\"row\",\"props\":{\"width\":\"default\"},\"children\":[{\"type\":\"column\",\"props\":{\"image_position\":\"center-center\",\"position_sticky_breakpoint\":\"m\"},\"children\":[{\"type\":\"overlay-slider\",\"props\":{\"link_style\":\"default\",\"link_text\":\"Read more\",\"margin\":\"default\",\"meta_align\":\"below-title\",\"meta_element\":\"div\",\"meta_style\":\"text-meta\",\"nav\":\"dotnav\",\"nav_align\":\"center\",\"nav_below\":true,\"nav_breakpoint\":\"s\",\"nav_position\":\"bottom-center\",\"nav_position_margin\":\"medium\",\"overlay_mode\":\"cover\",\"overlay_position\":\"center\",\"overlay_transition\":\"fade\",\"show_content\":true,\"show_hover_image\":true,\"show_hover_video\":true,\"show_link\":true,\"show_meta\":true,\"show_title\":true,\"slidenav\":\"outside\",\"slidenav_breakpoint\":\"s\",\"slidenav_margin\":\"small\",\"slidenav_outside_breakpoint\":\"xl\",\"slider_autoplay\":false,\"slider_autoplay_interval\":\"5\",\"slider_autoplay_pause\":true,\"slider_finite\":false,\"slider_gap\":\"small\",\"slider_sets\":false,\"slider_velocity\":\"1\",\"slider_width\":\"fixed\",\"slider_width_default\":\"1-1\",\"slider_width_medium\":\"1-2\",\"text_align\":\"center\",\"text_color\":\"dark\",\"title_element\":\"h3\",\"title_hover_style\":\"reset\"},\"children\":[{\"type\":\"overlay-slider_item\",\"props\":{\"image\":\"wp-content\\\/uploads\\\/2020\\\/10\\\/Wiederkehr_recycling_Unternehmen_Slider_1.jpg\"}},{\"type\":\"overlay-slider_item\",\"props\":{\"image\":\"wp-content\\\/uploads\\\/2020\\\/10\\\/Wiederkehr_recycling_Unternehmen_Slider_2.jpg\"}},{\"type\":\"overlay-slider_item\",\"props\":{\"image\":\"wp-content\\\/uploads\\\/2020\\\/10\\\/Wiederkehr_recycling_Unternehmen_Slider_3.jpg\"}},{\"type\":\"overlay-slider_item\",\"props\":{\"image\":\"wp-content\\\/uploads\\\/2020\\\/10\\\/Wiederkehr_recycling_Unternehmen_Slider_4.jpg\"}},{\"type\":\"overlay-slider_item\",\"props\":{\"image\":\"wp-content\\\/uploads\\\/2020\\\/10\\\/Wiederkehr_recycling_Unternehmen_Slider_5.jpg\"}},{\"type\":\"overlay-slider_item\",\"props\":{\"image\":\"wp-content\\\/uploads\\\/2020\\\/10\\\/Wiederkehr_recycling_Unternehmen_Slider_6.jpg\"}},{\"type\":\"overlay-slider_item\",\"props\":{\"image\":\"wp-content\\\/uploads\\\/2020\\\/10\\\/Wiederkehr_recycling_Unternehmen_Slider_7.jpg\"}},{\"type\":\"overlay-slider_item\",\"props\":{\"image\":\"wp-content\\\/uploads\\\/2020\\\/10\\\/Wiederkehr_recycling_Unternehmen_Slider_8.jpg\"}}]}]}]}]},{\"type\":\"section\",\"props\":{\"image_position\":\"center-center\",\"padding_remove_top\":false,\"style\":\"default\",\"title_breakpoint\":\"xl\",\"title_position\":\"top-left\",\"title_rotation\":\"left\",\"vertical_align\":\"\",\"width\":\"\"},\"children\":[{\"type\":\"row\",\"children\":[{\"type\":\"column\",\"props\":{\"image_position\":\"center-center\",\"position_sticky_breakpoint\":\"m\"},\"children\":[{\"type\":\"headline\",\"props\":{\"content\":\"Notre principe directeur\",\"text_align\":\"center\",\"title_color\":\"primary\",\"title_element\":\"h2\",\"title_style\":\"h1\"}},{\"type\":\"text\",\"props\":{\"class\":\"textgross\",\"column_breakpoint\":\"m\",\"content\":\"\n\n<p style=\\\"text-align: center;\\\">Chez Wiederkehr Recycling, tous poursuivent le m\\u00eame but.<\\\/p>\\n\n\n<p style=\\\"text-align: center;\\\">Notre principe directeur nous donne un cap, une identit\\u00e9 et, ce qui est particuli\\u00e8rement important, de la motivation.<\\\/p>\",\"margin\":\"default\"}}]}]}]},{\"type\":\"section\",\"props\":{\"image_position\":\"center-center\",\"style\":\"muted\",\"title_breakpoint\":\"xl\",\"title_position\":\"top-left\",\"title_rotation\":\"left\",\"vertical_align\":\"\",\"width\":\"\"},\"children\":[{\"type\":\"row\",\"children\":[{\"type\":\"column\",\"props\":{\"image_position\":\"center-center\",\"position_sticky_breakpoint\":\"m\"},\"children\":[{\"type\":\"headline\",\"props\":{\"content\":\"Vision\",\"text_align\":\"center\",\"title_element\":\"h3\",\"title_style\":\"heading-small\"}}]}]},{\"type\":\"row\",\"children\":[{\"type\":\"column\",\"props\":{\"image_position\":\"center-center\",\"position_sticky_breakpoint\":\"m\"},\"children\":[{\"type\":\"text\",\"props\":{\"class\":\"textgross\",\"column_breakpoint\":\"m\",\"content\":\"\n\n<p style=\\\"text-align: center;\\\">Notre vision est LE RETOUR DES MATI\\u00c8RES PREMI\\u00c8RES, et ce, \\u00e0 100%.<\\\/p>\",\"margin\":\"default\"}}]}]},{\"type\":\"row\",\"props\":{\"width\":\"default\"},\"children\":[{\"type\":\"column\",\"props\":{\"image_position\":\"center-center\",\"position_sticky_breakpoint\":\"m\",\"style\":\"tile-default\"},\"children\":[{\"type\":\"headline\",\"props\":{\"content\":\"Mission\",\"text_align\":\"center\",\"title_element\":\"h3\",\"title_style\":\"heading-small\"}},{\"type\":\"text\",\"props\":{\"class\":\"textgross\",\"column_breakpoint\":\"m\",\"content\":\"\n\n<p style=\\\"text-align: center;\\\">Notre mission d\\u00e9rive de nos objectifs. Elle est la ligne directrice sur laquelle se fondent notre pens\\u00e9e et notre action entrepreneuriales.<\\\/p>\",\"margin\":\"default\"}},{\"type\":\"list\",\"props\":{\"column\":\"1-2\",\"column_breakpoint\":\"m\",\"image_align\":\"left\",\"image_svg_color\":\"emphasis\",\"image_vertical_align\":true,\"list_element\":\"ul\",\"list_horizontal_separator\":\", \",\"list_marker\":\"hyphen\",\"list_size\":\"large\",\"list_type\":\"vertical\",\"margin\":\"large\",\"show_image\":false,\"show_link\":false},\"children\":[{\"type\":\"list_item\",\"props\":{\"content\":\"\n\n<p>Nous sommes une entreprise ind\\u00e9pendante dirig\\u00e9e par son propri\\u00e9taire.<\\\/p>\"}},{\"type\":\"list_item\",\"props\":{\"content\":\"\n\n<p>Nous encourageons nos collaboratrices et nos collaborateurs \\u00e0 donner le meilleur d\\u2019eux-m\\u00eames.<\\\/p>\"}},{\"type\":\"list_item\",\"props\":{\"content\":\"\n\n<p>Nous sommes l\\u2019un des principaux acteurs de l\\u2019\\u00e9conomie circulaire en Suisse.<\\\/p>\"}},{\"type\":\"list_item\",\"props\":{\"content\":\"\n\n<p>Nous r\\u00e9introduisons des mat\\u00e9riaux recyclables issus de flux de d\\u00e9chets dans le processus de production sous la forme de mati\\u00e8res premi\\u00e8res secondaires.<\\\/p>\"}},{\"type\":\"list_item\",\"props\":{\"content\":\"\n\n<p>Nous utilisons les technologies les plus r\\u00e9centes et optimisons nos processus en continu.<\\\/p>\"}},{\"type\":\"list_item\",\"props\":{\"content\":\"\n\n<p>Nous utilisons l\\u2019\\u00e9nergie et les ressources de fa\\u00e7on r\\u00e9fl\\u00e9chie et \\u00e9conome.<\\\/p>\"}},{\"type\":\"list_item\",\"props\":{\"content\":\"\n\n<p>Nous agissons de fa\\u00e7on durable et de mani\\u00e8re \\u00e0 favoriser la viabilit\\u00e9 du circuit \\u00e9conomique.<\\\/p>\"}}]}]}]}]},{\"type\":\"section\",\"props\":{\"animation\":\"slide-left-small\",\"image_position\":\"center-center\",\"style\":\"muted\",\"title_breakpoint\":\"xl\",\"title_position\":\"top-left\",\"title_rotation\":\"left\",\"vertical_align\":\"\",\"width\":\"\"},\"children\":[{\"type\":\"row\",\"props\":{\"width\":\"default\"},\"children\":[{\"type\":\"column\",\"props\":{\"image_position\":\"center-center\",\"position_sticky_breakpoint\":\"m\",\"style\":\"tile-primary\"},\"children\":[{\"type\":\"headline\",\"props\":{\"content\":\"Valeurs\",\"text_align\":\"center\",\"title_element\":\"h2\",\"title_style\":\"heading-small\"}},{\"type\":\"text\",\"props\":{\"class\":\"textgross\",\"column_breakpoint\":\"m\",\"content\":\"\n\n<p style=\\\"text-align: center;\\\">Notre culture d\\u2019entreprise se refl\\u00e8te dans la satisfaction des groupes internes et externes avec lesquels nous sommes en relation. Conscients d\\u2019assumer une grande responsabilit\\u00e9, nous vivons nos valeurs au quotidien. Celles-ci sont garantes de la viabilit\\u00e9, de la durabilit\\u00e9 et du succ\\u00e8s de notre entreprise. Elles sont \\u00e0 l\\u2019intersection de trois axes: l\\u2019humain, l\\u2019entreprise et l\\u2019environnement.<\\\/p>\",\"margin\":\"default\"}}]}]},{\"type\":\"row\",\"props\":{\"layout\":\"1-4,1-4,1-4,1-4|1-2,1-2,1-2,1-2\",\"width\":\"default\"},\"children\":[{\"type\":\"column\",\"props\":{\"image_position\":\"center-center\",\"position_sticky_breakpoint\":\"m\",\"style\":\"tile-primary\",\"width_medium\":\"1-4\",\"width_small\":\"1-2\"},\"children\":[{\"type\":\"text\",\"props\":{\"class\":\"textgross\",\"column_breakpoint\":\"m\",\"content\":\"\n\n<p style=\\\"text-align: center;\\\">Respect<\\\/p>\",\"margin\":\"default\"}}]},{\"type\":\"column\",\"props\":{\"image_position\":\"center-center\",\"position_sticky_breakpoint\":\"m\",\"style\":\"tile-primary\",\"width_medium\":\"1-4\",\"width_small\":\"1-2\"},\"children\":[{\"type\":\"text\",\"props\":{\"class\":\"textgross\",\"column_breakpoint\":\"m\",\"content\":\"\n\n<p style=\\\"text-align: center;\\\">Confiance<\\\/p>\",\"margin\":\"default\"}}]},{\"type\":\"column\",\"props\":{\"image_position\":\"center-center\",\"position_sticky_breakpoint\":\"m\",\"style\":\"tile-primary\",\"width_medium\":\"1-4\",\"width_small\":\"1-2\"},\"children\":[{\"type\":\"text\",\"props\":{\"class\":\"textgross\",\"column_breakpoint\":\"m\",\"content\":\"\n\n<p style=\\\"text-align: center;\\\">Responsabilit\\u00e9<\\\/p>\",\"margin\":\"default\"}}]},{\"type\":\"column\",\"props\":{\"image_position\":\"center-center\",\"position_sticky_breakpoint\":\"m\",\"style\":\"tile-primary\",\"width_medium\":\"1-4\",\"width_small\":\"1-2\"},\"children\":[{\"type\":\"text\",\"props\":{\"class\":\"textgross\",\"column_breakpoint\":\"m\",\"content\":\"\n\n<p style=\\\"text-align: center;\\\">Innovation<\\\/p>\",\"margin\":\"default\"}}]}]},{\"type\":\"row\",\"props\":{\"layout\":\"1-3,1-3,1-3\",\"width\":\"default\"},\"children\":[{\"type\":\"column\",\"props\":{\"image_position\":\"center-center\",\"position_sticky_breakpoint\":\"m\",\"style\":\"tile-primary\",\"width_medium\":\"1-3\"},\"children\":[{\"type\":\"text\",\"props\":{\"class\":\"textgross\",\"column_breakpoint\":\"m\",\"content\":\"\n\n<p style=\\\"text-align: center;\\\">Int\\u00e9grit\\u00e9<\\\/p>\",\"margin\":\"default\"}}]},{\"type\":\"column\",\"props\":{\"image_position\":\"center-center\",\"position_sticky_breakpoint\":\"m\",\"style\":\"tile-primary\",\"width_medium\":\"1-3\"},\"children\":[{\"type\":\"text\",\"props\":{\"class\":\"textgross\",\"column_breakpoint\":\"m\",\"content\":\"\n\n<p style=\\\"text-align: center;\\\">Continuit\\u00e9<\\\/p>\",\"margin\":\"default\"}}]},{\"type\":\"column\",\"props\":{\"image_position\":\"center-center\",\"position_sticky_breakpoint\":\"m\",\"style\":\"tile-primary\",\"width_medium\":\"1-3\"},\"children\":[{\"type\":\"text\",\"props\":{\"class\":\"textgross\",\"column_breakpoint\":\"m\",\"content\":\"\n\n<p style=\\\"text-align: center;\\\">Durabilit\\u00e9<\\\/p>\",\"margin\":\"default\"}}]}]}]}],\"version\":\"4.5.16\"} --><\/p>\n","protected":false},"excerpt":{"rendered":"<p>LE RECYCLAGE EST UN RETOUR Le recyclage. Tout le monde en parle, et nous, nous agissons. Depuis 1959, ann\u00e9e o\u00f9 un jeune homme a pris son courage \u00e0 deux mains pour donner vie \u00e0 ses id\u00e9es originales et r\u00e9aliser ses objectifs ambitieux. Xaver Wiederkehr a d\u00e9but\u00e9 avec un atelier paisible et une Entreprise de recyclage [&hellip;]<\/p>\n","protected":false},"author":1,"featured_media":0,"parent":0,"menu_order":0,"comment_status":"closed","ping_status":"closed","template":"","meta":{"inline_featured_image":false,"footnotes":""},"class_list":["post-4495","page","type-page","status-publish","hentry"],"yoast_head":"<!-- This site is optimized with the Yoast SEO Premium plugin v24.3 (Yoast SEO v27.3) - https:\/\/yoast.com\/product\/yoast-seo-premium-wordpress\/ -->\n<title>Enterprise - Wiederkehr Recycling<\/title>\n<meta name=\"description\" content=\"Wiederkehr Recycling est un maillon important de l\u2019\u00e9conomie circulaire nationale et une entreprise familiale solide empreinte de tradition. Voici qui nous sommes.\" \/>\n<meta name=\"robots\" content=\"index, follow, max-snippet:-1, max-image-preview:large, max-video-preview:-1\" \/>\n<link rel=\"canonical\" href=\"https:\/\/www.wierec.com\/fr\/votre-partenaire-de-poids-groupe-wiederkehr\/\" \/>\n<meta property=\"og:locale\" content=\"fr_FR\" \/>\n<meta property=\"og:type\" content=\"article\" \/>\n<meta property=\"og:title\" content=\"Enterprise\" \/>\n<meta property=\"og:description\" content=\"Wiederkehr Recycling est un maillon important de l\u2019\u00e9conomie circulaire nationale et une entreprise familiale solide empreinte de tradition. Voici qui nous sommes.\" \/>\n<meta property=\"og:url\" content=\"https:\/\/www.wierec.com\/fr\/votre-partenaire-de-poids-groupe-wiederkehr\/\" \/>\n<meta property=\"og:site_name\" content=\"Wiederkehr Recycling\" \/>\n<meta property=\"article:modified_time\" content=\"2025-06-16T07:56:09+00:00\" \/>\n<meta name=\"twitter:card\" content=\"summary_large_image\" \/>\n<meta name=\"twitter:label1\" content=\"Dur\u00e9e de lecture estim\u00e9e\" \/>\n\t<meta name=\"twitter:data1\" content=\"2 minutes\" \/>\n<script type=\"application\/ld+json\" class=\"yoast-schema-graph\">{\"@context\":\"https:\\\/\\\/schema.org\",\"@graph\":[{\"@type\":\"WebPage\",\"@id\":\"https:\\\/\\\/www.wierec.com\\\/fr\\\/votre-partenaire-de-poids-groupe-wiederkehr\\\/\",\"url\":\"https:\\\/\\\/www.wierec.com\\\/fr\\\/votre-partenaire-de-poids-groupe-wiederkehr\\\/\",\"name\":\"Enterprise - Wiederkehr Recycling\",\"isPartOf\":{\"@id\":\"https:\\\/\\\/www.wierec.com\\\/fr\\\/#website\"},\"datePublished\":\"2020-11-16T08:01:09+00:00\",\"dateModified\":\"2025-06-16T07:56:09+00:00\",\"description\":\"Wiederkehr Recycling est un maillon important de l\u2019\u00e9conomie circulaire nationale et une entreprise familiale solide empreinte de tradition. Voici qui nous sommes.\",\"breadcrumb\":{\"@id\":\"https:\\\/\\\/www.wierec.com\\\/fr\\\/votre-partenaire-de-poids-groupe-wiederkehr\\\/#breadcrumb\"},\"inLanguage\":\"fr-FR\",\"potentialAction\":[{\"@type\":\"ReadAction\",\"target\":[\"https:\\\/\\\/www.wierec.com\\\/fr\\\/votre-partenaire-de-poids-groupe-wiederkehr\\\/\"]}]},{\"@type\":\"BreadcrumbList\",\"@id\":\"https:\\\/\\\/www.wierec.com\\\/fr\\\/votre-partenaire-de-poids-groupe-wiederkehr\\\/#breadcrumb\",\"itemListElement\":[{\"@type\":\"ListItem\",\"position\":1,\"name\":\"Home\",\"item\":\"https:\\\/\\\/www.wierec.com\\\/fr\\\/\"},{\"@type\":\"ListItem\",\"position\":2,\"name\":\"Enterprise\"}]},{\"@type\":\"WebSite\",\"@id\":\"https:\\\/\\\/www.wierec.com\\\/fr\\\/#website\",\"url\":\"https:\\\/\\\/www.wierec.com\\\/fr\\\/\",\"name\":\"Wiederkehr Recycling\",\"description\":\"Die Wiederkehr der Rohstoffe\",\"publisher\":{\"@id\":\"https:\\\/\\\/www.wierec.com\\\/fr\\\/#organization\"},\"potentialAction\":[{\"@type\":\"SearchAction\",\"target\":{\"@type\":\"EntryPoint\",\"urlTemplate\":\"https:\\\/\\\/www.wierec.com\\\/fr\\\/?s={search_term_string}\"},\"query-input\":{\"@type\":\"PropertyValueSpecification\",\"valueRequired\":true,\"valueName\":\"search_term_string\"}}],\"inLanguage\":\"fr-FR\"},{\"@type\":\"Organization\",\"@id\":\"https:\\\/\\\/www.wierec.com\\\/fr\\\/#organization\",\"name\":\"Wiederkehr Recycling AG\",\"url\":\"https:\\\/\\\/www.wierec.com\\\/fr\\\/\",\"logo\":{\"@type\":\"ImageObject\",\"inLanguage\":\"fr-FR\",\"@id\":\"https:\\\/\\\/www.wierec.com\\\/fr\\\/#\\\/schema\\\/logo\\\/image\\\/\",\"url\":\"https:\\\/\\\/www.wierec.com\\\/wp-content\\\/uploads\\\/2020\\\/11\\\/logo-wiederkehr-gruppe-4f-quer-001.png\",\"contentUrl\":\"https:\\\/\\\/www.wierec.com\\\/wp-content\\\/uploads\\\/2020\\\/11\\\/logo-wiederkehr-gruppe-4f-quer-001.png\",\"width\":1500,\"height\":367,\"caption\":\"Wiederkehr Recycling AG\"},\"image\":{\"@id\":\"https:\\\/\\\/www.wierec.com\\\/fr\\\/#\\\/schema\\\/logo\\\/image\\\/\"}}]}<\/script>\n<!-- \/ Yoast SEO Premium plugin. -->","yoast_head_json":{"title":"Enterprise - Wiederkehr Recycling","description":"Wiederkehr Recycling est un maillon important de l\u2019\u00e9conomie circulaire nationale et une entreprise familiale solide empreinte de tradition. Voici qui nous sommes.","robots":{"index":"index","follow":"follow","max-snippet":"max-snippet:-1","max-image-preview":"max-image-preview:large","max-video-preview":"max-video-preview:-1"},"canonical":"https:\/\/www.wierec.com\/fr\/votre-partenaire-de-poids-groupe-wiederkehr\/","og_locale":"fr_FR","og_type":"article","og_title":"Enterprise","og_description":"Wiederkehr Recycling est un maillon important de l\u2019\u00e9conomie circulaire nationale et une entreprise familiale solide empreinte de tradition. Voici qui nous sommes.","og_url":"https:\/\/www.wierec.com\/fr\/votre-partenaire-de-poids-groupe-wiederkehr\/","og_site_name":"Wiederkehr Recycling","article_modified_time":"2025-06-16T07:56:09+00:00","twitter_card":"summary_large_image","twitter_misc":{"Dur\u00e9e de lecture estim\u00e9e":"2 minutes"},"schema":{"@context":"https:\/\/schema.org","@graph":[{"@type":"WebPage","@id":"https:\/\/www.wierec.com\/fr\/votre-partenaire-de-poids-groupe-wiederkehr\/","url":"https:\/\/www.wierec.com\/fr\/votre-partenaire-de-poids-groupe-wiederkehr\/","name":"Enterprise - Wiederkehr Recycling","isPartOf":{"@id":"https:\/\/www.wierec.com\/fr\/#website"},"datePublished":"2020-11-16T08:01:09+00:00","dateModified":"2025-06-16T07:56:09+00:00","description":"Wiederkehr Recycling est un maillon important de l\u2019\u00e9conomie circulaire nationale et une entreprise familiale solide empreinte de tradition. Voici qui nous sommes.","breadcrumb":{"@id":"https:\/\/www.wierec.com\/fr\/votre-partenaire-de-poids-groupe-wiederkehr\/#breadcrumb"},"inLanguage":"fr-FR","potentialAction":[{"@type":"ReadAction","target":["https:\/\/www.wierec.com\/fr\/votre-partenaire-de-poids-groupe-wiederkehr\/"]}]},{"@type":"BreadcrumbList","@id":"https:\/\/www.wierec.com\/fr\/votre-partenaire-de-poids-groupe-wiederkehr\/#breadcrumb","itemListElement":[{"@type":"ListItem","position":1,"name":"Home","item":"https:\/\/www.wierec.com\/fr\/"},{"@type":"ListItem","position":2,"name":"Enterprise"}]},{"@type":"WebSite","@id":"https:\/\/www.wierec.com\/fr\/#website","url":"https:\/\/www.wierec.com\/fr\/","name":"Wiederkehr Recycling","description":"Die Wiederkehr der Rohstoffe","publisher":{"@id":"https:\/\/www.wierec.com\/fr\/#organization"},"potentialAction":[{"@type":"SearchAction","target":{"@type":"EntryPoint","urlTemplate":"https:\/\/www.wierec.com\/fr\/?s={search_term_string}"},"query-input":{"@type":"PropertyValueSpecification","valueRequired":true,"valueName":"search_term_string"}}],"inLanguage":"fr-FR"},{"@type":"Organization","@id":"https:\/\/www.wierec.com\/fr\/#organization","name":"Wiederkehr Recycling AG","url":"https:\/\/www.wierec.com\/fr\/","logo":{"@type":"ImageObject","inLanguage":"fr-FR","@id":"https:\/\/www.wierec.com\/fr\/#\/schema\/logo\/image\/","url":"https:\/\/www.wierec.com\/wp-content\/uploads\/2020\/11\/logo-wiederkehr-gruppe-4f-quer-001.png","contentUrl":"https:\/\/www.wierec.com\/wp-content\/uploads\/2020\/11\/logo-wiederkehr-gruppe-4f-quer-001.png","width":1500,"height":367,"caption":"Wiederkehr Recycling AG"},"image":{"@id":"https:\/\/www.wierec.com\/fr\/#\/schema\/logo\/image\/"}}]}},"_links":{"self":[{"href":"https:\/\/www.wierec.com\/fr\/wp-json\/wp\/v2\/pages\/4495","targetHints":{"allow":["GET"]}}],"collection":[{"href":"https:\/\/www.wierec.com\/fr\/wp-json\/wp\/v2\/pages"}],"about":[{"href":"https:\/\/www.wierec.com\/fr\/wp-json\/wp\/v2\/types\/page"}],"author":[{"embeddable":true,"href":"https:\/\/www.wierec.com\/fr\/wp-json\/wp\/v2\/users\/1"}],"replies":[{"embeddable":true,"href":"https:\/\/www.wierec.com\/fr\/wp-json\/wp\/v2\/comments?post=4495"}],"version-history":[{"count":23,"href":"https:\/\/www.wierec.com\/fr\/wp-json\/wp\/v2\/pages\/4495\/revisions"}],"predecessor-version":[{"id":20701,"href":"https:\/\/www.wierec.com\/fr\/wp-json\/wp\/v2\/pages\/4495\/revisions\/20701"}],"wp:attachment":[{"href":"https:\/\/www.wierec.com\/fr\/wp-json\/wp\/v2\/media?parent=4495"}],"curies":[{"name":"wp","href":"https:\/\/api.w.org\/{rel}","templated":true}]}}