{"id":4533,"date":"2020-11-16T08:14:36","date_gmt":"2020-11-16T08:14:36","guid":{"rendered":"https:\/\/www.wierec.com\/?page_id=4533"},"modified":"2025-05-08T13:28:04","modified_gmt":"2025-05-08T13:28:04","slug":"durabilite","status":"publish","type":"page","link":"https:\/\/www.wierec.com\/fr\/durabilite\/","title":{"rendered":"Durabilit\u00e9"},"content":{"rendered":"<h1>La durabilit\u00e9<br \/> notre principe directeur<br \/>\n<br \/><\/h1>\n<p><img decoding=\"async\" src=\"\/wp-content\/uploads\/2020\/10\/Icon_Scrolldown.png\" alt=\"\"><\/p>\n<div>\n<p>Nous avons tous une responsabilit\u00e9 lorsqu\u2019il est question de protection de l\u2019environnement et de durabilit\u00e9. Mais qu\u2019est-ce que la durabilit\u00e9 au juste? Selon le dictionnaire Duden, il s\u2019agit du principe selon lequel on ne doit pas consommer plus que ce qui peut repousser, se r\u00e9g\u00e9n\u00e9rer ou \u00eatre remis \u00e0 disposition. La durabilit\u00e9 est un principe d\u2019action. Elle repr\u00e9sente un d\u00e9fi consid\u00e9rable dans le domaine de la production industrielle, o\u00f9 il peut para\u00eetre ardu de s\u2019approvisionner en mati\u00e8res premi\u00e8res tout en pr\u00e9servant les ressources. Le recyclage innovant prouve ici toute sa pertinence.<\/p>\n<p>\u00a0<\/p>\n<p>En fait, les grands d\u00e9fis s\u2019accompagnent toujours de grandes opportunit\u00e9s. Nous les saisissons, nous nous y attelons et agissons de mani\u00e8re \u00e0 favoriser la viabilit\u00e9 du circuit \u00e9conomique. C\u2019est l\u00e0 l\u2019un de nos principes directeurs. Nous cherchons de fa\u00e7on cibl\u00e9e et innovante des solutions pour inverser la tendance \u00e0 l\u2019\u00e9puisement des ressources fossiles. Et naturellement, nous en trouvons. <\/p>\n<div style=\"color: #003967;\">Car, pour nous, la durabilit\u00e9 implique le retour des mati\u00e8res premi\u00e8res, \u00e0 100%.<\/div>\n<\/p>\n<\/div>\n<p>\n    <a href=\"\/wp-content\/uploads\/2020\/10\/Zertifikat-Energie-Agentur-Klimaschutz-2019.pdf\">Protection volontaire du climat et efficacit\u00e9 \u00e9nerg\u00e9tique<\/a>\n<\/p>\n<h2>\n<div><span lang=\"FR-CH\">100% d\u2019\u00e9lectricit\u00e9 d\u2019origine hydraulique\u00a0<\/span><\/div>\n<\/h2>\n<div>\n<p>En plus de son activit\u00e9 commerciale proprement dite, Wiederkehr Recycling\u00a0\u2013\u00a0en tant qu\u2019entreprise de recyclage et donc en tant qu\u2019acteur essentiel de l\u2019\u00e9conomie circulaire en Suisse\u00a0\u2013\u00a0optimise en permanence son attitude durable et les actions correspondantes.<\/p>\n<p>La d\u00e9cision d\u2019acheter exclusivement de l\u2019\u00e9lectricit\u00e9 d\u2019origine hydraulique pour les sites de Waltenschwil et Schwarzenbach \u00e0 partir du 1.1.2021 en est une preuve remarquable.<\/p>\n<p>Quant \u00e0 l\u2019optimisation de l\u2019\u00e9nergie \u00e9lectrique, il est important de non seulement pr\u00eater attention \u00e0 la consommation \u00e9lectrique r\u00e9elle, mais aussi \u00e0 la compatibilit\u00e9 environnementale de l\u2019infrastructure. Dans ce contexte, l\u2019\u00e9nergie hydraulique convainc non seulement par son caract\u00e8re renouvelable naturel, mais aussi par sa faible \u00e9mission de gaz \u00e0 effet de serre et sa grande efficacit\u00e9 en termes de transformation en \u00e9nergie \u00e9lectrique, pour une consommation de ressources comparativement r\u00e9duite. Le march\u00e9 national est \u00e9galement \u00e9paul\u00e9 par les puissantes centrales hydro\u00e9lectriques suisses, sous le signe de trois caract\u00e9ristiques fortes: la durabilit\u00e9, la rentabilit\u00e9 et le local.<\/p>\n<\/div>\n<p><img decoding=\"async\" src=\"\/wp-content\/uploads\/2021\/03\/Wiederkehr-Gruppe_Stopper-Wasserkraft-Strom_FR.png\" alt=\"\"><\/p>\n<p><!--more--><br \/>\n<!-- {\"name\":\"Nachhaltigkeit DE\",\"type\":\"layout\",\"children\":[{\"type\":\"section\",\"props\":{\"animation\":\"slide-top\",\"header_transparent\":true,\"header_transparent_text_color\":\"light\",\"height\":\"viewport\",\"height_offset_top\":true,\"image\":\"wp-content\\\/uploads\\\/2020\\\/10\\\/Wiederkehr_Recycling_Header_Nachhaltigkeit.jpg\",\"image_position\":\"top-center\",\"image_size\":\"cover\",\"media_overlay\":\"rgba(0, 0, 0, 0.2)\",\"style\":\"default\",\"title_breakpoint\":\"xl\",\"title_position\":\"top-left\",\"title_rotation\":\"left\",\"vertical_align\":\"middle\",\"width\":\"\"},\"children\":[{\"type\":\"row\",\"children\":[{\"type\":\"column\",\"props\":{\"css\":\"\\n\",\"image_position\":\"center-center\",\"image_size\":\"cover\",\"image_width\":\"2000\",\"position_sticky_breakpoint\":\"m\"},\"children\":[{\"type\":\"headline\",\"props\":{\"animation\":\"none\",\"block_align\":\"center\",\"content\":\"La durabilit\\u00e9<br \/> notre principe directeur\\n<br \/>\",\"css\":\".el-element {line-height:1.3;}\",\"maxwidth\":\"2xlarge\",\"text_align\":\"center\",\"title_element\":\"h1\"}},{\"type\":\"image\",\"props\":{\"image\":\"wp-content\\\/uploads\\\/2020\\\/10\\\/Icon_Scrolldown.png\",\"image_svg_color\":\"emphasis\",\"margin\":\"default\",\"position\":\"absolute\",\"position_bottom\":\"-150\",\"text_align\":\"center\"}}]}]}]},{\"type\":\"section\",\"props\":{\"image_position\":\"center-center\",\"style\":\"default\",\"title_breakpoint\":\"xl\",\"title_position\":\"top-left\",\"title_rotation\":\"left\",\"vertical_align\":\"middle\",\"width\":\"large\"},\"children\":[{\"type\":\"row\",\"props\":{\"width\":\"default\"},\"children\":[{\"type\":\"column\",\"props\":{\"image_position\":\"center-center\",\"position_sticky_breakpoint\":\"m\"},\"children\":[{\"type\":\"text\",\"props\":{\"column_breakpoint\":\"m\",\"content\":\"\n\n<p>Nous avons tous une responsabilit\\u00e9 lorsqu\\u2019il est question de protection de l\\u2019environnement et de durabilit\\u00e9. Mais qu\\u2019est-ce que la durabilit\\u00e9 au juste? Selon le dictionnaire Duden, il s\\u2019agit du principe selon lequel on ne doit pas consommer plus que ce qui peut repousser, se r\\u00e9g\\u00e9n\\u00e9rer ou \\u00eatre remis \\u00e0 disposition. La durabilit\\u00e9 est un principe d\\u2019action. Elle repr\\u00e9sente un d\\u00e9fi consid\\u00e9rable dans le domaine de la production industrielle, o\\u00f9 il peut para\\u00eetre ardu de s\\u2019approvisionner en mati\\u00e8res premi\\u00e8res tout en pr\\u00e9servant les ressources. Le recyclage innovant prouve ici toute sa pertinence.<\\\/p>\\n\n\n<p>\\u00a0<\\\/p>\\n\n\n<p>En fait, les grands d\\u00e9fis s\\u2019accompagnent toujours de grandes opportunit\\u00e9s. Nous les saisissons, nous nous y attelons et agissons de mani\\u00e8re \\u00e0 favoriser la viabilit\\u00e9 du circuit \\u00e9conomique. C\\u2019est l\\u00e0 l\\u2019un de nos principes directeurs. Nous cherchons de fa\\u00e7on cibl\\u00e9e et innovante des solutions pour inverser la tendance \\u00e0 l\\u2019\\u00e9puisement des ressources fossiles. Et naturellement, nous en trouvons. \n\n<div style=\\\"color: #003967;\\\">Car, pour nous, la durabilit\\u00e9 implique le retour des mati\\u00e8res premi\\u00e8res, \\u00e0 100%.<\\\/div><\\\/p>\",\"margin\":\"default\"}},{\"type\":\"button\",\"props\":{\"grid_column_gap\":\"small\",\"grid_row_gap\":\"small\",\"margin\":\"default\"},\"children\":[{\"type\":\"button_item\",\"props\":{\"button_style\":\"default\",\"content\":\"Protection volontaire du climat et efficacit\\u00e9 \\u00e9nerg\\u00e9tique\",\"icon\":\"download\",\"icon_align\":\"left\",\"link\":\"wp-content\\\/uploads\\\/2020\\\/10\\\/Zertifikat-Energie-Agentur-Klimaschutz-2019.pdf\",\"link_target\":\"blank\"}}]}]}]}]},{\"type\":\"section\",\"props\":{\"image_position\":\"center-center\",\"padding\":\"small\",\"style\":\"muted\",\"title_breakpoint\":\"xl\",\"title_position\":\"top-left\",\"title_rotation\":\"left\",\"vertical_align\":\"middle\",\"width\":\"default\"},\"children\":[{\"type\":\"row\",\"children\":[{\"type\":\"column\",\"props\":{\"image_position\":\"center-center\",\"position_sticky_breakpoint\":\"m\"}}]},{\"type\":\"row\",\"props\":{\"layout\":\"3-4,1-4\"},\"children\":[{\"type\":\"column\",\"props\":{\"image_position\":\"center-center\",\"position_sticky_breakpoint\":\"m\",\"width_medium\":\"3-4\"},\"children\":[{\"type\":\"headline\",\"props\":{\"content\":\"\n\n<div><span lang=\\\"FR-CH\\\">100% d\\u2019\\u00e9lectricit\\u00e9 d\\u2019origine hydraulique\\u00a0<\\\/span><\\\/div>\",\"text_align\":\"left\",\"title_element\":\"h2\"}},{\"type\":\"text\",\"props\":{\"column_breakpoint\":\"m\",\"content\":\"\n\n<p>En plus de son activit\\u00e9 commerciale proprement dite, Wiederkehr Recycling\\u00a0\\u2013\\u00a0en tant qu\\u2019entreprise de recyclage et donc en tant qu\\u2019acteur essentiel de l\\u2019\\u00e9conomie circulaire en Suisse\\u00a0\\u2013\\u00a0optimise en permanence son attitude durable et les actions correspondantes.<\\\/p>\\n\n\n<p>La d\\u00e9cision d\\u2019acheter exclusivement de l\\u2019\\u00e9lectricit\\u00e9 d\\u2019origine hydraulique pour les sites de Waltenschwil et Schwarzenbach \\u00e0 partir du 1.1.2021 en est une preuve remarquable.<\\\/p>\\n\n\n<p>Quant \\u00e0 l\\u2019optimisation de l\\u2019\\u00e9nergie \\u00e9lectrique, il est important de non seulement pr\\u00eater attention \\u00e0 la consommation \\u00e9lectrique r\\u00e9elle, mais aussi \\u00e0 la compatibilit\\u00e9 environnementale de l\\u2019infrastructure. Dans ce contexte, l\\u2019\\u00e9nergie hydraulique convainc non seulement par son caract\\u00e8re renouvelable naturel, mais aussi par sa faible \\u00e9mission de gaz \\u00e0 effet de serre et sa grande efficacit\\u00e9 en termes de transformation en \\u00e9nergie \\u00e9lectrique, pour une consommation de ressources comparativement r\\u00e9duite. Le march\\u00e9 national est \\u00e9galement \\u00e9paul\\u00e9 par les puissantes centrales hydro\\u00e9lectriques suisses, sous le signe de trois caract\\u00e9ristiques fortes: la durabilit\\u00e9, la rentabilit\\u00e9 et le local.<\\\/p>\",\"margin\":\"default\"}}]},{\"type\":\"column\",\"props\":{\"image_position\":\"center-center\",\"position_sticky_breakpoint\":\"m\",\"vertical_align\":\"middle\",\"width_medium\":\"1-4\"},\"children\":[{\"type\":\"image\",\"props\":{\"image\":\"wp-content\\\/uploads\\\/2021\\\/03\\\/Wiederkehr-Gruppe_Stopper-Wasserkraft-Strom_FR.png\",\"image_svg_color\":\"emphasis\",\"margin\":\"default\"}}]}]}],\"modified\":\"2021-03-19T14:57:28.403Z\",\"name\":\"100% Strom, Nachhaltigkeit DE\"}],\"version\":\"4.3.4\"} --><\/p>\n","protected":false},"excerpt":{"rendered":"<p>La durabilit\u00e9 notre principe directeur Nous avons tous une responsabilit\u00e9 lorsqu\u2019il est question de protection de l\u2019environnement et de durabilit\u00e9. Mais qu\u2019est-ce que la durabilit\u00e9 au juste? Selon le dictionnaire Duden, il s\u2019agit du principe selon lequel on ne doit pas consommer plus que ce qui peut repousser, se r\u00e9g\u00e9n\u00e9rer ou \u00eatre remis \u00e0 disposition. [&hellip;]<\/p>\n","protected":false},"author":1,"featured_media":0,"parent":0,"menu_order":0,"comment_status":"closed","ping_status":"closed","template":"","meta":{"inline_featured_image":false,"footnotes":""},"class_list":["post-4533","page","type-page","status-publish","hentry"],"yoast_head":"<!-- This site is optimized with the Yoast SEO Premium plugin v24.3 (Yoast SEO v27.3) - https:\/\/yoast.com\/product\/yoast-seo-premium-wordpress\/ -->\n<title>Durabilit\u00e9 | Groupe Wiederkehr<\/title>\n<meta name=\"description\" content=\"En recyclant les mat\u00e9riaux qui peuvent l\u2019\u00eatre, nous apportons une contribution pr\u00e9cieuse \u00e0 la pr\u00e9servation des ressources. La durabilit\u00e9 implique le retour des mati\u00e8res premi\u00e8res.\" \/>\n<meta name=\"robots\" content=\"index, follow, max-snippet:-1, max-image-preview:large, max-video-preview:-1\" \/>\n<link rel=\"canonical\" href=\"https:\/\/www.wierec.com\/fr\/durabilite\/\" \/>\n<meta property=\"og:locale\" content=\"fr_FR\" \/>\n<meta property=\"og:type\" content=\"article\" \/>\n<meta property=\"og:title\" content=\"Durabilit\u00e9\" \/>\n<meta property=\"og:description\" content=\"En recyclant les mat\u00e9riaux qui peuvent l\u2019\u00eatre, nous apportons une contribution pr\u00e9cieuse \u00e0 la pr\u00e9servation des ressources. La durabilit\u00e9 implique le retour des mati\u00e8res premi\u00e8res.\" \/>\n<meta property=\"og:url\" content=\"https:\/\/www.wierec.com\/fr\/durabilite\/\" \/>\n<meta property=\"og:site_name\" content=\"Wiederkehr Recycling\" \/>\n<meta property=\"article:modified_time\" content=\"2025-05-08T13:28:04+00:00\" \/>\n<meta name=\"twitter:card\" content=\"summary_large_image\" \/>\n<meta name=\"twitter:label1\" content=\"Dur\u00e9e de lecture estim\u00e9e\" \/>\n\t<meta name=\"twitter:data1\" content=\"2 minutes\" \/>\n<script type=\"application\/ld+json\" class=\"yoast-schema-graph\">{\"@context\":\"https:\\\/\\\/schema.org\",\"@graph\":[{\"@type\":\"WebPage\",\"@id\":\"https:\\\/\\\/www.wierec.com\\\/fr\\\/durabilite\\\/\",\"url\":\"https:\\\/\\\/www.wierec.com\\\/fr\\\/durabilite\\\/\",\"name\":\"Durabilit\u00e9 | Groupe Wiederkehr\",\"isPartOf\":{\"@id\":\"https:\\\/\\\/www.wierec.com\\\/fr\\\/#website\"},\"datePublished\":\"2020-11-16T08:14:36+00:00\",\"dateModified\":\"2025-05-08T13:28:04+00:00\",\"description\":\"En recyclant les mat\u00e9riaux qui peuvent l\u2019\u00eatre, nous apportons une contribution pr\u00e9cieuse \u00e0 la pr\u00e9servation des ressources. La durabilit\u00e9 implique le retour des mati\u00e8res premi\u00e8res.\",\"breadcrumb\":{\"@id\":\"https:\\\/\\\/www.wierec.com\\\/fr\\\/durabilite\\\/#breadcrumb\"},\"inLanguage\":\"fr-FR\",\"potentialAction\":[{\"@type\":\"ReadAction\",\"target\":[\"https:\\\/\\\/www.wierec.com\\\/fr\\\/durabilite\\\/\"]}]},{\"@type\":\"BreadcrumbList\",\"@id\":\"https:\\\/\\\/www.wierec.com\\\/fr\\\/durabilite\\\/#breadcrumb\",\"itemListElement\":[{\"@type\":\"ListItem\",\"position\":1,\"name\":\"Home\",\"item\":\"https:\\\/\\\/www.wierec.com\\\/fr\\\/\"},{\"@type\":\"ListItem\",\"position\":2,\"name\":\"Durabilit\u00e9\"}]},{\"@type\":\"WebSite\",\"@id\":\"https:\\\/\\\/www.wierec.com\\\/fr\\\/#website\",\"url\":\"https:\\\/\\\/www.wierec.com\\\/fr\\\/\",\"name\":\"Wiederkehr Recycling\",\"description\":\"Die Wiederkehr der Rohstoffe\",\"publisher\":{\"@id\":\"https:\\\/\\\/www.wierec.com\\\/fr\\\/#organization\"},\"potentialAction\":[{\"@type\":\"SearchAction\",\"target\":{\"@type\":\"EntryPoint\",\"urlTemplate\":\"https:\\\/\\\/www.wierec.com\\\/fr\\\/?s={search_term_string}\"},\"query-input\":{\"@type\":\"PropertyValueSpecification\",\"valueRequired\":true,\"valueName\":\"search_term_string\"}}],\"inLanguage\":\"fr-FR\"},{\"@type\":\"Organization\",\"@id\":\"https:\\\/\\\/www.wierec.com\\\/fr\\\/#organization\",\"name\":\"Wiederkehr Recycling AG\",\"url\":\"https:\\\/\\\/www.wierec.com\\\/fr\\\/\",\"logo\":{\"@type\":\"ImageObject\",\"inLanguage\":\"fr-FR\",\"@id\":\"https:\\\/\\\/www.wierec.com\\\/fr\\\/#\\\/schema\\\/logo\\\/image\\\/\",\"url\":\"https:\\\/\\\/www.wierec.com\\\/wp-content\\\/uploads\\\/2020\\\/11\\\/logo-wiederkehr-gruppe-4f-quer-001.png\",\"contentUrl\":\"https:\\\/\\\/www.wierec.com\\\/wp-content\\\/uploads\\\/2020\\\/11\\\/logo-wiederkehr-gruppe-4f-quer-001.png\",\"width\":1500,\"height\":367,\"caption\":\"Wiederkehr Recycling AG\"},\"image\":{\"@id\":\"https:\\\/\\\/www.wierec.com\\\/fr\\\/#\\\/schema\\\/logo\\\/image\\\/\"}}]}<\/script>\n<!-- \/ Yoast SEO Premium plugin. -->","yoast_head_json":{"title":"Durabilit\u00e9 | Groupe Wiederkehr","description":"En recyclant les mat\u00e9riaux qui peuvent l\u2019\u00eatre, nous apportons une contribution pr\u00e9cieuse \u00e0 la pr\u00e9servation des ressources. La durabilit\u00e9 implique le retour des mati\u00e8res premi\u00e8res.","robots":{"index":"index","follow":"follow","max-snippet":"max-snippet:-1","max-image-preview":"max-image-preview:large","max-video-preview":"max-video-preview:-1"},"canonical":"https:\/\/www.wierec.com\/fr\/durabilite\/","og_locale":"fr_FR","og_type":"article","og_title":"Durabilit\u00e9","og_description":"En recyclant les mat\u00e9riaux qui peuvent l\u2019\u00eatre, nous apportons une contribution pr\u00e9cieuse \u00e0 la pr\u00e9servation des ressources. La durabilit\u00e9 implique le retour des mati\u00e8res premi\u00e8res.","og_url":"https:\/\/www.wierec.com\/fr\/durabilite\/","og_site_name":"Wiederkehr Recycling","article_modified_time":"2025-05-08T13:28:04+00:00","twitter_card":"summary_large_image","twitter_misc":{"Dur\u00e9e de lecture estim\u00e9e":"2 minutes"},"schema":{"@context":"https:\/\/schema.org","@graph":[{"@type":"WebPage","@id":"https:\/\/www.wierec.com\/fr\/durabilite\/","url":"https:\/\/www.wierec.com\/fr\/durabilite\/","name":"Durabilit\u00e9 | Groupe Wiederkehr","isPartOf":{"@id":"https:\/\/www.wierec.com\/fr\/#website"},"datePublished":"2020-11-16T08:14:36+00:00","dateModified":"2025-05-08T13:28:04+00:00","description":"En recyclant les mat\u00e9riaux qui peuvent l\u2019\u00eatre, nous apportons une contribution pr\u00e9cieuse \u00e0 la pr\u00e9servation des ressources. La durabilit\u00e9 implique le retour des mati\u00e8res premi\u00e8res.","breadcrumb":{"@id":"https:\/\/www.wierec.com\/fr\/durabilite\/#breadcrumb"},"inLanguage":"fr-FR","potentialAction":[{"@type":"ReadAction","target":["https:\/\/www.wierec.com\/fr\/durabilite\/"]}]},{"@type":"BreadcrumbList","@id":"https:\/\/www.wierec.com\/fr\/durabilite\/#breadcrumb","itemListElement":[{"@type":"ListItem","position":1,"name":"Home","item":"https:\/\/www.wierec.com\/fr\/"},{"@type":"ListItem","position":2,"name":"Durabilit\u00e9"}]},{"@type":"WebSite","@id":"https:\/\/www.wierec.com\/fr\/#website","url":"https:\/\/www.wierec.com\/fr\/","name":"Wiederkehr Recycling","description":"Die Wiederkehr der Rohstoffe","publisher":{"@id":"https:\/\/www.wierec.com\/fr\/#organization"},"potentialAction":[{"@type":"SearchAction","target":{"@type":"EntryPoint","urlTemplate":"https:\/\/www.wierec.com\/fr\/?s={search_term_string}"},"query-input":{"@type":"PropertyValueSpecification","valueRequired":true,"valueName":"search_term_string"}}],"inLanguage":"fr-FR"},{"@type":"Organization","@id":"https:\/\/www.wierec.com\/fr\/#organization","name":"Wiederkehr Recycling AG","url":"https:\/\/www.wierec.com\/fr\/","logo":{"@type":"ImageObject","inLanguage":"fr-FR","@id":"https:\/\/www.wierec.com\/fr\/#\/schema\/logo\/image\/","url":"https:\/\/www.wierec.com\/wp-content\/uploads\/2020\/11\/logo-wiederkehr-gruppe-4f-quer-001.png","contentUrl":"https:\/\/www.wierec.com\/wp-content\/uploads\/2020\/11\/logo-wiederkehr-gruppe-4f-quer-001.png","width":1500,"height":367,"caption":"Wiederkehr Recycling AG"},"image":{"@id":"https:\/\/www.wierec.com\/fr\/#\/schema\/logo\/image\/"}}]}},"_links":{"self":[{"href":"https:\/\/www.wierec.com\/fr\/wp-json\/wp\/v2\/pages\/4533","targetHints":{"allow":["GET"]}}],"collection":[{"href":"https:\/\/www.wierec.com\/fr\/wp-json\/wp\/v2\/pages"}],"about":[{"href":"https:\/\/www.wierec.com\/fr\/wp-json\/wp\/v2\/types\/page"}],"author":[{"embeddable":true,"href":"https:\/\/www.wierec.com\/fr\/wp-json\/wp\/v2\/users\/1"}],"replies":[{"embeddable":true,"href":"https:\/\/www.wierec.com\/fr\/wp-json\/wp\/v2\/comments?post=4533"}],"version-history":[{"count":10,"href":"https:\/\/www.wierec.com\/fr\/wp-json\/wp\/v2\/pages\/4533\/revisions"}],"predecessor-version":[{"id":19863,"href":"https:\/\/www.wierec.com\/fr\/wp-json\/wp\/v2\/pages\/4533\/revisions\/19863"}],"wp:attachment":[{"href":"https:\/\/www.wierec.com\/fr\/wp-json\/wp\/v2\/media?parent=4533"}],"curies":[{"name":"wp","href":"https:\/\/api.w.org\/{rel}","templated":true}]}}