{"id":4543,"date":"2020-11-16T08:19:10","date_gmt":"2020-11-16T08:19:10","guid":{"rendered":"https:\/\/www.wierec.com\/?page_id=4543"},"modified":"2022-07-05T09:04:23","modified_gmt":"2022-07-05T09:04:23","slug":"engagement-social","status":"publish","type":"page","link":"https:\/\/www.wierec.com\/fr\/engagement-social\/","title":{"rendered":"Engagement social"},"content":{"rendered":"<h1>TARA NAMASTE: <br \/>\nD\u2019HUMAIN \u00c0 HUMAIN,<br \/>\nDE C\u0152UR \u00c0 C\u0152UR<\/p>\n<p><\/h1>\n<p><img decoding=\"async\" src=\"\/wp-content\/uploads\/2020\/10\/Icon_Scrolldown.png\" alt=\"\"><\/p>\n<div>\n<p style=\"text-align: center;\">Tara Namaste a \u00e9t\u00e9 fond\u00e9e en 2010 avec le statut d\u2019association d\u2019utilit\u00e9 publique. C\u2019est une vraie affaire de c\u0153ur. Le N\u00e9pal, pays marqu\u00e9 par des catastrophes et une mauvaise gestion, n\u2019a pas d\u00fb attendre le grand s\u00e9isme de 2015 pour avoir besoin d\u2019une aide urgente. Wiederkehr Recycling a particip\u00e9 \u00e0 la cr\u00e9ation de la fondation et se mobilise l\u00e0 o\u00f9 les autres projets humanitaires ne suffisent pas. C\u2019est ainsi que la fondation se consacre particuli\u00e8rement aux enfants et aux personnes \u00e2g\u00e9es et handicap\u00e9es de la province de Jhapa, au sud-est du N\u00e9pal, l\u2019une des r\u00e9gions les plus durement touch\u00e9es par le s\u00e9isme.<\/p>\n<p style=\"text-align: center;\">Nous apportons notre aide en fournissant des produits de base tels que des aliments et des v\u00eatements, en offrant du mat\u00e9riel scolaire et en reconstruisant les b\u00e2timents d\u00e9truits. En 2019, l\u2019association est devenue la fondation \u00abTara Namaste Foundation\u00bb.<\/p>\n<p style=\"text-align: center;\">Une aide directe et efficace pour une r\u00e9gion oubli\u00e9e. Nous y mettons tout notre c\u0153ur.<\/p>\n<\/div>\n<ul>\n<li>\n<p>        <img decoding=\"async\" src=\"\/wp-content\/uploads\/2020\/10\/Wiederkehr_recycling_Sozialengagement_Slider_1.jpg\" alt=\"\"><\/p>\n<\/li>\n<li>\n<p>        <img decoding=\"async\" src=\"\/wp-content\/uploads\/2020\/10\/Wiederkehr_recycling_Sozialengagement_Slider_2.jpg\" alt=\"\"><\/p>\n<\/li>\n<li>\n<p>        <img decoding=\"async\" src=\"\/wp-content\/uploads\/2020\/10\/Wiederkehr_recycling_Sozialengagement_Slider_3.jpg\" alt=\"\"><\/p>\n<\/li>\n<li>\n<p>        <img decoding=\"async\" src=\"\/wp-content\/uploads\/2020\/10\/Wiederkehr_recycling_Sozialengagement_Slider_4.jpg\" alt=\"\"><\/p>\n<\/li>\n<li>\n<p>        <img decoding=\"async\" src=\"\/wp-content\/uploads\/2020\/10\/Wiederkehr_recycling_Sozialengagement_Slider_5.jpg\" alt=\"\"><\/p>\n<\/li>\n<li>\n<p>        <img decoding=\"async\" src=\"\/wp-content\/uploads\/2020\/10\/Wiederkehr_recycling_Sozialengagement_Slider_6.jpg\" alt=\"\"><\/p>\n<\/li>\n<li>\n<p>        <img decoding=\"async\" src=\"\/wp-content\/uploads\/2020\/10\/Wiederkehr_recycling_Sozialengagement_Slider_7.jpg\" alt=\"\"><\/p>\n<\/li>\n<li>\n<p>        <img decoding=\"async\" src=\"\/wp-content\/uploads\/2020\/10\/Wiederkehr_recycling_Sozialengagement_Slider_8.jpg\" alt=\"\"><\/p>\n<\/li>\n<\/ul>\n<h2>VOUS VOULEZ EN SAVOIR PLUS?<\/h2>\n<div>\n<p style=\"text-align: center;\">Vous trouverez des informations d\u00e9taill\u00e9es sur la fondation Tara Namaste Foundation et ses projets humanitaires sur<\/p>\n<\/div>\n<p>\n    <a href=\"https:\/\/www.tara-namaste.com\/\"> www.tara-namaste.com <\/a>\n<\/p>\n<div>\n<p style=\"text-align: center;\">Rendez-vous sur le site web de la fondation. Nous serons ravis de votre int\u00e9r\u00eat.<\/p>\n<\/div>\n<p><!--more--><br \/>\n<!-- {\"name\":\"Sozialengagement DE\",\"type\":\"layout\",\"children\":[{\"type\":\"section\",\"props\":{\"style\":\"default\",\"width\":\"\",\"vertical_align\":\"middle\",\"title_position\":\"top-left\",\"title_rotation\":\"left\",\"title_breakpoint\":\"xl\",\"image_position\":\"top-center\",\"image\":\"wp-content\\\/uploads\\\/2020\\\/10\\\/Wiederkehr_Recycling_Header_Sozialengagement.jpg\",\"height\":\"full\",\"header_transparent\":\"light\",\"image_size\":\"cover\",\"media_overlay\":\"rgba(0, 0, 0, 0.3)\",\"animation\":\"slide-top\"},\"children\":[{\"type\":\"row\",\"children\":[{\"type\":\"column\",\"props\":{\"image_position\":\"center-center\",\"media_overlay_gradient\":\"\",\"css\":\"\\n\",\"image\":\"\",\"image_size\":\"cover\",\"image_width\":\"2000\",\"position_sticky_breakpoint\":\"m\"},\"children\":[{\"type\":\"headline\",\"props\":{\"title_element\":\"h1\",\"content\":\"TARA NAMASTE: <br \/>\\nD\\u2019HUMAIN \\u00c0 HUMAIN,<br \/>\\nDE C\\u0152UR \\u00c0 C\\u0152UR<br \/>\\n<br \\\/>\\n<br \/>\",\"text_align\":\"center\",\"animation\":\"none\",\"css\":\".el-element {line-height:1.3;}\"}}]}]},{\"type\":\"row\",\"children\":[{\"type\":\"column\",\"props\":{\"image_position\":\"center-center\",\"media_overlay_gradient\":\"\",\"vertical_align\":\"bottom\",\"position_sticky_breakpoint\":\"m\"},\"children\":[{\"type\":\"image\",\"props\":{\"margin\":\"default\",\"image_svg_color\":\"emphasis\",\"image\":\"wp-content\\\/uploads\\\/2020\\\/10\\\/Icon_Scrolldown.png\",\"text_align\":\"center\",\"position\":\"absolute\",\"position_bottom\":\"0\"}}]}]}]},{\"type\":\"section\",\"props\":{\"style\":\"default\",\"width\":\"xlarge\",\"vertical_align\":\"middle\",\"title_position\":\"top-left\",\"title_rotation\":\"left\",\"title_breakpoint\":\"xl\",\"image_position\":\"center-center\"},\"children\":[{\"type\":\"row\",\"props\":{\"width\":\"default\"},\"children\":[{\"type\":\"column\",\"props\":{\"image_position\":\"center-center\",\"media_overlay_gradient\":\"\",\"position_sticky_breakpoint\":\"m\"},\"children\":[{\"type\":\"text\",\"props\":{\"margin\":\"default\",\"column_breakpoint\":\"m\",\"content\":\"\n\n<p style=\\\"text-align: center;\\\">Tara Namaste a \\u00e9t\\u00e9 fond\\u00e9e en 2010 avec le statut d\\u2019association d\\u2019utilit\\u00e9 publique. C\\u2019est une vraie affaire de c\\u0153ur. Le N\\u00e9pal, pays marqu\\u00e9 par des catastrophes et une mauvaise gestion, n\\u2019a pas d\\u00fb attendre le grand s\\u00e9isme de 2015 pour avoir besoin d\\u2019une aide urgente. Wiederkehr Recycling a particip\\u00e9 \\u00e0 la cr\\u00e9ation de la fondation et se mobilise l\\u00e0 o\\u00f9 les autres projets humanitaires ne suffisent pas. C\\u2019est ainsi que la fondation se consacre particuli\\u00e8rement aux enfants et aux personnes \\u00e2g\\u00e9es et handicap\\u00e9es de la province de Jhapa, au sud-est du N\\u00e9pal, l\\u2019une des r\\u00e9gions les plus durement touch\\u00e9es par le s\\u00e9isme.<\\\/p>\\n\n\n<p style=\\\"text-align: center;\\\">Nous apportons notre aide en fournissant des produits de base tels que des aliments et des v\\u00eatements, en offrant du mat\\u00e9riel scolaire et en reconstruisant les b\\u00e2timents d\\u00e9truits. En 2019, l\\u2019association est devenue la fondation \\u00abTara Namaste Foundation\\u00bb.<\\\/p>\\n\n\n<p style=\\\"text-align: center;\\\">Une aide directe et efficace pour une r\\u00e9gion oubli\\u00e9e. Nous y mettons tout notre c\\u0153ur.<\\\/p>\",\"class\":\"\"}},{\"type\":\"overlay-slider\",\"props\":{\"show_title\":true,\"show_meta\":true,\"show_content\":true,\"show_link\":true,\"slider_width\":\"\",\"slider_width_default\":\"1-1\",\"slider_width_medium\":\"1-2\",\"slider_gap\":\"default\",\"slider_autoplay_pause\":true,\"nav\":\"\",\"nav_align\":\"center\",\"nav_breakpoint\":\"s\",\"slidenav\":\"outside\",\"slidenav_margin\":\"medium\",\"slidenav_breakpoint\":\"s\",\"slidenav_outside_breakpoint\":\"xl\",\"overlay_mode\":\"cover\",\"overlay_position\":\"center\",\"overlay_transition\":\"fade\",\"title_hover_style\":\"reset\",\"title_element\":\"h3\",\"meta_style\":\"meta\",\"meta_align\":\"below-title\",\"meta_element\":\"div\",\"link_text\":\"Read more\",\"link_style\":\"default\",\"text_align\":\"center\",\"margin\":\"default\",\"slider_sets\":true,\"slider_autoplay\":true,\"slider_autoplay_interval\":\"5\",\"image_height\":\"400\",\"image_width\":\"570\",\"show_hover_image\":true},\"children\":[{\"type\":\"overlay-slider_item\",\"props\":{\"image\":\"wp-content\\\/uploads\\\/2020\\\/10\\\/Wiederkehr_recycling_Sozialengagement_Slider_1.jpg\"}},{\"type\":\"overlay-slider_item\",\"props\":{\"image\":\"wp-content\\\/uploads\\\/2020\\\/10\\\/Wiederkehr_recycling_Sozialengagement_Slider_2.jpg\"}},{\"type\":\"overlay-slider_item\",\"props\":{\"image\":\"wp-content\\\/uploads\\\/2020\\\/10\\\/Wiederkehr_recycling_Sozialengagement_Slider_3.jpg\"}},{\"type\":\"overlay-slider_item\",\"props\":{\"image\":\"wp-content\\\/uploads\\\/2020\\\/10\\\/Wiederkehr_recycling_Sozialengagement_Slider_4.jpg\"}},{\"type\":\"overlay-slider_item\",\"props\":{\"image\":\"wp-content\\\/uploads\\\/2020\\\/10\\\/Wiederkehr_recycling_Sozialengagement_Slider_5.jpg\"}},{\"type\":\"overlay-slider_item\",\"props\":{\"image\":\"wp-content\\\/uploads\\\/2020\\\/10\\\/Wiederkehr_recycling_Sozialengagement_Slider_6.jpg\"}},{\"type\":\"overlay-slider_item\",\"props\":{\"image\":\"wp-content\\\/uploads\\\/2020\\\/10\\\/Wiederkehr_recycling_Sozialengagement_Slider_7.jpg\"}},{\"type\":\"overlay-slider_item\",\"props\":{\"image\":\"wp-content\\\/uploads\\\/2020\\\/10\\\/Wiederkehr_recycling_Sozialengagement_Slider_8.jpg\"}}]}]}]},{\"type\":\"row\",\"children\":[{\"type\":\"column\",\"props\":{\"image_position\":\"center-center\",\"media_overlay_gradient\":\"\",\"position_sticky_breakpoint\":\"m\"},\"children\":[{\"type\":\"headline\",\"props\":{\"title_element\":\"h2\",\"content\":\"VOUS VOULEZ EN SAVOIR PLUS?\",\"title_style\":\"heading-small\",\"text_align\":\"center\"}},{\"type\":\"text\",\"props\":{\"margin\":\"default\",\"column_breakpoint\":\"m\",\"content\":\"\n\n<p style=\\\"text-align: center;\\\">Vous trouverez des informations d\\u00e9taill\\u00e9es sur la fondation Tara Namaste Foundation et ses projets humanitaires sur<\\\/p>\"}},{\"type\":\"button\",\"props\":{\"grid_column_gap\":\"small\",\"grid_row_gap\":\"small\",\"margin\":\"default\",\"maxwidth\":\"medium\",\"block_align\":\"center\",\"text_align\":\"center\"},\"children\":[{\"type\":\"button_item\",\"props\":{\"button_style\":\"link-text\",\"icon_align\":\"right\",\"content\":\" www.tara-namaste.com \",\"link\":\"https:\\\/\\\/www.tara-namaste.com\\\/\",\"link_target\":\"blank\",\"icon\":\"arrow-right\"}}]},{\"type\":\"text\",\"props\":{\"margin\":\"default\",\"column_breakpoint\":\"m\",\"content\":\"\n\n<p style=\\\"text-align: center;\\\">Rendez-vous sur le site web de la fondation. Nous serons ravis de votre int\\u00e9r\\u00eat.<\\\/p>\"}}]}]}]}],\"version\":\"2.7.22\"} --><\/p>\n","protected":false},"excerpt":{"rendered":"<p>TARA NAMASTE: D\u2019HUMAIN \u00c0 HUMAIN, DE C\u0152UR \u00c0 C\u0152UR Tara Namaste a \u00e9t\u00e9 fond\u00e9e en 2010 avec le statut d\u2019association d\u2019utilit\u00e9 publique. C\u2019est une vraie affaire de c\u0153ur. Le N\u00e9pal, pays marqu\u00e9 par des catastrophes et une mauvaise gestion, n\u2019a pas d\u00fb attendre le grand s\u00e9isme de 2015 pour avoir besoin d\u2019une aide urgente. Wiederkehr [&hellip;]<\/p>\n","protected":false},"author":1,"featured_media":0,"parent":0,"menu_order":0,"comment_status":"closed","ping_status":"closed","template":"","meta":{"inline_featured_image":false,"footnotes":""},"class_list":["post-4543","page","type-page","status-publish","hentry"],"yoast_head":"<!-- This site is optimized with the Yoast SEO Premium plugin v24.3 (Yoast SEO v27.3) - https:\/\/yoast.com\/product\/yoast-seo-premium-wordpress\/ -->\n<title>Engagement social | Groupe Wiederkehr<\/title>\n<meta name=\"description\" content=\"Engagement en faveur de l\u2019environnement et de la soci\u00e9t\u00e9. Depuis 2010, nous soutenons la Tara Namaste Foundation, qui aide des enfants et des familles au N\u00e9pal. www.tara-namaste.ch\" \/>\n<meta name=\"robots\" content=\"index, follow, max-snippet:-1, max-image-preview:large, max-video-preview:-1\" \/>\n<link rel=\"canonical\" href=\"https:\/\/www.wierec.com\/fr\/engagement-social\/\" \/>\n<meta property=\"og:locale\" content=\"fr_FR\" \/>\n<meta property=\"og:type\" content=\"article\" \/>\n<meta property=\"og:title\" content=\"Engagement social\" \/>\n<meta property=\"og:description\" content=\"Engagement en faveur de l\u2019environnement et de la soci\u00e9t\u00e9. Depuis 2010, nous soutenons la Tara Namaste Foundation, qui aide des enfants et des familles au N\u00e9pal. www.tara-namaste.ch\" \/>\n<meta property=\"og:url\" content=\"https:\/\/www.wierec.com\/fr\/engagement-social\/\" \/>\n<meta property=\"og:site_name\" content=\"Wiederkehr Recycling\" \/>\n<meta property=\"article:modified_time\" content=\"2022-07-05T09:04:23+00:00\" \/>\n<meta name=\"twitter:card\" content=\"summary_large_image\" \/>\n<meta name=\"twitter:label1\" content=\"Dur\u00e9e de lecture estim\u00e9e\" \/>\n\t<meta name=\"twitter:data1\" content=\"1 minute\" \/>\n<script type=\"application\/ld+json\" class=\"yoast-schema-graph\">{\"@context\":\"https:\\\/\\\/schema.org\",\"@graph\":[{\"@type\":\"WebPage\",\"@id\":\"https:\\\/\\\/www.wierec.com\\\/fr\\\/engagement-social\\\/\",\"url\":\"https:\\\/\\\/www.wierec.com\\\/fr\\\/engagement-social\\\/\",\"name\":\"Engagement social | Groupe Wiederkehr\",\"isPartOf\":{\"@id\":\"https:\\\/\\\/www.wierec.com\\\/fr\\\/#website\"},\"datePublished\":\"2020-11-16T08:19:10+00:00\",\"dateModified\":\"2022-07-05T09:04:23+00:00\",\"description\":\"Engagement en faveur de l\u2019environnement et de la soci\u00e9t\u00e9. Depuis 2010, nous soutenons la Tara Namaste Foundation, qui aide des enfants et des familles au N\u00e9pal. www.tara-namaste.ch\",\"breadcrumb\":{\"@id\":\"https:\\\/\\\/www.wierec.com\\\/fr\\\/engagement-social\\\/#breadcrumb\"},\"inLanguage\":\"fr-FR\",\"potentialAction\":[{\"@type\":\"ReadAction\",\"target\":[\"https:\\\/\\\/www.wierec.com\\\/fr\\\/engagement-social\\\/\"]}]},{\"@type\":\"BreadcrumbList\",\"@id\":\"https:\\\/\\\/www.wierec.com\\\/fr\\\/engagement-social\\\/#breadcrumb\",\"itemListElement\":[{\"@type\":\"ListItem\",\"position\":1,\"name\":\"Home\",\"item\":\"https:\\\/\\\/www.wierec.com\\\/fr\\\/\"},{\"@type\":\"ListItem\",\"position\":2,\"name\":\"Engagement social\"}]},{\"@type\":\"WebSite\",\"@id\":\"https:\\\/\\\/www.wierec.com\\\/fr\\\/#website\",\"url\":\"https:\\\/\\\/www.wierec.com\\\/fr\\\/\",\"name\":\"Wiederkehr Recycling\",\"description\":\"Die Wiederkehr der Rohstoffe\",\"publisher\":{\"@id\":\"https:\\\/\\\/www.wierec.com\\\/fr\\\/#organization\"},\"potentialAction\":[{\"@type\":\"SearchAction\",\"target\":{\"@type\":\"EntryPoint\",\"urlTemplate\":\"https:\\\/\\\/www.wierec.com\\\/fr\\\/?s={search_term_string}\"},\"query-input\":{\"@type\":\"PropertyValueSpecification\",\"valueRequired\":true,\"valueName\":\"search_term_string\"}}],\"inLanguage\":\"fr-FR\"},{\"@type\":\"Organization\",\"@id\":\"https:\\\/\\\/www.wierec.com\\\/fr\\\/#organization\",\"name\":\"Wiederkehr Recycling AG\",\"url\":\"https:\\\/\\\/www.wierec.com\\\/fr\\\/\",\"logo\":{\"@type\":\"ImageObject\",\"inLanguage\":\"fr-FR\",\"@id\":\"https:\\\/\\\/www.wierec.com\\\/fr\\\/#\\\/schema\\\/logo\\\/image\\\/\",\"url\":\"https:\\\/\\\/www.wierec.com\\\/wp-content\\\/uploads\\\/2020\\\/11\\\/logo-wiederkehr-gruppe-4f-quer-001.png\",\"contentUrl\":\"https:\\\/\\\/www.wierec.com\\\/wp-content\\\/uploads\\\/2020\\\/11\\\/logo-wiederkehr-gruppe-4f-quer-001.png\",\"width\":1500,\"height\":367,\"caption\":\"Wiederkehr Recycling AG\"},\"image\":{\"@id\":\"https:\\\/\\\/www.wierec.com\\\/fr\\\/#\\\/schema\\\/logo\\\/image\\\/\"}}]}<\/script>\n<!-- \/ Yoast SEO Premium plugin. -->","yoast_head_json":{"title":"Engagement social | Groupe Wiederkehr","description":"Engagement en faveur de l\u2019environnement et de la soci\u00e9t\u00e9. Depuis 2010, nous soutenons la Tara Namaste Foundation, qui aide des enfants et des familles au N\u00e9pal. www.tara-namaste.ch","robots":{"index":"index","follow":"follow","max-snippet":"max-snippet:-1","max-image-preview":"max-image-preview:large","max-video-preview":"max-video-preview:-1"},"canonical":"https:\/\/www.wierec.com\/fr\/engagement-social\/","og_locale":"fr_FR","og_type":"article","og_title":"Engagement social","og_description":"Engagement en faveur de l\u2019environnement et de la soci\u00e9t\u00e9. Depuis 2010, nous soutenons la Tara Namaste Foundation, qui aide des enfants et des familles au N\u00e9pal. www.tara-namaste.ch","og_url":"https:\/\/www.wierec.com\/fr\/engagement-social\/","og_site_name":"Wiederkehr Recycling","article_modified_time":"2022-07-05T09:04:23+00:00","twitter_card":"summary_large_image","twitter_misc":{"Dur\u00e9e de lecture estim\u00e9e":"1 minute"},"schema":{"@context":"https:\/\/schema.org","@graph":[{"@type":"WebPage","@id":"https:\/\/www.wierec.com\/fr\/engagement-social\/","url":"https:\/\/www.wierec.com\/fr\/engagement-social\/","name":"Engagement social | Groupe Wiederkehr","isPartOf":{"@id":"https:\/\/www.wierec.com\/fr\/#website"},"datePublished":"2020-11-16T08:19:10+00:00","dateModified":"2022-07-05T09:04:23+00:00","description":"Engagement en faveur de l\u2019environnement et de la soci\u00e9t\u00e9. Depuis 2010, nous soutenons la Tara Namaste Foundation, qui aide des enfants et des familles au N\u00e9pal. www.tara-namaste.ch","breadcrumb":{"@id":"https:\/\/www.wierec.com\/fr\/engagement-social\/#breadcrumb"},"inLanguage":"fr-FR","potentialAction":[{"@type":"ReadAction","target":["https:\/\/www.wierec.com\/fr\/engagement-social\/"]}]},{"@type":"BreadcrumbList","@id":"https:\/\/www.wierec.com\/fr\/engagement-social\/#breadcrumb","itemListElement":[{"@type":"ListItem","position":1,"name":"Home","item":"https:\/\/www.wierec.com\/fr\/"},{"@type":"ListItem","position":2,"name":"Engagement social"}]},{"@type":"WebSite","@id":"https:\/\/www.wierec.com\/fr\/#website","url":"https:\/\/www.wierec.com\/fr\/","name":"Wiederkehr Recycling","description":"Die Wiederkehr der Rohstoffe","publisher":{"@id":"https:\/\/www.wierec.com\/fr\/#organization"},"potentialAction":[{"@type":"SearchAction","target":{"@type":"EntryPoint","urlTemplate":"https:\/\/www.wierec.com\/fr\/?s={search_term_string}"},"query-input":{"@type":"PropertyValueSpecification","valueRequired":true,"valueName":"search_term_string"}}],"inLanguage":"fr-FR"},{"@type":"Organization","@id":"https:\/\/www.wierec.com\/fr\/#organization","name":"Wiederkehr Recycling AG","url":"https:\/\/www.wierec.com\/fr\/","logo":{"@type":"ImageObject","inLanguage":"fr-FR","@id":"https:\/\/www.wierec.com\/fr\/#\/schema\/logo\/image\/","url":"https:\/\/www.wierec.com\/wp-content\/uploads\/2020\/11\/logo-wiederkehr-gruppe-4f-quer-001.png","contentUrl":"https:\/\/www.wierec.com\/wp-content\/uploads\/2020\/11\/logo-wiederkehr-gruppe-4f-quer-001.png","width":1500,"height":367,"caption":"Wiederkehr Recycling AG"},"image":{"@id":"https:\/\/www.wierec.com\/fr\/#\/schema\/logo\/image\/"}}]}},"_links":{"self":[{"href":"https:\/\/www.wierec.com\/fr\/wp-json\/wp\/v2\/pages\/4543","targetHints":{"allow":["GET"]}}],"collection":[{"href":"https:\/\/www.wierec.com\/fr\/wp-json\/wp\/v2\/pages"}],"about":[{"href":"https:\/\/www.wierec.com\/fr\/wp-json\/wp\/v2\/types\/page"}],"author":[{"embeddable":true,"href":"https:\/\/www.wierec.com\/fr\/wp-json\/wp\/v2\/users\/1"}],"replies":[{"embeddable":true,"href":"https:\/\/www.wierec.com\/fr\/wp-json\/wp\/v2\/comments?post=4543"}],"version-history":[{"count":8,"href":"https:\/\/www.wierec.com\/fr\/wp-json\/wp\/v2\/pages\/4543\/revisions"}],"predecessor-version":[{"id":11758,"href":"https:\/\/www.wierec.com\/fr\/wp-json\/wp\/v2\/pages\/4543\/revisions\/11758"}],"wp:attachment":[{"href":"https:\/\/www.wierec.com\/fr\/wp-json\/wp\/v2\/media?parent=4543"}],"curies":[{"name":"wp","href":"https:\/\/api.w.org\/{rel}","templated":true}]}}