{"id":4596,"date":"2020-11-16T08:34:14","date_gmt":"2020-11-16T08:34:14","guid":{"rendered":"https:\/\/www.wierec.com\/?page_id=4596"},"modified":"2025-05-08T13:36:58","modified_gmt":"2025-05-08T13:36:58","slug":"galerie","status":"publish","type":"page","link":"https:\/\/www.wierec.com\/fr\/galerie\/","title":{"rendered":"galerie"},"content":{"rendered":"<h1>L&rsquo;histoire de Wiederkehr Recycling<br \/>\nen photos<\/h1>\n<p><img decoding=\"async\" src=\"\/wp-content\/uploads\/2020\/10\/Icon_Scrolldown.png\" alt=\"\"><\/p>\n<div>\n<p style=\"text-align: center;\">Une image en dit plus que mille mots. Nos photos vous pr\u00e9sentent de Wiederkehr Recycling sous tous ses angles. Elles sont aussi vari\u00e9es que notre gamme de mat\u00e9riaux et vous donnent un aper\u00e7u de nos \u00e9v\u00e9nements, de nos excursions et des coulisses de notre entreprise. Nous vous emmenons dans un voyage \u00e0 travers notre culture d\u2019entreprise. Prenez un moment pour faire un bout de chemin avec nous.<\/p>\n<\/div>\n<ul>\n<li>\n<p>        <img decoding=\"async\" src=\"\/wp-content\/uploads\/2020\/10\/Wiederkehr-Gruppe_Hintergrund-1.png\" alt=\"\"><\/p>\n<h3>60 ans de Wiederkehr Recycling AG \u2013 Journ\u00e9e portes ouvertes du 26 octobre 2019<\/h3>\n<p><a href=\"https:\/\/www.wierec.com\/fr\/60-ans\/?lang=fr\"><\/a><\/p>\n<\/li>\n<li>\n<p>        <img decoding=\"async\" src=\"\/wp-content\/uploads\/2020\/10\/recycling-wiederkehr-gruppe-standort-waltenschwil-002.jpg\" alt=\"\"><\/p>\n<h3>Site de Waltenschwil \u2013 Wiederkehr Recycling AG<\/h3>\n<p><a href=\"https:\/\/www.wierec.com\/fr\/site-de-waltenschwil-photos\/?lang=fr\"><\/a><\/p>\n<\/li>\n<li>\n<p>        <img decoding=\"async\" src=\"\/wp-content\/uploads\/2020\/10\/recycling-wiederkehr-gruppe-standort-schwarzenbach-003.jpg\" alt=\"\"><\/p>\n<h3>Site de Schwarzenbach \u2013 AVO Wiederkehr Recycling AG<\/h3>\n<p><a href=\"https:\/\/www.wierec.com\/fr\/site-de-schwarzenbach-photos\/?lang=fr\"><\/a><\/p>\n<\/li>\n<li>\n<p>        <img decoding=\"async\" src=\"\/wp-content\/uploads\/2020\/10\/recycling-wiederkehr-gruppe-standort-lauchringen-004-scaled.jpg\" alt=\"\"><\/p>\n<h3>Site de Lauchringen \u2013 SMV Wiederkehr Recycling GmbH<\/h3>\n<p><a href=\"https:\/\/www.wierec.com\/fr\/site-de-lauchringen-photos\/\"><\/a><\/p>\n<\/li>\n<\/ul>\n<p><!--more--><br \/>\n<!-- {\"name\":\"Fotogalerie DE\",\"type\":\"layout\",\"children\":[{\"type\":\"section\",\"props\":{\"animation\":\"slide-top\",\"header_transparent\":true,\"header_transparent_text_color\":\"light\",\"height\":\"viewport\",\"height_offset_top\":true,\"image\":\"wp-content\\\/uploads\\\/2020\\\/12\\\/recycling-wiederkehr-gruppe-fotogalerie-195-scaled.jpg\",\"image_position\":\"top-left\",\"image_size\":\"cover\",\"media_overlay\":\"rgba(0, 0, 0, 0.2)\",\"style\":\"default\",\"title_breakpoint\":\"xl\",\"title_position\":\"top-left\",\"title_rotation\":\"left\",\"vertical_align\":\"middle\",\"width\":\"\"},\"children\":[{\"type\":\"row\",\"children\":[{\"type\":\"column\",\"props\":{\"css\":\"\\n\",\"image_position\":\"center-center\",\"image_size\":\"cover\",\"image_width\":\"2000\",\"position_sticky_breakpoint\":\"m\"},\"children\":[{\"type\":\"headline\",\"props\":{\"animation\":\"none\",\"content\":\"L'histoire de Wiederkehr Recycling<br \/>\\nen photos\",\"css\":\".el-element {line-height:1.3;}\",\"text_align\":\"center\",\"title_element\":\"h1\"}},{\"type\":\"image\",\"props\":{\"image\":\"wp-content\\\/uploads\\\/2020\\\/10\\\/Icon_Scrolldown.png\",\"image_svg_color\":\"emphasis\",\"margin\":\"default\",\"position\":\"absolute\",\"position_bottom\":\"-270\",\"text_align\":\"center\"}}]}]}]},{\"type\":\"section\",\"props\":{\"image_position\":\"center-center\",\"style\":\"default\",\"title_breakpoint\":\"xl\",\"title_position\":\"top-left\",\"title_rotation\":\"left\",\"vertical_align\":\"middle\",\"width\":\"xlarge\"},\"children\":[{\"type\":\"row\",\"props\":{\"width\":\"large\"},\"children\":[{\"type\":\"column\",\"props\":{\"image_position\":\"center-center\",\"position_sticky_breakpoint\":\"m\"},\"children\":[{\"type\":\"text\",\"props\":{\"class\":\"textgross\",\"column_breakpoint\":\"m\",\"content\":\"\n\n<p style=\\\"text-align: center;\\\">Une image en dit plus que mille mots. Nos photos vous pr\\u00e9sentent de Wiederkehr Recycling sous tous ses angles. Elles sont aussi vari\\u00e9es que notre gamme de mat\\u00e9riaux et vous donnent un aper\\u00e7u de nos \\u00e9v\\u00e9nements, de nos excursions et des coulisses de notre entreprise. Nous vous emmenons dans un voyage \\u00e0 travers notre culture d\\u2019entreprise. Prenez un moment pour faire un bout de chemin avec nous.<\\\/p>\",\"margin\":\"default\"}}]}]}],\"source\":{\"query\":{\"name\":\"files\",\"arguments\":{\"offset\":0,\"limit\":1,\"order\":\"name\",\"order_direction\":\"ASC\",\"pattern\":\"wp-content\\\/uploads\\\/Gallery\\\/*\"}}}},{\"type\":\"section\",\"props\":{\"image_position\":\"center-center\",\"style\":\"default\",\"title_breakpoint\":\"xl\",\"title_position\":\"top-left\",\"title_rotation\":\"left\",\"vertical_align\":\"middle\",\"width\":\"xlarge\"},\"children\":[{\"type\":\"row\",\"props\":{\"width\":\"xlarge\"},\"children\":[{\"type\":\"column\",\"props\":{\"image_position\":\"center-center\",\"position_sticky_breakpoint\":\"m\"},\"children\":[{\"type\":\"grid\",\"props\":{\"content_column_breakpoint\":\"m\",\"filter_align\":\"left\",\"filter_all\":true,\"filter_grid_breakpoint\":\"m\",\"filter_grid_width\":\"auto\",\"filter_position\":\"top\",\"filter_style\":\"tab\",\"grid_column_gap\":\"small\",\"grid_default\":\"1\",\"grid_medium\":\"2\",\"grid_row_gap\":\"small\",\"icon_width\":\"\",\"image_align\":\"top\",\"image_grid_breakpoint\":\"m\",\"image_grid_width\":\"auto\",\"image_link\":true,\"image_svg_color\":\"emphasis\",\"image_transition\":\"scale-down\",\"image_vertical_align\":true,\"item_animation\":true,\"link_style\":\"default\",\"link_text\":\"\",\"margin\":\"default\",\"meta_align\":\"below-title\",\"meta_element\":\"div\",\"meta_style\":\"text-meta\",\"panel_image_no_padding\":true,\"panel_link\":true,\"panel_padding\":\"small\",\"panel_style\":\"card-primary\",\"parallax_easing\":\"1\",\"show_content\":true,\"show_image\":true,\"show_link\":true,\"show_meta\":true,\"show_title\":true,\"title_align\":\"top\",\"title_element\":\"h3\",\"title_grid_breakpoint\":\"m\",\"title_grid_width\":\"1-2\",\"title_hover_style\":\"reset\"},\"children\":[{\"type\":\"grid_item\",\"props\":{\"image\":\"wp-content\\\/uploads\\\/2020\\\/10\\\/Wiederkehr-Gruppe_Hintergrund-1.png\",\"link\":\"60-ans\\\/?lang=fr\",\"title\":\"60 ans de Wiederkehr Recycling AG \\u2013 Journ\\u00e9e portes ouvertes du 26 octobre 2019\"}},{\"type\":\"grid_item\",\"props\":{\"image\":\"wp-content\\\/uploads\\\/2020\\\/10\\\/recycling-wiederkehr-gruppe-standort-waltenschwil-002.jpg\",\"link\":\"\\\/site-de-waltenschwil-photos\\\/?lang=fr\",\"title\":\"Site de Waltenschwil \\u2013 Wiederkehr Recycling AG\"}},{\"type\":\"grid_item\",\"props\":{\"image\":\"wp-content\\\/uploads\\\/2020\\\/10\\\/recycling-wiederkehr-gruppe-standort-schwarzenbach-003.jpg\",\"link\":\"\\\/site-de-schwarzenbach-photos\\\/?lang=fr\",\"title\":\"Site de Schwarzenbach \\u2013 AVO Wiederkehr Recycling AG\"}},{\"type\":\"grid_item\",\"props\":{\"image\":\"wp-content\\\/uploads\\\/2020\\\/10\\\/recycling-wiederkehr-gruppe-standort-lauchringen-004-scaled.jpg\",\"link\":\"index.php\\\/gallerie-lauchringen\\\/\",\"title\":\"Site de Lauchringen \\u2013 SMV Wiederkehr Recycling GmbH\"}}]}]}]}],\"source\":{\"query\":{\"name\":\"files\",\"arguments\":{\"offset\":0,\"limit\":1,\"order\":\"name\",\"order_direction\":\"ASC\",\"pattern\":\"wp-content\\\/uploads\\\/Gallery\\\/*\"}}}}],\"version\":\"4.3.4\"} --><\/p>\n","protected":false},"excerpt":{"rendered":"<p>L&rsquo;histoire de Wiederkehr Recycling en photos Une image en dit plus que mille mots. Nos photos vous pr\u00e9sentent de Wiederkehr Recycling sous tous ses angles. Elles sont aussi vari\u00e9es que notre gamme de mat\u00e9riaux et vous donnent un aper\u00e7u de nos \u00e9v\u00e9nements, de nos excursions et des coulisses de notre entreprise. Nous vous emmenons dans [&hellip;]<\/p>\n","protected":false},"author":1,"featured_media":0,"parent":0,"menu_order":0,"comment_status":"closed","ping_status":"closed","template":"","meta":{"inline_featured_image":false,"footnotes":""},"class_list":["post-4596","page","type-page","status-publish","hentry"],"yoast_head":"<!-- This site is optimized with the Yoast SEO Premium plugin v24.3 (Yoast SEO v27.3) - https:\/\/yoast.com\/product\/yoast-seo-premium-wordpress\/ -->\n<title>Galerie de photos | Groupe Wiederkehr<\/title>\n<meta name=\"description\" content=\"Wiederkehr Recycling. L\u2019histoire en photos. Depuis plus de 60 ans.\" \/>\n<meta name=\"robots\" content=\"index, follow, max-snippet:-1, max-image-preview:large, max-video-preview:-1\" \/>\n<link rel=\"canonical\" href=\"https:\/\/www.wierec.com\/fr\/galerie\/\" \/>\n<meta property=\"og:locale\" content=\"fr_FR\" \/>\n<meta property=\"og:type\" content=\"article\" \/>\n<meta property=\"og:title\" content=\"galerie\" \/>\n<meta property=\"og:description\" content=\"Wiederkehr Recycling. L\u2019histoire en photos. Depuis plus de 60 ans.\" \/>\n<meta property=\"og:url\" content=\"https:\/\/www.wierec.com\/fr\/galerie\/\" \/>\n<meta property=\"og:site_name\" content=\"Wiederkehr Recycling\" \/>\n<meta property=\"article:modified_time\" content=\"2025-05-08T13:36:58+00:00\" \/>\n<meta name=\"twitter:card\" content=\"summary_large_image\" \/>\n<meta name=\"twitter:label1\" content=\"Dur\u00e9e de lecture estim\u00e9e\" \/>\n\t<meta name=\"twitter:data1\" content=\"1 minute\" \/>\n<script type=\"application\/ld+json\" class=\"yoast-schema-graph\">{\"@context\":\"https:\\\/\\\/schema.org\",\"@graph\":[{\"@type\":\"WebPage\",\"@id\":\"https:\\\/\\\/www.wierec.com\\\/fr\\\/galerie\\\/\",\"url\":\"https:\\\/\\\/www.wierec.com\\\/fr\\\/galerie\\\/\",\"name\":\"Galerie de photos | Groupe Wiederkehr\",\"isPartOf\":{\"@id\":\"https:\\\/\\\/www.wierec.com\\\/fr\\\/#website\"},\"datePublished\":\"2020-11-16T08:34:14+00:00\",\"dateModified\":\"2025-05-08T13:36:58+00:00\",\"description\":\"Wiederkehr Recycling. L\u2019histoire en photos. Depuis plus de 60 ans.\",\"breadcrumb\":{\"@id\":\"https:\\\/\\\/www.wierec.com\\\/fr\\\/galerie\\\/#breadcrumb\"},\"inLanguage\":\"fr-FR\",\"potentialAction\":[{\"@type\":\"ReadAction\",\"target\":[\"https:\\\/\\\/www.wierec.com\\\/fr\\\/galerie\\\/\"]}]},{\"@type\":\"BreadcrumbList\",\"@id\":\"https:\\\/\\\/www.wierec.com\\\/fr\\\/galerie\\\/#breadcrumb\",\"itemListElement\":[{\"@type\":\"ListItem\",\"position\":1,\"name\":\"Home\",\"item\":\"https:\\\/\\\/www.wierec.com\\\/fr\\\/\"},{\"@type\":\"ListItem\",\"position\":2,\"name\":\"galerie\"}]},{\"@type\":\"WebSite\",\"@id\":\"https:\\\/\\\/www.wierec.com\\\/fr\\\/#website\",\"url\":\"https:\\\/\\\/www.wierec.com\\\/fr\\\/\",\"name\":\"Wiederkehr Recycling\",\"description\":\"Die Wiederkehr der Rohstoffe\",\"publisher\":{\"@id\":\"https:\\\/\\\/www.wierec.com\\\/fr\\\/#organization\"},\"potentialAction\":[{\"@type\":\"SearchAction\",\"target\":{\"@type\":\"EntryPoint\",\"urlTemplate\":\"https:\\\/\\\/www.wierec.com\\\/fr\\\/?s={search_term_string}\"},\"query-input\":{\"@type\":\"PropertyValueSpecification\",\"valueRequired\":true,\"valueName\":\"search_term_string\"}}],\"inLanguage\":\"fr-FR\"},{\"@type\":\"Organization\",\"@id\":\"https:\\\/\\\/www.wierec.com\\\/fr\\\/#organization\",\"name\":\"Wiederkehr Recycling AG\",\"url\":\"https:\\\/\\\/www.wierec.com\\\/fr\\\/\",\"logo\":{\"@type\":\"ImageObject\",\"inLanguage\":\"fr-FR\",\"@id\":\"https:\\\/\\\/www.wierec.com\\\/fr\\\/#\\\/schema\\\/logo\\\/image\\\/\",\"url\":\"https:\\\/\\\/www.wierec.com\\\/wp-content\\\/uploads\\\/2020\\\/11\\\/logo-wiederkehr-gruppe-4f-quer-001.png\",\"contentUrl\":\"https:\\\/\\\/www.wierec.com\\\/wp-content\\\/uploads\\\/2020\\\/11\\\/logo-wiederkehr-gruppe-4f-quer-001.png\",\"width\":1500,\"height\":367,\"caption\":\"Wiederkehr Recycling AG\"},\"image\":{\"@id\":\"https:\\\/\\\/www.wierec.com\\\/fr\\\/#\\\/schema\\\/logo\\\/image\\\/\"}}]}<\/script>\n<!-- \/ Yoast SEO Premium plugin. -->","yoast_head_json":{"title":"Galerie de photos | Groupe Wiederkehr","description":"Wiederkehr Recycling. L\u2019histoire en photos. Depuis plus de 60 ans.","robots":{"index":"index","follow":"follow","max-snippet":"max-snippet:-1","max-image-preview":"max-image-preview:large","max-video-preview":"max-video-preview:-1"},"canonical":"https:\/\/www.wierec.com\/fr\/galerie\/","og_locale":"fr_FR","og_type":"article","og_title":"galerie","og_description":"Wiederkehr Recycling. L\u2019histoire en photos. Depuis plus de 60 ans.","og_url":"https:\/\/www.wierec.com\/fr\/galerie\/","og_site_name":"Wiederkehr Recycling","article_modified_time":"2025-05-08T13:36:58+00:00","twitter_card":"summary_large_image","twitter_misc":{"Dur\u00e9e de lecture estim\u00e9e":"1 minute"},"schema":{"@context":"https:\/\/schema.org","@graph":[{"@type":"WebPage","@id":"https:\/\/www.wierec.com\/fr\/galerie\/","url":"https:\/\/www.wierec.com\/fr\/galerie\/","name":"Galerie de photos | Groupe Wiederkehr","isPartOf":{"@id":"https:\/\/www.wierec.com\/fr\/#website"},"datePublished":"2020-11-16T08:34:14+00:00","dateModified":"2025-05-08T13:36:58+00:00","description":"Wiederkehr Recycling. L\u2019histoire en photos. Depuis plus de 60 ans.","breadcrumb":{"@id":"https:\/\/www.wierec.com\/fr\/galerie\/#breadcrumb"},"inLanguage":"fr-FR","potentialAction":[{"@type":"ReadAction","target":["https:\/\/www.wierec.com\/fr\/galerie\/"]}]},{"@type":"BreadcrumbList","@id":"https:\/\/www.wierec.com\/fr\/galerie\/#breadcrumb","itemListElement":[{"@type":"ListItem","position":1,"name":"Home","item":"https:\/\/www.wierec.com\/fr\/"},{"@type":"ListItem","position":2,"name":"galerie"}]},{"@type":"WebSite","@id":"https:\/\/www.wierec.com\/fr\/#website","url":"https:\/\/www.wierec.com\/fr\/","name":"Wiederkehr Recycling","description":"Die Wiederkehr der Rohstoffe","publisher":{"@id":"https:\/\/www.wierec.com\/fr\/#organization"},"potentialAction":[{"@type":"SearchAction","target":{"@type":"EntryPoint","urlTemplate":"https:\/\/www.wierec.com\/fr\/?s={search_term_string}"},"query-input":{"@type":"PropertyValueSpecification","valueRequired":true,"valueName":"search_term_string"}}],"inLanguage":"fr-FR"},{"@type":"Organization","@id":"https:\/\/www.wierec.com\/fr\/#organization","name":"Wiederkehr Recycling AG","url":"https:\/\/www.wierec.com\/fr\/","logo":{"@type":"ImageObject","inLanguage":"fr-FR","@id":"https:\/\/www.wierec.com\/fr\/#\/schema\/logo\/image\/","url":"https:\/\/www.wierec.com\/wp-content\/uploads\/2020\/11\/logo-wiederkehr-gruppe-4f-quer-001.png","contentUrl":"https:\/\/www.wierec.com\/wp-content\/uploads\/2020\/11\/logo-wiederkehr-gruppe-4f-quer-001.png","width":1500,"height":367,"caption":"Wiederkehr Recycling AG"},"image":{"@id":"https:\/\/www.wierec.com\/fr\/#\/schema\/logo\/image\/"}}]}},"_links":{"self":[{"href":"https:\/\/www.wierec.com\/fr\/wp-json\/wp\/v2\/pages\/4596","targetHints":{"allow":["GET"]}}],"collection":[{"href":"https:\/\/www.wierec.com\/fr\/wp-json\/wp\/v2\/pages"}],"about":[{"href":"https:\/\/www.wierec.com\/fr\/wp-json\/wp\/v2\/types\/page"}],"author":[{"embeddable":true,"href":"https:\/\/www.wierec.com\/fr\/wp-json\/wp\/v2\/users\/1"}],"replies":[{"embeddable":true,"href":"https:\/\/www.wierec.com\/fr\/wp-json\/wp\/v2\/comments?post=4596"}],"version-history":[{"count":15,"href":"https:\/\/www.wierec.com\/fr\/wp-json\/wp\/v2\/pages\/4596\/revisions"}],"predecessor-version":[{"id":19874,"href":"https:\/\/www.wierec.com\/fr\/wp-json\/wp\/v2\/pages\/4596\/revisions\/19874"}],"wp:attachment":[{"href":"https:\/\/www.wierec.com\/fr\/wp-json\/wp\/v2\/media?parent=4596"}],"curies":[{"name":"wp","href":"https:\/\/api.w.org\/{rel}","templated":true}]}}