{"id":4657,"date":"2020-11-16T09:00:06","date_gmt":"2020-11-16T09:00:06","guid":{"rendered":"https:\/\/www.wierec.com\/?page_id=4657"},"modified":"2024-08-08T12:57:50","modified_gmt":"2024-08-08T12:57:50","slug":"adhesions","status":"publish","type":"page","link":"https:\/\/www.wierec.com\/fr\/adhesions\/","title":{"rendered":"ADH\u00c9SIONS"},"content":{"rendered":"<h1>Nos adh\u00e9sions, nos certificats<br \/>\net nos partenaires<\/h1>\n<p><img decoding=\"async\" src=\"\/wp-content\/uploads\/2020\/10\/Icon_Scrolldown.png\" alt=\"\"><\/p>\n<ul>\n<li>\n<p>        <img decoding=\"async\" src=\"\/wp-content\/uploads\/2020\/10\/logo-bdsv-wiederkehr-gruppe-001.svg\" alt=\"\"><\/p>\n<div>\n<p>Association f\u00e9d\u00e9rale allemande des entreprises de recyclage de l\u2019acier et d\u2019\u00e9limination des d\u00e9chets<\/p>\n<\/div>\n<p><a href=\"https:\/\/www.bdsv.org\/\"><\/a><\/p>\n<\/li>\n<li>\n<p>        <img decoding=\"async\" src=\"\/wp-content\/uploads\/2020\/10\/logo-vsmr-wiederkehr-gruppe-001.svg\" alt=\"\"><\/p>\n<div>\n<p>Association suisse de recyclage du fer, du m\u00e9tal et du papier<\/p>\n<\/div>\n<p><a href=\"https:\/\/www.vsmr.ch\/de\"><\/a><\/p>\n<\/li>\n<li>\n<p>        <img decoding=\"async\" src=\"\/wp-content\/uploads\/2020\/10\/logo-bir-wiederkehr-gruppe-001.svg\" alt=\"\"><\/p>\n<div>\n<p>Bureau of International Recycling<\/p>\n<\/div>\n<p><a href=\"https:\/\/www.bir.org\/\"><\/a><\/p>\n<\/li>\n<li>\n<p>        <img decoding=\"async\" src=\"\/wp-content\/uploads\/2020\/10\/logo-swico-wiederkehr-gruppe-001.svg\" alt=\"\"><\/p>\n<div>\n<p>Swico Recycling, label pour la r\u00e9ception \u00e9cologique des appareils \u00e9lectriques usag\u00e9s<\/p>\n<\/div>\n<p><a href=\"https:\/\/www.swico.ch\/de\/\"><\/a><\/p>\n<\/li>\n<li>\n<p>        <img decoding=\"async\" src=\"\/wp-content\/uploads\/2020\/10\/logo-isri-wiederkehr-gruppe-001.svg\" alt=\"\"><\/p>\n<div>\n<p>Institute of Scrap Recycling Industries, Inc.<\/p>\n<\/div>\n<p><a href=\"https:\/\/www.isri.org\/\"><\/a><\/p>\n<\/li>\n<\/ul>\n<p><!--more--><br \/>\n<!-- {\"name\":\"Mitgliedschaften DE\",\"type\":\"layout\",\"children\":[{\"type\":\"section\",\"props\":{\"animation\":\"slide-top\",\"header_transparent\":true,\"header_transparent_text_color\":\"light\",\"height\":\"viewport\",\"height_offset_top\":true,\"image\":\"wp-content\\\/uploads\\\/2020\\\/10\\\/recycling-wiederkehr-gruppe-mitgliedschaften-001.jpg\",\"image_position\":\"top-left\",\"image_size\":\"cover\",\"media_overlay\":\"rgba(0, 0, 0, 0.2)\",\"style\":\"default\",\"title_breakpoint\":\"xl\",\"title_position\":\"top-left\",\"title_rotation\":\"left\",\"vertical_align\":\"middle\",\"width\":\"\"},\"children\":[{\"type\":\"row\",\"children\":[{\"type\":\"column\",\"props\":{\"css\":\"\\n\",\"image_position\":\"center-center\",\"image_size\":\"cover\",\"image_width\":\"2000\",\"position_sticky_breakpoint\":\"m\"},\"children\":[{\"type\":\"headline\",\"props\":{\"animation\":\"none\",\"content\":\"Nos adh\\u00e9sions, nos certificats<br \/>\\net nos partenaires\",\"css\":\".el-element {line-height:1.3;}\",\"text_align\":\"center\",\"title_element\":\"h1\"}},{\"type\":\"image\",\"props\":{\"image\":\"wp-content\\\/uploads\\\/2020\\\/10\\\/Icon_Scrolldown.png\",\"image_svg_color\":\"emphasis\",\"margin\":\"default\",\"position\":\"absolute\",\"position_bottom\":\"-270\",\"text_align\":\"center\"}}]}]}]},{\"type\":\"section\",\"props\":{\"animation\":\"slide-left-small\",\"animation_delay\":\"200\",\"image_position\":\"center-center\",\"style\":\"muted\",\"title_breakpoint\":\"xl\",\"title_position\":\"top-left\",\"title_rotation\":\"left\",\"vertical_align\":\"middle\",\"width\":\"xlarge\"},\"children\":[{\"type\":\"row\",\"props\":{\"width\":\"default\"},\"children\":[{\"type\":\"column\",\"props\":{\"image_position\":\"center-center\",\"position_sticky_breakpoint\":\"m\"},\"children\":[{\"type\":\"grid\",\"props\":{\"content_column_breakpoint\":\"m\",\"content_margin\":\"remove\",\"css\":\".el-element{text-align:center; }\",\"filter_align\":\"left\",\"filter_all\":true,\"filter_grid_breakpoint\":\"m\",\"filter_grid_width\":\"auto\",\"filter_position\":\"top\",\"filter_style\":\"tab\",\"grid_column_align\":true,\"grid_default\":\"1\",\"grid_medium\":\"3\",\"grid_row_align\":false,\"icon_width\":80,\"image_align\":\"top\",\"image_grid_breakpoint\":\"m\",\"image_grid_width\":\"1-2\",\"image_svg_color\":\"emphasis\",\"item_animation\":true,\"link_style\":\"default\",\"link_target\":true,\"link_text\":\"\",\"margin\":\"default\",\"meta_align\":\"below-title\",\"meta_element\":\"div\",\"meta_style\":\"text-meta\",\"panel_link\":true,\"panel_padding\":\"small\",\"panel_style\":\"card-default\",\"parallax_easing\":\"1\",\"show_content\":true,\"show_image\":true,\"show_link\":true,\"show_meta\":false,\"show_title\":false,\"title_align\":\"top\",\"title_element\":\"h3\",\"title_grid_breakpoint\":\"m\",\"title_grid_width\":\"1-2\",\"title_hover_style\":\"reset\"},\"children\":[{\"type\":\"grid_item\",\"props\":{\"content\":\"\n\n<p>Association f\\u00e9d\\u00e9rale allemande des entreprises de recyclage de l\\u2019acier et d\\u2019\\u00e9limination des d\\u00e9chets<\\\/p>\",\"icon\":\"\",\"image\":\"wp-content\\\/uploads\\\/2020\\\/10\\\/logo-bdsv-wiederkehr-gruppe-001.svg\",\"link\":\"https:\\\/\\\/www.bdsv.org\\\/\"}},{\"type\":\"grid_item\",\"props\":{\"content\":\"\n\n<p>Association suisse de recyclage du fer, du m\\u00e9tal et du papier<\\\/p>\",\"icon\":\"\",\"image\":\"wp-content\\\/uploads\\\/2020\\\/10\\\/logo-vsmr-wiederkehr-gruppe-001.svg\",\"link\":\"https:\\\/\\\/www.vsmr.ch\\\/de\"}},{\"type\":\"grid_item\",\"props\":{\"content\":\"\n\n<p>Bureau of International Recycling<\\\/p>\",\"icon\":\"\",\"image\":\"wp-content\\\/uploads\\\/2020\\\/10\\\/logo-bir-wiederkehr-gruppe-001.svg\",\"link\":\"https:\\\/\\\/www.bir.org\\\/\"}},{\"type\":\"grid_item\",\"props\":{\"content\":\"\n\n<p>Licence SENS, certificat pour le recyclage d\\u2019appareils \\u00e9lectriques et \\u00e9lectroniques<\\\/p>\",\"icon\":\"\",\"image\":\"wp-content\\\/uploads\\\/2020\\\/10\\\/logo-sens-wiederkehr-gruppe-001.svg\",\"link\":\"https:\\\/\\\/www.erecycling.ch\\\/\",\"status\":\"disabled\"}},{\"type\":\"grid_item\",\"props\":{\"content\":\"\n\n<p>Swico Recycling, label pour la r\\u00e9ception \\u00e9cologique des appareils \\u00e9lectriques usag\\u00e9s<\\\/p>\",\"icon\":\"\",\"image\":\"wp-content\\\/uploads\\\/2020\\\/10\\\/logo-swico-wiederkehr-gruppe-001.svg\",\"link\":\"https:\\\/\\\/www.swico.ch\\\/de\\\/\"}},{\"type\":\"grid_item\",\"props\":{\"content\":\"\n\n<p>Institute of Scrap Recycling Industries, Inc.<\\\/p>\",\"icon\":\"\",\"image\":\"wp-content\\\/uploads\\\/2020\\\/10\\\/logo-isri-wiederkehr-gruppe-001.svg\",\"link\":\"https:\\\/\\\/www.isri.org\\\/\"}}]}]}]}]}],\"version\":\"4.3.4\"} --><\/p>\n","protected":false},"excerpt":{"rendered":"<p>Nos adh\u00e9sions, nos certificats et nos partenaires Association f\u00e9d\u00e9rale allemande des entreprises de recyclage de l\u2019acier et d\u2019\u00e9limination des d\u00e9chets Association suisse de recyclage du fer, du m\u00e9tal et du papier Bureau of International Recycling Swico Recycling, label pour la r\u00e9ception \u00e9cologique des appareils \u00e9lectriques usag\u00e9s Institute of Scrap Recycling Industries, Inc.<\/p>\n","protected":false},"author":1,"featured_media":0,"parent":0,"menu_order":0,"comment_status":"closed","ping_status":"closed","template":"","meta":{"inline_featured_image":false,"footnotes":""},"class_list":["post-4657","page","type-page","status-publish","hentry"],"yoast_head":"<!-- This site is optimized with the Yoast SEO Premium plugin v24.3 (Yoast SEO v27.3) - https:\/\/yoast.com\/product\/yoast-seo-premium-wordpress\/ -->\n<title>Adh\u00e9sions et certificats | Groupe Wiederkehr<\/title>\n<meta name=\"description\" content=\"Nous sommes membre et partenaire certifi\u00e9 de la BDSV, du VSMR, du BIR, de SENS, de Swico et de l\u2019ISRI.\" \/>\n<meta name=\"robots\" content=\"index, follow, max-snippet:-1, max-image-preview:large, max-video-preview:-1\" \/>\n<link rel=\"canonical\" href=\"https:\/\/www.wierec.com\/fr\/adhesions\/\" \/>\n<meta property=\"og:locale\" content=\"fr_FR\" \/>\n<meta property=\"og:type\" content=\"article\" \/>\n<meta property=\"og:title\" content=\"ADH\u00c9SIONS\" \/>\n<meta property=\"og:description\" content=\"Nous sommes membre et partenaire certifi\u00e9 de la BDSV, du VSMR, du BIR, de SENS, de Swico et de l\u2019ISRI.\" \/>\n<meta property=\"og:url\" content=\"https:\/\/www.wierec.com\/fr\/adhesions\/\" \/>\n<meta property=\"og:site_name\" content=\"Wiederkehr Recycling\" \/>\n<meta property=\"article:modified_time\" content=\"2024-08-08T12:57:50+00:00\" \/>\n<meta name=\"twitter:card\" content=\"summary_large_image\" \/>\n<script type=\"application\/ld+json\" class=\"yoast-schema-graph\">{\"@context\":\"https:\\\/\\\/schema.org\",\"@graph\":[{\"@type\":\"WebPage\",\"@id\":\"https:\\\/\\\/www.wierec.com\\\/fr\\\/adhesions\\\/\",\"url\":\"https:\\\/\\\/www.wierec.com\\\/fr\\\/adhesions\\\/\",\"name\":\"Adh\u00e9sions et certificats | Groupe Wiederkehr\",\"isPartOf\":{\"@id\":\"https:\\\/\\\/www.wierec.com\\\/fr\\\/#website\"},\"datePublished\":\"2020-11-16T09:00:06+00:00\",\"dateModified\":\"2024-08-08T12:57:50+00:00\",\"description\":\"Nous sommes membre et partenaire certifi\u00e9 de la BDSV, du VSMR, du BIR, de SENS, de Swico et de l\u2019ISRI.\",\"breadcrumb\":{\"@id\":\"https:\\\/\\\/www.wierec.com\\\/fr\\\/adhesions\\\/#breadcrumb\"},\"inLanguage\":\"fr-FR\",\"potentialAction\":[{\"@type\":\"ReadAction\",\"target\":[\"https:\\\/\\\/www.wierec.com\\\/fr\\\/adhesions\\\/\"]}]},{\"@type\":\"BreadcrumbList\",\"@id\":\"https:\\\/\\\/www.wierec.com\\\/fr\\\/adhesions\\\/#breadcrumb\",\"itemListElement\":[{\"@type\":\"ListItem\",\"position\":1,\"name\":\"Home\",\"item\":\"https:\\\/\\\/www.wierec.com\\\/fr\\\/\"},{\"@type\":\"ListItem\",\"position\":2,\"name\":\"ADH\u00c9SIONS\"}]},{\"@type\":\"WebSite\",\"@id\":\"https:\\\/\\\/www.wierec.com\\\/fr\\\/#website\",\"url\":\"https:\\\/\\\/www.wierec.com\\\/fr\\\/\",\"name\":\"Wiederkehr Recycling\",\"description\":\"Die Wiederkehr der Rohstoffe\",\"publisher\":{\"@id\":\"https:\\\/\\\/www.wierec.com\\\/fr\\\/#organization\"},\"potentialAction\":[{\"@type\":\"SearchAction\",\"target\":{\"@type\":\"EntryPoint\",\"urlTemplate\":\"https:\\\/\\\/www.wierec.com\\\/fr\\\/?s={search_term_string}\"},\"query-input\":{\"@type\":\"PropertyValueSpecification\",\"valueRequired\":true,\"valueName\":\"search_term_string\"}}],\"inLanguage\":\"fr-FR\"},{\"@type\":\"Organization\",\"@id\":\"https:\\\/\\\/www.wierec.com\\\/fr\\\/#organization\",\"name\":\"Wiederkehr Recycling AG\",\"url\":\"https:\\\/\\\/www.wierec.com\\\/fr\\\/\",\"logo\":{\"@type\":\"ImageObject\",\"inLanguage\":\"fr-FR\",\"@id\":\"https:\\\/\\\/www.wierec.com\\\/fr\\\/#\\\/schema\\\/logo\\\/image\\\/\",\"url\":\"https:\\\/\\\/www.wierec.com\\\/wp-content\\\/uploads\\\/2020\\\/11\\\/logo-wiederkehr-gruppe-4f-quer-001.png\",\"contentUrl\":\"https:\\\/\\\/www.wierec.com\\\/wp-content\\\/uploads\\\/2020\\\/11\\\/logo-wiederkehr-gruppe-4f-quer-001.png\",\"width\":1500,\"height\":367,\"caption\":\"Wiederkehr Recycling AG\"},\"image\":{\"@id\":\"https:\\\/\\\/www.wierec.com\\\/fr\\\/#\\\/schema\\\/logo\\\/image\\\/\"}}]}<\/script>\n<!-- \/ Yoast SEO Premium plugin. -->","yoast_head_json":{"title":"Adh\u00e9sions et certificats | Groupe Wiederkehr","description":"Nous sommes membre et partenaire certifi\u00e9 de la BDSV, du VSMR, du BIR, de SENS, de Swico et de l\u2019ISRI.","robots":{"index":"index","follow":"follow","max-snippet":"max-snippet:-1","max-image-preview":"max-image-preview:large","max-video-preview":"max-video-preview:-1"},"canonical":"https:\/\/www.wierec.com\/fr\/adhesions\/","og_locale":"fr_FR","og_type":"article","og_title":"ADH\u00c9SIONS","og_description":"Nous sommes membre et partenaire certifi\u00e9 de la BDSV, du VSMR, du BIR, de SENS, de Swico et de l\u2019ISRI.","og_url":"https:\/\/www.wierec.com\/fr\/adhesions\/","og_site_name":"Wiederkehr Recycling","article_modified_time":"2024-08-08T12:57:50+00:00","twitter_card":"summary_large_image","schema":{"@context":"https:\/\/schema.org","@graph":[{"@type":"WebPage","@id":"https:\/\/www.wierec.com\/fr\/adhesions\/","url":"https:\/\/www.wierec.com\/fr\/adhesions\/","name":"Adh\u00e9sions et certificats | Groupe Wiederkehr","isPartOf":{"@id":"https:\/\/www.wierec.com\/fr\/#website"},"datePublished":"2020-11-16T09:00:06+00:00","dateModified":"2024-08-08T12:57:50+00:00","description":"Nous sommes membre et partenaire certifi\u00e9 de la BDSV, du VSMR, du BIR, de SENS, de Swico et de l\u2019ISRI.","breadcrumb":{"@id":"https:\/\/www.wierec.com\/fr\/adhesions\/#breadcrumb"},"inLanguage":"fr-FR","potentialAction":[{"@type":"ReadAction","target":["https:\/\/www.wierec.com\/fr\/adhesions\/"]}]},{"@type":"BreadcrumbList","@id":"https:\/\/www.wierec.com\/fr\/adhesions\/#breadcrumb","itemListElement":[{"@type":"ListItem","position":1,"name":"Home","item":"https:\/\/www.wierec.com\/fr\/"},{"@type":"ListItem","position":2,"name":"ADH\u00c9SIONS"}]},{"@type":"WebSite","@id":"https:\/\/www.wierec.com\/fr\/#website","url":"https:\/\/www.wierec.com\/fr\/","name":"Wiederkehr Recycling","description":"Die Wiederkehr der Rohstoffe","publisher":{"@id":"https:\/\/www.wierec.com\/fr\/#organization"},"potentialAction":[{"@type":"SearchAction","target":{"@type":"EntryPoint","urlTemplate":"https:\/\/www.wierec.com\/fr\/?s={search_term_string}"},"query-input":{"@type":"PropertyValueSpecification","valueRequired":true,"valueName":"search_term_string"}}],"inLanguage":"fr-FR"},{"@type":"Organization","@id":"https:\/\/www.wierec.com\/fr\/#organization","name":"Wiederkehr Recycling AG","url":"https:\/\/www.wierec.com\/fr\/","logo":{"@type":"ImageObject","inLanguage":"fr-FR","@id":"https:\/\/www.wierec.com\/fr\/#\/schema\/logo\/image\/","url":"https:\/\/www.wierec.com\/wp-content\/uploads\/2020\/11\/logo-wiederkehr-gruppe-4f-quer-001.png","contentUrl":"https:\/\/www.wierec.com\/wp-content\/uploads\/2020\/11\/logo-wiederkehr-gruppe-4f-quer-001.png","width":1500,"height":367,"caption":"Wiederkehr Recycling AG"},"image":{"@id":"https:\/\/www.wierec.com\/fr\/#\/schema\/logo\/image\/"}}]}},"_links":{"self":[{"href":"https:\/\/www.wierec.com\/fr\/wp-json\/wp\/v2\/pages\/4657","targetHints":{"allow":["GET"]}}],"collection":[{"href":"https:\/\/www.wierec.com\/fr\/wp-json\/wp\/v2\/pages"}],"about":[{"href":"https:\/\/www.wierec.com\/fr\/wp-json\/wp\/v2\/types\/page"}],"author":[{"embeddable":true,"href":"https:\/\/www.wierec.com\/fr\/wp-json\/wp\/v2\/users\/1"}],"replies":[{"embeddable":true,"href":"https:\/\/www.wierec.com\/fr\/wp-json\/wp\/v2\/comments?post=4657"}],"version-history":[{"count":9,"href":"https:\/\/www.wierec.com\/fr\/wp-json\/wp\/v2\/pages\/4657\/revisions"}],"predecessor-version":[{"id":17018,"href":"https:\/\/www.wierec.com\/fr\/wp-json\/wp\/v2\/pages\/4657\/revisions\/17018"}],"wp:attachment":[{"href":"https:\/\/www.wierec.com\/fr\/wp-json\/wp\/v2\/media?parent=4657"}],"curies":[{"name":"wp","href":"https:\/\/api.w.org\/{rel}","templated":true}]}}