{"id":4893,"date":"2020-11-16T14:00:24","date_gmt":"2020-11-16T14:00:24","guid":{"rendered":"https:\/\/www.wierec.com\/?page_id=4893"},"modified":"2025-06-16T07:32:18","modified_gmt":"2025-06-16T07:32:18","slug":"sites","status":"publish","type":"page","link":"https:\/\/www.wierec.com\/fr\/sites\/","title":{"rendered":"sites"},"content":{"rendered":"<h1>LE RETOUR DES MATI\u00c8RES PREMI\u00c8RES<\/h1>\n<p><img decoding=\"async\" src=\"\/wp-content\/uploads\/2020\/10\/Icon_Scrolldown.png\" alt=\"\"><\/p>\n<div>\n<p style=\"text-align: center;\">Wiederkehr Recyclign compte deux sites en Suisse, \u00e0 Waltenschwil en Argovie et \u00e0 Schwarzenbach dans le canton de Saint-Gall, ainsi qu\u2019un site dans le sud de l\u2019Allemagne, \u00e0 Lauchringen. Le si\u00e8ge, le d\u00e9partement de recherche ainsi que le service des ventes et des achats se trouvent \u00e0 Waltenschwil. <\/p>\n<\/div>\n<h2>NOS SITES<\/h2>\n<p><img decoding=\"async\" src=\"\/wp-content\/uploads\/2025\/05\/CH-Karte_nachgebaut-2-scaled.png\" alt=\"\"><\/p>\n<ul>\n<li>\n<h3>Lauchringen<\/h3>\n<div>\n<div>SMV Wiederkehr Recycling GmbH<\/div>\n<p>Detzelnerstrasse 1<br \/>DE-79787 Lauchringen<\/p>\n<p>T\u00e9l\u00e9phone +49 7741 50 81<br \/>Fax +49 7741 58 50 <br \/>Contact<\/p>\n<\/div>\n<p><a href=\"https:\/\/www.wierec.com\/fr\/groupe-wiederkehr-site-lauchringen\/\"><\/a><\/p>\n<\/li>\n<li>\n<h3>Schwarzenbach<\/h3>\n<div>\n<div>AVO Wiederkehr Recycling AG<\/div>\n<p>Niederstettenstrasse 14<br \/>CH-9536 Schwarzenbach<\/p>\n<p>T\u00e9l\u00e9phone +41 71 929 40 70<br \/>Fax +41 71 929 40 71<br \/>Contact<\/p>\n<\/div>\n<p><a href=\"https:\/\/www.wierec.com\/fr\/groupe-wiederkehr-site-lauchringen\/\"><\/a><\/p>\n<\/li>\n<li>\n<h3>Waltenschwil<\/h3>\n<div>\n<div>Wiederkehr Recycling AG<\/div>\n<p>Titlisstrasse 332<br \/>CH-5622 Waltenschwil<\/p>\n<p>T\u00e9l\u00e9phone +41 56 618 36 36<br \/>Fax +41 56 618 36 37<br \/>Contact<\/p>\n<\/div>\n<p><a href=\"https:\/\/www.wierec.com\/fr\/wiederkehr-recycling-ag-waltenschwil\/\"><\/a><\/p>\n<\/li>\n<\/ul>\n<ul>\n<li>\n<h3>Waltenschwil<\/h3>\n<div>\n<table style=\"width: 100%; font-size: 18px;\">\n<tbody>\n<tr>\n<td>\n<div style=\"color: #ffc225;\"><a style=\"color: #ffc225;\" href=\"https:\/\/www.wierec.com\/wiederkehr-recycling-ag-waltenschwil\/\">Wiederkehr Recycling AG<\/a><\/div>\n<p>Titlisstrasse 332<br \/>CH-5622 Waltenschwil<\/p>\n<p>T\u00e9l\u00e9phone +41 56 618 36 36<br \/>Fax +41 56 618 36 37<br \/><a href=\"mailto:info@wierec.com\">Contact<\/a><\/td>\n<td style=\"background-color: #ffc225; color: white; padding-left: 20px; width: 50%;\">\n<ul>\n<li>Exp\u00e9rience et tradition depuis 1959<\/li>\n<li>Le plus grand Entreprise de recyclage de Suisse<\/li>\n<li>Excellente logistique avec camions et liaison ferroviaire<\/li>\n<\/ul>\n<\/td>\n<\/tr>\n<\/tbody>\n<\/table>\n<\/div>\n<p><a href=\"\/ww\"><\/a><\/p>\n<\/li>\n<li>\n<h3>Schwarzenbach<\/h3>\n<div>\n<table style=\"width: 100%; font-size: 18px;\">\n<tbody>\n<tr>\n<td>\n<div style=\"color: #ee7100;\"><a style=\"color: #ee7100;\" href=\"https:\/\/www.wierec.com\/fr\/groupe-wiederkehr-site-lauchringen\/\">AVO Wiederkehr Recycling AG<\/a><\/div>\n<p>Niederstettenstrasse 14<br \/>CH-9536 Schwarzenbach<\/p>\n<p>T\u00e9l\u00e9phone +41 71 929 40 70<br \/>Fax +41 71 929 40 71<br \/><a href=\"mailto:avo@wierec.com\">Contact<\/a><\/td>\n<td style=\"background-color: #ee7100; color: white; padding-left: 20px; width: 50%;\">\n<ul>\n<li>Des concepts globaux innovants<\/li>\n<li>Le seul broyeur de Suisse orientale<\/li>\n<li>Excellente logistique avec camions et liaison ferroviaire<\/li>\n<\/ul>\n<\/td>\n<\/tr>\n<\/tbody>\n<\/table>\n<\/div>\n<\/li>\n<li>\n<h3>Lauchringen<\/h3>\n<div>\n<table style=\"width: 100%; font-size: 18px;\">\n<tbody>\n<tr>\n<td>\n<div style=\"color: #b83013;\"><a style=\"color: #b83013;\" href=\"https:\/\/www.wierec.com\/fr\/groupe-wiederkehr-site-lauchringen\/\">SMV Wiederkehr Recycling GmbH<\/a><\/div>\n<p>Detzelnerstrasse 1<br \/>DE-79787 Lauchringen<\/p>\n<p>T\u00e9l\u00e9phone +49 7741 50 81<br \/>Fax +49 7741 58 50 <br \/><a href=\"mailto:smv@wierec.com\">Contact<\/a><\/td>\n<td style=\"background-color: #b83013; color: white; padding-left: 20px; width: 50%;\">\n<ul>\n<li>Services flexibles, parc de v\u00e9hicules moderne<\/li>\n<li>Longue exp\u00e9rience<\/li>\n<li>La plus grande cisaille \u00e0 ferraille du sud de l\u2019Allemagne<\/li>\n<\/ul>\n<\/td>\n<\/tr>\n<\/tbody>\n<\/table>\n<\/div>\n<\/li>\n<\/ul>\n<h2>O\u00d9 POUVONS-NOUS VOUS AIDER?<\/h2>\n<div>\n<h3>Wiederkehr Recycling AG Waltenschwil<\/h3>\n<p><a href=\"\/fr\/wiederkehr-recycling-ag-waltenschwil\/\"><\/a><\/p>\n<\/div>\n<div>\n<h3>AVO Wiederkehr Recycling AG Schwarzenbach<\/h3>\n<p><a href=\"\/fr\/avo-wiederkehr-recycling-ag-schwarzenbach\/\"><\/a><\/p>\n<\/div>\n<div>\n<h3>SMV Wiederkehr Recycling GmbH Lauchringen<\/h3>\n<p><a href=\"\/fr\/groupe-wiederkehr-site-lauchringen\/\"><\/a><\/p>\n<\/div>\n<p><!--more--><br \/>\n<!-- {\"name\":\"Standorte DE\",\"type\":\"layout\",\"children\":[{\"type\":\"section\",\"props\":{\"animation\":\"slide-top\",\"header_transparent\":true,\"header_transparent_text_color\":\"light\",\"height\":\"viewport\",\"height_offset_top\":true,\"image\":\"wp-content\\\/uploads\\\/2020\\\/10\\\/recycling-wiederkehr-gruppe-standort-titel-001.jpg\",\"image_position\":\"top-left\",\"image_size\":\"cover\",\"media_overlay\":\"rgba(0, 0, 0, 0)\",\"style\":\"default\",\"title_breakpoint\":\"xl\",\"title_position\":\"top-left\",\"title_rotation\":\"left\",\"vertical_align\":\"middle\",\"width\":\"\"},\"children\":[{\"type\":\"row\",\"children\":[{\"type\":\"column\",\"props\":{\"css\":\"\\n\",\"image_position\":\"center-center\",\"image_size\":\"cover\",\"image_width\":\"2000\",\"position_sticky_breakpoint\":\"m\"},\"children\":[{\"type\":\"headline\",\"props\":{\"animation\":\"none\",\"content\":\"LE RETOUR DES MATI\\u00c8RES PREMI\\u00c8RES\",\"text_align\":\"center\",\"title_element\":\"h1\"}},{\"type\":\"image\",\"props\":{\"image\":\"wp-content\\\/uploads\\\/2020\\\/10\\\/Icon_Scrolldown.png\",\"image_svg_color\":\"emphasis\",\"margin\":\"default\",\"position\":\"absolute\",\"position_bottom\":\"-270\",\"text_align\":\"center\"}}]}]}]},{\"type\":\"section\",\"props\":{\"image_position\":\"center-center\",\"style\":\"default\",\"title_breakpoint\":\"xl\",\"title_position\":\"top-left\",\"title_rotation\":\"left\",\"vertical_align\":\"\",\"width\":\"xlarge\"},\"children\":[{\"type\":\"row\",\"props\":{\"width\":\"default\"},\"children\":[{\"type\":\"column\",\"props\":{\"image_position\":\"center-center\",\"position_sticky_breakpoint\":\"m\"},\"children\":[{\"type\":\"text\",\"props\":{\"class\":\"textgross\",\"column_breakpoint\":\"m\",\"content\":\"\n\n<p style=\\\"text-align: center;\\\">Wiederkehr Recyclign compte deux sites en Suisse, \\u00e0 Waltenschwil en Argovie et \\u00e0 Schwarzenbach dans le canton de Saint-Gall, ainsi qu\\u2019un site dans le sud de l\\u2019Allemagne, \\u00e0 Lauchringen. Le si\\u00e8ge, le d\\u00e9partement de recherche ainsi que le service des ventes et des achats se trouvent \\u00e0 Waltenschwil. <\\\/p>\",\"margin\":\"default\"}}]}]}]},{\"type\":\"section\",\"props\":{\"image_position\":\"center-center\",\"padding_remove_bottom\":true,\"style\":\"default\",\"title_breakpoint\":\"xl\",\"title_position\":\"top-left\",\"title_rotation\":\"left\",\"vertical_align\":\"\",\"width\":\"xlarge\"},\"children\":[{\"type\":\"row\",\"children\":[{\"type\":\"column\",\"props\":{\"image_position\":\"center-center\",\"position_sticky_breakpoint\":\"m\"},\"children\":[{\"type\":\"headline\",\"props\":{\"content\":\"NOS SITES\",\"text_align\":\"center\",\"title_element\":\"h2\",\"title_style\":\"heading-small\"}}]}]},{\"type\":\"row\",\"props\":{\"column_gap\":\"collapse\",\"layout\":\"1-2,1-2\",\"margin_remove_top\":true},\"children\":[{\"type\":\"column\",\"props\":{\"image_position\":\"center-center\",\"position_sticky_breakpoint\":\"m\",\"vertical_align\":\"middle\",\"width_medium\":\"1-2\"},\"children\":[{\"type\":\"popover\",\"props\":{\"background_image\":\"wp-content\\\/uploads\\\/2025\\\/05\\\/CH-Karte_nachgebaut-2-scaled.png\",\"background_image_height\":\"1000\",\"card_link\":true,\"card_size\":\"small\",\"card_style\":\"default\",\"css\":\".el-item{background-color:#d4d4d4;}\",\"drop_mode\":\"hover\",\"drop_position\":\"top-center\",\"image_card_padding\":true,\"image_svg_color\":\"emphasis\",\"link_style\":\"default\",\"link_text\":\"\",\"margin\":\"default\",\"meta_align\":\"below-title\",\"meta_element\":\"div\",\"meta_style\":\"text-meta\",\"show_content\":true,\"show_image\":true,\"show_link\":true,\"show_meta\":true,\"show_title\":true,\"title_element\":\"h3\",\"title_hover_style\":\"reset\"},\"children\":[{\"type\":\"popover_item\",\"props\":{\"content\":\"\n\n<div>SMV Wiederkehr Recycling GmbH<\\\/div>\\n\n\n<p>Detzelnerstrasse 1<br \\\/>DE-79787 Lauchringen<br \\\/><br \\\/>T\\u00e9l\\u00e9phone +49 7741 50 81<br \\\/>Fax +49 7741 58 50 <br \\\/>Contact<\\\/p>\",\"link\":\"wiederkehr-gruppe-standort-lauchringen\\\/\",\"position_x\":\"34\",\"position_y\":\"62.5\",\"title\":\"Lauchringen\"}},{\"type\":\"popover_item\",\"props\":{\"content\":\"\n\n<div>AVO Wiederkehr Recycling AG<\\\/div>\\n\n\n<p>Niederstettenstrasse 14<br \\\/>CH-9536 Schwarzenbach<br \\\/><br \\\/>T\\u00e9l\\u00e9phone +41 71 929 40 70<br \\\/>Fax +41 71 929 40 71<br \\\/>Contact<\\\/p>\",\"link\":\"\\\/avo-wiederkehr-recycling-ag-schwarzen-bach\\\/\",\"position_x\":\"38.25\",\"position_y\":\"66.5\",\"title\":\"Schwarzenbach\"}},{\"type\":\"popover_item\",\"props\":{\"content\":\"\n\n<div>Wiederkehr Recycling AG<\\\/div>\\n\n\n<p>Titlisstrasse 332<br \\\/>CH-5622 Waltenschwil<br \\\/><br \\\/>T\\u00e9l\\u00e9phone +41 56 618 36 36<br \\\/>Fax +41 56 618 36 37<br \\\/>Contact<\\\/p>\",\"link\":\"\\\/wiederkehr-recycling-ag-waltenschwil\\\/\",\"position_x\":\"32.25\",\"position_y\":\"66.75\",\"title\":\"Waltenschwil\"}}],\"modified\":\"2020-11-20T13:41:42.590Z\",\"name\":\"Popover MAP FR\"}]},{\"type\":\"column\",\"props\":{\"image_position\":\"center-center\",\"position_sticky_breakpoint\":\"m\",\"vertical_align\":\"middle\",\"width_medium\":\"1-2\"},\"children\":[{\"type\":\"accordion\",\"props\":{\"collapsible\":true,\"content_column_breakpoint\":\"m\",\"css\":\".el-title {font-size:30px;}\",\"image_align\":\"top\",\"image_grid_breakpoint\":\"m\",\"image_grid_width\":\"1-2\",\"image_svg_color\":\"emphasis\",\"link_style\":\"default\",\"link_text\":\"\",\"maxwidth\":\"xlarge\",\"show_image\":true,\"show_link\":true},\"children\":[{\"type\":\"accordion_item\",\"props\":{\"content\":\"\n\n<table style=\\\"width: 100%; font-size: 18px;\\\">\\n\n\n<tbody>\\n\n\n<tr>\\n\n\n<td>\\n\n\n<div style=\\\"color: #ffc225;\\\"><a style=\\\"color: #ffc225;\\\" href=\\\"https:\\\/\\\/www.wierec.com\\\/wiederkehr-recycling-ag-waltenschwil\\\/\\\">Wiederkehr Recycling AG<\\\/a><\\\/div>\\nTitlisstrasse 332<br \\\/>CH-5622 Waltenschwil<br \\\/><br \\\/>T\\u00e9l\\u00e9phone +41 56 618 36 36<br \\\/>Fax +41 56 618 36 37<br \\\/><a href=\\\"mailto:info@wierec.com\\\">Contact<\\\/a><\\\/td>\\n\n\n<td style=\\\"background-color: #ffc225; color: white; padding-left: 20px; width: 50%;\\\">\\n\n\n<ul>\\n\n\n<li>Exp\\u00e9rience et tradition depuis 1959<\\\/li>\\n\n\n<li>Le plus grand Entreprise de recyclage de Suisse<\\\/li>\\n\n\n<li>Excellente logistique avec camions et liaison ferroviaire<\\\/li>\\n<\\\/ul>\\n<\\\/td>\\n<\\\/tr>\\n<\\\/tbody>\\n<\\\/table>\",\"image\":\"\",\"link\":\"ww\",\"title\":\"Waltenschwil\"}},{\"type\":\"accordion_item\",\"props\":{\"content\":\"\n\n<table style=\\\"width: 100%; font-size: 18px;\\\">\\n\n\n<tbody>\\n\n\n<tr>\\n\n\n<td>\\n\n\n<div style=\\\"color: #ee7100;\\\"><a style=\\\"color: #ee7100;\\\" href=\\\"\\\/avo-wiederkehr-recycling-ag-schwarzen-bach\\\/\\\">AVO Wiederkehr Recycling AG<\\\/a><\\\/div>\\nNiederstettenstrasse 14<br \\\/>CH-9536 Schwarzenbach<br \\\/><br \\\/>T\\u00e9l\\u00e9phone +41 71 929 40 70<br \\\/>Fax +41 71 929 40 71<br \\\/><a href=\\\"mailto:avo@wierec.com\\\">Contact<\\\/a><\\\/td>\\n\n\n<td style=\\\"background-color: #ee7100; color: white; padding-left: 20px; width: 50%;\\\">\\n\n\n<ul>\\n\n\n<li>Des concepts globaux innovants<\\\/li>\\n\n\n<li>Le seul broyeur de Suisse orientale<\\\/li>\\n\n\n<li>Excellente logistique avec camions et liaison ferroviaire<\\\/li>\\n<\\\/ul>\\n<\\\/td>\\n<\\\/tr>\\n<\\\/tbody>\\n<\\\/table>\",\"image\":\"\",\"title\":\"Schwarzenbach\"}},{\"type\":\"accordion_item\",\"props\":{\"content\":\"\n\n<table style=\\\"width: 100%; font-size: 18px;\\\">\\n\n\n<tbody>\\n\n\n<tr>\\n\n\n<td>\\n\n\n<div style=\\\"color: #b83013;\\\"><a style=\\\"color: #b83013;\\\" href=\\\"\\\/wiederkehr-gruppe-standort-lauchringen\\\/\\\">SMV Wiederkehr Recycling GmbH<\\\/a><\\\/div>\\nDetzelnerstrasse 1<br \\\/>DE-79787 Lauchringen<br \\\/><br \\\/>T\\u00e9l\\u00e9phone +49 7741 50 81<br \\\/>Fax +49 7741 58 50 <br \\\/><a href=\\\"mailto:smv@wierec.com\\\">Contact<\\\/a><\\\/td>\\n\n\n<td style=\\\"background-color: #b83013; color: white; padding-left: 20px; width: 50%;\\\">\\n\n\n<ul>\\n\n\n<li>Services flexibles, parc de v\\u00e9hicules moderne<\\\/li>\\n\n\n<li>Longue exp\\u00e9rience<\\\/li>\\n\n\n<li>La plus grande cisaille \\u00e0 ferraille du sud de l\\u2019Allemagne<\\\/li>\\n<\\\/ul>\\n<\\\/td>\\n<\\\/tr>\\n<\\\/tbody>\\n<\\\/table>\",\"image\":\"\",\"title\":\"Lauchringen\"}}],\"modified\":\"2020-11-20T13:41:50.569Z\",\"name\":\"Accordeon MAp FR\"}]}]}],\"modified\":\"2020-10-30T15:49:35.168Z\",\"name\":\"Standort\"},{\"type\":\"section\",\"props\":{\"image_position\":\"center-center\",\"padding_remove_bottom\":false,\"padding_remove_top\":false,\"style\":\"muted\",\"title_breakpoint\":\"xl\",\"title_position\":\"top-left\",\"title_rotation\":\"left\",\"vertical_align\":\"\",\"width\":\"xlarge\"},\"children\":[{\"type\":\"row\",\"children\":[{\"type\":\"column\",\"props\":{\"image_position\":\"center-center\",\"position_sticky_breakpoint\":\"m\"},\"children\":[{\"type\":\"headline\",\"props\":{\"content\":\"O\\u00d9 POUVONS-NOUS VOUS AIDER?\",\"text_align\":\"center\",\"title_color\":\"primary\",\"title_element\":\"h2\",\"title_style\":\"heading-small\"}}]}]},{\"type\":\"row\",\"props\":{\"layout\":\"1-3,1-3,1-3\"},\"children\":[{\"type\":\"column\",\"props\":{\"image_position\":\"center-center\",\"position_sticky_breakpoint\":\"m\",\"width_medium\":\"1-3\"},\"children\":[{\"type\":\"grid\",\"props\":{\"content_column_breakpoint\":\"m\",\"css\":\".el-item > * {background-color:#ffc225;padding:20px;color:white;}\",\"filter_align\":\"left\",\"filter_all\":true,\"filter_grid_breakpoint\":\"m\",\"filter_grid_width\":\"auto\",\"filter_position\":\"top\",\"filter_style\":\"tab\",\"grid_default\":\"1\",\"grid_medium\":\"1\",\"icon_width\":80,\"image_align\":\"top\",\"image_grid_breakpoint\":\"m\",\"image_grid_width\":\"1-2\",\"image_svg_color\":\"emphasis\",\"item_animation\":true,\"lightbox_bg_close\":true,\"link_style\":\"default\",\"link_text\":\"\",\"margin\":\"default\",\"meta_align\":\"below-title\",\"meta_element\":\"div\",\"meta_style\":\"text-meta\",\"panel_link\":true,\"panel_link_hover\":\"true\",\"panel_padding\":\"default\",\"panel_style\":\"card-primary\",\"parallax_easing\":\"1\",\"show_content\":true,\"show_hover_image\":true,\"show_hover_video\":true,\"show_image\":true,\"show_link\":true,\"show_meta\":true,\"show_title\":true,\"show_video\":true,\"title_align\":\"top\",\"title_element\":\"h3\",\"title_grid_breakpoint\":\"m\",\"title_grid_width\":\"1-2\",\"title_hover_style\":\"reset\"},\"children\":[{\"type\":\"grid_item\",\"props\":{\"link\":\"\\\/fr\\\/wiederkehr-recycling-ag-waltenschwil\\\/\",\"title\":\"Wiederkehr Recycling AG Waltenschwil\"}}]}]},{\"type\":\"column\",\"props\":{\"image_position\":\"center-center\",\"position_sticky_breakpoint\":\"m\",\"width_medium\":\"1-3\"},\"children\":[{\"type\":\"grid\",\"props\":{\"content_column_breakpoint\":\"m\",\"css\":\".el-item > *{background-color:#ee7100;padding:20px;color:white;}\",\"filter_align\":\"left\",\"filter_all\":true,\"filter_grid_breakpoint\":\"m\",\"filter_grid_width\":\"auto\",\"filter_position\":\"top\",\"filter_style\":\"tab\",\"grid_default\":\"1\",\"grid_medium\":\"1\",\"icon_width\":80,\"image_align\":\"top\",\"image_grid_breakpoint\":\"m\",\"image_grid_width\":\"1-2\",\"image_svg_color\":\"emphasis\",\"item_animation\":true,\"lightbox_bg_close\":true,\"link_style\":\"default\",\"link_text\":\"\",\"margin\":\"default\",\"meta_align\":\"below-title\",\"meta_element\":\"div\",\"meta_style\":\"text-meta\",\"panel_link\":true,\"panel_link_hover\":\"true\",\"panel_padding\":\"default\",\"panel_style\":\"card-primary\",\"parallax_easing\":\"1\",\"show_content\":true,\"show_hover_image\":true,\"show_hover_video\":true,\"show_image\":true,\"show_link\":true,\"show_meta\":true,\"show_title\":true,\"show_video\":true,\"title_align\":\"top\",\"title_element\":\"h3\",\"title_grid_breakpoint\":\"m\",\"title_grid_width\":\"1-2\",\"title_hover_style\":\"reset\"},\"children\":[{\"type\":\"grid_item\",\"props\":{\"link\":\"\\\/fr\\\/avo-wiederkehr-recycling-ag-schwarzenbach\\\/\",\"title\":\"AVO Wiederkehr Recycling AG Schwarzenbach\"}}]}]},{\"type\":\"column\",\"props\":{\"image_position\":\"center-center\",\"position_sticky_breakpoint\":\"m\",\"width_medium\":\"1-3\"},\"children\":[{\"type\":\"grid\",\"props\":{\"content_column_breakpoint\":\"m\",\"css\":\".el-item > *{background-color:#b83013;padding:20px;color:white;}\",\"filter_align\":\"left\",\"filter_all\":true,\"filter_grid_breakpoint\":\"m\",\"filter_grid_width\":\"auto\",\"filter_position\":\"top\",\"filter_style\":\"tab\",\"grid_default\":\"1\",\"grid_medium\":\"1\",\"icon_width\":80,\"image_align\":\"top\",\"image_grid_breakpoint\":\"m\",\"image_grid_width\":\"1-2\",\"image_svg_color\":\"emphasis\",\"item_animation\":true,\"lightbox_bg_close\":true,\"link_style\":\"default\",\"link_text\":\"\",\"margin\":\"default\",\"meta_align\":\"below-title\",\"meta_element\":\"div\",\"meta_style\":\"text-meta\",\"panel_link\":true,\"panel_link_hover\":\"true\",\"panel_padding\":\"default\",\"panel_style\":\"card-primary\",\"parallax_easing\":\"1\",\"show_content\":true,\"show_hover_image\":true,\"show_hover_video\":true,\"show_image\":true,\"show_link\":true,\"show_meta\":true,\"show_title\":true,\"show_video\":true,\"title_align\":\"top\",\"title_element\":\"h3\",\"title_grid_breakpoint\":\"m\",\"title_grid_width\":\"1-2\",\"title_hover_style\":\"reset\"},\"children\":[{\"type\":\"grid_item\",\"props\":{\"link\":\"\\\/fr\\\/groupe-wiederkehr-site-lauchringen\\\/\",\"title\":\"SMV Wiederkehr Recycling GmbH Lauchringen\"}}]}]}]}],\"modified\":\"2020-10-30T15:56:45.600Z\",\"name\":\"Zu den Standorten\"}],\"version\":\"4.5.16\"} --><\/p>\n","protected":false},"excerpt":{"rendered":"<p>LE RETOUR DES MATI\u00c8RES PREMI\u00c8RES Wiederkehr Recyclign compte deux sites en Suisse, \u00e0 Waltenschwil en Argovie et \u00e0 Schwarzenbach dans le canton de Saint-Gall, ainsi qu\u2019un site dans le sud de l\u2019Allemagne, \u00e0 Lauchringen. Le si\u00e8ge, le d\u00e9partement de recherche ainsi que le service des ventes et des achats se trouvent \u00e0 Waltenschwil. NOS SITES [&hellip;]<\/p>\n","protected":false},"author":1,"featured_media":0,"parent":0,"menu_order":0,"comment_status":"closed","ping_status":"closed","template":"","meta":{"inline_featured_image":false,"footnotes":""},"class_list":["post-4893","page","type-page","status-publish","hentry"],"yoast_head":"<!-- This site is optimized with the Yoast SEO Premium plugin v24.3 (Yoast SEO v27.3) - https:\/\/yoast.com\/product\/yoast-seo-premium-wordpress\/ -->\n<title>Nos sites | Groupe Wiederkehr<\/title>\n<meta name=\"description\" content=\"A port\u00e9e de clic. Prestations de recyclage et commerce de mati\u00e8res premi\u00e8res \u00e0 Waltenschwil, Schwarzenbach, Lauchringen et aupr\u00e8s de notre partenaire \u00e0 Polleben.\" \/>\n<meta name=\"robots\" content=\"index, follow, max-snippet:-1, max-image-preview:large, max-video-preview:-1\" \/>\n<link rel=\"canonical\" href=\"https:\/\/www.wierec.com\/fr\/sites\/\" \/>\n<meta property=\"og:locale\" content=\"fr_FR\" \/>\n<meta property=\"og:type\" content=\"article\" \/>\n<meta property=\"og:title\" content=\"sites\" \/>\n<meta property=\"og:description\" content=\"A port\u00e9e de clic. Prestations de recyclage et commerce de mati\u00e8res premi\u00e8res \u00e0 Waltenschwil, Schwarzenbach, Lauchringen et aupr\u00e8s de notre partenaire \u00e0 Polleben.\" \/>\n<meta property=\"og:url\" content=\"https:\/\/www.wierec.com\/fr\/sites\/\" \/>\n<meta property=\"og:site_name\" content=\"Wiederkehr Recycling\" \/>\n<meta property=\"article:modified_time\" content=\"2025-06-16T07:32:18+00:00\" \/>\n<meta name=\"twitter:card\" content=\"summary_large_image\" \/>\n<meta name=\"twitter:label1\" content=\"Dur\u00e9e de lecture estim\u00e9e\" \/>\n\t<meta name=\"twitter:data1\" content=\"1 minute\" \/>\n<script type=\"application\/ld+json\" class=\"yoast-schema-graph\">{\"@context\":\"https:\\\/\\\/schema.org\",\"@graph\":[{\"@type\":\"WebPage\",\"@id\":\"https:\\\/\\\/www.wierec.com\\\/fr\\\/sites\\\/\",\"url\":\"https:\\\/\\\/www.wierec.com\\\/fr\\\/sites\\\/\",\"name\":\"Nos sites | Groupe Wiederkehr\",\"isPartOf\":{\"@id\":\"https:\\\/\\\/www.wierec.com\\\/fr\\\/#website\"},\"datePublished\":\"2020-11-16T14:00:24+00:00\",\"dateModified\":\"2025-06-16T07:32:18+00:00\",\"description\":\"A port\u00e9e de clic. Prestations de recyclage et commerce de mati\u00e8res premi\u00e8res \u00e0 Waltenschwil, Schwarzenbach, Lauchringen et aupr\u00e8s de notre partenaire \u00e0 Polleben.\",\"breadcrumb\":{\"@id\":\"https:\\\/\\\/www.wierec.com\\\/fr\\\/sites\\\/#breadcrumb\"},\"inLanguage\":\"fr-FR\",\"potentialAction\":[{\"@type\":\"ReadAction\",\"target\":[\"https:\\\/\\\/www.wierec.com\\\/fr\\\/sites\\\/\"]}]},{\"@type\":\"BreadcrumbList\",\"@id\":\"https:\\\/\\\/www.wierec.com\\\/fr\\\/sites\\\/#breadcrumb\",\"itemListElement\":[{\"@type\":\"ListItem\",\"position\":1,\"name\":\"Home\",\"item\":\"https:\\\/\\\/www.wierec.com\\\/fr\\\/\"},{\"@type\":\"ListItem\",\"position\":2,\"name\":\"sites\"}]},{\"@type\":\"WebSite\",\"@id\":\"https:\\\/\\\/www.wierec.com\\\/fr\\\/#website\",\"url\":\"https:\\\/\\\/www.wierec.com\\\/fr\\\/\",\"name\":\"Wiederkehr Recycling\",\"description\":\"Die Wiederkehr der Rohstoffe\",\"publisher\":{\"@id\":\"https:\\\/\\\/www.wierec.com\\\/fr\\\/#organization\"},\"potentialAction\":[{\"@type\":\"SearchAction\",\"target\":{\"@type\":\"EntryPoint\",\"urlTemplate\":\"https:\\\/\\\/www.wierec.com\\\/fr\\\/?s={search_term_string}\"},\"query-input\":{\"@type\":\"PropertyValueSpecification\",\"valueRequired\":true,\"valueName\":\"search_term_string\"}}],\"inLanguage\":\"fr-FR\"},{\"@type\":\"Organization\",\"@id\":\"https:\\\/\\\/www.wierec.com\\\/fr\\\/#organization\",\"name\":\"Wiederkehr Recycling AG\",\"url\":\"https:\\\/\\\/www.wierec.com\\\/fr\\\/\",\"logo\":{\"@type\":\"ImageObject\",\"inLanguage\":\"fr-FR\",\"@id\":\"https:\\\/\\\/www.wierec.com\\\/fr\\\/#\\\/schema\\\/logo\\\/image\\\/\",\"url\":\"https:\\\/\\\/www.wierec.com\\\/wp-content\\\/uploads\\\/2020\\\/11\\\/logo-wiederkehr-gruppe-4f-quer-001.png\",\"contentUrl\":\"https:\\\/\\\/www.wierec.com\\\/wp-content\\\/uploads\\\/2020\\\/11\\\/logo-wiederkehr-gruppe-4f-quer-001.png\",\"width\":1500,\"height\":367,\"caption\":\"Wiederkehr Recycling AG\"},\"image\":{\"@id\":\"https:\\\/\\\/www.wierec.com\\\/fr\\\/#\\\/schema\\\/logo\\\/image\\\/\"}}]}<\/script>\n<!-- \/ Yoast SEO Premium plugin. -->","yoast_head_json":{"title":"Nos sites | Groupe Wiederkehr","description":"A port\u00e9e de clic. Prestations de recyclage et commerce de mati\u00e8res premi\u00e8res \u00e0 Waltenschwil, Schwarzenbach, Lauchringen et aupr\u00e8s de notre partenaire \u00e0 Polleben.","robots":{"index":"index","follow":"follow","max-snippet":"max-snippet:-1","max-image-preview":"max-image-preview:large","max-video-preview":"max-video-preview:-1"},"canonical":"https:\/\/www.wierec.com\/fr\/sites\/","og_locale":"fr_FR","og_type":"article","og_title":"sites","og_description":"A port\u00e9e de clic. Prestations de recyclage et commerce de mati\u00e8res premi\u00e8res \u00e0 Waltenschwil, Schwarzenbach, Lauchringen et aupr\u00e8s de notre partenaire \u00e0 Polleben.","og_url":"https:\/\/www.wierec.com\/fr\/sites\/","og_site_name":"Wiederkehr Recycling","article_modified_time":"2025-06-16T07:32:18+00:00","twitter_card":"summary_large_image","twitter_misc":{"Dur\u00e9e de lecture estim\u00e9e":"1 minute"},"schema":{"@context":"https:\/\/schema.org","@graph":[{"@type":"WebPage","@id":"https:\/\/www.wierec.com\/fr\/sites\/","url":"https:\/\/www.wierec.com\/fr\/sites\/","name":"Nos sites | Groupe Wiederkehr","isPartOf":{"@id":"https:\/\/www.wierec.com\/fr\/#website"},"datePublished":"2020-11-16T14:00:24+00:00","dateModified":"2025-06-16T07:32:18+00:00","description":"A port\u00e9e de clic. Prestations de recyclage et commerce de mati\u00e8res premi\u00e8res \u00e0 Waltenschwil, Schwarzenbach, Lauchringen et aupr\u00e8s de notre partenaire \u00e0 Polleben.","breadcrumb":{"@id":"https:\/\/www.wierec.com\/fr\/sites\/#breadcrumb"},"inLanguage":"fr-FR","potentialAction":[{"@type":"ReadAction","target":["https:\/\/www.wierec.com\/fr\/sites\/"]}]},{"@type":"BreadcrumbList","@id":"https:\/\/www.wierec.com\/fr\/sites\/#breadcrumb","itemListElement":[{"@type":"ListItem","position":1,"name":"Home","item":"https:\/\/www.wierec.com\/fr\/"},{"@type":"ListItem","position":2,"name":"sites"}]},{"@type":"WebSite","@id":"https:\/\/www.wierec.com\/fr\/#website","url":"https:\/\/www.wierec.com\/fr\/","name":"Wiederkehr Recycling","description":"Die Wiederkehr der Rohstoffe","publisher":{"@id":"https:\/\/www.wierec.com\/fr\/#organization"},"potentialAction":[{"@type":"SearchAction","target":{"@type":"EntryPoint","urlTemplate":"https:\/\/www.wierec.com\/fr\/?s={search_term_string}"},"query-input":{"@type":"PropertyValueSpecification","valueRequired":true,"valueName":"search_term_string"}}],"inLanguage":"fr-FR"},{"@type":"Organization","@id":"https:\/\/www.wierec.com\/fr\/#organization","name":"Wiederkehr Recycling AG","url":"https:\/\/www.wierec.com\/fr\/","logo":{"@type":"ImageObject","inLanguage":"fr-FR","@id":"https:\/\/www.wierec.com\/fr\/#\/schema\/logo\/image\/","url":"https:\/\/www.wierec.com\/wp-content\/uploads\/2020\/11\/logo-wiederkehr-gruppe-4f-quer-001.png","contentUrl":"https:\/\/www.wierec.com\/wp-content\/uploads\/2020\/11\/logo-wiederkehr-gruppe-4f-quer-001.png","width":1500,"height":367,"caption":"Wiederkehr Recycling AG"},"image":{"@id":"https:\/\/www.wierec.com\/fr\/#\/schema\/logo\/image\/"}}]}},"_links":{"self":[{"href":"https:\/\/www.wierec.com\/fr\/wp-json\/wp\/v2\/pages\/4893","targetHints":{"allow":["GET"]}}],"collection":[{"href":"https:\/\/www.wierec.com\/fr\/wp-json\/wp\/v2\/pages"}],"about":[{"href":"https:\/\/www.wierec.com\/fr\/wp-json\/wp\/v2\/types\/page"}],"author":[{"embeddable":true,"href":"https:\/\/www.wierec.com\/fr\/wp-json\/wp\/v2\/users\/1"}],"replies":[{"embeddable":true,"href":"https:\/\/www.wierec.com\/fr\/wp-json\/wp\/v2\/comments?post=4893"}],"version-history":[{"count":37,"href":"https:\/\/www.wierec.com\/fr\/wp-json\/wp\/v2\/pages\/4893\/revisions"}],"predecessor-version":[{"id":20699,"href":"https:\/\/www.wierec.com\/fr\/wp-json\/wp\/v2\/pages\/4893\/revisions\/20699"}],"wp:attachment":[{"href":"https:\/\/www.wierec.com\/fr\/wp-json\/wp\/v2\/media?parent=4893"}],"curies":[{"name":"wp","href":"https:\/\/api.w.org\/{rel}","templated":true}]}}