{"id":5322,"date":"2020-11-17T14:21:57","date_gmt":"2020-11-17T14:21:57","guid":{"rendered":"https:\/\/www.wierec.com\/?page_id=5322"},"modified":"2025-05-08T13:46:54","modified_gmt":"2025-05-08T13:46:54","slug":"prestations","status":"publish","type":"page","link":"https:\/\/www.wierec.com\/fr\/prestations\/","title":{"rendered":"prestations"},"content":{"rendered":"<h1>Vos d\u00e9sirs,<br \/>\nnotre service<\/h1>\n<p><img decoding=\"async\" src=\"\/wp-content\/uploads\/2020\/10\/Icon_Scrolldown.png\" alt=\"\"><\/p>\n<div>\n<p style=\"text-align: center;\">Un service parfait commence avec un contact personnel et aboutit sur la confiance. Chez nous, des partenariats durables et de solides relations avec les clients en sont la cons\u00e9quence logique. Et nos collaboratrices et collaborateurs? Certains d\u2019entre eux ont d\u00e9j\u00e0 c\u00e9l\u00e9br\u00e9 leurs dix\u00a0ans dans l\u2019entreprise, d\u2019autres m\u00eame leurs quarante\u00a0ans. Un pr\u00e9cieux tr\u00e9sor de personnalit\u00e9s, d\u2019exp\u00e9riences, et bien s\u00fbr aussi de savoir-faire, ainsi qu\u2019une \u00e9quipe bien rod\u00e9e et sympathique. Ici, chez Wiederkehr Recycling, on vit la confiance, la responsabilit\u00e9 et l\u2019int\u00e9grit\u00e9. C\u2019est ce que nous avons \u00e0 offrir. Et quelles sont vos attentes?<\/p>\n<\/div>\n<ul>\n<li>\n<h3>Logistique<\/h3>\n<p><a href=\"https:\/\/www.wierec.com\/fr\/logistique\/?lang=fr\"><\/a><\/p>\n<\/li>\n<li>\n<h3>Concepts de gestion des d\u00e9chets<\/h3>\n<p><a href=\"https:\/\/www.wierec.com\/fr\/concepts-de-gestion-des-dechets\/?lang=fr\"><\/a><\/p>\n<\/li>\n<li>\n<h3>Service de collecte<\/h3>\n<p><a href=\"https:\/\/www.wierec.com\/fr\/service-de-collecte\/?lang=fr\"><\/a><\/p>\n<\/li>\n<li>\n<h3>Service de d\u00e9mant\u00e8lement<\/h3>\n<p><a href=\"https:\/\/www.wierec.com\/fr\/service-de-demantelement\/?lang=fr\"><\/a><\/p>\n<\/li>\n<li>\n<h3>Service de bennes<\/h3>\n<p><a href=\"https:\/\/www.wierec.com\/fr\/service-de-bennes\/?lang=fr\"><\/a><\/p>\n<\/li>\n<li>\n<h3>Service pour l\u2019\u00e9v\u00e9nementiel<\/h3>\n<p><a href=\"https:\/\/www.wierec.com\/fr\/service-evenementiel\/?lang=fr\"><\/a><\/p>\n<\/li>\n<\/ul>\n<p><!--more--><br \/>\n<!-- {\"name\":\"Dienstleistungen DE\",\"type\":\"layout\",\"children\":[{\"type\":\"section\",\"props\":{\"animation\":\"slide-top\",\"header_transparent\":true,\"header_transparent_text_color\":\"light\",\"height\":\"viewport\",\"height_offset_top\":true,\"image\":\"wp-content\\\/uploads\\\/2020\\\/10\\\/recycling-wiederkehr-gruppe-dienstleistung-001.jpg\",\"image_position\":\"top-left\",\"image_size\":\"cover\",\"media_overlay\":\"rgba(0, 0, 0, 0.1)\",\"style\":\"default\",\"title_breakpoint\":\"xl\",\"title_position\":\"top-left\",\"title_rotation\":\"left\",\"vertical_align\":\"middle\",\"width\":\"\"},\"children\":[{\"type\":\"row\",\"children\":[{\"type\":\"column\",\"props\":{\"css\":\"\\n\",\"image_position\":\"center-center\",\"image_size\":\"cover\",\"image_width\":\"2000\",\"position_sticky_breakpoint\":\"m\"},\"children\":[{\"type\":\"headline\",\"props\":{\"animation\":\"none\",\"content\":\"Vos d\\u00e9sirs,<br \/>\\nnotre service\",\"css\":\".el-element {line-height:1.3;}\",\"text_align\":\"center\",\"title_element\":\"h1\"}},{\"type\":\"image\",\"props\":{\"image\":\"wp-content\\\/uploads\\\/2020\\\/10\\\/Icon_Scrolldown.png\",\"image_svg_color\":\"emphasis\",\"margin\":\"default\",\"position\":\"absolute\",\"position_bottom\":\"-270\",\"text_align\":\"center\"}}]}]}]},{\"type\":\"section\",\"props\":{\"animation\":\"slide-left-small\",\"image_position\":\"center-center\",\"style\":\"default\",\"title_breakpoint\":\"xl\",\"title_position\":\"top-left\",\"title_rotation\":\"left\",\"vertical_align\":\"middle\",\"width\":\"xlarge\"},\"children\":[{\"type\":\"row\",\"props\":{\"width\":\"default\"},\"children\":[{\"type\":\"column\",\"props\":{\"image_position\":\"center-center\",\"position_sticky_breakpoint\":\"m\"},\"children\":[{\"type\":\"text\",\"props\":{\"animation\":\"none\",\"class\":\"textgross\",\"column_breakpoint\":\"m\",\"content\":\"\n\n<p style=\\\"text-align: center;\\\">Un service parfait commence avec un contact personnel et aboutit sur la confiance. Chez nous, des partenariats durables et de solides relations avec les clients en sont la cons\\u00e9quence logique. Et nos collaboratrices et collaborateurs? Certains d\\u2019entre eux ont d\\u00e9j\\u00e0 c\\u00e9l\\u00e9br\\u00e9 leurs dix\\u00a0ans dans l\\u2019entreprise, d\\u2019autres m\\u00eame leurs quarante\\u00a0ans. Un pr\\u00e9cieux tr\\u00e9sor de personnalit\\u00e9s, d\\u2019exp\\u00e9riences, et bien s\\u00fbr aussi de savoir-faire, ainsi qu\\u2019une \\u00e9quipe bien rod\\u00e9e et sympathique. Ici, chez Wiederkehr Recycling, on vit la confiance, la responsabilit\\u00e9 et l\\u2019int\\u00e9grit\\u00e9. C\\u2019est ce que nous avons \\u00e0 offrir. Et quelles sont vos attentes?<\\\/p>\",\"margin\":\"default\"}}]}]},{\"type\":\"row\",\"children\":[{\"type\":\"column\",\"props\":{\"image_position\":\"center-center\",\"position_sticky_breakpoint\":\"m\"},\"children\":[{\"type\":\"grid\",\"props\":{\"animation\":\"slide-left-small\",\"content_column_breakpoint\":\"m\",\"filter_align\":\"left\",\"filter_all\":true,\"filter_grid_breakpoint\":\"m\",\"filter_grid_width\":\"auto\",\"filter_position\":\"top\",\"filter_style\":\"tab\",\"grid_default\":\"1\",\"grid_medium\":\"3\",\"icon_width\":\"35\",\"image_align\":\"right\",\"image_grid_breakpoint\":\"m\",\"image_grid_width\":\"1-4\",\"image_link\":true,\"image_svg_color\":\"emphasis\",\"image_svg_inline\":true,\"image_transition\":\"scale-up\",\"image_vertical_align\":true,\"item_animation\":true,\"link_style\":\"default\",\"link_text\":\"\",\"margin\":\"default\",\"meta_align\":\"below-title\",\"meta_element\":\"div\",\"meta_style\":\"text-meta\",\"panel_link\":true,\"panel_padding\":\"default\",\"panel_style\":\"card-primary\",\"parallax_easing\":\"1\",\"show_content\":true,\"show_image\":true,\"show_link\":true,\"show_meta\":true,\"show_title\":true,\"title_align\":\"top\",\"title_element\":\"h3\",\"title_grid_breakpoint\":\"m\",\"title_grid_width\":\"1-2\",\"title_hover_style\":\"reset\",\"title_link\":true},\"children\":[{\"type\":\"grid_item\",\"props\":{\"icon\":\"arrow-right\",\"link\":\"\\\/logistique\\\/?lang=fr\",\"title\":\"Logistique\"}},{\"type\":\"grid_item\",\"props\":{\"icon\":\"arrow-right\",\"link\":\"\\\/concepts-de-gestion-des-dechets\\\/?lang=fr\",\"title\":\"Concepts de gestion des d\\u00e9chets\"}},{\"type\":\"grid_item\",\"props\":{\"icon\":\"arrow-right\",\"link\":\"\\\/service-de-collecte\\\/?lang=fr\",\"title\":\"Service de collecte\"}},{\"type\":\"grid_item\",\"props\":{\"icon\":\"arrow-right\",\"link\":\"\\\/service-de-demantelement\\\/?lang=fr\",\"title\":\"Service de d\\u00e9mant\\u00e8lement\"}},{\"type\":\"grid_item\",\"props\":{\"icon\":\"arrow-right\",\"link\":\"\\\/service-de-bennes\\\/?lang=fr\",\"title\":\"Service de bennes\"}},{\"type\":\"grid_item\",\"props\":{\"icon\":\"arrow-right\",\"link\":\"\\\/service-evenementiel\\\/?lang=fr\",\"title\":\"Service pour l\\u2019\\u00e9v\\u00e9nementiel\"}}]}]}]}]}],\"version\":\"4.3.4\"} --><\/p>\n","protected":false},"excerpt":{"rendered":"<p>Vos d\u00e9sirs, notre service Un service parfait commence avec un contact personnel et aboutit sur la confiance. Chez nous, des partenariats durables et de solides relations avec les clients en sont la cons\u00e9quence logique. Et nos collaboratrices et collaborateurs? Certains d\u2019entre eux ont d\u00e9j\u00e0 c\u00e9l\u00e9br\u00e9 leurs dix\u00a0ans dans l\u2019entreprise, d\u2019autres m\u00eame leurs quarante\u00a0ans. Un pr\u00e9cieux [&hellip;]<\/p>\n","protected":false},"author":1,"featured_media":0,"parent":0,"menu_order":0,"comment_status":"closed","ping_status":"closed","template":"","meta":{"inline_featured_image":false,"footnotes":""},"class_list":["post-5322","page","type-page","status-publish","hentry"],"yoast_head":"<!-- This site is optimized with the Yoast SEO Premium plugin v24.3 (Yoast SEO v27.3) - https:\/\/yoast.com\/product\/yoast-seo-premium-wordpress\/ -->\n<title>Prestations | Groupe Wiederkehr<\/title>\n<meta name=\"description\" content=\"Nos prestations de gestion des d\u00e9chets comprennent des mod\u00e8les de services de bennes, un service de livraison et de collecte, des projets de d\u00e9mant\u00e8lement et une assistance pour l\u2019\u00e9v\u00e9nementiel.\" \/>\n<meta name=\"robots\" content=\"index, follow, max-snippet:-1, max-image-preview:large, max-video-preview:-1\" \/>\n<link rel=\"canonical\" href=\"https:\/\/www.wierec.com\/fr\/prestations\/\" \/>\n<meta property=\"og:locale\" content=\"fr_FR\" \/>\n<meta property=\"og:type\" content=\"article\" \/>\n<meta property=\"og:title\" content=\"prestations\" \/>\n<meta property=\"og:description\" content=\"Nos prestations de gestion des d\u00e9chets comprennent des mod\u00e8les de services de bennes, un service de livraison et de collecte, des projets de d\u00e9mant\u00e8lement et une assistance pour l\u2019\u00e9v\u00e9nementiel.\" \/>\n<meta property=\"og:url\" content=\"https:\/\/www.wierec.com\/fr\/prestations\/\" \/>\n<meta property=\"og:site_name\" content=\"Wiederkehr Recycling\" \/>\n<meta property=\"article:modified_time\" content=\"2025-05-08T13:46:54+00:00\" \/>\n<meta name=\"twitter:card\" content=\"summary_large_image\" \/>\n<meta name=\"twitter:label1\" content=\"Dur\u00e9e de lecture estim\u00e9e\" \/>\n\t<meta name=\"twitter:data1\" content=\"1 minute\" \/>\n<script type=\"application\/ld+json\" class=\"yoast-schema-graph\">{\"@context\":\"https:\\\/\\\/schema.org\",\"@graph\":[{\"@type\":\"WebPage\",\"@id\":\"https:\\\/\\\/www.wierec.com\\\/fr\\\/prestations\\\/\",\"url\":\"https:\\\/\\\/www.wierec.com\\\/fr\\\/prestations\\\/\",\"name\":\"Prestations | Groupe Wiederkehr\",\"isPartOf\":{\"@id\":\"https:\\\/\\\/www.wierec.com\\\/fr\\\/#website\"},\"datePublished\":\"2020-11-17T14:21:57+00:00\",\"dateModified\":\"2025-05-08T13:46:54+00:00\",\"description\":\"Nos prestations de gestion des d\u00e9chets comprennent des mod\u00e8les de services de bennes, un service de livraison et de collecte, des projets de d\u00e9mant\u00e8lement et une assistance pour l\u2019\u00e9v\u00e9nementiel.\",\"breadcrumb\":{\"@id\":\"https:\\\/\\\/www.wierec.com\\\/fr\\\/prestations\\\/#breadcrumb\"},\"inLanguage\":\"fr-FR\",\"potentialAction\":[{\"@type\":\"ReadAction\",\"target\":[\"https:\\\/\\\/www.wierec.com\\\/fr\\\/prestations\\\/\"]}]},{\"@type\":\"BreadcrumbList\",\"@id\":\"https:\\\/\\\/www.wierec.com\\\/fr\\\/prestations\\\/#breadcrumb\",\"itemListElement\":[{\"@type\":\"ListItem\",\"position\":1,\"name\":\"Home\",\"item\":\"https:\\\/\\\/www.wierec.com\\\/fr\\\/\"},{\"@type\":\"ListItem\",\"position\":2,\"name\":\"prestations\"}]},{\"@type\":\"WebSite\",\"@id\":\"https:\\\/\\\/www.wierec.com\\\/fr\\\/#website\",\"url\":\"https:\\\/\\\/www.wierec.com\\\/fr\\\/\",\"name\":\"Wiederkehr Recycling\",\"description\":\"Die Wiederkehr der Rohstoffe\",\"publisher\":{\"@id\":\"https:\\\/\\\/www.wierec.com\\\/fr\\\/#organization\"},\"potentialAction\":[{\"@type\":\"SearchAction\",\"target\":{\"@type\":\"EntryPoint\",\"urlTemplate\":\"https:\\\/\\\/www.wierec.com\\\/fr\\\/?s={search_term_string}\"},\"query-input\":{\"@type\":\"PropertyValueSpecification\",\"valueRequired\":true,\"valueName\":\"search_term_string\"}}],\"inLanguage\":\"fr-FR\"},{\"@type\":\"Organization\",\"@id\":\"https:\\\/\\\/www.wierec.com\\\/fr\\\/#organization\",\"name\":\"Wiederkehr Recycling AG\",\"url\":\"https:\\\/\\\/www.wierec.com\\\/fr\\\/\",\"logo\":{\"@type\":\"ImageObject\",\"inLanguage\":\"fr-FR\",\"@id\":\"https:\\\/\\\/www.wierec.com\\\/fr\\\/#\\\/schema\\\/logo\\\/image\\\/\",\"url\":\"https:\\\/\\\/www.wierec.com\\\/wp-content\\\/uploads\\\/2020\\\/11\\\/logo-wiederkehr-gruppe-4f-quer-001.png\",\"contentUrl\":\"https:\\\/\\\/www.wierec.com\\\/wp-content\\\/uploads\\\/2020\\\/11\\\/logo-wiederkehr-gruppe-4f-quer-001.png\",\"width\":1500,\"height\":367,\"caption\":\"Wiederkehr Recycling AG\"},\"image\":{\"@id\":\"https:\\\/\\\/www.wierec.com\\\/fr\\\/#\\\/schema\\\/logo\\\/image\\\/\"}}]}<\/script>\n<!-- \/ Yoast SEO Premium plugin. -->","yoast_head_json":{"title":"Prestations | Groupe Wiederkehr","description":"Nos prestations de gestion des d\u00e9chets comprennent des mod\u00e8les de services de bennes, un service de livraison et de collecte, des projets de d\u00e9mant\u00e8lement et une assistance pour l\u2019\u00e9v\u00e9nementiel.","robots":{"index":"index","follow":"follow","max-snippet":"max-snippet:-1","max-image-preview":"max-image-preview:large","max-video-preview":"max-video-preview:-1"},"canonical":"https:\/\/www.wierec.com\/fr\/prestations\/","og_locale":"fr_FR","og_type":"article","og_title":"prestations","og_description":"Nos prestations de gestion des d\u00e9chets comprennent des mod\u00e8les de services de bennes, un service de livraison et de collecte, des projets de d\u00e9mant\u00e8lement et une assistance pour l\u2019\u00e9v\u00e9nementiel.","og_url":"https:\/\/www.wierec.com\/fr\/prestations\/","og_site_name":"Wiederkehr Recycling","article_modified_time":"2025-05-08T13:46:54+00:00","twitter_card":"summary_large_image","twitter_misc":{"Dur\u00e9e de lecture estim\u00e9e":"1 minute"},"schema":{"@context":"https:\/\/schema.org","@graph":[{"@type":"WebPage","@id":"https:\/\/www.wierec.com\/fr\/prestations\/","url":"https:\/\/www.wierec.com\/fr\/prestations\/","name":"Prestations | Groupe Wiederkehr","isPartOf":{"@id":"https:\/\/www.wierec.com\/fr\/#website"},"datePublished":"2020-11-17T14:21:57+00:00","dateModified":"2025-05-08T13:46:54+00:00","description":"Nos prestations de gestion des d\u00e9chets comprennent des mod\u00e8les de services de bennes, un service de livraison et de collecte, des projets de d\u00e9mant\u00e8lement et une assistance pour l\u2019\u00e9v\u00e9nementiel.","breadcrumb":{"@id":"https:\/\/www.wierec.com\/fr\/prestations\/#breadcrumb"},"inLanguage":"fr-FR","potentialAction":[{"@type":"ReadAction","target":["https:\/\/www.wierec.com\/fr\/prestations\/"]}]},{"@type":"BreadcrumbList","@id":"https:\/\/www.wierec.com\/fr\/prestations\/#breadcrumb","itemListElement":[{"@type":"ListItem","position":1,"name":"Home","item":"https:\/\/www.wierec.com\/fr\/"},{"@type":"ListItem","position":2,"name":"prestations"}]},{"@type":"WebSite","@id":"https:\/\/www.wierec.com\/fr\/#website","url":"https:\/\/www.wierec.com\/fr\/","name":"Wiederkehr Recycling","description":"Die Wiederkehr der Rohstoffe","publisher":{"@id":"https:\/\/www.wierec.com\/fr\/#organization"},"potentialAction":[{"@type":"SearchAction","target":{"@type":"EntryPoint","urlTemplate":"https:\/\/www.wierec.com\/fr\/?s={search_term_string}"},"query-input":{"@type":"PropertyValueSpecification","valueRequired":true,"valueName":"search_term_string"}}],"inLanguage":"fr-FR"},{"@type":"Organization","@id":"https:\/\/www.wierec.com\/fr\/#organization","name":"Wiederkehr Recycling AG","url":"https:\/\/www.wierec.com\/fr\/","logo":{"@type":"ImageObject","inLanguage":"fr-FR","@id":"https:\/\/www.wierec.com\/fr\/#\/schema\/logo\/image\/","url":"https:\/\/www.wierec.com\/wp-content\/uploads\/2020\/11\/logo-wiederkehr-gruppe-4f-quer-001.png","contentUrl":"https:\/\/www.wierec.com\/wp-content\/uploads\/2020\/11\/logo-wiederkehr-gruppe-4f-quer-001.png","width":1500,"height":367,"caption":"Wiederkehr Recycling AG"},"image":{"@id":"https:\/\/www.wierec.com\/fr\/#\/schema\/logo\/image\/"}}]}},"_links":{"self":[{"href":"https:\/\/www.wierec.com\/fr\/wp-json\/wp\/v2\/pages\/5322","targetHints":{"allow":["GET"]}}],"collection":[{"href":"https:\/\/www.wierec.com\/fr\/wp-json\/wp\/v2\/pages"}],"about":[{"href":"https:\/\/www.wierec.com\/fr\/wp-json\/wp\/v2\/types\/page"}],"author":[{"embeddable":true,"href":"https:\/\/www.wierec.com\/fr\/wp-json\/wp\/v2\/users\/1"}],"replies":[{"embeddable":true,"href":"https:\/\/www.wierec.com\/fr\/wp-json\/wp\/v2\/comments?post=5322"}],"version-history":[{"count":11,"href":"https:\/\/www.wierec.com\/fr\/wp-json\/wp\/v2\/pages\/5322\/revisions"}],"predecessor-version":[{"id":19888,"href":"https:\/\/www.wierec.com\/fr\/wp-json\/wp\/v2\/pages\/5322\/revisions\/19888"}],"wp:attachment":[{"href":"https:\/\/www.wierec.com\/fr\/wp-json\/wp\/v2\/media?parent=5322"}],"curies":[{"name":"wp","href":"https:\/\/api.w.org\/{rel}","templated":true}]}}