{"id":5332,"date":"2020-11-17T14:28:38","date_gmt":"2020-11-17T14:28:38","guid":{"rendered":"https:\/\/www.wierec.com\/?page_id=5332"},"modified":"2022-07-01T12:19:34","modified_gmt":"2022-07-01T12:19:34","slug":"logistique","status":"publish","type":"page","link":"https:\/\/www.wierec.com\/fr\/logistique\/","title":{"rendered":"Logistique"},"content":{"rendered":"<h1>LOGISTIQUE<\/h1>\n<p><img decoding=\"async\" src=\"\/wp-content\/uploads\/2020\/10\/recycling-wiederkehr-gruppe-dienstleistung-002.jpg\" alt=\"\"><\/p>\n<div>\n<p>Nous serons ravis de nous d\u00e9placer pour vous, dans la r\u00e9gion ou plus loin. Nous planifions, pilotons et contr\u00f4lons le transport de vos mat\u00e9riaux recyclables en toute s\u00e9curit\u00e9. Cela inclut notamment un service professionnel de collecte et de livraison ou encore la mise \u00e0 disposition de bennes de diff\u00e9rentes dimensions. Nous proposons \u00e9galement des solutions sur contrat pour des collectes r\u00e9guli\u00e8res. O\u00f9 pouvons-nous venir les chercher?<\/p>\n<\/div>\n<p>\n    <a href=\"\/fr\/contact\/#Kontakt\">Demande assistance logistique<\/a>\n<\/p>\n<p><!--more--><br \/>\n<!-- {\"name\":\"Logistik DE\",\"type\":\"layout\",\"children\":[{\"type\":\"section\",\"props\":{\"style\":\"default\",\"width\":\"xlarge\",\"vertical_align\":\"middle\",\"title_position\":\"top-left\",\"title_rotation\":\"left\",\"title_breakpoint\":\"xl\",\"image_position\":\"center-center\"},\"children\":[{\"type\":\"row\",\"children\":[{\"type\":\"column\",\"props\":{\"image_position\":\"center-center\",\"media_overlay_gradient\":\"\",\"position_sticky_breakpoint\":\"m\"},\"children\":[{\"type\":\"headline\",\"props\":{\"title_element\":\"h1\",\"title_style\":\"heading-small\",\"text_align\":\"center\",\"content\":\"LOGISTIQUE\"}}]}]},{\"type\":\"row\",\"props\":{\"layout\":\"1-2,1-2\"},\"children\":[{\"type\":\"column\",\"props\":{\"image_position\":\"center-center\",\"media_overlay_gradient\":\"\",\"width_medium\":\"1-2\",\"position_sticky_breakpoint\":\"m\"},\"children\":[{\"type\":\"image\",\"props\":{\"margin\":\"default\",\"image_svg_color\":\"emphasis\",\"image\":\"wp-content\\\/uploads\\\/2020\\\/10\\\/recycling-wiederkehr-gruppe-dienstleistung-002.jpg\"}}]},{\"type\":\"column\",\"props\":{\"image_position\":\"center-center\",\"media_overlay_gradient\":\"\",\"width_medium\":\"1-2\",\"vertical_align\":\"middle\",\"position_sticky_breakpoint\":\"m\"},\"children\":[{\"type\":\"text\",\"props\":{\"margin\":\"default\",\"column_breakpoint\":\"m\",\"content\":\"\n\n<p>Nous serons ravis de nous d\\u00e9placer pour vous, dans la r\\u00e9gion ou plus loin. Nous planifions, pilotons et contr\\u00f4lons le transport de vos mat\\u00e9riaux recyclables en toute s\\u00e9curit\\u00e9. Cela inclut notamment un service professionnel de collecte et de livraison ou encore la mise \\u00e0 disposition de bennes de diff\\u00e9rentes dimensions. Nous proposons \\u00e9galement des solutions sur contrat pour des collectes r\\u00e9guli\\u00e8res. O\\u00f9 pouvons-nous venir les chercher?<\\\/p>\"}},{\"type\":\"button\",\"props\":{\"grid_column_gap\":\"small\",\"grid_row_gap\":\"small\",\"margin\":\"default\"},\"children\":[{\"type\":\"button_item\",\"props\":{\"button_style\":\"primary\",\"icon_align\":\"right\",\"content\":\"Demande assistance logistique\",\"link\":\"\\\/fr\\\/contact\\\/#Kontakt\",\"icon\":\"arrow-right\"}}]}]}]}],\"modified\":\"2020-10-31T15:00:27.555Z\",\"name\":\"Logistik\"}],\"version\":\"2.7.22\"} --><\/p>\n","protected":false},"excerpt":{"rendered":"<p>LOGISTIQUE Nous serons ravis de nous d\u00e9placer pour vous, dans la r\u00e9gion ou plus loin. Nous planifions, pilotons et contr\u00f4lons le transport de vos mat\u00e9riaux recyclables en toute s\u00e9curit\u00e9. Cela inclut notamment un service professionnel de collecte et de livraison ou encore la mise \u00e0 disposition de bennes de diff\u00e9rentes dimensions. Nous proposons \u00e9galement des [&hellip;]<\/p>\n","protected":false},"author":1,"featured_media":0,"parent":0,"menu_order":0,"comment_status":"closed","ping_status":"closed","template":"","meta":{"inline_featured_image":false,"footnotes":""},"class_list":["post-5332","page","type-page","status-publish","hentry"],"yoast_head":"<!-- This site is optimized with the Yoast SEO Premium plugin v24.3 (Yoast SEO v27.3) - https:\/\/yoast.com\/product\/yoast-seo-premium-wordpress\/ -->\n<title>Logistique | Groupe Wiederkehr<\/title>\n<meta name=\"description\" content=\"L\u2019assistance logistique fait aussi partie des prestations de recyclage. Nous proposons \u00e9galement des solutions sur contrat pour des collectes r\u00e9guli\u00e8res. Contactez-nous.\" \/>\n<meta name=\"robots\" content=\"index, follow, max-snippet:-1, max-image-preview:large, max-video-preview:-1\" \/>\n<link rel=\"canonical\" href=\"https:\/\/www.wierec.com\/fr\/logistique\/\" \/>\n<meta property=\"og:locale\" content=\"fr_FR\" \/>\n<meta property=\"og:type\" content=\"article\" \/>\n<meta property=\"og:title\" content=\"Logistique\" \/>\n<meta property=\"og:description\" content=\"L\u2019assistance logistique fait aussi partie des prestations de recyclage. Nous proposons \u00e9galement des solutions sur contrat pour des collectes r\u00e9guli\u00e8res. Contactez-nous.\" \/>\n<meta property=\"og:url\" content=\"https:\/\/www.wierec.com\/fr\/logistique\/\" \/>\n<meta property=\"og:site_name\" content=\"Wiederkehr Recycling\" \/>\n<meta property=\"article:modified_time\" content=\"2022-07-01T12:19:34+00:00\" \/>\n<meta name=\"twitter:card\" content=\"summary_large_image\" \/>\n<script type=\"application\/ld+json\" class=\"yoast-schema-graph\">{\"@context\":\"https:\\\/\\\/schema.org\",\"@graph\":[{\"@type\":\"WebPage\",\"@id\":\"https:\\\/\\\/www.wierec.com\\\/fr\\\/logistique\\\/\",\"url\":\"https:\\\/\\\/www.wierec.com\\\/fr\\\/logistique\\\/\",\"name\":\"Logistique | Groupe Wiederkehr\",\"isPartOf\":{\"@id\":\"https:\\\/\\\/www.wierec.com\\\/fr\\\/#website\"},\"datePublished\":\"2020-11-17T14:28:38+00:00\",\"dateModified\":\"2022-07-01T12:19:34+00:00\",\"description\":\"L\u2019assistance logistique fait aussi partie des prestations de recyclage. Nous proposons \u00e9galement des solutions sur contrat pour des collectes r\u00e9guli\u00e8res. Contactez-nous.\",\"breadcrumb\":{\"@id\":\"https:\\\/\\\/www.wierec.com\\\/fr\\\/logistique\\\/#breadcrumb\"},\"inLanguage\":\"fr-FR\",\"potentialAction\":[{\"@type\":\"ReadAction\",\"target\":[\"https:\\\/\\\/www.wierec.com\\\/fr\\\/logistique\\\/\"]}]},{\"@type\":\"BreadcrumbList\",\"@id\":\"https:\\\/\\\/www.wierec.com\\\/fr\\\/logistique\\\/#breadcrumb\",\"itemListElement\":[{\"@type\":\"ListItem\",\"position\":1,\"name\":\"Home\",\"item\":\"https:\\\/\\\/www.wierec.com\\\/fr\\\/\"},{\"@type\":\"ListItem\",\"position\":2,\"name\":\"Logistique\"}]},{\"@type\":\"WebSite\",\"@id\":\"https:\\\/\\\/www.wierec.com\\\/fr\\\/#website\",\"url\":\"https:\\\/\\\/www.wierec.com\\\/fr\\\/\",\"name\":\"Wiederkehr Recycling\",\"description\":\"Die Wiederkehr der Rohstoffe\",\"publisher\":{\"@id\":\"https:\\\/\\\/www.wierec.com\\\/fr\\\/#organization\"},\"potentialAction\":[{\"@type\":\"SearchAction\",\"target\":{\"@type\":\"EntryPoint\",\"urlTemplate\":\"https:\\\/\\\/www.wierec.com\\\/fr\\\/?s={search_term_string}\"},\"query-input\":{\"@type\":\"PropertyValueSpecification\",\"valueRequired\":true,\"valueName\":\"search_term_string\"}}],\"inLanguage\":\"fr-FR\"},{\"@type\":\"Organization\",\"@id\":\"https:\\\/\\\/www.wierec.com\\\/fr\\\/#organization\",\"name\":\"Wiederkehr Recycling AG\",\"url\":\"https:\\\/\\\/www.wierec.com\\\/fr\\\/\",\"logo\":{\"@type\":\"ImageObject\",\"inLanguage\":\"fr-FR\",\"@id\":\"https:\\\/\\\/www.wierec.com\\\/fr\\\/#\\\/schema\\\/logo\\\/image\\\/\",\"url\":\"https:\\\/\\\/www.wierec.com\\\/wp-content\\\/uploads\\\/2020\\\/11\\\/logo-wiederkehr-gruppe-4f-quer-001.png\",\"contentUrl\":\"https:\\\/\\\/www.wierec.com\\\/wp-content\\\/uploads\\\/2020\\\/11\\\/logo-wiederkehr-gruppe-4f-quer-001.png\",\"width\":1500,\"height\":367,\"caption\":\"Wiederkehr Recycling AG\"},\"image\":{\"@id\":\"https:\\\/\\\/www.wierec.com\\\/fr\\\/#\\\/schema\\\/logo\\\/image\\\/\"}}]}<\/script>\n<!-- \/ Yoast SEO Premium plugin. -->","yoast_head_json":{"title":"Logistique | Groupe Wiederkehr","description":"L\u2019assistance logistique fait aussi partie des prestations de recyclage. Nous proposons \u00e9galement des solutions sur contrat pour des collectes r\u00e9guli\u00e8res. Contactez-nous.","robots":{"index":"index","follow":"follow","max-snippet":"max-snippet:-1","max-image-preview":"max-image-preview:large","max-video-preview":"max-video-preview:-1"},"canonical":"https:\/\/www.wierec.com\/fr\/logistique\/","og_locale":"fr_FR","og_type":"article","og_title":"Logistique","og_description":"L\u2019assistance logistique fait aussi partie des prestations de recyclage. Nous proposons \u00e9galement des solutions sur contrat pour des collectes r\u00e9guli\u00e8res. Contactez-nous.","og_url":"https:\/\/www.wierec.com\/fr\/logistique\/","og_site_name":"Wiederkehr Recycling","article_modified_time":"2022-07-01T12:19:34+00:00","twitter_card":"summary_large_image","schema":{"@context":"https:\/\/schema.org","@graph":[{"@type":"WebPage","@id":"https:\/\/www.wierec.com\/fr\/logistique\/","url":"https:\/\/www.wierec.com\/fr\/logistique\/","name":"Logistique | Groupe Wiederkehr","isPartOf":{"@id":"https:\/\/www.wierec.com\/fr\/#website"},"datePublished":"2020-11-17T14:28:38+00:00","dateModified":"2022-07-01T12:19:34+00:00","description":"L\u2019assistance logistique fait aussi partie des prestations de recyclage. Nous proposons \u00e9galement des solutions sur contrat pour des collectes r\u00e9guli\u00e8res. Contactez-nous.","breadcrumb":{"@id":"https:\/\/www.wierec.com\/fr\/logistique\/#breadcrumb"},"inLanguage":"fr-FR","potentialAction":[{"@type":"ReadAction","target":["https:\/\/www.wierec.com\/fr\/logistique\/"]}]},{"@type":"BreadcrumbList","@id":"https:\/\/www.wierec.com\/fr\/logistique\/#breadcrumb","itemListElement":[{"@type":"ListItem","position":1,"name":"Home","item":"https:\/\/www.wierec.com\/fr\/"},{"@type":"ListItem","position":2,"name":"Logistique"}]},{"@type":"WebSite","@id":"https:\/\/www.wierec.com\/fr\/#website","url":"https:\/\/www.wierec.com\/fr\/","name":"Wiederkehr Recycling","description":"Die Wiederkehr der Rohstoffe","publisher":{"@id":"https:\/\/www.wierec.com\/fr\/#organization"},"potentialAction":[{"@type":"SearchAction","target":{"@type":"EntryPoint","urlTemplate":"https:\/\/www.wierec.com\/fr\/?s={search_term_string}"},"query-input":{"@type":"PropertyValueSpecification","valueRequired":true,"valueName":"search_term_string"}}],"inLanguage":"fr-FR"},{"@type":"Organization","@id":"https:\/\/www.wierec.com\/fr\/#organization","name":"Wiederkehr Recycling AG","url":"https:\/\/www.wierec.com\/fr\/","logo":{"@type":"ImageObject","inLanguage":"fr-FR","@id":"https:\/\/www.wierec.com\/fr\/#\/schema\/logo\/image\/","url":"https:\/\/www.wierec.com\/wp-content\/uploads\/2020\/11\/logo-wiederkehr-gruppe-4f-quer-001.png","contentUrl":"https:\/\/www.wierec.com\/wp-content\/uploads\/2020\/11\/logo-wiederkehr-gruppe-4f-quer-001.png","width":1500,"height":367,"caption":"Wiederkehr Recycling AG"},"image":{"@id":"https:\/\/www.wierec.com\/fr\/#\/schema\/logo\/image\/"}}]}},"_links":{"self":[{"href":"https:\/\/www.wierec.com\/fr\/wp-json\/wp\/v2\/pages\/5332","targetHints":{"allow":["GET"]}}],"collection":[{"href":"https:\/\/www.wierec.com\/fr\/wp-json\/wp\/v2\/pages"}],"about":[{"href":"https:\/\/www.wierec.com\/fr\/wp-json\/wp\/v2\/types\/page"}],"author":[{"embeddable":true,"href":"https:\/\/www.wierec.com\/fr\/wp-json\/wp\/v2\/users\/1"}],"replies":[{"embeddable":true,"href":"https:\/\/www.wierec.com\/fr\/wp-json\/wp\/v2\/comments?post=5332"}],"version-history":[{"count":8,"href":"https:\/\/www.wierec.com\/fr\/wp-json\/wp\/v2\/pages\/5332\/revisions"}],"predecessor-version":[{"id":11248,"href":"https:\/\/www.wierec.com\/fr\/wp-json\/wp\/v2\/pages\/5332\/revisions\/11248"}],"wp:attachment":[{"href":"https:\/\/www.wierec.com\/fr\/wp-json\/wp\/v2\/media?parent=5332"}],"curies":[{"name":"wp","href":"https:\/\/api.w.org\/{rel}","templated":true}]}}