{"id":5343,"date":"2020-11-17T14:31:26","date_gmt":"2020-11-17T14:31:26","guid":{"rendered":"https:\/\/www.wierec.com\/?page_id=5343"},"modified":"2022-07-05T09:16:38","modified_gmt":"2022-07-05T09:16:38","slug":"concepts-de-gestion-des-dechets","status":"publish","type":"page","link":"https:\/\/www.wierec.com\/fr\/concepts-de-gestion-des-dechets\/","title":{"rendered":"Concepts de gestion des d\u00e9chets"},"content":{"rendered":"<h1>CONCEPTS DE GESTION DES D\u00c9CHETS<\/h1>\n<p><img decoding=\"async\" src=\"\/wp-content\/uploads\/2020\/10\/recycling-wiederkehr-gruppe-dienstleistung-003.jpg\" alt=\"\"><\/p>\n<div>\n<p>Une bonne planification constitue la moiti\u00e9 du chemin vers le succ\u00e8s. Nous vous aidons et vous accompagnons dans l\u2019\u00e9laboration de concepts individuels pour le recyclage. Nous accordons une grande importance \u00e0 la rigueur des solutions et \u00e0 la durabilit\u00e9. Une action unique ou une assistance r\u00e9guli\u00e8re: notre exp\u00e9rience vous offre une solution nette \u00e0 chaque fois. N\u2019h\u00e9sitez pas \u00e0 nous poser vos questions, nous serons ravis d\u2019y r\u00e9pondre.<\/p>\n<\/div>\n<p>\n    <a href=\"\/fr\/contact#Kontakt\">Demande concept de gestion des d\u00e9chets<\/a>\n<\/p>\n<p><!--more--><br \/>\n<!-- {\"name\":\"Entsorgungskonzepte\\\/Diensleistungen DE\",\"type\":\"layout\",\"children\":[{\"type\":\"section\",\"props\":{\"style\":\"muted\",\"width\":\"xlarge\",\"vertical_align\":\"middle\",\"title_position\":\"top-left\",\"title_rotation\":\"left\",\"title_breakpoint\":\"xl\",\"image_position\":\"center-center\"},\"children\":[{\"type\":\"row\",\"children\":[{\"type\":\"column\",\"props\":{\"image_position\":\"center-center\",\"media_overlay_gradient\":\"\",\"position_sticky_breakpoint\":\"m\"},\"children\":[{\"type\":\"headline\",\"props\":{\"title_element\":\"h1\",\"title_style\":\"heading-small\",\"text_align\":\"center\",\"content\":\"CONCEPTS DE GESTION DES D\\u00c9CHETS\"}}]}]},{\"type\":\"row\",\"props\":{\"layout\":\"1-2,1-2\"},\"children\":[{\"type\":\"column\",\"props\":{\"image_position\":\"center-center\",\"media_overlay_gradient\":\"\",\"width_medium\":\"1-2\",\"position_sticky_breakpoint\":\"m\"},\"children\":[{\"type\":\"image\",\"props\":{\"margin\":\"default\",\"image_svg_color\":\"emphasis\",\"image\":\"wp-content\\\/uploads\\\/2020\\\/10\\\/recycling-wiederkehr-gruppe-dienstleistung-003.jpg\"}}]},{\"type\":\"column\",\"props\":{\"image_position\":\"center-center\",\"media_overlay_gradient\":\"\",\"width_medium\":\"1-2\",\"vertical_align\":\"middle\",\"position_sticky_breakpoint\":\"m\"},\"children\":[{\"type\":\"text\",\"props\":{\"margin\":\"default\",\"column_breakpoint\":\"m\",\"content\":\"\n\n<p>Une bonne planification constitue la moiti\\u00e9 du chemin vers le succ\\u00e8s. Nous vous aidons et vous accompagnons dans l\\u2019\\u00e9laboration de concepts individuels pour le recyclage. Nous accordons une grande importance \\u00e0 la rigueur des solutions et \\u00e0 la durabilit\\u00e9. Une action unique ou une assistance r\\u00e9guli\\u00e8re: notre exp\\u00e9rience vous offre une solution nette \\u00e0 chaque fois. N\\u2019h\\u00e9sitez pas \\u00e0 nous poser vos questions, nous serons ravis d\\u2019y r\\u00e9pondre.<\\\/p>\"}},{\"type\":\"button\",\"props\":{\"grid_column_gap\":\"small\",\"grid_row_gap\":\"small\",\"margin\":\"default\"},\"children\":[{\"type\":\"button_item\",\"props\":{\"button_style\":\"primary\",\"icon_align\":\"right\",\"content\":\"Demande concept de gestion des d\\u00e9chets\",\"link\":\"\\\/fr\\\/contact#Kontakt\",\"icon\":\"arrow-right\"}}]}]}]}],\"modified\":\"2020-10-31T14:23:09.774Z\",\"name\":\"Entsorgungskonzepte\"}],\"version\":\"2.7.22\"} --><\/p>\n","protected":false},"excerpt":{"rendered":"<p>CONCEPTS DE GESTION DES D\u00c9CHETS Une bonne planification constitue la moiti\u00e9 du chemin vers le succ\u00e8s. Nous vous aidons et vous accompagnons dans l\u2019\u00e9laboration de concepts individuels pour le recyclage. Nous accordons une grande importance \u00e0 la rigueur des solutions et \u00e0 la durabilit\u00e9. Une action unique ou une assistance r\u00e9guli\u00e8re: notre exp\u00e9rience vous offre [&hellip;]<\/p>\n","protected":false},"author":1,"featured_media":0,"parent":0,"menu_order":0,"comment_status":"closed","ping_status":"closed","template":"","meta":{"inline_featured_image":false,"footnotes":""},"class_list":["post-5343","page","type-page","status-publish","hentry"],"yoast_head":"<!-- This site is optimized with the Yoast SEO Premium plugin v24.3 (Yoast SEO v27.3) - https:\/\/yoast.com\/product\/yoast-seo-premium-wordpress\/ -->\n<title>Concepts de gestion des d\u00e9chets | Groupe Wiederkehr<\/title>\n<meta name=\"description\" content=\"Des prestations de gestion des d\u00e9chets aupr\u00e8s d\u2019un seul et m\u00eame fournisseur. Nous conseillons, concevons et recyclons. Nous proposons \u00e9galement des solutions sur contrat pour des collectes r\u00e9guli\u00e8res. Posez-nous vos questions.\" \/>\n<meta name=\"robots\" content=\"index, follow, max-snippet:-1, max-image-preview:large, max-video-preview:-1\" \/>\n<link rel=\"canonical\" href=\"https:\/\/www.wierec.com\/fr\/concepts-de-gestion-des-dechets\/\" \/>\n<meta property=\"og:locale\" content=\"fr_FR\" \/>\n<meta property=\"og:type\" content=\"article\" \/>\n<meta property=\"og:title\" content=\"Concepts de gestion des d\u00e9chets\" \/>\n<meta property=\"og:description\" content=\"Des prestations de gestion des d\u00e9chets aupr\u00e8s d\u2019un seul et m\u00eame fournisseur. Nous conseillons, concevons et recyclons. Nous proposons \u00e9galement des solutions sur contrat pour des collectes r\u00e9guli\u00e8res. Posez-nous vos questions.\" \/>\n<meta property=\"og:url\" content=\"https:\/\/www.wierec.com\/fr\/concepts-de-gestion-des-dechets\/\" \/>\n<meta property=\"og:site_name\" content=\"Wiederkehr Recycling\" \/>\n<meta property=\"article:modified_time\" content=\"2022-07-05T09:16:38+00:00\" \/>\n<meta name=\"twitter:card\" content=\"summary_large_image\" \/>\n<script type=\"application\/ld+json\" class=\"yoast-schema-graph\">{\"@context\":\"https:\\\/\\\/schema.org\",\"@graph\":[{\"@type\":\"WebPage\",\"@id\":\"https:\\\/\\\/www.wierec.com\\\/fr\\\/concepts-de-gestion-des-dechets\\\/\",\"url\":\"https:\\\/\\\/www.wierec.com\\\/fr\\\/concepts-de-gestion-des-dechets\\\/\",\"name\":\"Concepts de gestion des d\u00e9chets | Groupe Wiederkehr\",\"isPartOf\":{\"@id\":\"https:\\\/\\\/www.wierec.com\\\/fr\\\/#website\"},\"datePublished\":\"2020-11-17T14:31:26+00:00\",\"dateModified\":\"2022-07-05T09:16:38+00:00\",\"description\":\"Des prestations de gestion des d\u00e9chets aupr\u00e8s d\u2019un seul et m\u00eame fournisseur. Nous conseillons, concevons et recyclons. Nous proposons \u00e9galement des solutions sur contrat pour des collectes r\u00e9guli\u00e8res. Posez-nous vos questions.\",\"breadcrumb\":{\"@id\":\"https:\\\/\\\/www.wierec.com\\\/fr\\\/concepts-de-gestion-des-dechets\\\/#breadcrumb\"},\"inLanguage\":\"fr-FR\",\"potentialAction\":[{\"@type\":\"ReadAction\",\"target\":[\"https:\\\/\\\/www.wierec.com\\\/fr\\\/concepts-de-gestion-des-dechets\\\/\"]}]},{\"@type\":\"BreadcrumbList\",\"@id\":\"https:\\\/\\\/www.wierec.com\\\/fr\\\/concepts-de-gestion-des-dechets\\\/#breadcrumb\",\"itemListElement\":[{\"@type\":\"ListItem\",\"position\":1,\"name\":\"Home\",\"item\":\"https:\\\/\\\/www.wierec.com\\\/fr\\\/\"},{\"@type\":\"ListItem\",\"position\":2,\"name\":\"Concepts de gestion des d\u00e9chets\"}]},{\"@type\":\"WebSite\",\"@id\":\"https:\\\/\\\/www.wierec.com\\\/fr\\\/#website\",\"url\":\"https:\\\/\\\/www.wierec.com\\\/fr\\\/\",\"name\":\"Wiederkehr Recycling\",\"description\":\"Die Wiederkehr der Rohstoffe\",\"publisher\":{\"@id\":\"https:\\\/\\\/www.wierec.com\\\/fr\\\/#organization\"},\"potentialAction\":[{\"@type\":\"SearchAction\",\"target\":{\"@type\":\"EntryPoint\",\"urlTemplate\":\"https:\\\/\\\/www.wierec.com\\\/fr\\\/?s={search_term_string}\"},\"query-input\":{\"@type\":\"PropertyValueSpecification\",\"valueRequired\":true,\"valueName\":\"search_term_string\"}}],\"inLanguage\":\"fr-FR\"},{\"@type\":\"Organization\",\"@id\":\"https:\\\/\\\/www.wierec.com\\\/fr\\\/#organization\",\"name\":\"Wiederkehr Recycling AG\",\"url\":\"https:\\\/\\\/www.wierec.com\\\/fr\\\/\",\"logo\":{\"@type\":\"ImageObject\",\"inLanguage\":\"fr-FR\",\"@id\":\"https:\\\/\\\/www.wierec.com\\\/fr\\\/#\\\/schema\\\/logo\\\/image\\\/\",\"url\":\"https:\\\/\\\/www.wierec.com\\\/wp-content\\\/uploads\\\/2020\\\/11\\\/logo-wiederkehr-gruppe-4f-quer-001.png\",\"contentUrl\":\"https:\\\/\\\/www.wierec.com\\\/wp-content\\\/uploads\\\/2020\\\/11\\\/logo-wiederkehr-gruppe-4f-quer-001.png\",\"width\":1500,\"height\":367,\"caption\":\"Wiederkehr Recycling AG\"},\"image\":{\"@id\":\"https:\\\/\\\/www.wierec.com\\\/fr\\\/#\\\/schema\\\/logo\\\/image\\\/\"}}]}<\/script>\n<!-- \/ Yoast SEO Premium plugin. -->","yoast_head_json":{"title":"Concepts de gestion des d\u00e9chets | Groupe Wiederkehr","description":"Des prestations de gestion des d\u00e9chets aupr\u00e8s d\u2019un seul et m\u00eame fournisseur. Nous conseillons, concevons et recyclons. Nous proposons \u00e9galement des solutions sur contrat pour des collectes r\u00e9guli\u00e8res. Posez-nous vos questions.","robots":{"index":"index","follow":"follow","max-snippet":"max-snippet:-1","max-image-preview":"max-image-preview:large","max-video-preview":"max-video-preview:-1"},"canonical":"https:\/\/www.wierec.com\/fr\/concepts-de-gestion-des-dechets\/","og_locale":"fr_FR","og_type":"article","og_title":"Concepts de gestion des d\u00e9chets","og_description":"Des prestations de gestion des d\u00e9chets aupr\u00e8s d\u2019un seul et m\u00eame fournisseur. Nous conseillons, concevons et recyclons. Nous proposons \u00e9galement des solutions sur contrat pour des collectes r\u00e9guli\u00e8res. Posez-nous vos questions.","og_url":"https:\/\/www.wierec.com\/fr\/concepts-de-gestion-des-dechets\/","og_site_name":"Wiederkehr Recycling","article_modified_time":"2022-07-05T09:16:38+00:00","twitter_card":"summary_large_image","schema":{"@context":"https:\/\/schema.org","@graph":[{"@type":"WebPage","@id":"https:\/\/www.wierec.com\/fr\/concepts-de-gestion-des-dechets\/","url":"https:\/\/www.wierec.com\/fr\/concepts-de-gestion-des-dechets\/","name":"Concepts de gestion des d\u00e9chets | Groupe Wiederkehr","isPartOf":{"@id":"https:\/\/www.wierec.com\/fr\/#website"},"datePublished":"2020-11-17T14:31:26+00:00","dateModified":"2022-07-05T09:16:38+00:00","description":"Des prestations de gestion des d\u00e9chets aupr\u00e8s d\u2019un seul et m\u00eame fournisseur. Nous conseillons, concevons et recyclons. Nous proposons \u00e9galement des solutions sur contrat pour des collectes r\u00e9guli\u00e8res. Posez-nous vos questions.","breadcrumb":{"@id":"https:\/\/www.wierec.com\/fr\/concepts-de-gestion-des-dechets\/#breadcrumb"},"inLanguage":"fr-FR","potentialAction":[{"@type":"ReadAction","target":["https:\/\/www.wierec.com\/fr\/concepts-de-gestion-des-dechets\/"]}]},{"@type":"BreadcrumbList","@id":"https:\/\/www.wierec.com\/fr\/concepts-de-gestion-des-dechets\/#breadcrumb","itemListElement":[{"@type":"ListItem","position":1,"name":"Home","item":"https:\/\/www.wierec.com\/fr\/"},{"@type":"ListItem","position":2,"name":"Concepts de gestion des d\u00e9chets"}]},{"@type":"WebSite","@id":"https:\/\/www.wierec.com\/fr\/#website","url":"https:\/\/www.wierec.com\/fr\/","name":"Wiederkehr Recycling","description":"Die Wiederkehr der Rohstoffe","publisher":{"@id":"https:\/\/www.wierec.com\/fr\/#organization"},"potentialAction":[{"@type":"SearchAction","target":{"@type":"EntryPoint","urlTemplate":"https:\/\/www.wierec.com\/fr\/?s={search_term_string}"},"query-input":{"@type":"PropertyValueSpecification","valueRequired":true,"valueName":"search_term_string"}}],"inLanguage":"fr-FR"},{"@type":"Organization","@id":"https:\/\/www.wierec.com\/fr\/#organization","name":"Wiederkehr Recycling AG","url":"https:\/\/www.wierec.com\/fr\/","logo":{"@type":"ImageObject","inLanguage":"fr-FR","@id":"https:\/\/www.wierec.com\/fr\/#\/schema\/logo\/image\/","url":"https:\/\/www.wierec.com\/wp-content\/uploads\/2020\/11\/logo-wiederkehr-gruppe-4f-quer-001.png","contentUrl":"https:\/\/www.wierec.com\/wp-content\/uploads\/2020\/11\/logo-wiederkehr-gruppe-4f-quer-001.png","width":1500,"height":367,"caption":"Wiederkehr Recycling AG"},"image":{"@id":"https:\/\/www.wierec.com\/fr\/#\/schema\/logo\/image\/"}}]}},"_links":{"self":[{"href":"https:\/\/www.wierec.com\/fr\/wp-json\/wp\/v2\/pages\/5343","targetHints":{"allow":["GET"]}}],"collection":[{"href":"https:\/\/www.wierec.com\/fr\/wp-json\/wp\/v2\/pages"}],"about":[{"href":"https:\/\/www.wierec.com\/fr\/wp-json\/wp\/v2\/types\/page"}],"author":[{"embeddable":true,"href":"https:\/\/www.wierec.com\/fr\/wp-json\/wp\/v2\/users\/1"}],"replies":[{"embeddable":true,"href":"https:\/\/www.wierec.com\/fr\/wp-json\/wp\/v2\/comments?post=5343"}],"version-history":[{"count":8,"href":"https:\/\/www.wierec.com\/fr\/wp-json\/wp\/v2\/pages\/5343\/revisions"}],"predecessor-version":[{"id":11777,"href":"https:\/\/www.wierec.com\/fr\/wp-json\/wp\/v2\/pages\/5343\/revisions\/11777"}],"wp:attachment":[{"href":"https:\/\/www.wierec.com\/fr\/wp-json\/wp\/v2\/media?parent=5343"}],"curies":[{"name":"wp","href":"https:\/\/api.w.org\/{rel}","templated":true}]}}