{"id":5351,"date":"2020-11-17T14:34:11","date_gmt":"2020-11-17T14:34:11","guid":{"rendered":"https:\/\/www.wierec.com\/?page_id=5351"},"modified":"2022-07-05T09:16:51","modified_gmt":"2022-07-05T09:16:51","slug":"service-de-collecte","status":"publish","type":"page","link":"https:\/\/www.wierec.com\/fr\/service-de-collecte\/","title":{"rendered":"Service de collecte"},"content":{"rendered":"<h1>Service de collecte<\/h1>\n<p><img decoding=\"async\" src=\"\/wp-content\/uploads\/2020\/10\/recycling-wiederkehr-gruppe-dienstleistung-004.jpg\" alt=\"\"><\/p>\n<div>\n<p>Si vous ne pouvez pas venir jusqu\u2019\u00e0 nous, nous viendrons jusqu\u2019\u00e0 vous. Nous conviendrons d\u2019un rendez-vous pour venir r\u00e9cup\u00e9rer les d\u00e9chets souhait\u00e9s sur place. Nous proposons des solutions personnalis\u00e9es sur contrat pour des collectes de recyclage r\u00e9guli\u00e8res. Que souhaitez-vous recycler?<\/p>\n<\/div>\n<p>\n    <a href=\"\/fr\/contact#Kontakt\">Demande service de collecte<\/a>\n<\/p>\n<p><!--more--><br \/>\n<!-- {\"name\":\"Abholservice DE\",\"type\":\"layout\",\"children\":[{\"type\":\"section\",\"props\":{\"style\":\"default\",\"width\":\"xlarge\",\"vertical_align\":\"middle\",\"title_position\":\"top-left\",\"title_rotation\":\"left\",\"title_breakpoint\":\"xl\",\"image_position\":\"center-center\"},\"children\":[{\"type\":\"row\",\"children\":[{\"type\":\"column\",\"props\":{\"image_position\":\"center-center\",\"media_overlay_gradient\":\"\",\"position_sticky_breakpoint\":\"m\"},\"children\":[{\"type\":\"headline\",\"props\":{\"title_element\":\"h1\",\"title_style\":\"heading-small\",\"text_align\":\"center\",\"content\":\"Service de collecte\"}}]}]},{\"type\":\"row\",\"props\":{\"layout\":\"1-2,1-2\"},\"children\":[{\"type\":\"column\",\"props\":{\"image_position\":\"center-center\",\"media_overlay_gradient\":\"\",\"width_medium\":\"1-2\",\"position_sticky_breakpoint\":\"m\"},\"children\":[{\"type\":\"image\",\"props\":{\"margin\":\"default\",\"image_svg_color\":\"emphasis\",\"image\":\"wp-content\\\/uploads\\\/2020\\\/10\\\/recycling-wiederkehr-gruppe-dienstleistung-004.jpg\"}}]},{\"type\":\"column\",\"props\":{\"image_position\":\"center-center\",\"media_overlay_gradient\":\"\",\"width_medium\":\"1-2\",\"vertical_align\":\"middle\",\"position_sticky_breakpoint\":\"m\"},\"children\":[{\"type\":\"text\",\"props\":{\"margin\":\"default\",\"column_breakpoint\":\"m\",\"content\":\"\n\n<p>Si vous ne pouvez pas venir jusqu\\u2019\\u00e0 nous, nous viendrons jusqu\\u2019\\u00e0 vous. Nous conviendrons d\\u2019un rendez-vous pour venir r\\u00e9cup\\u00e9rer les d\\u00e9chets souhait\\u00e9s sur place. Nous proposons des solutions personnalis\\u00e9es sur contrat pour des collectes de recyclage r\\u00e9guli\\u00e8res. Que souhaitez-vous recycler?<\\\/p>\"}},{\"type\":\"button\",\"props\":{\"grid_column_gap\":\"small\",\"grid_row_gap\":\"small\",\"margin\":\"default\"},\"children\":[{\"type\":\"button_item\",\"props\":{\"button_style\":\"primary\",\"icon_align\":\"right\",\"content\":\"Demande service de collecte\",\"link\":\"\\\/fr\\\/contact#Kontakt\",\"icon\":\"arrow-right\"}}]}]}]}],\"modified\":\"2020-10-31T15:00:45.799Z\",\"name\":\"Abholservice\"}],\"version\":\"2.7.22\"} --><\/p>\n","protected":false},"excerpt":{"rendered":"<p>Service de collecte Si vous ne pouvez pas venir jusqu\u2019\u00e0 nous, nous viendrons jusqu\u2019\u00e0 vous. Nous conviendrons d\u2019un rendez-vous pour venir r\u00e9cup\u00e9rer les d\u00e9chets souhait\u00e9s sur place. Nous proposons des solutions personnalis\u00e9es sur contrat pour des collectes de recyclage r\u00e9guli\u00e8res. Que souhaitez-vous recycler? Demande service de collecte<\/p>\n","protected":false},"author":1,"featured_media":0,"parent":0,"menu_order":0,"comment_status":"closed","ping_status":"closed","template":"","meta":{"inline_featured_image":false,"footnotes":""},"class_list":["post-5351","page","type-page","status-publish","hentry"],"yoast_head":"<!-- This site is optimized with the Yoast SEO Premium plugin v24.3 (Yoast SEO v27.3) - https:\/\/yoast.com\/product\/yoast-seo-premium-wordpress\/ -->\n<title>Service de collecte | Groupe Wiederkehr<\/title>\n<meta name=\"description\" content=\"Prestation de retrait sur place. Nous fournissons des bennes ou nous proposons un d\u00e9mant\u00e8lement direct des installations. Nous proposons \u00e9galement des solutions sur contrat pour des collectes r\u00e9guli\u00e8res.\" \/>\n<meta name=\"robots\" content=\"index, follow, max-snippet:-1, max-image-preview:large, max-video-preview:-1\" \/>\n<link rel=\"canonical\" href=\"https:\/\/www.wierec.com\/fr\/service-de-collecte\/\" \/>\n<meta property=\"og:locale\" content=\"fr_FR\" \/>\n<meta property=\"og:type\" content=\"article\" \/>\n<meta property=\"og:title\" content=\"Service de collecte\" \/>\n<meta property=\"og:description\" content=\"Prestation de retrait sur place. Nous fournissons des bennes ou nous proposons un d\u00e9mant\u00e8lement direct des installations. Nous proposons \u00e9galement des solutions sur contrat pour des collectes r\u00e9guli\u00e8res.\" \/>\n<meta property=\"og:url\" content=\"https:\/\/www.wierec.com\/fr\/service-de-collecte\/\" \/>\n<meta property=\"og:site_name\" content=\"Wiederkehr Recycling\" \/>\n<meta property=\"article:modified_time\" content=\"2022-07-05T09:16:51+00:00\" \/>\n<meta name=\"twitter:card\" content=\"summary_large_image\" \/>\n<script type=\"application\/ld+json\" class=\"yoast-schema-graph\">{\"@context\":\"https:\\\/\\\/schema.org\",\"@graph\":[{\"@type\":\"WebPage\",\"@id\":\"https:\\\/\\\/www.wierec.com\\\/fr\\\/service-de-collecte\\\/\",\"url\":\"https:\\\/\\\/www.wierec.com\\\/fr\\\/service-de-collecte\\\/\",\"name\":\"Service de collecte | Groupe Wiederkehr\",\"isPartOf\":{\"@id\":\"https:\\\/\\\/www.wierec.com\\\/fr\\\/#website\"},\"datePublished\":\"2020-11-17T14:34:11+00:00\",\"dateModified\":\"2022-07-05T09:16:51+00:00\",\"description\":\"Prestation de retrait sur place. Nous fournissons des bennes ou nous proposons un d\u00e9mant\u00e8lement direct des installations. Nous proposons \u00e9galement des solutions sur contrat pour des collectes r\u00e9guli\u00e8res.\",\"breadcrumb\":{\"@id\":\"https:\\\/\\\/www.wierec.com\\\/fr\\\/service-de-collecte\\\/#breadcrumb\"},\"inLanguage\":\"fr-FR\",\"potentialAction\":[{\"@type\":\"ReadAction\",\"target\":[\"https:\\\/\\\/www.wierec.com\\\/fr\\\/service-de-collecte\\\/\"]}]},{\"@type\":\"BreadcrumbList\",\"@id\":\"https:\\\/\\\/www.wierec.com\\\/fr\\\/service-de-collecte\\\/#breadcrumb\",\"itemListElement\":[{\"@type\":\"ListItem\",\"position\":1,\"name\":\"Home\",\"item\":\"https:\\\/\\\/www.wierec.com\\\/fr\\\/\"},{\"@type\":\"ListItem\",\"position\":2,\"name\":\"Service de collecte\"}]},{\"@type\":\"WebSite\",\"@id\":\"https:\\\/\\\/www.wierec.com\\\/fr\\\/#website\",\"url\":\"https:\\\/\\\/www.wierec.com\\\/fr\\\/\",\"name\":\"Wiederkehr Recycling\",\"description\":\"Die Wiederkehr der Rohstoffe\",\"publisher\":{\"@id\":\"https:\\\/\\\/www.wierec.com\\\/fr\\\/#organization\"},\"potentialAction\":[{\"@type\":\"SearchAction\",\"target\":{\"@type\":\"EntryPoint\",\"urlTemplate\":\"https:\\\/\\\/www.wierec.com\\\/fr\\\/?s={search_term_string}\"},\"query-input\":{\"@type\":\"PropertyValueSpecification\",\"valueRequired\":true,\"valueName\":\"search_term_string\"}}],\"inLanguage\":\"fr-FR\"},{\"@type\":\"Organization\",\"@id\":\"https:\\\/\\\/www.wierec.com\\\/fr\\\/#organization\",\"name\":\"Wiederkehr Recycling AG\",\"url\":\"https:\\\/\\\/www.wierec.com\\\/fr\\\/\",\"logo\":{\"@type\":\"ImageObject\",\"inLanguage\":\"fr-FR\",\"@id\":\"https:\\\/\\\/www.wierec.com\\\/fr\\\/#\\\/schema\\\/logo\\\/image\\\/\",\"url\":\"https:\\\/\\\/www.wierec.com\\\/wp-content\\\/uploads\\\/2020\\\/11\\\/logo-wiederkehr-gruppe-4f-quer-001.png\",\"contentUrl\":\"https:\\\/\\\/www.wierec.com\\\/wp-content\\\/uploads\\\/2020\\\/11\\\/logo-wiederkehr-gruppe-4f-quer-001.png\",\"width\":1500,\"height\":367,\"caption\":\"Wiederkehr Recycling AG\"},\"image\":{\"@id\":\"https:\\\/\\\/www.wierec.com\\\/fr\\\/#\\\/schema\\\/logo\\\/image\\\/\"}}]}<\/script>\n<!-- \/ Yoast SEO Premium plugin. -->","yoast_head_json":{"title":"Service de collecte | Groupe Wiederkehr","description":"Prestation de retrait sur place. Nous fournissons des bennes ou nous proposons un d\u00e9mant\u00e8lement direct des installations. Nous proposons \u00e9galement des solutions sur contrat pour des collectes r\u00e9guli\u00e8res.","robots":{"index":"index","follow":"follow","max-snippet":"max-snippet:-1","max-image-preview":"max-image-preview:large","max-video-preview":"max-video-preview:-1"},"canonical":"https:\/\/www.wierec.com\/fr\/service-de-collecte\/","og_locale":"fr_FR","og_type":"article","og_title":"Service de collecte","og_description":"Prestation de retrait sur place. Nous fournissons des bennes ou nous proposons un d\u00e9mant\u00e8lement direct des installations. Nous proposons \u00e9galement des solutions sur contrat pour des collectes r\u00e9guli\u00e8res.","og_url":"https:\/\/www.wierec.com\/fr\/service-de-collecte\/","og_site_name":"Wiederkehr Recycling","article_modified_time":"2022-07-05T09:16:51+00:00","twitter_card":"summary_large_image","schema":{"@context":"https:\/\/schema.org","@graph":[{"@type":"WebPage","@id":"https:\/\/www.wierec.com\/fr\/service-de-collecte\/","url":"https:\/\/www.wierec.com\/fr\/service-de-collecte\/","name":"Service de collecte | Groupe Wiederkehr","isPartOf":{"@id":"https:\/\/www.wierec.com\/fr\/#website"},"datePublished":"2020-11-17T14:34:11+00:00","dateModified":"2022-07-05T09:16:51+00:00","description":"Prestation de retrait sur place. Nous fournissons des bennes ou nous proposons un d\u00e9mant\u00e8lement direct des installations. Nous proposons \u00e9galement des solutions sur contrat pour des collectes r\u00e9guli\u00e8res.","breadcrumb":{"@id":"https:\/\/www.wierec.com\/fr\/service-de-collecte\/#breadcrumb"},"inLanguage":"fr-FR","potentialAction":[{"@type":"ReadAction","target":["https:\/\/www.wierec.com\/fr\/service-de-collecte\/"]}]},{"@type":"BreadcrumbList","@id":"https:\/\/www.wierec.com\/fr\/service-de-collecte\/#breadcrumb","itemListElement":[{"@type":"ListItem","position":1,"name":"Home","item":"https:\/\/www.wierec.com\/fr\/"},{"@type":"ListItem","position":2,"name":"Service de collecte"}]},{"@type":"WebSite","@id":"https:\/\/www.wierec.com\/fr\/#website","url":"https:\/\/www.wierec.com\/fr\/","name":"Wiederkehr Recycling","description":"Die Wiederkehr der Rohstoffe","publisher":{"@id":"https:\/\/www.wierec.com\/fr\/#organization"},"potentialAction":[{"@type":"SearchAction","target":{"@type":"EntryPoint","urlTemplate":"https:\/\/www.wierec.com\/fr\/?s={search_term_string}"},"query-input":{"@type":"PropertyValueSpecification","valueRequired":true,"valueName":"search_term_string"}}],"inLanguage":"fr-FR"},{"@type":"Organization","@id":"https:\/\/www.wierec.com\/fr\/#organization","name":"Wiederkehr Recycling AG","url":"https:\/\/www.wierec.com\/fr\/","logo":{"@type":"ImageObject","inLanguage":"fr-FR","@id":"https:\/\/www.wierec.com\/fr\/#\/schema\/logo\/image\/","url":"https:\/\/www.wierec.com\/wp-content\/uploads\/2020\/11\/logo-wiederkehr-gruppe-4f-quer-001.png","contentUrl":"https:\/\/www.wierec.com\/wp-content\/uploads\/2020\/11\/logo-wiederkehr-gruppe-4f-quer-001.png","width":1500,"height":367,"caption":"Wiederkehr Recycling AG"},"image":{"@id":"https:\/\/www.wierec.com\/fr\/#\/schema\/logo\/image\/"}}]}},"_links":{"self":[{"href":"https:\/\/www.wierec.com\/fr\/wp-json\/wp\/v2\/pages\/5351","targetHints":{"allow":["GET"]}}],"collection":[{"href":"https:\/\/www.wierec.com\/fr\/wp-json\/wp\/v2\/pages"}],"about":[{"href":"https:\/\/www.wierec.com\/fr\/wp-json\/wp\/v2\/types\/page"}],"author":[{"embeddable":true,"href":"https:\/\/www.wierec.com\/fr\/wp-json\/wp\/v2\/users\/1"}],"replies":[{"embeddable":true,"href":"https:\/\/www.wierec.com\/fr\/wp-json\/wp\/v2\/comments?post=5351"}],"version-history":[{"count":7,"href":"https:\/\/www.wierec.com\/fr\/wp-json\/wp\/v2\/pages\/5351\/revisions"}],"predecessor-version":[{"id":11778,"href":"https:\/\/www.wierec.com\/fr\/wp-json\/wp\/v2\/pages\/5351\/revisions\/11778"}],"wp:attachment":[{"href":"https:\/\/www.wierec.com\/fr\/wp-json\/wp\/v2\/media?parent=5351"}],"curies":[{"name":"wp","href":"https:\/\/api.w.org\/{rel}","templated":true}]}}