{"id":5357,"date":"2020-11-17T14:36:11","date_gmt":"2020-11-17T14:36:11","guid":{"rendered":"https:\/\/www.wierec.com\/?page_id=5357"},"modified":"2022-07-05T09:17:02","modified_gmt":"2022-07-05T09:17:02","slug":"service-de-demantelement","status":"publish","type":"page","link":"https:\/\/www.wierec.com\/fr\/service-de-demantelement\/","title":{"rendered":"Service de d\u00e9mant\u00e8lement"},"content":{"rendered":"<h1>SERVICE DE D\u00c9MANT\u00c8LEMENT<\/h1>\n<p><img decoding=\"async\" src=\"\/wp-content\/uploads\/2020\/10\/recycling-wiederkehr-gruppe-dienstleistung-005.jpg\" alt=\"\"><\/p>\n<div>\n<p>Vous avez d\u00e9cid\u00e9 de faire place nette? Du d\u00e9mant\u00e8lement d\u2019une installation de production jusqu\u2019\u00e0 la transformation d\u2019un terrain: avec nos entreprises partenaires, nous d\u00e9mantelons dans les r\u00e8gles de l\u2019art, nous modifions les installations pour un nouvel usage et nous vous conseillons pour la pr\u00e9paration. Vous b\u00e9n\u00e9ficiez de toutes les prestations aupr\u00e8s d\u2019un seul et m\u00eame fournisseur, qualifi\u00e9 et fiable. Nous sommes \u00e0 votre disposition pour vous conseiller.<\/p>\n<\/div>\n<p>\n    <a href=\"\/fr\/contact#Kontakt\">Demande service de d\u00e9mant\u00e8lement<\/a>\n<\/p>\n<p><!--more--><br \/>\n<!-- {\"name\":\"Abbruchservice DE\",\"type\":\"layout\",\"children\":[{\"type\":\"section\",\"props\":{\"style\":\"muted\",\"width\":\"xlarge\",\"vertical_align\":\"middle\",\"title_position\":\"top-left\",\"title_rotation\":\"left\",\"title_breakpoint\":\"xl\",\"image_position\":\"center-center\"},\"children\":[{\"type\":\"row\",\"children\":[{\"type\":\"column\",\"props\":{\"image_position\":\"center-center\",\"media_overlay_gradient\":\"\",\"position_sticky_breakpoint\":\"m\"},\"children\":[{\"type\":\"headline\",\"props\":{\"title_element\":\"h1\",\"title_style\":\"heading-small\",\"text_align\":\"center\",\"content\":\"SERVICE DE D\\u00c9MANT\\u00c8LEMENT\"}}]}]},{\"type\":\"row\",\"props\":{\"layout\":\"1-2,1-2\"},\"children\":[{\"type\":\"column\",\"props\":{\"image_position\":\"center-center\",\"media_overlay_gradient\":\"\",\"width_medium\":\"1-2\",\"position_sticky_breakpoint\":\"m\"},\"children\":[{\"type\":\"image\",\"props\":{\"margin\":\"default\",\"image_svg_color\":\"emphasis\",\"image\":\"wp-content\\\/uploads\\\/2020\\\/10\\\/recycling-wiederkehr-gruppe-dienstleistung-005.jpg\"}}]},{\"type\":\"column\",\"props\":{\"image_position\":\"center-center\",\"media_overlay_gradient\":\"\",\"width_medium\":\"1-2\",\"vertical_align\":\"middle\",\"position_sticky_breakpoint\":\"m\"},\"children\":[{\"type\":\"text\",\"props\":{\"margin\":\"default\",\"column_breakpoint\":\"m\",\"content\":\"\n\n<p>Vous avez d\\u00e9cid\\u00e9 de faire place nette? Du d\\u00e9mant\\u00e8lement d\\u2019une installation de production jusqu\\u2019\\u00e0 la transformation d\\u2019un terrain: avec nos entreprises partenaires, nous d\\u00e9mantelons dans les r\\u00e8gles de l\\u2019art, nous modifions les installations pour un nouvel usage et nous vous conseillons pour la pr\\u00e9paration. Vous b\\u00e9n\\u00e9ficiez de toutes les prestations aupr\\u00e8s d\\u2019un seul et m\\u00eame fournisseur, qualifi\\u00e9 et fiable. Nous sommes \\u00e0 votre disposition pour vous conseiller.<\\\/p>\"}},{\"type\":\"button\",\"props\":{\"grid_column_gap\":\"small\",\"grid_row_gap\":\"small\",\"margin\":\"default\"},\"children\":[{\"type\":\"button_item\",\"props\":{\"button_style\":\"primary\",\"icon_align\":\"right\",\"content\":\"Demande service de d\\u00e9mant\\u00e8lement\",\"link\":\"\\\/fr\\\/contact#Kontakt\",\"icon\":\"arrow-right\"}}]}]}]}],\"modified\":\"2020-10-31T15:00:59.043Z\",\"name\":\"Abbruchservice\"}],\"version\":\"2.7.22\"} --><\/p>\n","protected":false},"excerpt":{"rendered":"<p>SERVICE DE D\u00c9MANT\u00c8LEMENT Vous avez d\u00e9cid\u00e9 de faire place nette? Du d\u00e9mant\u00e8lement d\u2019une installation de production jusqu\u2019\u00e0 la transformation d\u2019un terrain: avec nos entreprises partenaires, nous d\u00e9mantelons dans les r\u00e8gles de l\u2019art, nous modifions les installations pour un nouvel usage et nous vous conseillons pour la pr\u00e9paration. Vous b\u00e9n\u00e9ficiez de toutes les prestations aupr\u00e8s d\u2019un [&hellip;]<\/p>\n","protected":false},"author":1,"featured_media":0,"parent":0,"menu_order":0,"comment_status":"closed","ping_status":"closed","template":"","meta":{"inline_featured_image":false,"footnotes":""},"class_list":["post-5357","page","type-page","status-publish","hentry"],"yoast_head":"<!-- This site is optimized with the Yoast SEO Premium plugin v24.3 (Yoast SEO v27.3) - https:\/\/yoast.com\/product\/yoast-seo-premium-wordpress\/ -->\n<title>Service de d\u00e9mant\u00e8lement | Groupe Wiederkehr<\/title>\n<meta name=\"description\" content=\"Nous proposons de recycler et de d\u00e9manteler des installations de production. Vous b\u00e9n\u00e9ficiez de la planification, de l\u2019organisation et de la d\u00e9construction aupr\u00e8s d\u2019un seul et m\u00eame fournisseur. N\u2019h\u00e9sitez pas \u00e0 nous appeler, nous serons ravis de vous conseiller.\" \/>\n<meta name=\"robots\" content=\"index, follow, max-snippet:-1, max-image-preview:large, max-video-preview:-1\" \/>\n<link rel=\"canonical\" href=\"https:\/\/www.wierec.com\/fr\/service-de-demantelement\/\" \/>\n<meta property=\"og:locale\" content=\"fr_FR\" \/>\n<meta property=\"og:type\" content=\"article\" \/>\n<meta property=\"og:title\" content=\"Service de d\u00e9mant\u00e8lement\" \/>\n<meta property=\"og:description\" content=\"Nous proposons de recycler et de d\u00e9manteler des installations de production. Vous b\u00e9n\u00e9ficiez de la planification, de l\u2019organisation et de la d\u00e9construction aupr\u00e8s d\u2019un seul et m\u00eame fournisseur. N\u2019h\u00e9sitez pas \u00e0 nous appeler, nous serons ravis de vous conseiller.\" \/>\n<meta property=\"og:url\" content=\"https:\/\/www.wierec.com\/fr\/service-de-demantelement\/\" \/>\n<meta property=\"og:site_name\" content=\"Wiederkehr Recycling\" \/>\n<meta property=\"article:modified_time\" content=\"2022-07-05T09:17:02+00:00\" \/>\n<meta name=\"twitter:card\" content=\"summary_large_image\" \/>\n<script type=\"application\/ld+json\" class=\"yoast-schema-graph\">{\"@context\":\"https:\\\/\\\/schema.org\",\"@graph\":[{\"@type\":\"WebPage\",\"@id\":\"https:\\\/\\\/www.wierec.com\\\/fr\\\/service-de-demantelement\\\/\",\"url\":\"https:\\\/\\\/www.wierec.com\\\/fr\\\/service-de-demantelement\\\/\",\"name\":\"Service de d\u00e9mant\u00e8lement | Groupe Wiederkehr\",\"isPartOf\":{\"@id\":\"https:\\\/\\\/www.wierec.com\\\/fr\\\/#website\"},\"datePublished\":\"2020-11-17T14:36:11+00:00\",\"dateModified\":\"2022-07-05T09:17:02+00:00\",\"description\":\"Nous proposons de recycler et de d\u00e9manteler des installations de production. Vous b\u00e9n\u00e9ficiez de la planification, de l\u2019organisation et de la d\u00e9construction aupr\u00e8s d\u2019un seul et m\u00eame fournisseur. N\u2019h\u00e9sitez pas \u00e0 nous appeler, nous serons ravis de vous conseiller.\",\"breadcrumb\":{\"@id\":\"https:\\\/\\\/www.wierec.com\\\/fr\\\/service-de-demantelement\\\/#breadcrumb\"},\"inLanguage\":\"fr-FR\",\"potentialAction\":[{\"@type\":\"ReadAction\",\"target\":[\"https:\\\/\\\/www.wierec.com\\\/fr\\\/service-de-demantelement\\\/\"]}]},{\"@type\":\"BreadcrumbList\",\"@id\":\"https:\\\/\\\/www.wierec.com\\\/fr\\\/service-de-demantelement\\\/#breadcrumb\",\"itemListElement\":[{\"@type\":\"ListItem\",\"position\":1,\"name\":\"Home\",\"item\":\"https:\\\/\\\/www.wierec.com\\\/fr\\\/\"},{\"@type\":\"ListItem\",\"position\":2,\"name\":\"Service de d\u00e9mant\u00e8lement\"}]},{\"@type\":\"WebSite\",\"@id\":\"https:\\\/\\\/www.wierec.com\\\/fr\\\/#website\",\"url\":\"https:\\\/\\\/www.wierec.com\\\/fr\\\/\",\"name\":\"Wiederkehr Recycling\",\"description\":\"Die Wiederkehr der Rohstoffe\",\"publisher\":{\"@id\":\"https:\\\/\\\/www.wierec.com\\\/fr\\\/#organization\"},\"potentialAction\":[{\"@type\":\"SearchAction\",\"target\":{\"@type\":\"EntryPoint\",\"urlTemplate\":\"https:\\\/\\\/www.wierec.com\\\/fr\\\/?s={search_term_string}\"},\"query-input\":{\"@type\":\"PropertyValueSpecification\",\"valueRequired\":true,\"valueName\":\"search_term_string\"}}],\"inLanguage\":\"fr-FR\"},{\"@type\":\"Organization\",\"@id\":\"https:\\\/\\\/www.wierec.com\\\/fr\\\/#organization\",\"name\":\"Wiederkehr Recycling AG\",\"url\":\"https:\\\/\\\/www.wierec.com\\\/fr\\\/\",\"logo\":{\"@type\":\"ImageObject\",\"inLanguage\":\"fr-FR\",\"@id\":\"https:\\\/\\\/www.wierec.com\\\/fr\\\/#\\\/schema\\\/logo\\\/image\\\/\",\"url\":\"https:\\\/\\\/www.wierec.com\\\/wp-content\\\/uploads\\\/2020\\\/11\\\/logo-wiederkehr-gruppe-4f-quer-001.png\",\"contentUrl\":\"https:\\\/\\\/www.wierec.com\\\/wp-content\\\/uploads\\\/2020\\\/11\\\/logo-wiederkehr-gruppe-4f-quer-001.png\",\"width\":1500,\"height\":367,\"caption\":\"Wiederkehr Recycling AG\"},\"image\":{\"@id\":\"https:\\\/\\\/www.wierec.com\\\/fr\\\/#\\\/schema\\\/logo\\\/image\\\/\"}}]}<\/script>\n<!-- \/ Yoast SEO Premium plugin. -->","yoast_head_json":{"title":"Service de d\u00e9mant\u00e8lement | Groupe Wiederkehr","description":"Nous proposons de recycler et de d\u00e9manteler des installations de production. Vous b\u00e9n\u00e9ficiez de la planification, de l\u2019organisation et de la d\u00e9construction aupr\u00e8s d\u2019un seul et m\u00eame fournisseur. N\u2019h\u00e9sitez pas \u00e0 nous appeler, nous serons ravis de vous conseiller.","robots":{"index":"index","follow":"follow","max-snippet":"max-snippet:-1","max-image-preview":"max-image-preview:large","max-video-preview":"max-video-preview:-1"},"canonical":"https:\/\/www.wierec.com\/fr\/service-de-demantelement\/","og_locale":"fr_FR","og_type":"article","og_title":"Service de d\u00e9mant\u00e8lement","og_description":"Nous proposons de recycler et de d\u00e9manteler des installations de production. Vous b\u00e9n\u00e9ficiez de la planification, de l\u2019organisation et de la d\u00e9construction aupr\u00e8s d\u2019un seul et m\u00eame fournisseur. N\u2019h\u00e9sitez pas \u00e0 nous appeler, nous serons ravis de vous conseiller.","og_url":"https:\/\/www.wierec.com\/fr\/service-de-demantelement\/","og_site_name":"Wiederkehr Recycling","article_modified_time":"2022-07-05T09:17:02+00:00","twitter_card":"summary_large_image","schema":{"@context":"https:\/\/schema.org","@graph":[{"@type":"WebPage","@id":"https:\/\/www.wierec.com\/fr\/service-de-demantelement\/","url":"https:\/\/www.wierec.com\/fr\/service-de-demantelement\/","name":"Service de d\u00e9mant\u00e8lement | Groupe Wiederkehr","isPartOf":{"@id":"https:\/\/www.wierec.com\/fr\/#website"},"datePublished":"2020-11-17T14:36:11+00:00","dateModified":"2022-07-05T09:17:02+00:00","description":"Nous proposons de recycler et de d\u00e9manteler des installations de production. Vous b\u00e9n\u00e9ficiez de la planification, de l\u2019organisation et de la d\u00e9construction aupr\u00e8s d\u2019un seul et m\u00eame fournisseur. N\u2019h\u00e9sitez pas \u00e0 nous appeler, nous serons ravis de vous conseiller.","breadcrumb":{"@id":"https:\/\/www.wierec.com\/fr\/service-de-demantelement\/#breadcrumb"},"inLanguage":"fr-FR","potentialAction":[{"@type":"ReadAction","target":["https:\/\/www.wierec.com\/fr\/service-de-demantelement\/"]}]},{"@type":"BreadcrumbList","@id":"https:\/\/www.wierec.com\/fr\/service-de-demantelement\/#breadcrumb","itemListElement":[{"@type":"ListItem","position":1,"name":"Home","item":"https:\/\/www.wierec.com\/fr\/"},{"@type":"ListItem","position":2,"name":"Service de d\u00e9mant\u00e8lement"}]},{"@type":"WebSite","@id":"https:\/\/www.wierec.com\/fr\/#website","url":"https:\/\/www.wierec.com\/fr\/","name":"Wiederkehr Recycling","description":"Die Wiederkehr der Rohstoffe","publisher":{"@id":"https:\/\/www.wierec.com\/fr\/#organization"},"potentialAction":[{"@type":"SearchAction","target":{"@type":"EntryPoint","urlTemplate":"https:\/\/www.wierec.com\/fr\/?s={search_term_string}"},"query-input":{"@type":"PropertyValueSpecification","valueRequired":true,"valueName":"search_term_string"}}],"inLanguage":"fr-FR"},{"@type":"Organization","@id":"https:\/\/www.wierec.com\/fr\/#organization","name":"Wiederkehr Recycling AG","url":"https:\/\/www.wierec.com\/fr\/","logo":{"@type":"ImageObject","inLanguage":"fr-FR","@id":"https:\/\/www.wierec.com\/fr\/#\/schema\/logo\/image\/","url":"https:\/\/www.wierec.com\/wp-content\/uploads\/2020\/11\/logo-wiederkehr-gruppe-4f-quer-001.png","contentUrl":"https:\/\/www.wierec.com\/wp-content\/uploads\/2020\/11\/logo-wiederkehr-gruppe-4f-quer-001.png","width":1500,"height":367,"caption":"Wiederkehr Recycling AG"},"image":{"@id":"https:\/\/www.wierec.com\/fr\/#\/schema\/logo\/image\/"}}]}},"_links":{"self":[{"href":"https:\/\/www.wierec.com\/fr\/wp-json\/wp\/v2\/pages\/5357","targetHints":{"allow":["GET"]}}],"collection":[{"href":"https:\/\/www.wierec.com\/fr\/wp-json\/wp\/v2\/pages"}],"about":[{"href":"https:\/\/www.wierec.com\/fr\/wp-json\/wp\/v2\/types\/page"}],"author":[{"embeddable":true,"href":"https:\/\/www.wierec.com\/fr\/wp-json\/wp\/v2\/users\/1"}],"replies":[{"embeddable":true,"href":"https:\/\/www.wierec.com\/fr\/wp-json\/wp\/v2\/comments?post=5357"}],"version-history":[{"count":8,"href":"https:\/\/www.wierec.com\/fr\/wp-json\/wp\/v2\/pages\/5357\/revisions"}],"predecessor-version":[{"id":11779,"href":"https:\/\/www.wierec.com\/fr\/wp-json\/wp\/v2\/pages\/5357\/revisions\/11779"}],"wp:attachment":[{"href":"https:\/\/www.wierec.com\/fr\/wp-json\/wp\/v2\/media?parent=5357"}],"curies":[{"name":"wp","href":"https:\/\/api.w.org\/{rel}","templated":true}]}}