{"id":5405,"date":"2020-11-17T14:54:14","date_gmt":"2020-11-17T14:54:14","guid":{"rendered":"https:\/\/www.wierec.com\/?page_id=5405"},"modified":"2022-07-05T09:18:06","modified_gmt":"2022-07-05T09:18:06","slug":"service-evenementiel","status":"publish","type":"page","link":"https:\/\/www.wierec.com\/fr\/service-evenementiel\/","title":{"rendered":"Service \u00e9v\u00e9nementiel"},"content":{"rendered":"<h1>SERVICE POUR L\u2019\u00c9V\u00c9NEMENTIEL<\/h1>\n<p><img decoding=\"async\" src=\"\/wp-content\/uploads\/2020\/10\/recycling-wiederkehr-gruppe-dienstleistung-007.jpg\" alt=\"\"><\/p>\n<div>\n<p>Que serait un grand \u00e9v\u00e9nement sans un service bien organis\u00e9 de gestion des d\u00e9chets? Nos concepts pour le recyclage sont pens\u00e9s jusque dans le moindre d\u00e9tail; vos h\u00f4tes n\u2019auront qu\u2019\u00e0 se concentrer pleinement sur l\u2019\u00e9v\u00e9nement. Nous nous occupons du reste dans les coulisses, en toute discr\u00e9tion. Nous sommes votre partenaire pour la planification et la coordination de la gestion des d\u00e9chets. Pour que votre \u00e9v\u00e9nement reste proprement dans les m\u00e9moires de tous.<\/p>\n<\/div>\n<p>\n    <a href=\"\/fr\/contact#Kontakt\">Demande concept \u00e9v\u00e9nementiel<\/a>\n<\/p>\n<p><!--more--><br \/>\n<!-- {\"name\":\"Eventservice DE\",\"type\":\"layout\",\"children\":[{\"type\":\"section\",\"props\":{\"style\":\"muted\",\"width\":\"xlarge\",\"vertical_align\":\"middle\",\"title_position\":\"top-left\",\"title_rotation\":\"left\",\"title_breakpoint\":\"xl\",\"image_position\":\"center-center\"},\"children\":[{\"type\":\"row\",\"children\":[{\"type\":\"column\",\"props\":{\"image_position\":\"center-center\",\"media_overlay_gradient\":\"\",\"position_sticky_breakpoint\":\"m\"},\"children\":[{\"type\":\"headline\",\"props\":{\"title_element\":\"h1\",\"title_style\":\"heading-small\",\"text_align\":\"center\",\"content\":\"SERVICE POUR L\\u2019\\u00c9V\\u00c9NEMENTIEL\"}}]}]},{\"type\":\"row\",\"props\":{\"layout\":\"1-2,1-2\"},\"children\":[{\"type\":\"column\",\"props\":{\"image_position\":\"center-center\",\"media_overlay_gradient\":\"\",\"width_medium\":\"1-2\",\"position_sticky_breakpoint\":\"m\"},\"children\":[{\"type\":\"image\",\"props\":{\"margin\":\"default\",\"image_svg_color\":\"emphasis\",\"image\":\"wp-content\\\/uploads\\\/2020\\\/10\\\/recycling-wiederkehr-gruppe-dienstleistung-007.jpg\"}}]},{\"type\":\"column\",\"props\":{\"image_position\":\"center-center\",\"media_overlay_gradient\":\"\",\"width_medium\":\"1-2\",\"vertical_align\":\"middle\",\"position_sticky_breakpoint\":\"m\"},\"children\":[{\"type\":\"text\",\"props\":{\"margin\":\"default\",\"column_breakpoint\":\"m\",\"content\":\"\n\n<p>Que serait un grand \\u00e9v\\u00e9nement sans un service bien organis\\u00e9 de gestion des d\\u00e9chets? Nos concepts pour le recyclage sont pens\\u00e9s jusque dans le moindre d\\u00e9tail; vos h\\u00f4tes n\\u2019auront qu\\u2019\\u00e0 se concentrer pleinement sur l\\u2019\\u00e9v\\u00e9nement. Nous nous occupons du reste dans les coulisses, en toute discr\\u00e9tion. Nous sommes votre partenaire pour la planification et la coordination de la gestion des d\\u00e9chets. Pour que votre \\u00e9v\\u00e9nement reste proprement dans les m\\u00e9moires de tous.<\\\/p>\"}},{\"type\":\"button\",\"props\":{\"grid_column_gap\":\"small\",\"grid_row_gap\":\"small\",\"margin\":\"default\"},\"children\":[{\"type\":\"button_item\",\"props\":{\"button_style\":\"primary\",\"icon_align\":\"right\",\"content\":\"Demande concept \\u00e9v\\u00e9nementiel\",\"link\":\"\\\/fr\\\/contact#Kontakt\",\"icon\":\"arrow-right\"}}]}]}]}],\"modified\":\"2020-10-31T15:01:28.483Z\",\"name\":\"Eventservice\"}],\"version\":\"2.7.22\"} --><\/p>\n","protected":false},"excerpt":{"rendered":"<p>SERVICE POUR L\u2019\u00c9V\u00c9NEMENTIEL Que serait un grand \u00e9v\u00e9nement sans un service bien organis\u00e9 de gestion des d\u00e9chets? Nos concepts pour le recyclage sont pens\u00e9s jusque dans le moindre d\u00e9tail; vos h\u00f4tes n\u2019auront qu\u2019\u00e0 se concentrer pleinement sur l\u2019\u00e9v\u00e9nement. Nous nous occupons du reste dans les coulisses, en toute discr\u00e9tion. Nous sommes votre partenaire pour la [&hellip;]<\/p>\n","protected":false},"author":1,"featured_media":0,"parent":0,"menu_order":0,"comment_status":"closed","ping_status":"closed","template":"","meta":{"inline_featured_image":false,"footnotes":""},"class_list":["post-5405","page","type-page","status-publish","hentry"],"yoast_head":"<!-- This site is optimized with the Yoast SEO Premium plugin v24.3 (Yoast SEO v27.3) - https:\/\/yoast.com\/product\/yoast-seo-premium-wordpress\/ -->\n<title>Service pour l\u2019\u00e9v\u00e9nementiel | Groupe Wiederkehr<\/title>\n<meta name=\"description\" content=\"Nous proposons des prestations et des concepts de gestion des d\u00e9chets pour les manifestations, grands rassemblements et \u00e9v\u00e9nements. Notre exp\u00e9rience pour votre solution de propret\u00e9.\" \/>\n<meta name=\"robots\" content=\"index, follow, max-snippet:-1, max-image-preview:large, max-video-preview:-1\" \/>\n<link rel=\"canonical\" href=\"https:\/\/www.wierec.com\/fr\/service-evenementiel\/\" \/>\n<meta property=\"og:locale\" content=\"fr_FR\" \/>\n<meta property=\"og:type\" content=\"article\" \/>\n<meta property=\"og:title\" content=\"Service \u00e9v\u00e9nementiel\" \/>\n<meta property=\"og:description\" content=\"Nous proposons des prestations et des concepts de gestion des d\u00e9chets pour les manifestations, grands rassemblements et \u00e9v\u00e9nements. Notre exp\u00e9rience pour votre solution de propret\u00e9.\" \/>\n<meta property=\"og:url\" content=\"https:\/\/www.wierec.com\/fr\/service-evenementiel\/\" \/>\n<meta property=\"og:site_name\" content=\"Wiederkehr Recycling\" \/>\n<meta property=\"article:modified_time\" content=\"2022-07-05T09:18:06+00:00\" \/>\n<meta name=\"twitter:card\" content=\"summary_large_image\" \/>\n<script type=\"application\/ld+json\" class=\"yoast-schema-graph\">{\"@context\":\"https:\\\/\\\/schema.org\",\"@graph\":[{\"@type\":\"WebPage\",\"@id\":\"https:\\\/\\\/www.wierec.com\\\/fr\\\/service-evenementiel\\\/\",\"url\":\"https:\\\/\\\/www.wierec.com\\\/fr\\\/service-evenementiel\\\/\",\"name\":\"Service pour l\u2019\u00e9v\u00e9nementiel | Groupe Wiederkehr\",\"isPartOf\":{\"@id\":\"https:\\\/\\\/www.wierec.com\\\/fr\\\/#website\"},\"datePublished\":\"2020-11-17T14:54:14+00:00\",\"dateModified\":\"2022-07-05T09:18:06+00:00\",\"description\":\"Nous proposons des prestations et des concepts de gestion des d\u00e9chets pour les manifestations, grands rassemblements et \u00e9v\u00e9nements. Notre exp\u00e9rience pour votre solution de propret\u00e9.\",\"breadcrumb\":{\"@id\":\"https:\\\/\\\/www.wierec.com\\\/fr\\\/service-evenementiel\\\/#breadcrumb\"},\"inLanguage\":\"fr-FR\",\"potentialAction\":[{\"@type\":\"ReadAction\",\"target\":[\"https:\\\/\\\/www.wierec.com\\\/fr\\\/service-evenementiel\\\/\"]}]},{\"@type\":\"BreadcrumbList\",\"@id\":\"https:\\\/\\\/www.wierec.com\\\/fr\\\/service-evenementiel\\\/#breadcrumb\",\"itemListElement\":[{\"@type\":\"ListItem\",\"position\":1,\"name\":\"Home\",\"item\":\"https:\\\/\\\/www.wierec.com\\\/fr\\\/\"},{\"@type\":\"ListItem\",\"position\":2,\"name\":\"Service \u00e9v\u00e9nementiel\"}]},{\"@type\":\"WebSite\",\"@id\":\"https:\\\/\\\/www.wierec.com\\\/fr\\\/#website\",\"url\":\"https:\\\/\\\/www.wierec.com\\\/fr\\\/\",\"name\":\"Wiederkehr Recycling\",\"description\":\"Die Wiederkehr der Rohstoffe\",\"publisher\":{\"@id\":\"https:\\\/\\\/www.wierec.com\\\/fr\\\/#organization\"},\"potentialAction\":[{\"@type\":\"SearchAction\",\"target\":{\"@type\":\"EntryPoint\",\"urlTemplate\":\"https:\\\/\\\/www.wierec.com\\\/fr\\\/?s={search_term_string}\"},\"query-input\":{\"@type\":\"PropertyValueSpecification\",\"valueRequired\":true,\"valueName\":\"search_term_string\"}}],\"inLanguage\":\"fr-FR\"},{\"@type\":\"Organization\",\"@id\":\"https:\\\/\\\/www.wierec.com\\\/fr\\\/#organization\",\"name\":\"Wiederkehr Recycling AG\",\"url\":\"https:\\\/\\\/www.wierec.com\\\/fr\\\/\",\"logo\":{\"@type\":\"ImageObject\",\"inLanguage\":\"fr-FR\",\"@id\":\"https:\\\/\\\/www.wierec.com\\\/fr\\\/#\\\/schema\\\/logo\\\/image\\\/\",\"url\":\"https:\\\/\\\/www.wierec.com\\\/wp-content\\\/uploads\\\/2020\\\/11\\\/logo-wiederkehr-gruppe-4f-quer-001.png\",\"contentUrl\":\"https:\\\/\\\/www.wierec.com\\\/wp-content\\\/uploads\\\/2020\\\/11\\\/logo-wiederkehr-gruppe-4f-quer-001.png\",\"width\":1500,\"height\":367,\"caption\":\"Wiederkehr Recycling AG\"},\"image\":{\"@id\":\"https:\\\/\\\/www.wierec.com\\\/fr\\\/#\\\/schema\\\/logo\\\/image\\\/\"}}]}<\/script>\n<!-- \/ Yoast SEO Premium plugin. -->","yoast_head_json":{"title":"Service pour l\u2019\u00e9v\u00e9nementiel | Groupe Wiederkehr","description":"Nous proposons des prestations et des concepts de gestion des d\u00e9chets pour les manifestations, grands rassemblements et \u00e9v\u00e9nements. Notre exp\u00e9rience pour votre solution de propret\u00e9.","robots":{"index":"index","follow":"follow","max-snippet":"max-snippet:-1","max-image-preview":"max-image-preview:large","max-video-preview":"max-video-preview:-1"},"canonical":"https:\/\/www.wierec.com\/fr\/service-evenementiel\/","og_locale":"fr_FR","og_type":"article","og_title":"Service \u00e9v\u00e9nementiel","og_description":"Nous proposons des prestations et des concepts de gestion des d\u00e9chets pour les manifestations, grands rassemblements et \u00e9v\u00e9nements. Notre exp\u00e9rience pour votre solution de propret\u00e9.","og_url":"https:\/\/www.wierec.com\/fr\/service-evenementiel\/","og_site_name":"Wiederkehr Recycling","article_modified_time":"2022-07-05T09:18:06+00:00","twitter_card":"summary_large_image","schema":{"@context":"https:\/\/schema.org","@graph":[{"@type":"WebPage","@id":"https:\/\/www.wierec.com\/fr\/service-evenementiel\/","url":"https:\/\/www.wierec.com\/fr\/service-evenementiel\/","name":"Service pour l\u2019\u00e9v\u00e9nementiel | Groupe Wiederkehr","isPartOf":{"@id":"https:\/\/www.wierec.com\/fr\/#website"},"datePublished":"2020-11-17T14:54:14+00:00","dateModified":"2022-07-05T09:18:06+00:00","description":"Nous proposons des prestations et des concepts de gestion des d\u00e9chets pour les manifestations, grands rassemblements et \u00e9v\u00e9nements. Notre exp\u00e9rience pour votre solution de propret\u00e9.","breadcrumb":{"@id":"https:\/\/www.wierec.com\/fr\/service-evenementiel\/#breadcrumb"},"inLanguage":"fr-FR","potentialAction":[{"@type":"ReadAction","target":["https:\/\/www.wierec.com\/fr\/service-evenementiel\/"]}]},{"@type":"BreadcrumbList","@id":"https:\/\/www.wierec.com\/fr\/service-evenementiel\/#breadcrumb","itemListElement":[{"@type":"ListItem","position":1,"name":"Home","item":"https:\/\/www.wierec.com\/fr\/"},{"@type":"ListItem","position":2,"name":"Service \u00e9v\u00e9nementiel"}]},{"@type":"WebSite","@id":"https:\/\/www.wierec.com\/fr\/#website","url":"https:\/\/www.wierec.com\/fr\/","name":"Wiederkehr Recycling","description":"Die Wiederkehr der Rohstoffe","publisher":{"@id":"https:\/\/www.wierec.com\/fr\/#organization"},"potentialAction":[{"@type":"SearchAction","target":{"@type":"EntryPoint","urlTemplate":"https:\/\/www.wierec.com\/fr\/?s={search_term_string}"},"query-input":{"@type":"PropertyValueSpecification","valueRequired":true,"valueName":"search_term_string"}}],"inLanguage":"fr-FR"},{"@type":"Organization","@id":"https:\/\/www.wierec.com\/fr\/#organization","name":"Wiederkehr Recycling AG","url":"https:\/\/www.wierec.com\/fr\/","logo":{"@type":"ImageObject","inLanguage":"fr-FR","@id":"https:\/\/www.wierec.com\/fr\/#\/schema\/logo\/image\/","url":"https:\/\/www.wierec.com\/wp-content\/uploads\/2020\/11\/logo-wiederkehr-gruppe-4f-quer-001.png","contentUrl":"https:\/\/www.wierec.com\/wp-content\/uploads\/2020\/11\/logo-wiederkehr-gruppe-4f-quer-001.png","width":1500,"height":367,"caption":"Wiederkehr Recycling AG"},"image":{"@id":"https:\/\/www.wierec.com\/fr\/#\/schema\/logo\/image\/"}}]}},"_links":{"self":[{"href":"https:\/\/www.wierec.com\/fr\/wp-json\/wp\/v2\/pages\/5405","targetHints":{"allow":["GET"]}}],"collection":[{"href":"https:\/\/www.wierec.com\/fr\/wp-json\/wp\/v2\/pages"}],"about":[{"href":"https:\/\/www.wierec.com\/fr\/wp-json\/wp\/v2\/types\/page"}],"author":[{"embeddable":true,"href":"https:\/\/www.wierec.com\/fr\/wp-json\/wp\/v2\/users\/1"}],"replies":[{"embeddable":true,"href":"https:\/\/www.wierec.com\/fr\/wp-json\/wp\/v2\/comments?post=5405"}],"version-history":[{"count":9,"href":"https:\/\/www.wierec.com\/fr\/wp-json\/wp\/v2\/pages\/5405\/revisions"}],"predecessor-version":[{"id":11782,"href":"https:\/\/www.wierec.com\/fr\/wp-json\/wp\/v2\/pages\/5405\/revisions\/11782"}],"wp:attachment":[{"href":"https:\/\/www.wierec.com\/fr\/wp-json\/wp\/v2\/media?parent=5405"}],"curies":[{"name":"wp","href":"https:\/\/api.w.org\/{rel}","templated":true}]}}