{"id":5528,"date":"2020-11-18T07:42:32","date_gmt":"2020-11-18T07:42:32","guid":{"rendered":"https:\/\/www.wierec.com\/?page_id=5528"},"modified":"2025-05-08T13:41:28","modified_gmt":"2025-05-08T13:41:28","slug":"commerce","status":"publish","type":"page","link":"https:\/\/www.wierec.com\/fr\/commerce\/","title":{"rendered":"commerce"},"content":{"rendered":"<h1>Commerce de <br \/>\nMat\u00e9riaux recyclables<br \/>\ndurabilit\u00e9 et transparence<\/h1>\n<p><img decoding=\"async\" src=\"\/wp-content\/uploads\/2020\/10\/Icon_Scrolldown.png\" alt=\"\"><\/p>\n<div>\n<p style=\"text-align: center;\">Les mati\u00e8res premi\u00e8res forment la base de la production industrielle. Nous sommes toutefois confront\u00e9s \u00e0 un probl\u00e8me: les ressources se font de plus en plus rares. Il est donc important d\u2019utiliser le recyclage et de fermer les circuits des mati\u00e8res premi\u00e8res. Wiederkehr Recycling ach\u00e8te des mat\u00e9riaux recyclables, les transforme en mati\u00e8res premi\u00e8res secondaires puis les commercialise. Un commerce moderne et durable, moteur d\u2019une \u00e9conomie circulaire efficace.<\/p>\n<p style=\"text-align: center;\">Nous achetons, recyclons, commercialisons. En tant que traders dans le commerce des mat\u00e9riaux recyclables, nous vous garantissons une longue exp\u00e9rience et d\u2019excellentes connaissances techniques. Nous sommes pr\u00e9sents \u00e0 l\u2019international et capables de r\u00e9agir rapidement. Et tous ces atouts sont regroup\u00e9s sous le toit d\u2019une entreprise familiale solide.<\/p>\n<p style=\"text-align: center;\">O\u00f9 pouvons-nous vous aider?<\/p>\n<\/div>\n<p>\n    <a href=\"https:\/\/www.wierec.com\/fr\/achat-de-materiaux\/?lang=fr\">ACHAT DE MAT\u00c9RIAUX<\/a>\n<\/p>\n<p>\n    <a href=\"https:\/\/www.wierec.com\/fr\/vente-de-materiaux\/?lang=fr\">VENTE DE MAT\u00c9RIAUX<\/a>\n<\/p>\n<p><!--more--><br \/>\n<!-- {\"name\":\"Handel DE\",\"type\":\"layout\",\"children\":[{\"type\":\"section\",\"props\":{\"animation\":\"slide-top\",\"header_transparent\":true,\"header_transparent_text_color\":\"light\",\"height\":\"viewport\",\"height_offset_top\":true,\"image\":\"wp-content\\\/uploads\\\/2020\\\/10\\\/recycling-wiederkehr-gruppe-handel-001.jpg\",\"image_position\":\"top-left\",\"image_size\":\"cover\",\"media_overlay\":\"rgba(0, 0, 0, 0.2)\",\"style\":\"default\",\"title_breakpoint\":\"xl\",\"title_position\":\"top-left\",\"title_rotation\":\"left\",\"vertical_align\":\"middle\",\"width\":\"\"},\"children\":[{\"type\":\"row\",\"children\":[{\"type\":\"column\",\"props\":{\"css\":\"\\n\",\"image_position\":\"center-center\",\"image_size\":\"cover\",\"image_width\":\"2000\",\"position_sticky_breakpoint\":\"m\"},\"children\":[{\"type\":\"headline\",\"props\":{\"animation\":\"none\",\"content\":\"Commerce de <br \/>\\nMat\\u00e9riaux recyclables<br \/>\\ndurabilit\\u00e9 et transparence\",\"css\":\".el-element {line-height:1.3;}\",\"text_align\":\"center\",\"title_element\":\"h1\"}},{\"type\":\"image\",\"props\":{\"image\":\"wp-content\\\/uploads\\\/2020\\\/10\\\/Icon_Scrolldown.png\",\"image_svg_color\":\"emphasis\",\"margin\":\"default\",\"position\":\"absolute\",\"position_bottom\":\"-270\",\"text_align\":\"center\"}}]}]}]},{\"type\":\"section\",\"props\":{\"image_position\":\"center-center\",\"style\":\"default\",\"title_breakpoint\":\"xl\",\"title_position\":\"top-left\",\"title_rotation\":\"left\",\"vertical_align\":\"middle\",\"width\":\"xlarge\"},\"children\":[{\"type\":\"row\",\"props\":{\"width\":\"default\"},\"children\":[{\"type\":\"column\",\"props\":{\"image_position\":\"center-center\",\"position_sticky_breakpoint\":\"m\"},\"children\":[{\"type\":\"text\",\"props\":{\"class\":\"textgross\",\"column_breakpoint\":\"m\",\"content\":\"\n\n<p style=\\\"text-align: center;\\\">Les mati\\u00e8res premi\\u00e8res forment la base de la production industrielle. Nous sommes toutefois confront\\u00e9s \\u00e0 un probl\\u00e8me: les ressources se font de plus en plus rares. Il est donc important d\\u2019utiliser le recyclage et de fermer les circuits des mati\\u00e8res premi\\u00e8res. Wiederkehr Recycling ach\\u00e8te des mat\\u00e9riaux recyclables, les transforme en mati\\u00e8res premi\\u00e8res secondaires puis les commercialise. Un commerce moderne et durable, moteur d\\u2019une \\u00e9conomie circulaire efficace.<\\\/p>\\n\n\n<p style=\\\"text-align: center;\\\">Nous achetons, recyclons, commercialisons. En tant que traders dans le commerce des mat\\u00e9riaux recyclables, nous vous garantissons une longue exp\\u00e9rience et d\\u2019excellentes connaissances techniques. Nous sommes pr\\u00e9sents \\u00e0 l\\u2019international et capables de r\\u00e9agir rapidement. Et tous ces atouts sont regroup\\u00e9s sous le toit d\\u2019une entreprise familiale solide.<\\\/p>\\n\n\n<p style=\\\"text-align: center;\\\">O\\u00f9 pouvons-nous vous aider?<\\\/p>\",\"margin\":\"default\"}}]}]},{\"type\":\"row\",\"props\":{\"layout\":\"1-2,1-2\"},\"children\":[{\"type\":\"column\",\"props\":{\"image_position\":\"center-center\",\"position_sticky_breakpoint\":\"m\",\"width_medium\":\"1-2\"},\"children\":[{\"type\":\"button\",\"props\":{\"button_size\":\"large\",\"fullwidth\":true,\"grid_column_gap\":\"small\",\"grid_row_gap\":\"small\",\"margin\":\"default\",\"text_align\":\"center\"},\"children\":[{\"type\":\"button_item\",\"props\":{\"button_style\":\"primary\",\"content\":\"ACHAT DE MAT\\u00c9RIAUX\",\"icon\":\"arrow-right\",\"icon_align\":\"right\",\"link\":\"\\\/achat-de-materiaux\\\/?lang=fr\"}}]}]},{\"type\":\"column\",\"props\":{\"image_position\":\"center-center\",\"position_sticky_breakpoint\":\"m\",\"width_medium\":\"1-2\"},\"children\":[{\"type\":\"button\",\"props\":{\"button_size\":\"large\",\"fullwidth\":true,\"grid_column_gap\":\"small\",\"grid_row_gap\":\"small\",\"margin\":\"default\",\"text_align\":\"center\"},\"children\":[{\"type\":\"button_item\",\"props\":{\"button_style\":\"primary\",\"content\":\"VENTE DE MAT\\u00c9RIAUX\",\"icon\":\"arrow-right\",\"icon_align\":\"right\",\"link\":\"\\\/vente-de-materiaux\\\/?lang=fr\"}}]}]}]}]}],\"version\":\"4.3.4\"} --><\/p>\n","protected":false},"excerpt":{"rendered":"<p>Commerce de Mat\u00e9riaux recyclables durabilit\u00e9 et transparence Les mati\u00e8res premi\u00e8res forment la base de la production industrielle. Nous sommes toutefois confront\u00e9s \u00e0 un probl\u00e8me: les ressources se font de plus en plus rares. Il est donc important d\u2019utiliser le recyclage et de fermer les circuits des mati\u00e8res premi\u00e8res. Wiederkehr Recycling ach\u00e8te des mat\u00e9riaux recyclables, les [&hellip;]<\/p>\n","protected":false},"author":1,"featured_media":0,"parent":0,"menu_order":0,"comment_status":"closed","ping_status":"closed","template":"","meta":{"inline_featured_image":false,"footnotes":""},"class_list":["post-5528","page","type-page","status-publish","hentry"],"yoast_head":"<!-- This site is optimized with the Yoast SEO Premium plugin v24.3 (Yoast SEO v27.3) - https:\/\/yoast.com\/product\/yoast-seo-premium-wordpress\/ -->\n<title>Commerce de mati\u00e8res premi\u00e8res | Groupe Wiederkehr<\/title>\n<meta name=\"description\" content=\"Nous achetons, recyclons et vendons des mat\u00e9riaux recyclables. Vous b\u00e9n\u00e9ficiez de notre riche exp\u00e9rience sur les march\u00e9s internationaux des mat\u00e9riaux recyclables, ainsi que des meilleurs prix et d\u2019une qualit\u00e9 optimale.\" \/>\n<meta name=\"robots\" content=\"index, follow, max-snippet:-1, max-image-preview:large, max-video-preview:-1\" \/>\n<link rel=\"canonical\" href=\"https:\/\/www.wierec.com\/fr\/commerce\/\" \/>\n<meta property=\"og:locale\" content=\"fr_FR\" \/>\n<meta property=\"og:type\" content=\"article\" \/>\n<meta property=\"og:title\" content=\"commerce\" \/>\n<meta property=\"og:description\" content=\"Nous achetons, recyclons et vendons des mat\u00e9riaux recyclables. Vous b\u00e9n\u00e9ficiez de notre riche exp\u00e9rience sur les march\u00e9s internationaux des mat\u00e9riaux recyclables, ainsi que des meilleurs prix et d\u2019une qualit\u00e9 optimale.\" \/>\n<meta property=\"og:url\" content=\"https:\/\/www.wierec.com\/fr\/commerce\/\" \/>\n<meta property=\"og:site_name\" content=\"Wiederkehr Recycling\" \/>\n<meta property=\"article:modified_time\" content=\"2025-05-08T13:41:28+00:00\" \/>\n<meta name=\"twitter:card\" content=\"summary_large_image\" \/>\n<meta name=\"twitter:label1\" content=\"Dur\u00e9e de lecture estim\u00e9e\" \/>\n\t<meta name=\"twitter:data1\" content=\"1 minute\" \/>\n<script type=\"application\/ld+json\" class=\"yoast-schema-graph\">{\"@context\":\"https:\\\/\\\/schema.org\",\"@graph\":[{\"@type\":\"WebPage\",\"@id\":\"https:\\\/\\\/www.wierec.com\\\/fr\\\/commerce\\\/\",\"url\":\"https:\\\/\\\/www.wierec.com\\\/fr\\\/commerce\\\/\",\"name\":\"Commerce de mati\u00e8res premi\u00e8res | Groupe Wiederkehr\",\"isPartOf\":{\"@id\":\"https:\\\/\\\/www.wierec.com\\\/fr\\\/#website\"},\"datePublished\":\"2020-11-18T07:42:32+00:00\",\"dateModified\":\"2025-05-08T13:41:28+00:00\",\"description\":\"Nous achetons, recyclons et vendons des mat\u00e9riaux recyclables. Vous b\u00e9n\u00e9ficiez de notre riche exp\u00e9rience sur les march\u00e9s internationaux des mat\u00e9riaux recyclables, ainsi que des meilleurs prix et d\u2019une qualit\u00e9 optimale.\",\"breadcrumb\":{\"@id\":\"https:\\\/\\\/www.wierec.com\\\/fr\\\/commerce\\\/#breadcrumb\"},\"inLanguage\":\"fr-FR\",\"potentialAction\":[{\"@type\":\"ReadAction\",\"target\":[\"https:\\\/\\\/www.wierec.com\\\/fr\\\/commerce\\\/\"]}]},{\"@type\":\"BreadcrumbList\",\"@id\":\"https:\\\/\\\/www.wierec.com\\\/fr\\\/commerce\\\/#breadcrumb\",\"itemListElement\":[{\"@type\":\"ListItem\",\"position\":1,\"name\":\"Home\",\"item\":\"https:\\\/\\\/www.wierec.com\\\/fr\\\/\"},{\"@type\":\"ListItem\",\"position\":2,\"name\":\"commerce\"}]},{\"@type\":\"WebSite\",\"@id\":\"https:\\\/\\\/www.wierec.com\\\/fr\\\/#website\",\"url\":\"https:\\\/\\\/www.wierec.com\\\/fr\\\/\",\"name\":\"Wiederkehr Recycling\",\"description\":\"Die Wiederkehr der Rohstoffe\",\"publisher\":{\"@id\":\"https:\\\/\\\/www.wierec.com\\\/fr\\\/#organization\"},\"potentialAction\":[{\"@type\":\"SearchAction\",\"target\":{\"@type\":\"EntryPoint\",\"urlTemplate\":\"https:\\\/\\\/www.wierec.com\\\/fr\\\/?s={search_term_string}\"},\"query-input\":{\"@type\":\"PropertyValueSpecification\",\"valueRequired\":true,\"valueName\":\"search_term_string\"}}],\"inLanguage\":\"fr-FR\"},{\"@type\":\"Organization\",\"@id\":\"https:\\\/\\\/www.wierec.com\\\/fr\\\/#organization\",\"name\":\"Wiederkehr Recycling AG\",\"url\":\"https:\\\/\\\/www.wierec.com\\\/fr\\\/\",\"logo\":{\"@type\":\"ImageObject\",\"inLanguage\":\"fr-FR\",\"@id\":\"https:\\\/\\\/www.wierec.com\\\/fr\\\/#\\\/schema\\\/logo\\\/image\\\/\",\"url\":\"https:\\\/\\\/www.wierec.com\\\/wp-content\\\/uploads\\\/2020\\\/11\\\/logo-wiederkehr-gruppe-4f-quer-001.png\",\"contentUrl\":\"https:\\\/\\\/www.wierec.com\\\/wp-content\\\/uploads\\\/2020\\\/11\\\/logo-wiederkehr-gruppe-4f-quer-001.png\",\"width\":1500,\"height\":367,\"caption\":\"Wiederkehr Recycling AG\"},\"image\":{\"@id\":\"https:\\\/\\\/www.wierec.com\\\/fr\\\/#\\\/schema\\\/logo\\\/image\\\/\"}}]}<\/script>\n<!-- \/ Yoast SEO Premium plugin. -->","yoast_head_json":{"title":"Commerce de mati\u00e8res premi\u00e8res | Groupe Wiederkehr","description":"Nous achetons, recyclons et vendons des mat\u00e9riaux recyclables. Vous b\u00e9n\u00e9ficiez de notre riche exp\u00e9rience sur les march\u00e9s internationaux des mat\u00e9riaux recyclables, ainsi que des meilleurs prix et d\u2019une qualit\u00e9 optimale.","robots":{"index":"index","follow":"follow","max-snippet":"max-snippet:-1","max-image-preview":"max-image-preview:large","max-video-preview":"max-video-preview:-1"},"canonical":"https:\/\/www.wierec.com\/fr\/commerce\/","og_locale":"fr_FR","og_type":"article","og_title":"commerce","og_description":"Nous achetons, recyclons et vendons des mat\u00e9riaux recyclables. Vous b\u00e9n\u00e9ficiez de notre riche exp\u00e9rience sur les march\u00e9s internationaux des mat\u00e9riaux recyclables, ainsi que des meilleurs prix et d\u2019une qualit\u00e9 optimale.","og_url":"https:\/\/www.wierec.com\/fr\/commerce\/","og_site_name":"Wiederkehr Recycling","article_modified_time":"2025-05-08T13:41:28+00:00","twitter_card":"summary_large_image","twitter_misc":{"Dur\u00e9e de lecture estim\u00e9e":"1 minute"},"schema":{"@context":"https:\/\/schema.org","@graph":[{"@type":"WebPage","@id":"https:\/\/www.wierec.com\/fr\/commerce\/","url":"https:\/\/www.wierec.com\/fr\/commerce\/","name":"Commerce de mati\u00e8res premi\u00e8res | Groupe Wiederkehr","isPartOf":{"@id":"https:\/\/www.wierec.com\/fr\/#website"},"datePublished":"2020-11-18T07:42:32+00:00","dateModified":"2025-05-08T13:41:28+00:00","description":"Nous achetons, recyclons et vendons des mat\u00e9riaux recyclables. Vous b\u00e9n\u00e9ficiez de notre riche exp\u00e9rience sur les march\u00e9s internationaux des mat\u00e9riaux recyclables, ainsi que des meilleurs prix et d\u2019une qualit\u00e9 optimale.","breadcrumb":{"@id":"https:\/\/www.wierec.com\/fr\/commerce\/#breadcrumb"},"inLanguage":"fr-FR","potentialAction":[{"@type":"ReadAction","target":["https:\/\/www.wierec.com\/fr\/commerce\/"]}]},{"@type":"BreadcrumbList","@id":"https:\/\/www.wierec.com\/fr\/commerce\/#breadcrumb","itemListElement":[{"@type":"ListItem","position":1,"name":"Home","item":"https:\/\/www.wierec.com\/fr\/"},{"@type":"ListItem","position":2,"name":"commerce"}]},{"@type":"WebSite","@id":"https:\/\/www.wierec.com\/fr\/#website","url":"https:\/\/www.wierec.com\/fr\/","name":"Wiederkehr Recycling","description":"Die Wiederkehr der Rohstoffe","publisher":{"@id":"https:\/\/www.wierec.com\/fr\/#organization"},"potentialAction":[{"@type":"SearchAction","target":{"@type":"EntryPoint","urlTemplate":"https:\/\/www.wierec.com\/fr\/?s={search_term_string}"},"query-input":{"@type":"PropertyValueSpecification","valueRequired":true,"valueName":"search_term_string"}}],"inLanguage":"fr-FR"},{"@type":"Organization","@id":"https:\/\/www.wierec.com\/fr\/#organization","name":"Wiederkehr Recycling AG","url":"https:\/\/www.wierec.com\/fr\/","logo":{"@type":"ImageObject","inLanguage":"fr-FR","@id":"https:\/\/www.wierec.com\/fr\/#\/schema\/logo\/image\/","url":"https:\/\/www.wierec.com\/wp-content\/uploads\/2020\/11\/logo-wiederkehr-gruppe-4f-quer-001.png","contentUrl":"https:\/\/www.wierec.com\/wp-content\/uploads\/2020\/11\/logo-wiederkehr-gruppe-4f-quer-001.png","width":1500,"height":367,"caption":"Wiederkehr Recycling AG"},"image":{"@id":"https:\/\/www.wierec.com\/fr\/#\/schema\/logo\/image\/"}}]}},"_links":{"self":[{"href":"https:\/\/www.wierec.com\/fr\/wp-json\/wp\/v2\/pages\/5528","targetHints":{"allow":["GET"]}}],"collection":[{"href":"https:\/\/www.wierec.com\/fr\/wp-json\/wp\/v2\/pages"}],"about":[{"href":"https:\/\/www.wierec.com\/fr\/wp-json\/wp\/v2\/types\/page"}],"author":[{"embeddable":true,"href":"https:\/\/www.wierec.com\/fr\/wp-json\/wp\/v2\/users\/1"}],"replies":[{"embeddable":true,"href":"https:\/\/www.wierec.com\/fr\/wp-json\/wp\/v2\/comments?post=5528"}],"version-history":[{"count":12,"href":"https:\/\/www.wierec.com\/fr\/wp-json\/wp\/v2\/pages\/5528\/revisions"}],"predecessor-version":[{"id":19879,"href":"https:\/\/www.wierec.com\/fr\/wp-json\/wp\/v2\/pages\/5528\/revisions\/19879"}],"wp:attachment":[{"href":"https:\/\/www.wierec.com\/fr\/wp-json\/wp\/v2\/media?parent=5528"}],"curies":[{"name":"wp","href":"https:\/\/api.w.org\/{rel}","templated":true}]}}