{"id":5774,"date":"2020-11-18T18:42:11","date_gmt":"2020-11-18T18:42:11","guid":{"rendered":"https:\/\/www.wierec.com\/?page_id=5774"},"modified":"2022-07-05T09:48:13","modified_gmt":"2022-07-05T09:48:13","slug":"aluminium","status":"publish","type":"page","link":"https:\/\/www.wierec.com\/fr\/aluminium\/","title":{"rendered":"aluminium"},"content":{"rendered":"<h1>Aluminium<\/h1>\n<p><img decoding=\"async\" src=\"\/wp-content\/uploads\/2020\/10\/recycling-wiederkehr-gruppe-wertstoffe-aluminium-001-scaled.jpg\" alt=\"\"><\/p>\n<h2>Qu\u2019est-ce que l\u2019aluminium?<\/h2>\n<div>\n<p>L\u2019aluminium, le poids plume des m\u00e9taux, est un \u00e9l\u00e9ment chimique qui poss\u00e8de de bonnes propri\u00e9t\u00e9s. Il r\u00e9siste \u00e0 la corrosion, il n\u2019est pas magn\u00e9tique, sa couleur varie de l\u2019argent\u00e9 au blanc. L\u2019aluminium est le m\u00e9tal le plus fr\u00e9quent, encore plus que le fer. Il est le troisi\u00e8me \u00e9l\u00e9ment de plus courant de la Terre et il est pr\u00e9sent dans la cro\u00fbte terrestre, mais pas sous sa forme pure. Il faut l\u2019extraire de la bauxite au moyen d\u2019un proc\u00e9d\u00e9 de fabrication tr\u00e8s \u00e9nergivore. Son poids sp\u00e9cifique fait de lui un m\u00e9tal l\u00e9ger aux bonnes propri\u00e9t\u00e9s de stabilit\u00e9. L\u2019aluminium r\u00e9siste mieux que le fer \u00e0 la corrosion et requiert donc moins de mesure anti-corrosion nocives pour l\u2019environnement.<\/p>\n<\/div>\n<h2>O\u00f9 trouve-t-on l\u2019aluminium?<\/h2>\n<div>\n<p>L\u2019aluminium est souvent utilis\u00e9 comme mat\u00e9riau de structure dans l\u2019industrie. Gr\u00e2ce aux constructions l\u00e9g\u00e8res obtenues avec les composants en aluminium, on \u00e9conomise de la masse sur les pi\u00e8ces mobiles et sur les machines, ce qui permet de r\u00e9duire nettement les \u00e9missions. A la maison, on retrouve souvent l\u2019aluminium dans les mat\u00e9riaux d\u2019emballage, comme les bo\u00eetes de conserve ou les tubes. Ce m\u00e9tal l\u00e9ger est \u00e9galement pr\u00e9sent dans nos smartphones et nos ordinateurs portables.<\/p>\n<ul>\n<li>Jantes, ventilateurs en aluminium<\/li>\n<li>Plaques offset en aluminium<\/li>\n<li>C\u00e2bles en aluminium<\/li>\n<li>Fonte d\u2019aluminium<\/li>\n<li>T\u00f4le en aluminium<\/li>\n<li>Profil\u00e9s en aluminium<\/li>\n<li>D\u00e9bris d\u2019aluminium<\/li>\n<li>Copeaux d\u2019aluminium issus des d\u00e9chets de production<\/li>\n<li>Bo\u00eetes de conserve, tubes et film en aluminium<\/li>\n<\/ul>\n<\/div>\n<h2>Recyclage de l\u2019aluminium<\/h2>\n<div>\n<p>Un des aspects positifs de l\u2019aluminium est son excellente aptitude au recyclage. Plus la mati\u00e8re brute fournie est pure, plus il est simple de r\u00e9cup\u00e9rer ce m\u00e9tal l\u00e9ger.<\/p>\n<\/div>\n<h2>\u00c9LABORER UNE OFFRE POUR LA VENTE DE MAT\u00c9RIEL<\/h2>\n<div>\n\n<div class=\"wpcf7 no-js\" id=\"wpcf7-f5527-o1\" lang=\"fr-FR\" dir=\"ltr\" data-wpcf7-id=\"5527\">\n<div class=\"screen-reader-response\"><p role=\"status\" aria-live=\"polite\" aria-atomic=\"true\"><\/p> <ul><\/ul><\/div>\n<form action=\"\/fr\/wp-json\/wp\/v2\/pages\/5774#wpcf7-f5527-o1\" method=\"post\" class=\"wpcf7-form init\" aria-label=\"Formulaire de contact\" novalidate=\"novalidate\" data-status=\"init\">\n<fieldset class=\"hidden-fields-container\"><input type=\"hidden\" name=\"_wpcf7\" value=\"5527\" \/><input type=\"hidden\" name=\"_wpcf7_version\" value=\"6.1.5\" \/><input type=\"hidden\" name=\"_wpcf7_locale\" value=\"fr_FR\" \/><input type=\"hidden\" name=\"_wpcf7_unit_tag\" value=\"wpcf7-f5527-o1\" \/><input type=\"hidden\" name=\"_wpcf7_container_post\" value=\"0\" \/><input type=\"hidden\" name=\"_wpcf7_posted_data_hash\" value=\"\" \/><input type=\"hidden\" name=\"_wpcf7_recaptcha_response\" value=\"\" \/>\n<\/fieldset>\n<p><label> Nom*<br \/>\n<span class=\"wpcf7-form-control-wrap\" data-name=\"your-name\"><input size=\"40\" maxlength=\"400\" class=\"wpcf7-form-control wpcf7-text wpcf7-validates-as-required\" aria-required=\"true\" aria-invalid=\"false\" value=\"\" type=\"text\" name=\"your-name\" \/><\/span> <\/label><br \/>\n<label> Soci\u00e9t\u00e9*<br \/>\n<span class=\"wpcf7-form-control-wrap\" data-name=\"your-firma\"><input size=\"40\" maxlength=\"400\" class=\"wpcf7-form-control wpcf7-text wpcf7-validates-as-required\" aria-required=\"true\" aria-invalid=\"false\" value=\"\" type=\"text\" name=\"your-firma\" \/><\/span> <\/label><br \/>\n<label> T\u00e9l\u00e9phone*<br \/>\n<span class=\"wpcf7-form-control-wrap\" data-name=\"your-telefon\"><input size=\"40\" maxlength=\"400\" class=\"wpcf7-form-control wpcf7-text wpcf7-validates-as-required\" aria-required=\"true\" aria-invalid=\"false\" value=\"\" type=\"text\" name=\"your-telefon\" \/><\/span> <\/label>\n<\/p>\n<p><label> E-Mail*<br \/>\n<span class=\"wpcf7-form-control-wrap\" data-name=\"your-email\"><input size=\"40\" maxlength=\"400\" class=\"wpcf7-form-control wpcf7-email wpcf7-validates-as-required wpcf7-text wpcf7-validates-as-email\" aria-required=\"true\" aria-invalid=\"false\" value=\"\" type=\"email\" name=\"your-email\" \/><\/span> <\/label>\n<\/p>\n<p><label> Mat\u00e9riau*<br \/>\n<span class=\"wpcf7-form-control-wrap\" data-name=\"your-material\"><input size=\"40\" maxlength=\"400\" class=\"wpcf7-form-control wpcf7-text wpcf7-validates-as-required\" aria-required=\"true\" aria-invalid=\"false\" value=\"\" type=\"text\" name=\"your-material\" \/><\/span> <\/label>\n<\/p>\n<p><label> Quantit\u00e9*<br \/>\n<span class=\"wpcf7-form-control-wrap\" data-name=\"your-menge\"><input size=\"40\" maxlength=\"400\" class=\"wpcf7-form-control wpcf7-text wpcf7-validates-as-required\" aria-required=\"true\" aria-invalid=\"false\" value=\"\" type=\"text\" name=\"your-menge\" \/><\/span> <\/label>\n<\/p>\n<p><label> Etat*<br \/>\n<span class=\"wpcf7-form-control-wrap\" data-name=\"your-menge\"><input size=\"40\" maxlength=\"400\" class=\"wpcf7-form-control wpcf7-text wpcf7-validates-as-required\" aria-required=\"true\" aria-invalid=\"false\" value=\"\" type=\"text\" name=\"your-menge\" \/><\/span> <\/label>\n<\/p>\n<p><input class=\"wpcf7-form-control wpcf7-submit has-spinner\" type=\"submit\" value=\"ENVOYER\" \/>\n<\/p><div class=\"wpcf7-response-output\" aria-hidden=\"true\"><\/div>\n<\/form>\n<\/div>\n\n<\/div>\n<p><!--more--><br \/>\n<!-- {\"name\":\"Aluminium DE\",\"type\":\"layout\",\"children\":[{\"type\":\"section\",\"props\":{\"style\":\"muted\",\"width\":\"xlarge\",\"vertical_align\":\"middle\",\"title_position\":\"top-left\",\"title_rotation\":\"left\",\"title_breakpoint\":\"xl\",\"image_position\":\"center-center\"},\"children\":[{\"type\":\"row\",\"children\":[{\"type\":\"column\",\"props\":{\"image_position\":\"center-center\",\"media_overlay_gradient\":\"\",\"position_sticky_breakpoint\":\"m\"},\"children\":[{\"type\":\"headline\",\"props\":{\"title_element\":\"h1\",\"title_style\":\"heading-small\",\"text_align\":\"center\",\"content\":\"Aluminium\"}}]}]},{\"type\":\"row\",\"props\":{\"layout\":\"1-3,2-3\"},\"children\":[{\"type\":\"column\",\"props\":{\"image_position\":\"center-center\",\"media_overlay_gradient\":\"\",\"width_medium\":\"1-3\",\"position_sticky_breakpoint\":\"m\"},\"children\":[{\"type\":\"image\",\"props\":{\"margin\":\"default\",\"image_svg_color\":\"emphasis\",\"image\":\"wp-content\\\/uploads\\\/2020\\\/10\\\/recycling-wiederkehr-gruppe-wertstoffe-aluminium-001-scaled.jpg\"}}]},{\"type\":\"column\",\"props\":{\"image_position\":\"center-center\",\"media_overlay_gradient\":\"\",\"width_medium\":\"2-3\",\"vertical_align\":\"middle\",\"position_sticky_breakpoint\":\"m\"},\"children\":[{\"type\":\"headline\",\"props\":{\"title_element\":\"h2\",\"content\":\"Qu\\u2019est-ce que l\\u2019aluminium?\",\"title_style\":\"h5\"}},{\"type\":\"text\",\"props\":{\"margin\":\"default\",\"column_breakpoint\":\"m\",\"content\":\"\n\n<p>L\\u2019aluminium, le poids plume des m\\u00e9taux, est un \\u00e9l\\u00e9ment chimique qui poss\\u00e8de de bonnes propri\\u00e9t\\u00e9s. Il r\\u00e9siste \\u00e0 la corrosion, il n\\u2019est pas magn\\u00e9tique, sa couleur varie de l\\u2019argent\\u00e9 au blanc. L\\u2019aluminium est le m\\u00e9tal le plus fr\\u00e9quent, encore plus que le fer. Il est le troisi\\u00e8me \\u00e9l\\u00e9ment de plus courant de la Terre et il est pr\\u00e9sent dans la cro\\u00fbte terrestre, mais pas sous sa forme pure. Il faut l\\u2019extraire de la bauxite au moyen d\\u2019un proc\\u00e9d\\u00e9 de fabrication tr\\u00e8s \\u00e9nergivore. Son poids sp\\u00e9cifique fait de lui un m\\u00e9tal l\\u00e9ger aux bonnes propri\\u00e9t\\u00e9s de stabilit\\u00e9. L\\u2019aluminium r\\u00e9siste mieux que le fer \\u00e0 la corrosion et requiert donc moins de mesure anti-corrosion nocives pour l\\u2019environnement.<\\\/p>\"}},{\"type\":\"headline\",\"props\":{\"title_element\":\"h2\",\"content\":\"O\\u00f9 trouve-t-on l\\u2019aluminium?\",\"title_style\":\"h5\"}},{\"type\":\"text\",\"props\":{\"margin\":\"default\",\"column_breakpoint\":\"m\",\"content\":\"\n\n<p>L\\u2019aluminium est souvent utilis\\u00e9 comme mat\\u00e9riau de structure dans l\\u2019industrie. Gr\\u00e2ce aux constructions l\\u00e9g\\u00e8res obtenues avec les composants en aluminium, on \\u00e9conomise de la masse sur les pi\\u00e8ces mobiles et sur les machines, ce qui permet de r\\u00e9duire nettement les \\u00e9missions. A la maison, on retrouve souvent l\\u2019aluminium dans les mat\\u00e9riaux d\\u2019emballage, comme les bo\\u00eetes de conserve ou les tubes. Ce m\\u00e9tal l\\u00e9ger est \\u00e9galement pr\\u00e9sent dans nos smartphones et nos ordinateurs portables.<\\\/p>\\n\n\n<ul>\\n\n\n<li>Jantes, ventilateurs en aluminium<\\\/li>\\n\n\n<li>Plaques offset en aluminium<\\\/li>\\n\n\n<li>C\\u00e2bles en aluminium<\\\/li>\\n\n\n<li>Fonte d\\u2019aluminium<\\\/li>\\n\n\n<li>T\\u00f4le en aluminium<\\\/li>\\n\n\n<li>Profil\\u00e9s en aluminium<\\\/li>\\n\n\n<li>D\\u00e9bris d\\u2019aluminium<\\\/li>\\n\n\n<li>Copeaux d\\u2019aluminium issus des d\\u00e9chets de production<\\\/li>\\n\n\n<li>Bo\\u00eetes de conserve, tubes et film en aluminium<\\\/li>\\n<\\\/ul>\"}},{\"type\":\"headline\",\"props\":{\"title_element\":\"h2\",\"content\":\"Recyclage de l\\u2019aluminium\",\"title_style\":\"h5\"}},{\"type\":\"text\",\"props\":{\"margin\":\"default\",\"column_breakpoint\":\"m\",\"content\":\"\n\n<p>Un des aspects positifs de l\\u2019aluminium est son excellente aptitude au recyclage. Plus la mati\\u00e8re brute fournie est pure, plus il est simple de r\\u00e9cup\\u00e9rer ce m\\u00e9tal l\\u00e9ger.<\\\/p>\"}}]}]},{\"type\":\"row\",\"children\":[{\"type\":\"column\",\"props\":{\"image_position\":\"center-center\",\"media_overlay_gradient\":\"\",\"style\":\"default\",\"position_sticky_breakpoint\":\"m\"},\"children\":[{\"type\":\"headline\",\"props\":{\"title_element\":\"h2\",\"title_style\":\"heading-small\",\"text_align\":\"center\",\"content\":\"\\u00c9LABORER UNE OFFRE POUR LA VENTE DE MAT\\u00c9RIEL\"}},{\"type\":\"text\",\"props\":{\"margin\":\"default\",\"column_breakpoint\":\"m\",\"content\":\"\n\n<p>[contact-form-7 id=\\\"2356\\\" title=\\\"Material\\\"]<\\\/p>\"}}]}]}],\"modified\":\"2020-10-31T15:01:28.483Z\",\"name\":\"Eventservice\"}],\"version\":\"2.7.22\"} --><\/p>\n","protected":false},"excerpt":{"rendered":"<p>Aluminium Qu\u2019est-ce que l\u2019aluminium? L\u2019aluminium, le poids plume des m\u00e9taux, est un \u00e9l\u00e9ment chimique qui poss\u00e8de de bonnes propri\u00e9t\u00e9s. Il r\u00e9siste \u00e0 la corrosion, il n\u2019est pas magn\u00e9tique, sa couleur varie de l\u2019argent\u00e9 au blanc. L\u2019aluminium est le m\u00e9tal le plus fr\u00e9quent, encore plus que le fer. Il est le troisi\u00e8me \u00e9l\u00e9ment de plus courant [&hellip;]<\/p>\n","protected":false},"author":1,"featured_media":0,"parent":0,"menu_order":0,"comment_status":"closed","ping_status":"closed","template":"","meta":{"inline_featured_image":false,"footnotes":""},"class_list":["post-5774","page","type-page","status-publish","hentry"],"yoast_head":"<!-- This site is optimized with the Yoast SEO Premium plugin v24.3 (Yoast SEO v27.3) - https:\/\/yoast.com\/product\/yoast-seo-premium-wordpress\/ -->\n<title>Aluminium | Groupe Wiederkehr<\/title>\n<meta name=\"description\" content=\"Nous achetons de l\u2019aluminium: c\u00e2bles, ventilateurs, jantes, profil\u00e9s, canettes, copeaux et d\u00e9bris \u2013 anciens, laqu\u00e9s, neufs, purs ou alli\u00e9s. Contactez-nous, nous vous soumettrons une offre.\" \/>\n<meta name=\"robots\" content=\"index, follow, max-snippet:-1, max-image-preview:large, max-video-preview:-1\" \/>\n<link rel=\"canonical\" href=\"https:\/\/www.wierec.com\/fr\/aluminium\/\" \/>\n<meta property=\"og:locale\" content=\"fr_FR\" \/>\n<meta property=\"og:type\" content=\"article\" \/>\n<meta property=\"og:title\" content=\"aluminium\" \/>\n<meta property=\"og:description\" content=\"Nous achetons de l\u2019aluminium: c\u00e2bles, ventilateurs, jantes, profil\u00e9s, canettes, copeaux et d\u00e9bris \u2013 anciens, laqu\u00e9s, neufs, purs ou alli\u00e9s. Contactez-nous, nous vous soumettrons une offre.\" \/>\n<meta property=\"og:url\" content=\"https:\/\/www.wierec.com\/fr\/aluminium\/\" \/>\n<meta property=\"og:site_name\" content=\"Wiederkehr Recycling\" \/>\n<meta property=\"article:modified_time\" content=\"2022-07-05T09:48:13+00:00\" \/>\n<meta name=\"twitter:card\" content=\"summary_large_image\" \/>\n<meta name=\"twitter:label1\" content=\"Dur\u00e9e de lecture estim\u00e9e\" \/>\n\t<meta name=\"twitter:data1\" content=\"2 minutes\" \/>\n<script type=\"application\/ld+json\" class=\"yoast-schema-graph\">{\"@context\":\"https:\\\/\\\/schema.org\",\"@graph\":[{\"@type\":\"WebPage\",\"@id\":\"https:\\\/\\\/www.wierec.com\\\/fr\\\/aluminium\\\/\",\"url\":\"https:\\\/\\\/www.wierec.com\\\/fr\\\/aluminium\\\/\",\"name\":\"Aluminium | Groupe Wiederkehr\",\"isPartOf\":{\"@id\":\"https:\\\/\\\/www.wierec.com\\\/fr\\\/#website\"},\"datePublished\":\"2020-11-18T18:42:11+00:00\",\"dateModified\":\"2022-07-05T09:48:13+00:00\",\"description\":\"Nous achetons de l\u2019aluminium: c\u00e2bles, ventilateurs, jantes, profil\u00e9s, canettes, copeaux et d\u00e9bris \u2013 anciens, laqu\u00e9s, neufs, purs ou alli\u00e9s. Contactez-nous, nous vous soumettrons une offre.\",\"breadcrumb\":{\"@id\":\"https:\\\/\\\/www.wierec.com\\\/fr\\\/aluminium\\\/#breadcrumb\"},\"inLanguage\":\"fr-FR\",\"potentialAction\":[{\"@type\":\"ReadAction\",\"target\":[\"https:\\\/\\\/www.wierec.com\\\/fr\\\/aluminium\\\/\"]}]},{\"@type\":\"BreadcrumbList\",\"@id\":\"https:\\\/\\\/www.wierec.com\\\/fr\\\/aluminium\\\/#breadcrumb\",\"itemListElement\":[{\"@type\":\"ListItem\",\"position\":1,\"name\":\"Home\",\"item\":\"https:\\\/\\\/www.wierec.com\\\/fr\\\/\"},{\"@type\":\"ListItem\",\"position\":2,\"name\":\"aluminium\"}]},{\"@type\":\"WebSite\",\"@id\":\"https:\\\/\\\/www.wierec.com\\\/fr\\\/#website\",\"url\":\"https:\\\/\\\/www.wierec.com\\\/fr\\\/\",\"name\":\"Wiederkehr Recycling\",\"description\":\"Die Wiederkehr der Rohstoffe\",\"publisher\":{\"@id\":\"https:\\\/\\\/www.wierec.com\\\/fr\\\/#organization\"},\"potentialAction\":[{\"@type\":\"SearchAction\",\"target\":{\"@type\":\"EntryPoint\",\"urlTemplate\":\"https:\\\/\\\/www.wierec.com\\\/fr\\\/?s={search_term_string}\"},\"query-input\":{\"@type\":\"PropertyValueSpecification\",\"valueRequired\":true,\"valueName\":\"search_term_string\"}}],\"inLanguage\":\"fr-FR\"},{\"@type\":\"Organization\",\"@id\":\"https:\\\/\\\/www.wierec.com\\\/fr\\\/#organization\",\"name\":\"Wiederkehr Recycling AG\",\"url\":\"https:\\\/\\\/www.wierec.com\\\/fr\\\/\",\"logo\":{\"@type\":\"ImageObject\",\"inLanguage\":\"fr-FR\",\"@id\":\"https:\\\/\\\/www.wierec.com\\\/fr\\\/#\\\/schema\\\/logo\\\/image\\\/\",\"url\":\"https:\\\/\\\/www.wierec.com\\\/wp-content\\\/uploads\\\/2020\\\/11\\\/logo-wiederkehr-gruppe-4f-quer-001.png\",\"contentUrl\":\"https:\\\/\\\/www.wierec.com\\\/wp-content\\\/uploads\\\/2020\\\/11\\\/logo-wiederkehr-gruppe-4f-quer-001.png\",\"width\":1500,\"height\":367,\"caption\":\"Wiederkehr Recycling AG\"},\"image\":{\"@id\":\"https:\\\/\\\/www.wierec.com\\\/fr\\\/#\\\/schema\\\/logo\\\/image\\\/\"}}]}<\/script>\n<!-- \/ Yoast SEO Premium plugin. -->","yoast_head_json":{"title":"Aluminium | Groupe Wiederkehr","description":"Nous achetons de l\u2019aluminium: c\u00e2bles, ventilateurs, jantes, profil\u00e9s, canettes, copeaux et d\u00e9bris \u2013 anciens, laqu\u00e9s, neufs, purs ou alli\u00e9s. Contactez-nous, nous vous soumettrons une offre.","robots":{"index":"index","follow":"follow","max-snippet":"max-snippet:-1","max-image-preview":"max-image-preview:large","max-video-preview":"max-video-preview:-1"},"canonical":"https:\/\/www.wierec.com\/fr\/aluminium\/","og_locale":"fr_FR","og_type":"article","og_title":"aluminium","og_description":"Nous achetons de l\u2019aluminium: c\u00e2bles, ventilateurs, jantes, profil\u00e9s, canettes, copeaux et d\u00e9bris \u2013 anciens, laqu\u00e9s, neufs, purs ou alli\u00e9s. Contactez-nous, nous vous soumettrons une offre.","og_url":"https:\/\/www.wierec.com\/fr\/aluminium\/","og_site_name":"Wiederkehr Recycling","article_modified_time":"2022-07-05T09:48:13+00:00","twitter_card":"summary_large_image","twitter_misc":{"Dur\u00e9e de lecture estim\u00e9e":"2 minutes"},"schema":{"@context":"https:\/\/schema.org","@graph":[{"@type":"WebPage","@id":"https:\/\/www.wierec.com\/fr\/aluminium\/","url":"https:\/\/www.wierec.com\/fr\/aluminium\/","name":"Aluminium | Groupe Wiederkehr","isPartOf":{"@id":"https:\/\/www.wierec.com\/fr\/#website"},"datePublished":"2020-11-18T18:42:11+00:00","dateModified":"2022-07-05T09:48:13+00:00","description":"Nous achetons de l\u2019aluminium: c\u00e2bles, ventilateurs, jantes, profil\u00e9s, canettes, copeaux et d\u00e9bris \u2013 anciens, laqu\u00e9s, neufs, purs ou alli\u00e9s. Contactez-nous, nous vous soumettrons une offre.","breadcrumb":{"@id":"https:\/\/www.wierec.com\/fr\/aluminium\/#breadcrumb"},"inLanguage":"fr-FR","potentialAction":[{"@type":"ReadAction","target":["https:\/\/www.wierec.com\/fr\/aluminium\/"]}]},{"@type":"BreadcrumbList","@id":"https:\/\/www.wierec.com\/fr\/aluminium\/#breadcrumb","itemListElement":[{"@type":"ListItem","position":1,"name":"Home","item":"https:\/\/www.wierec.com\/fr\/"},{"@type":"ListItem","position":2,"name":"aluminium"}]},{"@type":"WebSite","@id":"https:\/\/www.wierec.com\/fr\/#website","url":"https:\/\/www.wierec.com\/fr\/","name":"Wiederkehr Recycling","description":"Die Wiederkehr der Rohstoffe","publisher":{"@id":"https:\/\/www.wierec.com\/fr\/#organization"},"potentialAction":[{"@type":"SearchAction","target":{"@type":"EntryPoint","urlTemplate":"https:\/\/www.wierec.com\/fr\/?s={search_term_string}"},"query-input":{"@type":"PropertyValueSpecification","valueRequired":true,"valueName":"search_term_string"}}],"inLanguage":"fr-FR"},{"@type":"Organization","@id":"https:\/\/www.wierec.com\/fr\/#organization","name":"Wiederkehr Recycling AG","url":"https:\/\/www.wierec.com\/fr\/","logo":{"@type":"ImageObject","inLanguage":"fr-FR","@id":"https:\/\/www.wierec.com\/fr\/#\/schema\/logo\/image\/","url":"https:\/\/www.wierec.com\/wp-content\/uploads\/2020\/11\/logo-wiederkehr-gruppe-4f-quer-001.png","contentUrl":"https:\/\/www.wierec.com\/wp-content\/uploads\/2020\/11\/logo-wiederkehr-gruppe-4f-quer-001.png","width":1500,"height":367,"caption":"Wiederkehr Recycling AG"},"image":{"@id":"https:\/\/www.wierec.com\/fr\/#\/schema\/logo\/image\/"}}]}},"_links":{"self":[{"href":"https:\/\/www.wierec.com\/fr\/wp-json\/wp\/v2\/pages\/5774","targetHints":{"allow":["GET"]}}],"collection":[{"href":"https:\/\/www.wierec.com\/fr\/wp-json\/wp\/v2\/pages"}],"about":[{"href":"https:\/\/www.wierec.com\/fr\/wp-json\/wp\/v2\/types\/page"}],"author":[{"embeddable":true,"href":"https:\/\/www.wierec.com\/fr\/wp-json\/wp\/v2\/users\/1"}],"replies":[{"embeddable":true,"href":"https:\/\/www.wierec.com\/fr\/wp-json\/wp\/v2\/comments?post=5774"}],"version-history":[{"count":8,"href":"https:\/\/www.wierec.com\/fr\/wp-json\/wp\/v2\/pages\/5774\/revisions"}],"predecessor-version":[{"id":11803,"href":"https:\/\/www.wierec.com\/fr\/wp-json\/wp\/v2\/pages\/5774\/revisions\/11803"}],"wp:attachment":[{"href":"https:\/\/www.wierec.com\/fr\/wp-json\/wp\/v2\/media?parent=5774"}],"curies":[{"name":"wp","href":"https:\/\/api.w.org\/{rel}","templated":true}]}}