{"id":5789,"date":"2020-11-18T18:52:48","date_gmt":"2020-11-18T18:52:48","guid":{"rendered":"https:\/\/www.wierec.com\/?page_id=5789"},"modified":"2022-07-04T12:24:24","modified_gmt":"2022-07-04T12:24:24","slug":"acier-chrome","status":"publish","type":"page","link":"https:\/\/www.wierec.com\/fr\/acier-chrome\/","title":{"rendered":"Acier chrom\u00e9"},"content":{"rendered":"<h1>ACIER CHROM\u00c9<\/h1>\n<p><img decoding=\"async\" src=\"\/wp-content\/uploads\/2020\/11\/recycling-wiederkehr-gruppe-wertstoffe-chromstahl-001-scaled.jpg\" alt=\"\"><\/p>\n<h2>\n<p><strong>Qu\u2019est-ce que l\u2019acier chrom\u00e9?<\/strong><\/p>\n<\/h2>\n<div>\n<p>L\u2019acier chrom\u00e9 fait partie des aciers inoxydables fortement alli\u00e9s. Il est cr\u00e9\u00e9 par l\u2019alliage du fer et du chrome. Si l\u2019on ajoute du nickel \u00e0 l\u2019alliage, on obtient de l\u2019acier nickel-chrome. Dans le langage courant, quand on parle d\u2019acier chrom\u00e9 ou d\u2019acier inoxydable, il est g\u00e9n\u00e9ralement question d\u2019acier nickel-chrome. Sa teneur \u00e9lev\u00e9e en chrome lui conf\u00e8re une couche passive particuli\u00e8rement dense et non oxydable, ce qui en fait une mati\u00e8re particuli\u00e8rement durable et surtout facile \u00e0 entretenir. L\u2019acier chrom\u00e9 se distingue \u00e9galement par ses excellentes propri\u00e9t\u00e9s hygi\u00e9niques, sa r\u00e9sistance thermique optimale et son insensibilit\u00e9 aux acides ou \u00e0 d\u2019autres facteurs ext\u00e9rieurs. En fonction de l\u2019usage pr\u00e9vu, on utilise diff\u00e9rents alliages. Le plus courant est le V2A (nouvelle d\u00e9signation: 1.4301). Si une protection anti-corrosion plus \u00e9lev\u00e9e est n\u00e9cessaire, on utilise le V4A (nouvelle d\u00e9signation: 1.4435).<\/p>\n<\/div>\n<h2>\n<p><strong>O\u00f9 trouve-t-on l\u2019acier chrom\u00e9?<\/strong><\/p>\n<\/h2>\n<div>\n<p>Gr\u00e2ce \u00e0 sa r\u00e9sistance \u00e0 la corrosion, l\u2019acier chrom\u00e9 est int\u00e9ressant d\u2019un point de vue \u00e9conomique. Il fait partie du paysage dans les b\u00e2timents publics et priv\u00e9s. Des simples appareils \u00e9lectrom\u00e9nagers jusqu\u2019aux installations industrielles complexes, en passant par les \u00e9l\u00e9ments de construction, cet alliage d\u2019acier inoxydable est aujourd\u2019hui utilis\u00e9 dans les domaines les plus vari\u00e9s et presque tous les secteurs de l\u2019industrie.<\/p>\n<ul>\n<li>Architecture<\/li>\n<li>Restauration<\/li>\n<li>Industrie pharmaceutique<\/li>\n<li>Technologie m\u00e9dicale<\/li>\n<li>Construction de v\u00e9hicules et de machines<\/li>\n<\/ul>\n<\/div>\n<h2>\n<p><strong>Recyclage de l\u2019acier chrom\u00e9<\/strong><\/p>\n<\/h2>\n<div>\n<p>Contrairement \u00e0 l\u2019acier de construction, l\u2019acier chrom\u00e9 est g\u00e9n\u00e9ralement int\u00e9gr\u00e9 \u00e0 des structures dont il se s\u00e9pare tr\u00e8s facilement par la suite (appareils \u00e9lectrom\u00e9nagers, composants, bobines ou outils). Les aciers nettoy\u00e9s sont fondus dans un four \u00e9lectrique puis soumis \u00e0 un processus de coupellation, qui consiste \u00e0 s\u00e9parer les alliages afin d\u2019obtenir un degr\u00e9 de puret\u00e9 maximal. A la fin du processus de recyclage, on obtient des blocs bruts qui peuvent \u00eatre transform\u00e9s en t\u00f4les ou en \u00e9l\u00e9ments semblables.<\/p>\n<\/div>\n<h2>\n<p>\u00c9LABORER UNE OFFRE POUR LA VENTE DE MAT\u00c9RIEL<\/p>\n<\/h2>\n<div>\n\n<div class=\"wpcf7 no-js\" id=\"wpcf7-f5527-o1\" lang=\"fr-FR\" dir=\"ltr\" data-wpcf7-id=\"5527\">\n<div class=\"screen-reader-response\"><p role=\"status\" aria-live=\"polite\" aria-atomic=\"true\"><\/p> <ul><\/ul><\/div>\n<form action=\"\/fr\/wp-json\/wp\/v2\/pages\/5789#wpcf7-f5527-o1\" method=\"post\" class=\"wpcf7-form init\" aria-label=\"Formulaire de contact\" novalidate=\"novalidate\" data-status=\"init\">\n<fieldset class=\"hidden-fields-container\"><input type=\"hidden\" name=\"_wpcf7\" value=\"5527\" \/><input type=\"hidden\" name=\"_wpcf7_version\" value=\"6.1.5\" \/><input type=\"hidden\" name=\"_wpcf7_locale\" value=\"fr_FR\" \/><input type=\"hidden\" name=\"_wpcf7_unit_tag\" value=\"wpcf7-f5527-o1\" \/><input type=\"hidden\" name=\"_wpcf7_container_post\" value=\"0\" \/><input type=\"hidden\" name=\"_wpcf7_posted_data_hash\" value=\"\" \/><input type=\"hidden\" name=\"_wpcf7_recaptcha_response\" value=\"\" \/>\n<\/fieldset>\n<p><label> Nom*<br \/>\n<span class=\"wpcf7-form-control-wrap\" data-name=\"your-name\"><input size=\"40\" maxlength=\"400\" class=\"wpcf7-form-control wpcf7-text wpcf7-validates-as-required\" aria-required=\"true\" aria-invalid=\"false\" value=\"\" type=\"text\" name=\"your-name\" \/><\/span> <\/label><br \/>\n<label> Soci\u00e9t\u00e9*<br \/>\n<span class=\"wpcf7-form-control-wrap\" data-name=\"your-firma\"><input size=\"40\" maxlength=\"400\" class=\"wpcf7-form-control wpcf7-text wpcf7-validates-as-required\" aria-required=\"true\" aria-invalid=\"false\" value=\"\" type=\"text\" name=\"your-firma\" \/><\/span> <\/label><br \/>\n<label> T\u00e9l\u00e9phone*<br \/>\n<span class=\"wpcf7-form-control-wrap\" data-name=\"your-telefon\"><input size=\"40\" maxlength=\"400\" class=\"wpcf7-form-control wpcf7-text wpcf7-validates-as-required\" aria-required=\"true\" aria-invalid=\"false\" value=\"\" type=\"text\" name=\"your-telefon\" \/><\/span> <\/label>\n<\/p>\n<p><label> E-Mail*<br \/>\n<span class=\"wpcf7-form-control-wrap\" data-name=\"your-email\"><input size=\"40\" maxlength=\"400\" class=\"wpcf7-form-control wpcf7-email wpcf7-validates-as-required wpcf7-text wpcf7-validates-as-email\" aria-required=\"true\" aria-invalid=\"false\" value=\"\" type=\"email\" name=\"your-email\" \/><\/span> <\/label>\n<\/p>\n<p><label> Mat\u00e9riau*<br \/>\n<span class=\"wpcf7-form-control-wrap\" data-name=\"your-material\"><input size=\"40\" maxlength=\"400\" class=\"wpcf7-form-control wpcf7-text wpcf7-validates-as-required\" aria-required=\"true\" aria-invalid=\"false\" value=\"\" type=\"text\" name=\"your-material\" \/><\/span> <\/label>\n<\/p>\n<p><label> Quantit\u00e9*<br \/>\n<span class=\"wpcf7-form-control-wrap\" data-name=\"your-menge\"><input size=\"40\" maxlength=\"400\" class=\"wpcf7-form-control wpcf7-text wpcf7-validates-as-required\" aria-required=\"true\" aria-invalid=\"false\" value=\"\" type=\"text\" name=\"your-menge\" \/><\/span> <\/label>\n<\/p>\n<p><label> Etat*<br \/>\n<span class=\"wpcf7-form-control-wrap\" data-name=\"your-menge\"><input size=\"40\" maxlength=\"400\" class=\"wpcf7-form-control wpcf7-text wpcf7-validates-as-required\" aria-required=\"true\" aria-invalid=\"false\" value=\"\" type=\"text\" name=\"your-menge\" \/><\/span> <\/label>\n<\/p>\n<p><input class=\"wpcf7-form-control wpcf7-submit has-spinner\" type=\"submit\" value=\"ENVOYER\" \/>\n<\/p><div class=\"wpcf7-response-output\" aria-hidden=\"true\"><\/div>\n<\/form>\n<\/div>\n\n<\/div>\n<p><!--more--><br \/>\n<!-- {\"name\":\"Chromstahl DE\",\"type\":\"layout\",\"children\":[{\"type\":\"section\",\"props\":{\"style\":\"muted\",\"width\":\"xlarge\",\"vertical_align\":\"middle\",\"title_position\":\"top-left\",\"title_rotation\":\"left\",\"title_breakpoint\":\"xl\",\"image_position\":\"center-center\"},\"children\":[{\"type\":\"row\",\"children\":[{\"type\":\"column\",\"props\":{\"image_position\":\"center-center\",\"media_overlay_gradient\":\"\",\"position_sticky_breakpoint\":\"m\"},\"children\":[{\"type\":\"headline\",\"props\":{\"title_element\":\"h1\",\"title_style\":\"heading-small\",\"text_align\":\"center\",\"content\":\"ACIER CHROM\\u00c9\"}}]}]},{\"type\":\"row\",\"props\":{\"layout\":\"1-3,2-3\"},\"children\":[{\"type\":\"column\",\"props\":{\"image_position\":\"center-center\",\"media_overlay_gradient\":\"\",\"width_medium\":\"1-3\",\"position_sticky_breakpoint\":\"m\"},\"children\":[{\"type\":\"image\",\"props\":{\"margin\":\"default\",\"image_svg_color\":\"emphasis\",\"image\":\"wp-content\\\/uploads\\\/2020\\\/11\\\/recycling-wiederkehr-gruppe-wertstoffe-chromstahl-001-scaled.jpg\"}}]},{\"type\":\"column\",\"props\":{\"image_position\":\"center-center\",\"media_overlay_gradient\":\"\",\"width_medium\":\"2-3\",\"vertical_align\":\"middle\",\"position_sticky_breakpoint\":\"m\"},\"children\":[{\"type\":\"headline\",\"props\":{\"title_element\":\"h2\",\"content\":\"\n\n<p><strong>Qu\\u2019est-ce que l\\u2019acier chrom\\u00e9?<\\\/strong><\\\/p>\",\"title_style\":\"h5\"}},{\"type\":\"text\",\"props\":{\"margin\":\"default\",\"column_breakpoint\":\"m\",\"content\":\"\n\n<p>L\\u2019acier chrom\\u00e9 fait partie des aciers inoxydables fortement alli\\u00e9s. Il est cr\\u00e9\\u00e9 par l\\u2019alliage du fer et du chrome. Si l\\u2019on ajoute du nickel \\u00e0 l\\u2019alliage, on obtient de l\\u2019acier nickel-chrome. Dans le langage courant, quand on parle d\\u2019acier chrom\\u00e9 ou d\\u2019acier inoxydable, il est g\\u00e9n\\u00e9ralement question d\\u2019acier nickel-chrome. Sa teneur \\u00e9lev\\u00e9e en chrome lui conf\\u00e8re une couche passive particuli\\u00e8rement dense et non oxydable, ce qui en fait une mati\\u00e8re particuli\\u00e8rement durable et surtout facile \\u00e0 entretenir. L\\u2019acier chrom\\u00e9 se distingue \\u00e9galement par ses excellentes propri\\u00e9t\\u00e9s hygi\\u00e9niques, sa r\\u00e9sistance thermique optimale et son insensibilit\\u00e9 aux acides ou \\u00e0 d\\u2019autres facteurs ext\\u00e9rieurs. En fonction de l\\u2019usage pr\\u00e9vu, on utilise diff\\u00e9rents alliages. Le plus courant est le V2A (nouvelle d\\u00e9signation: 1.4301). Si une protection anti-corrosion plus \\u00e9lev\\u00e9e est n\\u00e9cessaire, on utilise le V4A (nouvelle d\\u00e9signation: 1.4435).<\\\/p>\"}},{\"type\":\"headline\",\"props\":{\"title_element\":\"h2\",\"content\":\"\n\n<p><strong>O\\u00f9 trouve-t-on l\\u2019acier chrom\\u00e9?<\\\/strong><\\\/p>\",\"title_style\":\"h5\"}},{\"type\":\"text\",\"props\":{\"margin\":\"default\",\"column_breakpoint\":\"m\",\"content\":\"\n\n<p>Gr\\u00e2ce \\u00e0 sa r\\u00e9sistance \\u00e0 la corrosion, l\\u2019acier chrom\\u00e9 est int\\u00e9ressant d\\u2019un point de vue \\u00e9conomique. Il fait partie du paysage dans les b\\u00e2timents publics et priv\\u00e9s. Des simples appareils \\u00e9lectrom\\u00e9nagers jusqu\\u2019aux installations industrielles complexes, en passant par les \\u00e9l\\u00e9ments de construction, cet alliage d\\u2019acier inoxydable est aujourd\\u2019hui utilis\\u00e9 dans les domaines les plus vari\\u00e9s et presque tous les secteurs de l\\u2019industrie.<\\\/p>\\n\n\n<ul>\\n\n\n<li>Architecture<\\\/li>\\n\n\n<li>Restauration<\\\/li>\\n\n\n<li>Industrie pharmaceutique<\\\/li>\\n\n\n<li>Technologie m\\u00e9dicale<\\\/li>\\n\n\n<li>Construction de v\\u00e9hicules et de machines<\\\/li>\\n<\\\/ul>\"}},{\"type\":\"headline\",\"props\":{\"title_element\":\"h2\",\"content\":\"\n\n<p><strong>Recyclage de l\\u2019acier chrom\\u00e9<\\\/strong><\\\/p>\",\"title_style\":\"h5\"}},{\"type\":\"text\",\"props\":{\"margin\":\"default\",\"column_breakpoint\":\"m\",\"content\":\"\n\n<p>Contrairement \\u00e0 l\\u2019acier de construction, l\\u2019acier chrom\\u00e9 est g\\u00e9n\\u00e9ralement int\\u00e9gr\\u00e9 \\u00e0 des structures dont il se s\\u00e9pare tr\\u00e8s facilement par la suite (appareils \\u00e9lectrom\\u00e9nagers, composants, bobines ou outils). Les aciers nettoy\\u00e9s sont fondus dans un four \\u00e9lectrique puis soumis \\u00e0 un processus de coupellation, qui consiste \\u00e0 s\\u00e9parer les alliages afin d\\u2019obtenir un degr\\u00e9 de puret\\u00e9 maximal. A la fin du processus de recyclage, on obtient des blocs bruts qui peuvent \\u00eatre transform\\u00e9s en t\\u00f4les ou en \\u00e9l\\u00e9ments semblables.<\\\/p>\"}}]}]},{\"type\":\"row\",\"children\":[{\"type\":\"column\",\"props\":{\"image_position\":\"center-center\",\"media_overlay_gradient\":\"\",\"style\":\"default\",\"position_sticky_breakpoint\":\"m\"},\"children\":[{\"type\":\"headline\",\"props\":{\"title_element\":\"h2\",\"title_style\":\"heading-small\",\"text_align\":\"center\",\"content\":\"\n\n<p>\\u00c9LABORER UNE OFFRE POUR LA VENTE DE MAT\\u00c9RIEL<\\\/p>\"}},{\"type\":\"text\",\"props\":{\"margin\":\"default\",\"column_breakpoint\":\"m\",\"content\":\"\n\n<p>[contact-form-7 id=\\\"2356\\\" title=\\\"Material\\\"]<\\\/p>\"}}]}]}],\"modified\":\"2020-10-31T15:01:28.483Z\",\"name\":\"Eventservice\"}],\"version\":\"2.7.22\"} --><\/p>\n","protected":false},"excerpt":{"rendered":"<p>ACIER CHROM\u00c9 Qu\u2019est-ce que l\u2019acier chrom\u00e9? L\u2019acier chrom\u00e9 fait partie des aciers inoxydables fortement alli\u00e9s. Il est cr\u00e9\u00e9 par l\u2019alliage du fer et du chrome. Si l\u2019on ajoute du nickel \u00e0 l\u2019alliage, on obtient de l\u2019acier nickel-chrome. Dans le langage courant, quand on parle d\u2019acier chrom\u00e9 ou d\u2019acier inoxydable, il est g\u00e9n\u00e9ralement question d\u2019acier nickel-chrome. [&hellip;]<\/p>\n","protected":false},"author":1,"featured_media":0,"parent":0,"menu_order":0,"comment_status":"closed","ping_status":"closed","template":"","meta":{"inline_featured_image":false,"footnotes":""},"class_list":["post-5789","page","type-page","status-publish","hentry"],"yoast_head":"<!-- This site is optimized with the Yoast SEO Premium plugin v24.3 (Yoast SEO v27.4) - https:\/\/yoast.com\/product\/yoast-seo-premium-wordpress\/ -->\n<title>Acier chrom\u00e9 | Groupe Wiederkehr<\/title>\n<meta name=\"description\" content=\"Nous achetons de l\u2019acier inoxydable fortement alli\u00e9, comme l\u2019acier chrom\u00e9, l\u2019acier nickel-chrome, le V2A ou le V4A. N\u2019h\u00e9sitez pas \u00e0 nous contacter. Nous sommes \u00e0 votre disposition pour vous conseiller et nous vous soumettrons une offre.\" \/>\n<meta name=\"robots\" content=\"index, follow, max-snippet:-1, max-image-preview:large, max-video-preview:-1\" \/>\n<link rel=\"canonical\" href=\"https:\/\/www.wierec.com\/fr\/acier-chrome\/\" \/>\n<meta property=\"og:locale\" content=\"fr_FR\" \/>\n<meta property=\"og:type\" content=\"article\" \/>\n<meta property=\"og:title\" content=\"Acier chrom\u00e9\" \/>\n<meta property=\"og:description\" content=\"Nous achetons de l\u2019acier inoxydable fortement alli\u00e9, comme l\u2019acier chrom\u00e9, l\u2019acier nickel-chrome, le V2A ou le V4A. N\u2019h\u00e9sitez pas \u00e0 nous contacter. Nous sommes \u00e0 votre disposition pour vous conseiller et nous vous soumettrons une offre.\" \/>\n<meta property=\"og:url\" content=\"https:\/\/www.wierec.com\/fr\/acier-chrome\/\" \/>\n<meta property=\"og:site_name\" content=\"Wiederkehr Recycling\" \/>\n<meta property=\"article:modified_time\" content=\"2022-07-04T12:24:24+00:00\" \/>\n<meta name=\"twitter:card\" content=\"summary_large_image\" \/>\n<meta name=\"twitter:label1\" content=\"Dur\u00e9e de lecture estim\u00e9e\" \/>\n\t<meta name=\"twitter:data1\" content=\"2 minutes\" \/>\n<script type=\"application\/ld+json\" class=\"yoast-schema-graph\">{\"@context\":\"https:\\\/\\\/schema.org\",\"@graph\":[{\"@type\":\"WebPage\",\"@id\":\"https:\\\/\\\/www.wierec.com\\\/fr\\\/acier-chrome\\\/\",\"url\":\"https:\\\/\\\/www.wierec.com\\\/fr\\\/acier-chrome\\\/\",\"name\":\"Acier chrom\u00e9 | Groupe Wiederkehr\",\"isPartOf\":{\"@id\":\"https:\\\/\\\/www.wierec.com\\\/fr\\\/#website\"},\"datePublished\":\"2020-11-18T18:52:48+00:00\",\"dateModified\":\"2022-07-04T12:24:24+00:00\",\"description\":\"Nous achetons de l\u2019acier inoxydable fortement alli\u00e9, comme l\u2019acier chrom\u00e9, l\u2019acier nickel-chrome, le V2A ou le V4A. N\u2019h\u00e9sitez pas \u00e0 nous contacter. Nous sommes \u00e0 votre disposition pour vous conseiller et nous vous soumettrons une offre.\",\"breadcrumb\":{\"@id\":\"https:\\\/\\\/www.wierec.com\\\/fr\\\/acier-chrome\\\/#breadcrumb\"},\"inLanguage\":\"fr-FR\",\"potentialAction\":[{\"@type\":\"ReadAction\",\"target\":[\"https:\\\/\\\/www.wierec.com\\\/fr\\\/acier-chrome\\\/\"]}]},{\"@type\":\"BreadcrumbList\",\"@id\":\"https:\\\/\\\/www.wierec.com\\\/fr\\\/acier-chrome\\\/#breadcrumb\",\"itemListElement\":[{\"@type\":\"ListItem\",\"position\":1,\"name\":\"Home\",\"item\":\"https:\\\/\\\/www.wierec.com\\\/fr\\\/\"},{\"@type\":\"ListItem\",\"position\":2,\"name\":\"Acier chrom\u00e9\"}]},{\"@type\":\"WebSite\",\"@id\":\"https:\\\/\\\/www.wierec.com\\\/fr\\\/#website\",\"url\":\"https:\\\/\\\/www.wierec.com\\\/fr\\\/\",\"name\":\"Wiederkehr Recycling\",\"description\":\"Die Wiederkehr der Rohstoffe\",\"publisher\":{\"@id\":\"https:\\\/\\\/www.wierec.com\\\/fr\\\/#organization\"},\"potentialAction\":[{\"@type\":\"SearchAction\",\"target\":{\"@type\":\"EntryPoint\",\"urlTemplate\":\"https:\\\/\\\/www.wierec.com\\\/fr\\\/?s={search_term_string}\"},\"query-input\":{\"@type\":\"PropertyValueSpecification\",\"valueRequired\":true,\"valueName\":\"search_term_string\"}}],\"inLanguage\":\"fr-FR\"},{\"@type\":\"Organization\",\"@id\":\"https:\\\/\\\/www.wierec.com\\\/fr\\\/#organization\",\"name\":\"Wiederkehr Recycling AG\",\"url\":\"https:\\\/\\\/www.wierec.com\\\/fr\\\/\",\"logo\":{\"@type\":\"ImageObject\",\"inLanguage\":\"fr-FR\",\"@id\":\"https:\\\/\\\/www.wierec.com\\\/fr\\\/#\\\/schema\\\/logo\\\/image\\\/\",\"url\":\"https:\\\/\\\/www.wierec.com\\\/wp-content\\\/uploads\\\/2020\\\/11\\\/logo-wiederkehr-gruppe-4f-quer-001.png\",\"contentUrl\":\"https:\\\/\\\/www.wierec.com\\\/wp-content\\\/uploads\\\/2020\\\/11\\\/logo-wiederkehr-gruppe-4f-quer-001.png\",\"width\":1500,\"height\":367,\"caption\":\"Wiederkehr Recycling AG\"},\"image\":{\"@id\":\"https:\\\/\\\/www.wierec.com\\\/fr\\\/#\\\/schema\\\/logo\\\/image\\\/\"}}]}<\/script>\n<!-- \/ Yoast SEO Premium plugin. -->","yoast_head_json":{"title":"Acier chrom\u00e9 | Groupe Wiederkehr","description":"Nous achetons de l\u2019acier inoxydable fortement alli\u00e9, comme l\u2019acier chrom\u00e9, l\u2019acier nickel-chrome, le V2A ou le V4A. N\u2019h\u00e9sitez pas \u00e0 nous contacter. Nous sommes \u00e0 votre disposition pour vous conseiller et nous vous soumettrons une offre.","robots":{"index":"index","follow":"follow","max-snippet":"max-snippet:-1","max-image-preview":"max-image-preview:large","max-video-preview":"max-video-preview:-1"},"canonical":"https:\/\/www.wierec.com\/fr\/acier-chrome\/","og_locale":"fr_FR","og_type":"article","og_title":"Acier chrom\u00e9","og_description":"Nous achetons de l\u2019acier inoxydable fortement alli\u00e9, comme l\u2019acier chrom\u00e9, l\u2019acier nickel-chrome, le V2A ou le V4A. N\u2019h\u00e9sitez pas \u00e0 nous contacter. Nous sommes \u00e0 votre disposition pour vous conseiller et nous vous soumettrons une offre.","og_url":"https:\/\/www.wierec.com\/fr\/acier-chrome\/","og_site_name":"Wiederkehr Recycling","article_modified_time":"2022-07-04T12:24:24+00:00","twitter_card":"summary_large_image","twitter_misc":{"Dur\u00e9e de lecture estim\u00e9e":"2 minutes"},"schema":{"@context":"https:\/\/schema.org","@graph":[{"@type":"WebPage","@id":"https:\/\/www.wierec.com\/fr\/acier-chrome\/","url":"https:\/\/www.wierec.com\/fr\/acier-chrome\/","name":"Acier chrom\u00e9 | Groupe Wiederkehr","isPartOf":{"@id":"https:\/\/www.wierec.com\/fr\/#website"},"datePublished":"2020-11-18T18:52:48+00:00","dateModified":"2022-07-04T12:24:24+00:00","description":"Nous achetons de l\u2019acier inoxydable fortement alli\u00e9, comme l\u2019acier chrom\u00e9, l\u2019acier nickel-chrome, le V2A ou le V4A. N\u2019h\u00e9sitez pas \u00e0 nous contacter. Nous sommes \u00e0 votre disposition pour vous conseiller et nous vous soumettrons une offre.","breadcrumb":{"@id":"https:\/\/www.wierec.com\/fr\/acier-chrome\/#breadcrumb"},"inLanguage":"fr-FR","potentialAction":[{"@type":"ReadAction","target":["https:\/\/www.wierec.com\/fr\/acier-chrome\/"]}]},{"@type":"BreadcrumbList","@id":"https:\/\/www.wierec.com\/fr\/acier-chrome\/#breadcrumb","itemListElement":[{"@type":"ListItem","position":1,"name":"Home","item":"https:\/\/www.wierec.com\/fr\/"},{"@type":"ListItem","position":2,"name":"Acier chrom\u00e9"}]},{"@type":"WebSite","@id":"https:\/\/www.wierec.com\/fr\/#website","url":"https:\/\/www.wierec.com\/fr\/","name":"Wiederkehr Recycling","description":"Die Wiederkehr der Rohstoffe","publisher":{"@id":"https:\/\/www.wierec.com\/fr\/#organization"},"potentialAction":[{"@type":"SearchAction","target":{"@type":"EntryPoint","urlTemplate":"https:\/\/www.wierec.com\/fr\/?s={search_term_string}"},"query-input":{"@type":"PropertyValueSpecification","valueRequired":true,"valueName":"search_term_string"}}],"inLanguage":"fr-FR"},{"@type":"Organization","@id":"https:\/\/www.wierec.com\/fr\/#organization","name":"Wiederkehr Recycling AG","url":"https:\/\/www.wierec.com\/fr\/","logo":{"@type":"ImageObject","inLanguage":"fr-FR","@id":"https:\/\/www.wierec.com\/fr\/#\/schema\/logo\/image\/","url":"https:\/\/www.wierec.com\/wp-content\/uploads\/2020\/11\/logo-wiederkehr-gruppe-4f-quer-001.png","contentUrl":"https:\/\/www.wierec.com\/wp-content\/uploads\/2020\/11\/logo-wiederkehr-gruppe-4f-quer-001.png","width":1500,"height":367,"caption":"Wiederkehr Recycling AG"},"image":{"@id":"https:\/\/www.wierec.com\/fr\/#\/schema\/logo\/image\/"}}]}},"_links":{"self":[{"href":"https:\/\/www.wierec.com\/fr\/wp-json\/wp\/v2\/pages\/5789","targetHints":{"allow":["GET"]}}],"collection":[{"href":"https:\/\/www.wierec.com\/fr\/wp-json\/wp\/v2\/pages"}],"about":[{"href":"https:\/\/www.wierec.com\/fr\/wp-json\/wp\/v2\/types\/page"}],"author":[{"embeddable":true,"href":"https:\/\/www.wierec.com\/fr\/wp-json\/wp\/v2\/users\/1"}],"replies":[{"embeddable":true,"href":"https:\/\/www.wierec.com\/fr\/wp-json\/wp\/v2\/comments?post=5789"}],"version-history":[{"count":5,"href":"https:\/\/www.wierec.com\/fr\/wp-json\/wp\/v2\/pages\/5789\/revisions"}],"predecessor-version":[{"id":11350,"href":"https:\/\/www.wierec.com\/fr\/wp-json\/wp\/v2\/pages\/5789\/revisions\/11350"}],"wp:attachment":[{"href":"https:\/\/www.wierec.com\/fr\/wp-json\/wp\/v2\/media?parent=5789"}],"curies":[{"name":"wp","href":"https:\/\/api.w.org\/{rel}","templated":true}]}}