{"id":5793,"date":"2020-11-18T18:56:02","date_gmt":"2020-11-18T18:56:02","guid":{"rendered":"https:\/\/www.wierec.com\/?page_id=5793"},"modified":"2022-07-05T09:51:46","modified_gmt":"2022-07-05T09:51:46","slug":"metaux-precieux","status":"publish","type":"page","link":"https:\/\/www.wierec.com\/fr\/metaux-precieux\/","title":{"rendered":"M\u00e9taux pr\u00e9cieux"},"content":{"rendered":"<h1>M\u00c9TAUX PR\u00c9CIEUX<\/h1>\n<p><img decoding=\"async\" src=\"\/wp-content\/uploads\/2020\/11\/recycling-wiederkehr-gruppe-wertstoffe-edelmetalle-001.jpg\" alt=\"\"><\/p>\n<h2>Que sont les m\u00e9taux pr\u00e9cieux?<\/h2>\n<div>\n<p>Outre les propri\u00e9t\u00e9s typiques aux m\u00e9taux, comme la conductivit\u00e9 \u00e9lectrique, la mall\u00e9abilit\u00e9, la brillance m\u00e9tallique et la conductivit\u00e9 thermique, les m\u00e9taux pr\u00e9cieux pr\u00e9sentent une r\u00e9sistance particuli\u00e8rement \u00e9lev\u00e9e \u00e0 la corrosion. Ils ne forment pas de liaison avec l\u2019oxyg\u00e8ne, que les temp\u00e9ratures soient normales ou \u00e9lev\u00e9es, c\u2019est-\u00e0-dire qu\u2019ils ne se corrodent pas. Les m\u00e9taux pr\u00e9cieux les plus courants sont l\u2019or, l\u2019argent, le platine, les platines m\u00e9talliques, le palladium et le rhodium. <\/p>\n<\/div>\n<h2>O\u00f9 trouve-t-on les m\u00e9taux pr\u00e9cieux?<\/h2>\n<div>\n<p>Les m\u00e9taux pr\u00e9cieux font partie int\u00e9grante de la vie quotidienne moderne. Autrefois, ils \u00e9taient surtout utilis\u00e9s pour la fabrication de bijoux et de pi\u00e8ces de monnaie. Aujourd\u2019hui, leur tr\u00e8s bonne conductivit\u00e9 \u00e9lectrique les rend aussi int\u00e9ressants pour l\u2019industrie, et notamment en \u00e9lectrotechnique.<\/p>\n<ul>\n<li>Electronique, \u00e9lectricit\u00e9<\/li>\n<li>Industrie automobile<\/li>\n<li>Industrie chimique<\/li>\n<li>Industrie du verre<\/li>\n<li>Industrie pharmaceutique<\/li>\n<li>Industrie des bijoux<\/li>\n<\/ul>\n<\/div>\n<h2>Recyclage des m\u00e9taux pr\u00e9cieux<\/h2>\n<div>\n<p>La r\u00e9cup\u00e9ration des m\u00e9taux pr\u00e9cieux est particuli\u00e8rement importante de nos jours car la demande industrielle est en augmentation. G\u00e9n\u00e9ralement, les m\u00e9taux pr\u00e9cieux sont alli\u00e9s \u00e0 d\u2019autres mat\u00e9riaux, m\u00e9taux ou alliages. Un proc\u00e9d\u00e9 de recyclage extr\u00eamement complexe est n\u00e9cessaire pour s\u00e9parer les \u00e9l\u00e9ments de ce m\u00e9lange de mat\u00e9riaux. On peut s\u00e9parer les m\u00e9taux pr\u00e9cieux \u00e0 de hauts degr\u00e9s de puret\u00e9 gr\u00e2ce \u00e0 un processus de fusion sophistiqu\u00e9. En utilisant une technologie de pointe, pratiquement rien n\u2019est perdu lors du recyclage.<\/p>\n<\/div>\n<h2>\u00c9LABORER UNE OFFRE POUR LA VENTE DE MAT\u00c9RIEL<\/h2>\n<div>\n\n<div class=\"wpcf7 no-js\" id=\"wpcf7-f5527-o1\" lang=\"fr-FR\" dir=\"ltr\" data-wpcf7-id=\"5527\">\n<div class=\"screen-reader-response\"><p role=\"status\" aria-live=\"polite\" aria-atomic=\"true\"><\/p> <ul><\/ul><\/div>\n<form action=\"\/fr\/wp-json\/wp\/v2\/pages\/5793#wpcf7-f5527-o1\" method=\"post\" class=\"wpcf7-form init\" aria-label=\"Formulaire de contact\" novalidate=\"novalidate\" data-status=\"init\">\n<fieldset class=\"hidden-fields-container\"><input type=\"hidden\" name=\"_wpcf7\" value=\"5527\" \/><input type=\"hidden\" name=\"_wpcf7_version\" value=\"6.1.5\" \/><input type=\"hidden\" name=\"_wpcf7_locale\" value=\"fr_FR\" \/><input type=\"hidden\" name=\"_wpcf7_unit_tag\" value=\"wpcf7-f5527-o1\" \/><input type=\"hidden\" name=\"_wpcf7_container_post\" value=\"0\" \/><input type=\"hidden\" name=\"_wpcf7_posted_data_hash\" value=\"\" \/><input type=\"hidden\" name=\"_wpcf7_recaptcha_response\" value=\"\" \/>\n<\/fieldset>\n<p><label> Nom*<br \/>\n<span class=\"wpcf7-form-control-wrap\" data-name=\"your-name\"><input size=\"40\" maxlength=\"400\" class=\"wpcf7-form-control wpcf7-text wpcf7-validates-as-required\" aria-required=\"true\" aria-invalid=\"false\" value=\"\" type=\"text\" name=\"your-name\" \/><\/span> <\/label><br \/>\n<label> Soci\u00e9t\u00e9*<br \/>\n<span class=\"wpcf7-form-control-wrap\" data-name=\"your-firma\"><input size=\"40\" maxlength=\"400\" class=\"wpcf7-form-control wpcf7-text wpcf7-validates-as-required\" aria-required=\"true\" aria-invalid=\"false\" value=\"\" type=\"text\" name=\"your-firma\" \/><\/span> <\/label><br \/>\n<label> T\u00e9l\u00e9phone*<br \/>\n<span class=\"wpcf7-form-control-wrap\" data-name=\"your-telefon\"><input size=\"40\" maxlength=\"400\" class=\"wpcf7-form-control wpcf7-text wpcf7-validates-as-required\" aria-required=\"true\" aria-invalid=\"false\" value=\"\" type=\"text\" name=\"your-telefon\" \/><\/span> <\/label>\n<\/p>\n<p><label> E-Mail*<br \/>\n<span class=\"wpcf7-form-control-wrap\" data-name=\"your-email\"><input size=\"40\" maxlength=\"400\" class=\"wpcf7-form-control wpcf7-email wpcf7-validates-as-required wpcf7-text wpcf7-validates-as-email\" aria-required=\"true\" aria-invalid=\"false\" value=\"\" type=\"email\" name=\"your-email\" \/><\/span> <\/label>\n<\/p>\n<p><label> Mat\u00e9riau*<br \/>\n<span class=\"wpcf7-form-control-wrap\" data-name=\"your-material\"><input size=\"40\" maxlength=\"400\" class=\"wpcf7-form-control wpcf7-text wpcf7-validates-as-required\" aria-required=\"true\" aria-invalid=\"false\" value=\"\" type=\"text\" name=\"your-material\" \/><\/span> <\/label>\n<\/p>\n<p><label> Quantit\u00e9*<br \/>\n<span class=\"wpcf7-form-control-wrap\" data-name=\"your-menge\"><input size=\"40\" maxlength=\"400\" class=\"wpcf7-form-control wpcf7-text wpcf7-validates-as-required\" aria-required=\"true\" aria-invalid=\"false\" value=\"\" type=\"text\" name=\"your-menge\" \/><\/span> <\/label>\n<\/p>\n<p><label> Etat*<br \/>\n<span class=\"wpcf7-form-control-wrap\" data-name=\"your-menge\"><input size=\"40\" maxlength=\"400\" class=\"wpcf7-form-control wpcf7-text wpcf7-validates-as-required\" aria-required=\"true\" aria-invalid=\"false\" value=\"\" type=\"text\" name=\"your-menge\" \/><\/span> <\/label>\n<\/p>\n<p><input class=\"wpcf7-form-control wpcf7-submit has-spinner\" type=\"submit\" value=\"ENVOYER\" \/>\n<\/p><div class=\"wpcf7-response-output\" aria-hidden=\"true\"><\/div>\n<\/form>\n<\/div>\n\n<\/div>\n<p><!--more--><br \/>\n<!-- {\"name\":\"Edelmetalle DE\",\"type\":\"layout\",\"children\":[{\"type\":\"section\",\"props\":{\"style\":\"muted\",\"width\":\"xlarge\",\"vertical_align\":\"middle\",\"title_position\":\"top-left\",\"title_rotation\":\"left\",\"title_breakpoint\":\"xl\",\"image_position\":\"center-center\"},\"children\":[{\"type\":\"row\",\"children\":[{\"type\":\"column\",\"props\":{\"image_position\":\"center-center\",\"media_overlay_gradient\":\"\",\"position_sticky_breakpoint\":\"m\"},\"children\":[{\"type\":\"headline\",\"props\":{\"title_element\":\"h1\",\"title_style\":\"heading-small\",\"text_align\":\"center\",\"content\":\"M\\u00c9TAUX PR\\u00c9CIEUX\"}}]}]},{\"type\":\"row\",\"props\":{\"layout\":\"1-3,2-3\"},\"children\":[{\"type\":\"column\",\"props\":{\"image_position\":\"center-center\",\"media_overlay_gradient\":\"\",\"width_medium\":\"1-3\",\"position_sticky_breakpoint\":\"m\"},\"children\":[{\"type\":\"image\",\"props\":{\"margin\":\"default\",\"image_svg_color\":\"emphasis\",\"image\":\"wp-content\\\/uploads\\\/2020\\\/11\\\/recycling-wiederkehr-gruppe-wertstoffe-edelmetalle-001.jpg\"}}]},{\"type\":\"column\",\"props\":{\"image_position\":\"center-center\",\"media_overlay_gradient\":\"\",\"width_medium\":\"2-3\",\"vertical_align\":\"middle\",\"position_sticky_breakpoint\":\"m\"},\"children\":[{\"type\":\"headline\",\"props\":{\"title_element\":\"h2\",\"content\":\"Que sont les m\\u00e9taux pr\\u00e9cieux?\",\"title_style\":\"h5\"}},{\"type\":\"text\",\"props\":{\"margin\":\"default\",\"column_breakpoint\":\"m\",\"content\":\"\n\n<p>Outre les propri\\u00e9t\\u00e9s typiques aux m\\u00e9taux, comme la conductivit\\u00e9 \\u00e9lectrique, la mall\\u00e9abilit\\u00e9, la brillance m\\u00e9tallique et la conductivit\\u00e9 thermique, les m\\u00e9taux pr\\u00e9cieux pr\\u00e9sentent une r\\u00e9sistance particuli\\u00e8rement \\u00e9lev\\u00e9e \\u00e0 la corrosion. Ils ne forment pas de liaison avec l\\u2019oxyg\\u00e8ne, que les temp\\u00e9ratures soient normales ou \\u00e9lev\\u00e9es, c\\u2019est-\\u00e0-dire qu\\u2019ils ne se corrodent pas. Les m\\u00e9taux pr\\u00e9cieux les plus courants sont l\\u2019or, l\\u2019argent, le platine, les platines m\\u00e9talliques, le palladium et le rhodium. <\\\/p>\"}},{\"type\":\"headline\",\"props\":{\"title_element\":\"h2\",\"content\":\"O\\u00f9 trouve-t-on les m\\u00e9taux pr\\u00e9cieux?\",\"title_style\":\"h5\"}},{\"type\":\"text\",\"props\":{\"margin\":\"default\",\"column_breakpoint\":\"m\",\"content\":\"\n\n<p>Les m\\u00e9taux pr\\u00e9cieux font partie int\\u00e9grante de la vie quotidienne moderne. Autrefois, ils \\u00e9taient surtout utilis\\u00e9s pour la fabrication de bijoux et de pi\\u00e8ces de monnaie. Aujourd\\u2019hui, leur tr\\u00e8s bonne conductivit\\u00e9 \\u00e9lectrique les rend aussi int\\u00e9ressants pour l\\u2019industrie, et notamment en \\u00e9lectrotechnique.<\\\/p>\\n\n\n<ul>\\n\n\n<li>Electronique, \\u00e9lectricit\\u00e9<\\\/li>\\n\n\n<li>Industrie automobile<\\\/li>\\n\n\n<li>Industrie chimique<\\\/li>\\n\n\n<li>Industrie du verre<\\\/li>\\n\n\n<li>Industrie pharmaceutique<\\\/li>\\n\n\n<li>Industrie des bijoux<\\\/li>\\n<\\\/ul>\"}},{\"type\":\"headline\",\"props\":{\"title_element\":\"h2\",\"content\":\"Recyclage des m\\u00e9taux pr\\u00e9cieux\",\"title_style\":\"h5\"}},{\"type\":\"text\",\"props\":{\"margin\":\"default\",\"column_breakpoint\":\"m\",\"content\":\"\n\n<p>La r\\u00e9cup\\u00e9ration des m\\u00e9taux pr\\u00e9cieux est particuli\\u00e8rement importante de nos jours car la demande industrielle est en augmentation. G\\u00e9n\\u00e9ralement, les m\\u00e9taux pr\\u00e9cieux sont alli\\u00e9s \\u00e0 d\\u2019autres mat\\u00e9riaux, m\\u00e9taux ou alliages. Un proc\\u00e9d\\u00e9 de recyclage extr\\u00eamement complexe est n\\u00e9cessaire pour s\\u00e9parer les \\u00e9l\\u00e9ments de ce m\\u00e9lange de mat\\u00e9riaux. On peut s\\u00e9parer les m\\u00e9taux pr\\u00e9cieux \\u00e0 de hauts degr\\u00e9s de puret\\u00e9 gr\\u00e2ce \\u00e0 un processus de fusion sophistiqu\\u00e9. En utilisant une technologie de pointe, pratiquement rien n\\u2019est perdu lors du recyclage.<\\\/p>\"}}]}]},{\"type\":\"row\",\"children\":[{\"type\":\"column\",\"props\":{\"image_position\":\"center-center\",\"media_overlay_gradient\":\"\",\"style\":\"default\",\"position_sticky_breakpoint\":\"m\"},\"children\":[{\"type\":\"headline\",\"props\":{\"title_element\":\"h2\",\"title_style\":\"heading-small\",\"text_align\":\"center\",\"content\":\"\\u00c9LABORER UNE OFFRE POUR LA VENTE DE MAT\\u00c9RIEL\"}},{\"type\":\"text\",\"props\":{\"margin\":\"default\",\"column_breakpoint\":\"m\",\"content\":\"\n\n<p>[contact-form-7 id=\\\"2356\\\" title=\\\"Material\\\"]<\\\/p>\"}}]}]}],\"modified\":\"2020-10-31T15:01:28.483Z\",\"name\":\"Eventservice\"}],\"version\":\"2.7.22\"} --><\/p>\n","protected":false},"excerpt":{"rendered":"<p>M\u00c9TAUX PR\u00c9CIEUX Que sont les m\u00e9taux pr\u00e9cieux? Outre les propri\u00e9t\u00e9s typiques aux m\u00e9taux, comme la conductivit\u00e9 \u00e9lectrique, la mall\u00e9abilit\u00e9, la brillance m\u00e9tallique et la conductivit\u00e9 thermique, les m\u00e9taux pr\u00e9cieux pr\u00e9sentent une r\u00e9sistance particuli\u00e8rement \u00e9lev\u00e9e \u00e0 la corrosion. Ils ne forment pas de liaison avec l\u2019oxyg\u00e8ne, que les temp\u00e9ratures soient normales ou \u00e9lev\u00e9es, c\u2019est-\u00e0-dire qu\u2019ils ne [&hellip;]<\/p>\n","protected":false},"author":1,"featured_media":0,"parent":0,"menu_order":0,"comment_status":"closed","ping_status":"closed","template":"","meta":{"inline_featured_image":false,"footnotes":""},"class_list":["post-5793","page","type-page","status-publish","hentry"],"yoast_head":"<!-- This site is optimized with the Yoast SEO Premium plugin v24.3 (Yoast SEO v27.3) - https:\/\/yoast.com\/product\/yoast-seo-premium-wordpress\/ -->\n<title>M\u00e9taux pr\u00e9cieux | Groupe Wiederkehr<\/title>\n<meta name=\"description\" content=\"Nous achetons des m\u00e9taux pr\u00e9cieux comme l\u2019or, l\u2019argent, le platine ou le palladium. N\u2019h\u00e9sitez pas \u00e0 nous contacter. Nous vous apporterons des conseils comp\u00e9tents et nous vous soumettrons une offre.\" \/>\n<meta name=\"robots\" content=\"index, follow, max-snippet:-1, max-image-preview:large, max-video-preview:-1\" \/>\n<link rel=\"canonical\" href=\"https:\/\/www.wierec.com\/fr\/metaux-precieux\/\" \/>\n<meta property=\"og:locale\" content=\"fr_FR\" \/>\n<meta property=\"og:type\" content=\"article\" \/>\n<meta property=\"og:title\" content=\"M\u00e9taux pr\u00e9cieux\" \/>\n<meta property=\"og:description\" content=\"Nous achetons des m\u00e9taux pr\u00e9cieux comme l\u2019or, l\u2019argent, le platine ou le palladium. N\u2019h\u00e9sitez pas \u00e0 nous contacter. Nous vous apporterons des conseils comp\u00e9tents et nous vous soumettrons une offre.\" \/>\n<meta property=\"og:url\" content=\"https:\/\/www.wierec.com\/fr\/metaux-precieux\/\" \/>\n<meta property=\"og:site_name\" content=\"Wiederkehr Recycling\" \/>\n<meta property=\"article:modified_time\" content=\"2022-07-05T09:51:46+00:00\" \/>\n<meta name=\"twitter:card\" content=\"summary_large_image\" \/>\n<meta name=\"twitter:label1\" content=\"Dur\u00e9e de lecture estim\u00e9e\" \/>\n\t<meta name=\"twitter:data1\" content=\"1 minute\" \/>\n<script type=\"application\/ld+json\" class=\"yoast-schema-graph\">{\"@context\":\"https:\\\/\\\/schema.org\",\"@graph\":[{\"@type\":\"WebPage\",\"@id\":\"https:\\\/\\\/www.wierec.com\\\/fr\\\/metaux-precieux\\\/\",\"url\":\"https:\\\/\\\/www.wierec.com\\\/fr\\\/metaux-precieux\\\/\",\"name\":\"M\u00e9taux pr\u00e9cieux | Groupe Wiederkehr\",\"isPartOf\":{\"@id\":\"https:\\\/\\\/www.wierec.com\\\/fr\\\/#website\"},\"datePublished\":\"2020-11-18T18:56:02+00:00\",\"dateModified\":\"2022-07-05T09:51:46+00:00\",\"description\":\"Nous achetons des m\u00e9taux pr\u00e9cieux comme l\u2019or, l\u2019argent, le platine ou le palladium. N\u2019h\u00e9sitez pas \u00e0 nous contacter. Nous vous apporterons des conseils comp\u00e9tents et nous vous soumettrons une offre.\",\"breadcrumb\":{\"@id\":\"https:\\\/\\\/www.wierec.com\\\/fr\\\/metaux-precieux\\\/#breadcrumb\"},\"inLanguage\":\"fr-FR\",\"potentialAction\":[{\"@type\":\"ReadAction\",\"target\":[\"https:\\\/\\\/www.wierec.com\\\/fr\\\/metaux-precieux\\\/\"]}]},{\"@type\":\"BreadcrumbList\",\"@id\":\"https:\\\/\\\/www.wierec.com\\\/fr\\\/metaux-precieux\\\/#breadcrumb\",\"itemListElement\":[{\"@type\":\"ListItem\",\"position\":1,\"name\":\"Home\",\"item\":\"https:\\\/\\\/www.wierec.com\\\/fr\\\/\"},{\"@type\":\"ListItem\",\"position\":2,\"name\":\"M\u00e9taux pr\u00e9cieux\"}]},{\"@type\":\"WebSite\",\"@id\":\"https:\\\/\\\/www.wierec.com\\\/fr\\\/#website\",\"url\":\"https:\\\/\\\/www.wierec.com\\\/fr\\\/\",\"name\":\"Wiederkehr Recycling\",\"description\":\"Die Wiederkehr der Rohstoffe\",\"publisher\":{\"@id\":\"https:\\\/\\\/www.wierec.com\\\/fr\\\/#organization\"},\"potentialAction\":[{\"@type\":\"SearchAction\",\"target\":{\"@type\":\"EntryPoint\",\"urlTemplate\":\"https:\\\/\\\/www.wierec.com\\\/fr\\\/?s={search_term_string}\"},\"query-input\":{\"@type\":\"PropertyValueSpecification\",\"valueRequired\":true,\"valueName\":\"search_term_string\"}}],\"inLanguage\":\"fr-FR\"},{\"@type\":\"Organization\",\"@id\":\"https:\\\/\\\/www.wierec.com\\\/fr\\\/#organization\",\"name\":\"Wiederkehr Recycling AG\",\"url\":\"https:\\\/\\\/www.wierec.com\\\/fr\\\/\",\"logo\":{\"@type\":\"ImageObject\",\"inLanguage\":\"fr-FR\",\"@id\":\"https:\\\/\\\/www.wierec.com\\\/fr\\\/#\\\/schema\\\/logo\\\/image\\\/\",\"url\":\"https:\\\/\\\/www.wierec.com\\\/wp-content\\\/uploads\\\/2020\\\/11\\\/logo-wiederkehr-gruppe-4f-quer-001.png\",\"contentUrl\":\"https:\\\/\\\/www.wierec.com\\\/wp-content\\\/uploads\\\/2020\\\/11\\\/logo-wiederkehr-gruppe-4f-quer-001.png\",\"width\":1500,\"height\":367,\"caption\":\"Wiederkehr Recycling AG\"},\"image\":{\"@id\":\"https:\\\/\\\/www.wierec.com\\\/fr\\\/#\\\/schema\\\/logo\\\/image\\\/\"}}]}<\/script>\n<!-- \/ Yoast SEO Premium plugin. -->","yoast_head_json":{"title":"M\u00e9taux pr\u00e9cieux | Groupe Wiederkehr","description":"Nous achetons des m\u00e9taux pr\u00e9cieux comme l\u2019or, l\u2019argent, le platine ou le palladium. N\u2019h\u00e9sitez pas \u00e0 nous contacter. Nous vous apporterons des conseils comp\u00e9tents et nous vous soumettrons une offre.","robots":{"index":"index","follow":"follow","max-snippet":"max-snippet:-1","max-image-preview":"max-image-preview:large","max-video-preview":"max-video-preview:-1"},"canonical":"https:\/\/www.wierec.com\/fr\/metaux-precieux\/","og_locale":"fr_FR","og_type":"article","og_title":"M\u00e9taux pr\u00e9cieux","og_description":"Nous achetons des m\u00e9taux pr\u00e9cieux comme l\u2019or, l\u2019argent, le platine ou le palladium. N\u2019h\u00e9sitez pas \u00e0 nous contacter. Nous vous apporterons des conseils comp\u00e9tents et nous vous soumettrons une offre.","og_url":"https:\/\/www.wierec.com\/fr\/metaux-precieux\/","og_site_name":"Wiederkehr Recycling","article_modified_time":"2022-07-05T09:51:46+00:00","twitter_card":"summary_large_image","twitter_misc":{"Dur\u00e9e de lecture estim\u00e9e":"1 minute"},"schema":{"@context":"https:\/\/schema.org","@graph":[{"@type":"WebPage","@id":"https:\/\/www.wierec.com\/fr\/metaux-precieux\/","url":"https:\/\/www.wierec.com\/fr\/metaux-precieux\/","name":"M\u00e9taux pr\u00e9cieux | Groupe Wiederkehr","isPartOf":{"@id":"https:\/\/www.wierec.com\/fr\/#website"},"datePublished":"2020-11-18T18:56:02+00:00","dateModified":"2022-07-05T09:51:46+00:00","description":"Nous achetons des m\u00e9taux pr\u00e9cieux comme l\u2019or, l\u2019argent, le platine ou le palladium. N\u2019h\u00e9sitez pas \u00e0 nous contacter. Nous vous apporterons des conseils comp\u00e9tents et nous vous soumettrons une offre.","breadcrumb":{"@id":"https:\/\/www.wierec.com\/fr\/metaux-precieux\/#breadcrumb"},"inLanguage":"fr-FR","potentialAction":[{"@type":"ReadAction","target":["https:\/\/www.wierec.com\/fr\/metaux-precieux\/"]}]},{"@type":"BreadcrumbList","@id":"https:\/\/www.wierec.com\/fr\/metaux-precieux\/#breadcrumb","itemListElement":[{"@type":"ListItem","position":1,"name":"Home","item":"https:\/\/www.wierec.com\/fr\/"},{"@type":"ListItem","position":2,"name":"M\u00e9taux pr\u00e9cieux"}]},{"@type":"WebSite","@id":"https:\/\/www.wierec.com\/fr\/#website","url":"https:\/\/www.wierec.com\/fr\/","name":"Wiederkehr Recycling","description":"Die Wiederkehr der Rohstoffe","publisher":{"@id":"https:\/\/www.wierec.com\/fr\/#organization"},"potentialAction":[{"@type":"SearchAction","target":{"@type":"EntryPoint","urlTemplate":"https:\/\/www.wierec.com\/fr\/?s={search_term_string}"},"query-input":{"@type":"PropertyValueSpecification","valueRequired":true,"valueName":"search_term_string"}}],"inLanguage":"fr-FR"},{"@type":"Organization","@id":"https:\/\/www.wierec.com\/fr\/#organization","name":"Wiederkehr Recycling AG","url":"https:\/\/www.wierec.com\/fr\/","logo":{"@type":"ImageObject","inLanguage":"fr-FR","@id":"https:\/\/www.wierec.com\/fr\/#\/schema\/logo\/image\/","url":"https:\/\/www.wierec.com\/wp-content\/uploads\/2020\/11\/logo-wiederkehr-gruppe-4f-quer-001.png","contentUrl":"https:\/\/www.wierec.com\/wp-content\/uploads\/2020\/11\/logo-wiederkehr-gruppe-4f-quer-001.png","width":1500,"height":367,"caption":"Wiederkehr Recycling AG"},"image":{"@id":"https:\/\/www.wierec.com\/fr\/#\/schema\/logo\/image\/"}}]}},"_links":{"self":[{"href":"https:\/\/www.wierec.com\/fr\/wp-json\/wp\/v2\/pages\/5793","targetHints":{"allow":["GET"]}}],"collection":[{"href":"https:\/\/www.wierec.com\/fr\/wp-json\/wp\/v2\/pages"}],"about":[{"href":"https:\/\/www.wierec.com\/fr\/wp-json\/wp\/v2\/types\/page"}],"author":[{"embeddable":true,"href":"https:\/\/www.wierec.com\/fr\/wp-json\/wp\/v2\/users\/1"}],"replies":[{"embeddable":true,"href":"https:\/\/www.wierec.com\/fr\/wp-json\/wp\/v2\/comments?post=5793"}],"version-history":[{"count":7,"href":"https:\/\/www.wierec.com\/fr\/wp-json\/wp\/v2\/pages\/5793\/revisions"}],"predecessor-version":[{"id":11811,"href":"https:\/\/www.wierec.com\/fr\/wp-json\/wp\/v2\/pages\/5793\/revisions\/11811"}],"wp:attachment":[{"href":"https:\/\/www.wierec.com\/fr\/wp-json\/wp\/v2\/media?parent=5793"}],"curies":[{"name":"wp","href":"https:\/\/api.w.org\/{rel}","templated":true}]}}