{"id":5798,"date":"2020-11-18T18:59:13","date_gmt":"2020-11-18T18:59:13","guid":{"rendered":"https:\/\/www.wierec.com\/?page_id=5798"},"modified":"2022-07-04T12:25:07","modified_gmt":"2022-07-04T12:25:07","slug":"pieces-en-fonte","status":"publish","type":"page","link":"https:\/\/www.wierec.com\/fr\/pieces-en-fonte\/","title":{"rendered":"Pi\u00e8ces en fonte"},"content":{"rendered":"<h1>PI\u00c8CES EN FONTE<\/h1>\n<p><img decoding=\"async\" src=\"\/wp-content\/uploads\/2020\/11\/recycling-wiederkehr-gruppe-wertstoffe-gussteile-001-scaled.jpg\" alt=\"\"><\/p>\n<h2>\n<p><strong>En quoi sont faites les pi\u00e8ces en fonte?<\/strong><\/p>\n<\/h2>\n<div>\n<p>Les pi\u00e8ces en fonte sont compos\u00e9es d\u2019un mat\u00e9riau de base: le fer. Avec une teneur d\u2019environ 5%, le fer est l\u2019un des \u00e9l\u00e9ments les plus pr\u00e9sents dans la cro\u00fbte terrestre. On le collecte dans des mines souterraines et \u00e0 ciel ouvert. La fonte fait partie du groupe des alliages de fer et de carbone, mais elle peut aussi contenir du silicium (pour une meilleure coulabilit\u00e9) ainsi que des composants d\u2019alliage de mangan\u00e8se, de chrome ou de nickel. On distingue la fonte grise (carbone sous forme de graphite) et la fonte blanche (carbone sous forme de carbure). On les reconna\u00eet \u00e0 la couleur de leur cassure. Contrairement \u00e0 l\u2019acier, la fonte est facile \u00e0 couler mais difficile \u00e0 forger en raison de sa forte teneur en carbone. Le carbone donne au fer une duret\u00e9 \u00e9lev\u00e9e, une grande fragilit\u00e9 et une faible plasticit\u00e9. Sa solidit\u00e9 est plus faible que celle de la fonte d\u2019acier, mais sa capacit\u00e9 d\u2019absorption des chocs et sa r\u00e9sistance \u00e0 la corrosion sont plus \u00e9lev\u00e9es que celles de l\u2019acier, surtout lorsque sa surface n\u2019est pas endommag\u00e9e.<\/p>\n<\/div>\n<h2>\n<p><strong>O\u00f9 trouve-t-on des pi\u00e8ces en fonte?<\/strong><\/p>\n<\/h2>\n<div>\n<p>De la po\u00eale \u00e0 frire jusqu\u2019\u00e0 la machine-outil, la fonte est travaill\u00e9e sous de multiples formes. Pr\u00e8s de la moiti\u00e9 des pi\u00e8ces compos\u00e9es de cet alliage de fer dur sont utilis\u00e9es dans l\u2019industrie automobile. Sa fabrication est simple et peu co\u00fbteuse. Les tuyaux des conduites de gaz et d\u2019eau b\u00e9n\u00e9ficient \u00e9galement des propri\u00e9t\u00e9s positives de cet alliage.<\/p>\n<ul>\n<li>Composants de machines (bo\u00eetes de vitesses, carters)<\/li>\n<li>Moteurs diesel marins<\/li>\n<li>Carters de turbines \u00e0 vapeur<\/li>\n<li>Voirie (couvercles en fonte)<\/li>\n<li>Pompes<\/li>\n<li>Vannes<\/li>\n<li>Equipement m\u00e9nager (po\u00eales, bo\u00eetes de conserve, pi\u00e8ces d\u2019appareils)<\/li>\n<\/ul>\n<\/div>\n<h2>\n<p><strong>Recyclage des pi\u00e8ces en fonte<\/strong><\/p>\n<\/h2>\n<div>\n<p>La fonte est un produit recyclable de la premi\u00e8re heure. Depuis plusieurs dizaines d\u2019ann\u00e9es, on fait fondre et on traite des pi\u00e8ces en ferraille, et on referme ainsi des cycles de mati\u00e8res industrielles.<\/p>\n<\/div>\n<h2>\n<p>\u00c9LABORER UNE OFFRE POUR LA VENTE DE MAT\u00c9RIEL<\/p>\n<\/h2>\n<div>\n\n<div class=\"wpcf7 no-js\" id=\"wpcf7-f5527-o1\" lang=\"fr-FR\" dir=\"ltr\" data-wpcf7-id=\"5527\">\n<div class=\"screen-reader-response\"><p role=\"status\" aria-live=\"polite\" aria-atomic=\"true\"><\/p> <ul><\/ul><\/div>\n<form action=\"\/fr\/wp-json\/wp\/v2\/pages\/5798#wpcf7-f5527-o1\" method=\"post\" class=\"wpcf7-form init\" aria-label=\"Formulaire de contact\" novalidate=\"novalidate\" data-status=\"init\">\n<fieldset class=\"hidden-fields-container\"><input type=\"hidden\" name=\"_wpcf7\" value=\"5527\" \/><input type=\"hidden\" name=\"_wpcf7_version\" value=\"6.1.5\" \/><input type=\"hidden\" name=\"_wpcf7_locale\" value=\"fr_FR\" \/><input type=\"hidden\" name=\"_wpcf7_unit_tag\" value=\"wpcf7-f5527-o1\" \/><input type=\"hidden\" name=\"_wpcf7_container_post\" value=\"0\" \/><input type=\"hidden\" name=\"_wpcf7_posted_data_hash\" value=\"\" \/><input type=\"hidden\" name=\"_wpcf7_recaptcha_response\" value=\"\" \/>\n<\/fieldset>\n<p><label> Nom*<br \/>\n<span class=\"wpcf7-form-control-wrap\" data-name=\"your-name\"><input size=\"40\" maxlength=\"400\" class=\"wpcf7-form-control wpcf7-text wpcf7-validates-as-required\" aria-required=\"true\" aria-invalid=\"false\" value=\"\" type=\"text\" name=\"your-name\" \/><\/span> <\/label><br \/>\n<label> Soci\u00e9t\u00e9*<br \/>\n<span class=\"wpcf7-form-control-wrap\" data-name=\"your-firma\"><input size=\"40\" maxlength=\"400\" class=\"wpcf7-form-control wpcf7-text wpcf7-validates-as-required\" aria-required=\"true\" aria-invalid=\"false\" value=\"\" type=\"text\" name=\"your-firma\" \/><\/span> <\/label><br \/>\n<label> T\u00e9l\u00e9phone*<br \/>\n<span class=\"wpcf7-form-control-wrap\" data-name=\"your-telefon\"><input size=\"40\" maxlength=\"400\" class=\"wpcf7-form-control wpcf7-text wpcf7-validates-as-required\" aria-required=\"true\" aria-invalid=\"false\" value=\"\" type=\"text\" name=\"your-telefon\" \/><\/span> <\/label>\n<\/p>\n<p><label> E-Mail*<br \/>\n<span class=\"wpcf7-form-control-wrap\" data-name=\"your-email\"><input size=\"40\" maxlength=\"400\" class=\"wpcf7-form-control wpcf7-email wpcf7-validates-as-required wpcf7-text wpcf7-validates-as-email\" aria-required=\"true\" aria-invalid=\"false\" value=\"\" type=\"email\" name=\"your-email\" \/><\/span> <\/label>\n<\/p>\n<p><label> Mat\u00e9riau*<br \/>\n<span class=\"wpcf7-form-control-wrap\" data-name=\"your-material\"><input size=\"40\" maxlength=\"400\" class=\"wpcf7-form-control wpcf7-text wpcf7-validates-as-required\" aria-required=\"true\" aria-invalid=\"false\" value=\"\" type=\"text\" name=\"your-material\" \/><\/span> <\/label>\n<\/p>\n<p><label> Quantit\u00e9*<br \/>\n<span class=\"wpcf7-form-control-wrap\" data-name=\"your-menge\"><input size=\"40\" maxlength=\"400\" class=\"wpcf7-form-control wpcf7-text wpcf7-validates-as-required\" aria-required=\"true\" aria-invalid=\"false\" value=\"\" type=\"text\" name=\"your-menge\" \/><\/span> <\/label>\n<\/p>\n<p><label> Etat*<br \/>\n<span class=\"wpcf7-form-control-wrap\" data-name=\"your-menge\"><input size=\"40\" maxlength=\"400\" class=\"wpcf7-form-control wpcf7-text wpcf7-validates-as-required\" aria-required=\"true\" aria-invalid=\"false\" value=\"\" type=\"text\" name=\"your-menge\" \/><\/span> <\/label>\n<\/p>\n<p><input class=\"wpcf7-form-control wpcf7-submit has-spinner\" type=\"submit\" value=\"ENVOYER\" \/>\n<\/p><div class=\"wpcf7-response-output\" aria-hidden=\"true\"><\/div>\n<\/form>\n<\/div>\n\n<\/div>\n<p><!--more--><br \/>\n<!-- {\"name\":\"Gussteile DE\",\"type\":\"layout\",\"children\":[{\"type\":\"section\",\"props\":{\"style\":\"muted\",\"width\":\"xlarge\",\"vertical_align\":\"middle\",\"title_position\":\"top-left\",\"title_rotation\":\"left\",\"title_breakpoint\":\"xl\",\"image_position\":\"center-center\"},\"children\":[{\"type\":\"row\",\"children\":[{\"type\":\"column\",\"props\":{\"image_position\":\"center-center\",\"media_overlay_gradient\":\"\",\"position_sticky_breakpoint\":\"m\"},\"children\":[{\"type\":\"headline\",\"props\":{\"title_element\":\"h1\",\"title_style\":\"heading-small\",\"text_align\":\"center\",\"content\":\"PI\\u00c8CES EN FONTE\"}}]}]},{\"type\":\"row\",\"props\":{\"layout\":\"1-3,2-3\"},\"children\":[{\"type\":\"column\",\"props\":{\"image_position\":\"center-center\",\"media_overlay_gradient\":\"\",\"width_medium\":\"1-3\",\"position_sticky_breakpoint\":\"m\"},\"children\":[{\"type\":\"image\",\"props\":{\"margin\":\"default\",\"image_svg_color\":\"emphasis\",\"image\":\"wp-content\\\/uploads\\\/2020\\\/11\\\/recycling-wiederkehr-gruppe-wertstoffe-gussteile-001-scaled.jpg\"}}]},{\"type\":\"column\",\"props\":{\"image_position\":\"center-center\",\"media_overlay_gradient\":\"\",\"width_medium\":\"2-3\",\"vertical_align\":\"middle\",\"position_sticky_breakpoint\":\"m\"},\"children\":[{\"type\":\"headline\",\"props\":{\"title_element\":\"h2\",\"content\":\"\n\n<p><strong>En quoi sont faites les pi\\u00e8ces en fonte?<\\\/strong><\\\/p>\",\"title_style\":\"h5\"}},{\"type\":\"text\",\"props\":{\"margin\":\"default\",\"column_breakpoint\":\"m\",\"content\":\"\n\n<p>Les pi\\u00e8ces en fonte sont compos\\u00e9es d\\u2019un mat\\u00e9riau de base: le fer. Avec une teneur d\\u2019environ 5%, le fer est l\\u2019un des \\u00e9l\\u00e9ments les plus pr\\u00e9sents dans la cro\\u00fbte terrestre. On le collecte dans des mines souterraines et \\u00e0 ciel ouvert. La fonte fait partie du groupe des alliages de fer et de carbone, mais elle peut aussi contenir du silicium (pour une meilleure coulabilit\\u00e9) ainsi que des composants d\\u2019alliage de mangan\\u00e8se, de chrome ou de nickel. On distingue la fonte grise (carbone sous forme de graphite) et la fonte blanche (carbone sous forme de carbure). On les reconna\\u00eet \\u00e0 la couleur de leur cassure. Contrairement \\u00e0 l\\u2019acier, la fonte est facile \\u00e0 couler mais difficile \\u00e0 forger en raison de sa forte teneur en carbone. Le carbone donne au fer une duret\\u00e9 \\u00e9lev\\u00e9e, une grande fragilit\\u00e9 et une faible plasticit\\u00e9. Sa solidit\\u00e9 est plus faible que celle de la fonte d\\u2019acier, mais sa capacit\\u00e9 d\\u2019absorption des chocs et sa r\\u00e9sistance \\u00e0 la corrosion sont plus \\u00e9lev\\u00e9es que celles de l\\u2019acier, surtout lorsque sa surface n\\u2019est pas endommag\\u00e9e.<\\\/p>\"}},{\"type\":\"headline\",\"props\":{\"title_element\":\"h2\",\"content\":\"\n\n<p><strong>O\\u00f9 trouve-t-on des pi\\u00e8ces en fonte?<\\\/strong><\\\/p>\",\"title_style\":\"h5\"}},{\"type\":\"text\",\"props\":{\"margin\":\"default\",\"column_breakpoint\":\"m\",\"content\":\"\n\n<p>De la po\\u00eale \\u00e0 frire jusqu\\u2019\\u00e0 la machine-outil, la fonte est travaill\\u00e9e sous de multiples formes. Pr\\u00e8s de la moiti\\u00e9 des pi\\u00e8ces compos\\u00e9es de cet alliage de fer dur sont utilis\\u00e9es dans l\\u2019industrie automobile. Sa fabrication est simple et peu co\\u00fbteuse. Les tuyaux des conduites de gaz et d\\u2019eau b\\u00e9n\\u00e9ficient \\u00e9galement des propri\\u00e9t\\u00e9s positives de cet alliage.<\\\/p>\\n\n\n<ul>\\n\n\n<li>Composants de machines (bo\\u00eetes de vitesses, carters)<\\\/li>\\n\n\n<li>Moteurs diesel marins<\\\/li>\\n\n\n<li>Carters de turbines \\u00e0 vapeur<\\\/li>\\n\n\n<li>Voirie (couvercles en fonte)<\\\/li>\\n\n\n<li>Pompes<\\\/li>\\n\n\n<li>Vannes<\\\/li>\\n\n\n<li>Equipement m\\u00e9nager (po\\u00eales, bo\\u00eetes de conserve, pi\\u00e8ces d\\u2019appareils)<\\\/li>\\n<\\\/ul>\"}},{\"type\":\"headline\",\"props\":{\"title_element\":\"h2\",\"content\":\"\n\n<p><strong>Recyclage des pi\\u00e8ces en fonte<\\\/strong><\\\/p>\",\"title_style\":\"h5\"}},{\"type\":\"text\",\"props\":{\"margin\":\"default\",\"column_breakpoint\":\"m\",\"content\":\"\n\n<p>La fonte est un produit recyclable de la premi\\u00e8re heure. Depuis plusieurs dizaines d\\u2019ann\\u00e9es, on fait fondre et on traite des pi\\u00e8ces en ferraille, et on referme ainsi des cycles de mati\\u00e8res industrielles.<\\\/p>\"}}]}]},{\"type\":\"row\",\"children\":[{\"type\":\"column\",\"props\":{\"image_position\":\"center-center\",\"media_overlay_gradient\":\"\",\"style\":\"default\",\"position_sticky_breakpoint\":\"m\"},\"children\":[{\"type\":\"headline\",\"props\":{\"title_element\":\"h2\",\"title_style\":\"heading-small\",\"text_align\":\"center\",\"content\":\"\n\n<p>\\u00c9LABORER UNE OFFRE POUR LA VENTE DE MAT\\u00c9RIEL<\\\/p>\"}},{\"type\":\"text\",\"props\":{\"margin\":\"default\",\"column_breakpoint\":\"m\",\"content\":\"\n\n<p>[contact-form-7 id=\\\"2356\\\" title=\\\"Material\\\"]<\\\/p>\"}}]}]}],\"modified\":\"2020-10-31T15:01:28.483Z\",\"name\":\"Eventservice\"}],\"version\":\"2.7.22\"} --><\/p>\n","protected":false},"excerpt":{"rendered":"<p>PI\u00c8CES EN FONTE En quoi sont faites les pi\u00e8ces en fonte? Les pi\u00e8ces en fonte sont compos\u00e9es d\u2019un mat\u00e9riau de base: le fer. Avec une teneur d\u2019environ 5%, le fer est l\u2019un des \u00e9l\u00e9ments les plus pr\u00e9sents dans la cro\u00fbte terrestre. On le collecte dans des mines souterraines et \u00e0 ciel ouvert. La fonte fait [&hellip;]<\/p>\n","protected":false},"author":1,"featured_media":0,"parent":0,"menu_order":0,"comment_status":"closed","ping_status":"closed","template":"","meta":{"inline_featured_image":false,"footnotes":""},"class_list":["post-5798","page","type-page","status-publish","hentry"],"yoast_head":"<!-- This site is optimized with the Yoast SEO Premium plugin v24.3 (Yoast SEO v27.4) - https:\/\/yoast.com\/product\/yoast-seo-premium-wordpress\/ -->\n<title>Pi\u00e8ces en fonte | Groupe Wiederkehr<\/title>\n<meta name=\"description\" content=\"Nous achetons des pi\u00e8ces en fonte de fer, ferraille, m\u00e9taux FE, alliages d\u2019acier et de fer. N\u2019h\u00e9sitez pas \u00e0 nous contacter, nous vous soumettrons une offre.\" \/>\n<meta name=\"robots\" content=\"index, follow, max-snippet:-1, max-image-preview:large, max-video-preview:-1\" \/>\n<link rel=\"canonical\" href=\"https:\/\/www.wierec.com\/fr\/pieces-en-fonte\/\" \/>\n<meta property=\"og:locale\" content=\"fr_FR\" \/>\n<meta property=\"og:type\" content=\"article\" \/>\n<meta property=\"og:title\" content=\"Pi\u00e8ces en fonte\" \/>\n<meta property=\"og:description\" content=\"Nous achetons des pi\u00e8ces en fonte de fer, ferraille, m\u00e9taux FE, alliages d\u2019acier et de fer. N\u2019h\u00e9sitez pas \u00e0 nous contacter, nous vous soumettrons une offre.\" \/>\n<meta property=\"og:url\" content=\"https:\/\/www.wierec.com\/fr\/pieces-en-fonte\/\" \/>\n<meta property=\"og:site_name\" content=\"Wiederkehr Recycling\" \/>\n<meta property=\"article:modified_time\" content=\"2022-07-04T12:25:07+00:00\" \/>\n<meta name=\"twitter:card\" content=\"summary_large_image\" \/>\n<meta name=\"twitter:label1\" content=\"Dur\u00e9e de lecture estim\u00e9e\" \/>\n\t<meta name=\"twitter:data1\" content=\"2 minutes\" \/>\n<script type=\"application\/ld+json\" class=\"yoast-schema-graph\">{\"@context\":\"https:\\\/\\\/schema.org\",\"@graph\":[{\"@type\":\"WebPage\",\"@id\":\"https:\\\/\\\/www.wierec.com\\\/fr\\\/pieces-en-fonte\\\/\",\"url\":\"https:\\\/\\\/www.wierec.com\\\/fr\\\/pieces-en-fonte\\\/\",\"name\":\"Pi\u00e8ces en fonte | Groupe Wiederkehr\",\"isPartOf\":{\"@id\":\"https:\\\/\\\/www.wierec.com\\\/fr\\\/#website\"},\"datePublished\":\"2020-11-18T18:59:13+00:00\",\"dateModified\":\"2022-07-04T12:25:07+00:00\",\"description\":\"Nous achetons des pi\u00e8ces en fonte de fer, ferraille, m\u00e9taux FE, alliages d\u2019acier et de fer. N\u2019h\u00e9sitez pas \u00e0 nous contacter, nous vous soumettrons une offre.\",\"breadcrumb\":{\"@id\":\"https:\\\/\\\/www.wierec.com\\\/fr\\\/pieces-en-fonte\\\/#breadcrumb\"},\"inLanguage\":\"fr-FR\",\"potentialAction\":[{\"@type\":\"ReadAction\",\"target\":[\"https:\\\/\\\/www.wierec.com\\\/fr\\\/pieces-en-fonte\\\/\"]}]},{\"@type\":\"BreadcrumbList\",\"@id\":\"https:\\\/\\\/www.wierec.com\\\/fr\\\/pieces-en-fonte\\\/#breadcrumb\",\"itemListElement\":[{\"@type\":\"ListItem\",\"position\":1,\"name\":\"Home\",\"item\":\"https:\\\/\\\/www.wierec.com\\\/fr\\\/\"},{\"@type\":\"ListItem\",\"position\":2,\"name\":\"Pi\u00e8ces en fonte\"}]},{\"@type\":\"WebSite\",\"@id\":\"https:\\\/\\\/www.wierec.com\\\/fr\\\/#website\",\"url\":\"https:\\\/\\\/www.wierec.com\\\/fr\\\/\",\"name\":\"Wiederkehr Recycling\",\"description\":\"Die Wiederkehr der Rohstoffe\",\"publisher\":{\"@id\":\"https:\\\/\\\/www.wierec.com\\\/fr\\\/#organization\"},\"potentialAction\":[{\"@type\":\"SearchAction\",\"target\":{\"@type\":\"EntryPoint\",\"urlTemplate\":\"https:\\\/\\\/www.wierec.com\\\/fr\\\/?s={search_term_string}\"},\"query-input\":{\"@type\":\"PropertyValueSpecification\",\"valueRequired\":true,\"valueName\":\"search_term_string\"}}],\"inLanguage\":\"fr-FR\"},{\"@type\":\"Organization\",\"@id\":\"https:\\\/\\\/www.wierec.com\\\/fr\\\/#organization\",\"name\":\"Wiederkehr Recycling AG\",\"url\":\"https:\\\/\\\/www.wierec.com\\\/fr\\\/\",\"logo\":{\"@type\":\"ImageObject\",\"inLanguage\":\"fr-FR\",\"@id\":\"https:\\\/\\\/www.wierec.com\\\/fr\\\/#\\\/schema\\\/logo\\\/image\\\/\",\"url\":\"https:\\\/\\\/www.wierec.com\\\/wp-content\\\/uploads\\\/2020\\\/11\\\/logo-wiederkehr-gruppe-4f-quer-001.png\",\"contentUrl\":\"https:\\\/\\\/www.wierec.com\\\/wp-content\\\/uploads\\\/2020\\\/11\\\/logo-wiederkehr-gruppe-4f-quer-001.png\",\"width\":1500,\"height\":367,\"caption\":\"Wiederkehr Recycling AG\"},\"image\":{\"@id\":\"https:\\\/\\\/www.wierec.com\\\/fr\\\/#\\\/schema\\\/logo\\\/image\\\/\"}}]}<\/script>\n<!-- \/ Yoast SEO Premium plugin. -->","yoast_head_json":{"title":"Pi\u00e8ces en fonte | Groupe Wiederkehr","description":"Nous achetons des pi\u00e8ces en fonte de fer, ferraille, m\u00e9taux FE, alliages d\u2019acier et de fer. N\u2019h\u00e9sitez pas \u00e0 nous contacter, nous vous soumettrons une offre.","robots":{"index":"index","follow":"follow","max-snippet":"max-snippet:-1","max-image-preview":"max-image-preview:large","max-video-preview":"max-video-preview:-1"},"canonical":"https:\/\/www.wierec.com\/fr\/pieces-en-fonte\/","og_locale":"fr_FR","og_type":"article","og_title":"Pi\u00e8ces en fonte","og_description":"Nous achetons des pi\u00e8ces en fonte de fer, ferraille, m\u00e9taux FE, alliages d\u2019acier et de fer. N\u2019h\u00e9sitez pas \u00e0 nous contacter, nous vous soumettrons une offre.","og_url":"https:\/\/www.wierec.com\/fr\/pieces-en-fonte\/","og_site_name":"Wiederkehr Recycling","article_modified_time":"2022-07-04T12:25:07+00:00","twitter_card":"summary_large_image","twitter_misc":{"Dur\u00e9e de lecture estim\u00e9e":"2 minutes"},"schema":{"@context":"https:\/\/schema.org","@graph":[{"@type":"WebPage","@id":"https:\/\/www.wierec.com\/fr\/pieces-en-fonte\/","url":"https:\/\/www.wierec.com\/fr\/pieces-en-fonte\/","name":"Pi\u00e8ces en fonte | Groupe Wiederkehr","isPartOf":{"@id":"https:\/\/www.wierec.com\/fr\/#website"},"datePublished":"2020-11-18T18:59:13+00:00","dateModified":"2022-07-04T12:25:07+00:00","description":"Nous achetons des pi\u00e8ces en fonte de fer, ferraille, m\u00e9taux FE, alliages d\u2019acier et de fer. N\u2019h\u00e9sitez pas \u00e0 nous contacter, nous vous soumettrons une offre.","breadcrumb":{"@id":"https:\/\/www.wierec.com\/fr\/pieces-en-fonte\/#breadcrumb"},"inLanguage":"fr-FR","potentialAction":[{"@type":"ReadAction","target":["https:\/\/www.wierec.com\/fr\/pieces-en-fonte\/"]}]},{"@type":"BreadcrumbList","@id":"https:\/\/www.wierec.com\/fr\/pieces-en-fonte\/#breadcrumb","itemListElement":[{"@type":"ListItem","position":1,"name":"Home","item":"https:\/\/www.wierec.com\/fr\/"},{"@type":"ListItem","position":2,"name":"Pi\u00e8ces en fonte"}]},{"@type":"WebSite","@id":"https:\/\/www.wierec.com\/fr\/#website","url":"https:\/\/www.wierec.com\/fr\/","name":"Wiederkehr Recycling","description":"Die Wiederkehr der Rohstoffe","publisher":{"@id":"https:\/\/www.wierec.com\/fr\/#organization"},"potentialAction":[{"@type":"SearchAction","target":{"@type":"EntryPoint","urlTemplate":"https:\/\/www.wierec.com\/fr\/?s={search_term_string}"},"query-input":{"@type":"PropertyValueSpecification","valueRequired":true,"valueName":"search_term_string"}}],"inLanguage":"fr-FR"},{"@type":"Organization","@id":"https:\/\/www.wierec.com\/fr\/#organization","name":"Wiederkehr Recycling AG","url":"https:\/\/www.wierec.com\/fr\/","logo":{"@type":"ImageObject","inLanguage":"fr-FR","@id":"https:\/\/www.wierec.com\/fr\/#\/schema\/logo\/image\/","url":"https:\/\/www.wierec.com\/wp-content\/uploads\/2020\/11\/logo-wiederkehr-gruppe-4f-quer-001.png","contentUrl":"https:\/\/www.wierec.com\/wp-content\/uploads\/2020\/11\/logo-wiederkehr-gruppe-4f-quer-001.png","width":1500,"height":367,"caption":"Wiederkehr Recycling AG"},"image":{"@id":"https:\/\/www.wierec.com\/fr\/#\/schema\/logo\/image\/"}}]}},"_links":{"self":[{"href":"https:\/\/www.wierec.com\/fr\/wp-json\/wp\/v2\/pages\/5798","targetHints":{"allow":["GET"]}}],"collection":[{"href":"https:\/\/www.wierec.com\/fr\/wp-json\/wp\/v2\/pages"}],"about":[{"href":"https:\/\/www.wierec.com\/fr\/wp-json\/wp\/v2\/types\/page"}],"author":[{"embeddable":true,"href":"https:\/\/www.wierec.com\/fr\/wp-json\/wp\/v2\/users\/1"}],"replies":[{"embeddable":true,"href":"https:\/\/www.wierec.com\/fr\/wp-json\/wp\/v2\/comments?post=5798"}],"version-history":[{"count":4,"href":"https:\/\/www.wierec.com\/fr\/wp-json\/wp\/v2\/pages\/5798\/revisions"}],"predecessor-version":[{"id":11352,"href":"https:\/\/www.wierec.com\/fr\/wp-json\/wp\/v2\/pages\/5798\/revisions\/11352"}],"wp:attachment":[{"href":"https:\/\/www.wierec.com\/fr\/wp-json\/wp\/v2\/media?parent=5798"}],"curies":[{"name":"wp","href":"https:\/\/api.w.org\/{rel}","templated":true}]}}