{"id":5804,"date":"2020-11-18T19:04:56","date_gmt":"2020-11-18T19:04:56","guid":{"rendered":"https:\/\/www.wierec.com\/?page_id=5804"},"modified":"2022-07-04T12:25:46","modified_gmt":"2022-07-04T12:25:46","slug":"appareils-menagers","status":"publish","type":"page","link":"https:\/\/www.wierec.com\/fr\/appareils-menagers\/","title":{"rendered":"Appareils m\u00e9nagers"},"content":{"rendered":"<h1>APPAREILS M\u00c9NAGERS<\/h1>\n<p><img decoding=\"async\" src=\"\/wp-content\/uploads\/2020\/11\/recycling-wiederkehr-gruppe-wertstoffe-haushaltsgeraete-001.jpg\" alt=\"\"><\/p>\n<h2>\n<p><strong>Recyclage d\u2019appareils m\u00e9nagers<\/strong><\/p>\n<\/h2>\n<div>\n<p>Les appareils \u00e9lectroniques regorgent eux aussi de mati\u00e8res premi\u00e8res qui peuvent \u00eatre r\u00e9inject\u00e9es dans le processus de production. Nous distinguons deux\u00a0types d\u2019appareils m\u00e9nagers. D\u2019une part le gros \u00e9lectrom\u00e9nager, \u00e0 savoir les fours, les cuisini\u00e8res ou les machines \u00e0 laver, et d\u2019autre part le petit \u00e9lectrom\u00e9nager comme les grille-pain, les mixeurs, les radios et autres appareils similaires. Les r\u00e9frig\u00e9rateurs et cong\u00e9lateurs constituent une cat\u00e9gorie \u00e0 part, car le recyclage des compresseurs doit r\u00e9pondre \u00e0 des exigences sp\u00e9cifiques, ce qui entra\u00eene des co\u00fbts plus \u00e9lev\u00e9s.<\/p>\n<p>Les d\u00e9chets \u00e9lectroniques sont tri\u00e9s et broy\u00e9s dans des ateliers de d\u00e9montage. Seuls les d\u00e9chets \u00e9lectroniques \u00e9pur\u00e9s, \u00e0 savoir d\u00e9barrass\u00e9s de leurs substances nocives, peuvent \u00eatre trait\u00e9s. Wiederkehr Recycling est une entreprise certifi\u00e9e par SENS et Swico et peut collecter tous les appareils m\u00e9nagers.<\/p>\n<\/div>\n<h2>\n<p>\u00c9LABORER UNE OFFRE POUR LA VENTE DE MAT\u00c9RIEL<\/p>\n<\/h2>\n<div>\n\n<div class=\"wpcf7 no-js\" id=\"wpcf7-f5527-o1\" lang=\"fr-FR\" dir=\"ltr\" data-wpcf7-id=\"5527\">\n<div class=\"screen-reader-response\"><p role=\"status\" aria-live=\"polite\" aria-atomic=\"true\"><\/p> <ul><\/ul><\/div>\n<form action=\"\/fr\/wp-json\/wp\/v2\/pages\/5804#wpcf7-f5527-o1\" method=\"post\" class=\"wpcf7-form init\" aria-label=\"Formulaire de contact\" novalidate=\"novalidate\" data-status=\"init\">\n<fieldset class=\"hidden-fields-container\"><input type=\"hidden\" name=\"_wpcf7\" value=\"5527\" \/><input type=\"hidden\" name=\"_wpcf7_version\" value=\"6.1.5\" \/><input type=\"hidden\" name=\"_wpcf7_locale\" value=\"fr_FR\" \/><input type=\"hidden\" name=\"_wpcf7_unit_tag\" value=\"wpcf7-f5527-o1\" \/><input type=\"hidden\" name=\"_wpcf7_container_post\" value=\"0\" \/><input type=\"hidden\" name=\"_wpcf7_posted_data_hash\" value=\"\" \/><input type=\"hidden\" name=\"_wpcf7_recaptcha_response\" value=\"\" \/>\n<\/fieldset>\n<p><label> Nom*<br \/>\n<span class=\"wpcf7-form-control-wrap\" data-name=\"your-name\"><input size=\"40\" maxlength=\"400\" class=\"wpcf7-form-control wpcf7-text wpcf7-validates-as-required\" aria-required=\"true\" aria-invalid=\"false\" value=\"\" type=\"text\" name=\"your-name\" \/><\/span> <\/label><br \/>\n<label> Soci\u00e9t\u00e9*<br \/>\n<span class=\"wpcf7-form-control-wrap\" data-name=\"your-firma\"><input size=\"40\" maxlength=\"400\" class=\"wpcf7-form-control wpcf7-text wpcf7-validates-as-required\" aria-required=\"true\" aria-invalid=\"false\" value=\"\" type=\"text\" name=\"your-firma\" \/><\/span> <\/label><br \/>\n<label> T\u00e9l\u00e9phone*<br \/>\n<span class=\"wpcf7-form-control-wrap\" data-name=\"your-telefon\"><input size=\"40\" maxlength=\"400\" class=\"wpcf7-form-control wpcf7-text wpcf7-validates-as-required\" aria-required=\"true\" aria-invalid=\"false\" value=\"\" type=\"text\" name=\"your-telefon\" \/><\/span> <\/label>\n<\/p>\n<p><label> E-Mail*<br \/>\n<span class=\"wpcf7-form-control-wrap\" data-name=\"your-email\"><input size=\"40\" maxlength=\"400\" class=\"wpcf7-form-control wpcf7-email wpcf7-validates-as-required wpcf7-text wpcf7-validates-as-email\" aria-required=\"true\" aria-invalid=\"false\" value=\"\" type=\"email\" name=\"your-email\" \/><\/span> <\/label>\n<\/p>\n<p><label> Mat\u00e9riau*<br \/>\n<span class=\"wpcf7-form-control-wrap\" data-name=\"your-material\"><input size=\"40\" maxlength=\"400\" class=\"wpcf7-form-control wpcf7-text wpcf7-validates-as-required\" aria-required=\"true\" aria-invalid=\"false\" value=\"\" type=\"text\" name=\"your-material\" \/><\/span> <\/label>\n<\/p>\n<p><label> Quantit\u00e9*<br \/>\n<span class=\"wpcf7-form-control-wrap\" data-name=\"your-menge\"><input size=\"40\" maxlength=\"400\" class=\"wpcf7-form-control wpcf7-text wpcf7-validates-as-required\" aria-required=\"true\" aria-invalid=\"false\" value=\"\" type=\"text\" name=\"your-menge\" \/><\/span> <\/label>\n<\/p>\n<p><label> Etat*<br \/>\n<span class=\"wpcf7-form-control-wrap\" data-name=\"your-menge\"><input size=\"40\" maxlength=\"400\" class=\"wpcf7-form-control wpcf7-text wpcf7-validates-as-required\" aria-required=\"true\" aria-invalid=\"false\" value=\"\" type=\"text\" name=\"your-menge\" \/><\/span> <\/label>\n<\/p>\n<p><input class=\"wpcf7-form-control wpcf7-submit has-spinner\" type=\"submit\" value=\"ENVOYER\" \/>\n<\/p><div class=\"wpcf7-response-output\" aria-hidden=\"true\"><\/div>\n<\/form>\n<\/div>\n\n<\/div>\n<p><!--more--><br \/>\n<!-- {\"name\":\"Haushaltger\\u00e4te DE\",\"type\":\"layout\",\"children\":[{\"type\":\"section\",\"props\":{\"style\":\"muted\",\"width\":\"xlarge\",\"vertical_align\":\"middle\",\"title_position\":\"top-left\",\"title_rotation\":\"left\",\"title_breakpoint\":\"xl\",\"image_position\":\"center-center\"},\"children\":[{\"type\":\"row\",\"children\":[{\"type\":\"column\",\"props\":{\"image_position\":\"center-center\",\"media_overlay_gradient\":\"\",\"position_sticky_breakpoint\":\"m\"},\"children\":[{\"type\":\"headline\",\"props\":{\"title_element\":\"h1\",\"title_style\":\"heading-small\",\"text_align\":\"center\",\"content\":\"APPAREILS M\\u00c9NAGERS\"}}]}]},{\"type\":\"row\",\"props\":{\"layout\":\"1-3,2-3\"},\"children\":[{\"type\":\"column\",\"props\":{\"image_position\":\"center-center\",\"media_overlay_gradient\":\"\",\"width_medium\":\"1-3\",\"position_sticky_breakpoint\":\"m\"},\"children\":[{\"type\":\"image\",\"props\":{\"margin\":\"default\",\"image_svg_color\":\"emphasis\",\"image\":\"wp-content\\\/uploads\\\/2020\\\/11\\\/recycling-wiederkehr-gruppe-wertstoffe-haushaltsgeraete-001.jpg\"}}]},{\"type\":\"column\",\"props\":{\"image_position\":\"center-center\",\"media_overlay_gradient\":\"\",\"width_medium\":\"2-3\",\"vertical_align\":\"middle\",\"position_sticky_breakpoint\":\"m\"},\"children\":[{\"type\":\"headline\",\"props\":{\"title_element\":\"h2\",\"content\":\"\n\n<p><strong>Recyclage d\\u2019appareils m\\u00e9nagers<\\\/strong><\\\/p>\",\"title_style\":\"h5\"}},{\"type\":\"text\",\"props\":{\"margin\":\"default\",\"column_breakpoint\":\"m\",\"content\":\"\n\n<p>Les appareils \\u00e9lectroniques regorgent eux aussi de mati\\u00e8res premi\\u00e8res qui peuvent \\u00eatre r\\u00e9inject\\u00e9es dans le processus de production. Nous distinguons deux\\u00a0types d\\u2019appareils m\\u00e9nagers. D\\u2019une part le gros \\u00e9lectrom\\u00e9nager, \\u00e0 savoir les fours, les cuisini\\u00e8res ou les machines \\u00e0 laver, et d\\u2019autre part le petit \\u00e9lectrom\\u00e9nager comme les grille-pain, les mixeurs, les radios et autres appareils similaires. Les r\\u00e9frig\\u00e9rateurs et cong\\u00e9lateurs constituent une cat\\u00e9gorie \\u00e0 part, car le recyclage des compresseurs doit r\\u00e9pondre \\u00e0 des exigences sp\\u00e9cifiques, ce qui entra\\u00eene des co\\u00fbts plus \\u00e9lev\\u00e9s.<\\\/p>\\n\n\n<p>Les d\\u00e9chets \\u00e9lectroniques sont tri\\u00e9s et broy\\u00e9s dans des ateliers de d\\u00e9montage. Seuls les d\\u00e9chets \\u00e9lectroniques \\u00e9pur\\u00e9s, \\u00e0 savoir d\\u00e9barrass\\u00e9s de leurs substances nocives, peuvent \\u00eatre trait\\u00e9s. Wiederkehr Recycling est une entreprise certifi\\u00e9e par SENS et Swico et peut collecter tous les appareils m\\u00e9nagers.<\\\/p>\"}}]}]},{\"type\":\"row\",\"children\":[{\"type\":\"column\",\"props\":{\"image_position\":\"center-center\",\"media_overlay_gradient\":\"\",\"style\":\"default\",\"position_sticky_breakpoint\":\"m\"},\"children\":[{\"type\":\"headline\",\"props\":{\"title_element\":\"h2\",\"title_style\":\"heading-small\",\"text_align\":\"center\",\"content\":\"\n\n<p>\\u00c9LABORER UNE OFFRE POUR LA VENTE DE MAT\\u00c9RIEL<\\\/p>\"}},{\"type\":\"text\",\"props\":{\"margin\":\"default\",\"column_breakpoint\":\"m\",\"content\":\"\n\n<p>[contact-form-7 id=\\\"2356\\\" title=\\\"Material\\\"]<\\\/p>\"}}]}]}],\"modified\":\"2020-10-31T15:01:28.483Z\",\"name\":\"Eventservice\"}],\"version\":\"2.7.22\"} --><\/p>\n","protected":false},"excerpt":{"rendered":"<p>APPAREILS M\u00c9NAGERS Recyclage d\u2019appareils m\u00e9nagers Les appareils \u00e9lectroniques regorgent eux aussi de mati\u00e8res premi\u00e8res qui peuvent \u00eatre r\u00e9inject\u00e9es dans le processus de production. Nous distinguons deux\u00a0types d\u2019appareils m\u00e9nagers. D\u2019une part le gros \u00e9lectrom\u00e9nager, \u00e0 savoir les fours, les cuisini\u00e8res ou les machines \u00e0 laver, et d\u2019autre part le petit \u00e9lectrom\u00e9nager comme les grille-pain, les mixeurs, [&hellip;]<\/p>\n","protected":false},"author":1,"featured_media":0,"parent":0,"menu_order":0,"comment_status":"closed","ping_status":"closed","template":"","meta":{"inline_featured_image":false,"footnotes":""},"class_list":["post-5804","page","type-page","status-publish","hentry"],"yoast_head":"<!-- This site is optimized with the Yoast SEO Premium plugin v24.3 (Yoast SEO v27.4) - https:\/\/yoast.com\/product\/yoast-seo-premium-wordpress\/ -->\n<title>Appareils m\u00e9nagers | Groupe Wiederkehr<\/title>\n<meta name=\"description\" content=\"Nous achetons des appareils m\u00e9nagers et \u00e9lectrom\u00e9nagers. Nous recyclons le petit et le gros \u00e9lectrom\u00e9nager, comme les fours, les cuisini\u00e8res, les machines \u00e0 laver, les grille-pain ou les radios. R\u00e9frig\u00e9rateurs sur demande.\" \/>\n<meta name=\"robots\" content=\"index, follow, max-snippet:-1, max-image-preview:large, max-video-preview:-1\" \/>\n<link rel=\"canonical\" href=\"https:\/\/www.wierec.com\/fr\/appareils-menagers\/\" \/>\n<meta property=\"og:locale\" content=\"fr_FR\" \/>\n<meta property=\"og:type\" content=\"article\" \/>\n<meta property=\"og:title\" content=\"Appareils m\u00e9nagers\" \/>\n<meta property=\"og:description\" content=\"Nous achetons des appareils m\u00e9nagers et \u00e9lectrom\u00e9nagers. Nous recyclons le petit et le gros \u00e9lectrom\u00e9nager, comme les fours, les cuisini\u00e8res, les machines \u00e0 laver, les grille-pain ou les radios. R\u00e9frig\u00e9rateurs sur demande.\" \/>\n<meta property=\"og:url\" content=\"https:\/\/www.wierec.com\/fr\/appareils-menagers\/\" \/>\n<meta property=\"og:site_name\" content=\"Wiederkehr Recycling\" \/>\n<meta property=\"article:modified_time\" content=\"2022-07-04T12:25:46+00:00\" \/>\n<meta name=\"twitter:card\" content=\"summary_large_image\" \/>\n<meta name=\"twitter:label1\" content=\"Dur\u00e9e de lecture estim\u00e9e\" \/>\n\t<meta name=\"twitter:data1\" content=\"1 minute\" \/>\n<script type=\"application\/ld+json\" class=\"yoast-schema-graph\">{\"@context\":\"https:\\\/\\\/schema.org\",\"@graph\":[{\"@type\":\"WebPage\",\"@id\":\"https:\\\/\\\/www.wierec.com\\\/fr\\\/appareils-menagers\\\/\",\"url\":\"https:\\\/\\\/www.wierec.com\\\/fr\\\/appareils-menagers\\\/\",\"name\":\"Appareils m\u00e9nagers | Groupe Wiederkehr\",\"isPartOf\":{\"@id\":\"https:\\\/\\\/www.wierec.com\\\/fr\\\/#website\"},\"datePublished\":\"2020-11-18T19:04:56+00:00\",\"dateModified\":\"2022-07-04T12:25:46+00:00\",\"description\":\"Nous achetons des appareils m\u00e9nagers et \u00e9lectrom\u00e9nagers. Nous recyclons le petit et le gros \u00e9lectrom\u00e9nager, comme les fours, les cuisini\u00e8res, les machines \u00e0 laver, les grille-pain ou les radios. R\u00e9frig\u00e9rateurs sur demande.\",\"breadcrumb\":{\"@id\":\"https:\\\/\\\/www.wierec.com\\\/fr\\\/appareils-menagers\\\/#breadcrumb\"},\"inLanguage\":\"fr-FR\",\"potentialAction\":[{\"@type\":\"ReadAction\",\"target\":[\"https:\\\/\\\/www.wierec.com\\\/fr\\\/appareils-menagers\\\/\"]}]},{\"@type\":\"BreadcrumbList\",\"@id\":\"https:\\\/\\\/www.wierec.com\\\/fr\\\/appareils-menagers\\\/#breadcrumb\",\"itemListElement\":[{\"@type\":\"ListItem\",\"position\":1,\"name\":\"Home\",\"item\":\"https:\\\/\\\/www.wierec.com\\\/fr\\\/\"},{\"@type\":\"ListItem\",\"position\":2,\"name\":\"Appareils m\u00e9nagers\"}]},{\"@type\":\"WebSite\",\"@id\":\"https:\\\/\\\/www.wierec.com\\\/fr\\\/#website\",\"url\":\"https:\\\/\\\/www.wierec.com\\\/fr\\\/\",\"name\":\"Wiederkehr Recycling\",\"description\":\"Die Wiederkehr der Rohstoffe\",\"publisher\":{\"@id\":\"https:\\\/\\\/www.wierec.com\\\/fr\\\/#organization\"},\"potentialAction\":[{\"@type\":\"SearchAction\",\"target\":{\"@type\":\"EntryPoint\",\"urlTemplate\":\"https:\\\/\\\/www.wierec.com\\\/fr\\\/?s={search_term_string}\"},\"query-input\":{\"@type\":\"PropertyValueSpecification\",\"valueRequired\":true,\"valueName\":\"search_term_string\"}}],\"inLanguage\":\"fr-FR\"},{\"@type\":\"Organization\",\"@id\":\"https:\\\/\\\/www.wierec.com\\\/fr\\\/#organization\",\"name\":\"Wiederkehr Recycling AG\",\"url\":\"https:\\\/\\\/www.wierec.com\\\/fr\\\/\",\"logo\":{\"@type\":\"ImageObject\",\"inLanguage\":\"fr-FR\",\"@id\":\"https:\\\/\\\/www.wierec.com\\\/fr\\\/#\\\/schema\\\/logo\\\/image\\\/\",\"url\":\"https:\\\/\\\/www.wierec.com\\\/wp-content\\\/uploads\\\/2020\\\/11\\\/logo-wiederkehr-gruppe-4f-quer-001.png\",\"contentUrl\":\"https:\\\/\\\/www.wierec.com\\\/wp-content\\\/uploads\\\/2020\\\/11\\\/logo-wiederkehr-gruppe-4f-quer-001.png\",\"width\":1500,\"height\":367,\"caption\":\"Wiederkehr Recycling AG\"},\"image\":{\"@id\":\"https:\\\/\\\/www.wierec.com\\\/fr\\\/#\\\/schema\\\/logo\\\/image\\\/\"}}]}<\/script>\n<!-- \/ Yoast SEO Premium plugin. -->","yoast_head_json":{"title":"Appareils m\u00e9nagers | Groupe Wiederkehr","description":"Nous achetons des appareils m\u00e9nagers et \u00e9lectrom\u00e9nagers. Nous recyclons le petit et le gros \u00e9lectrom\u00e9nager, comme les fours, les cuisini\u00e8res, les machines \u00e0 laver, les grille-pain ou les radios. R\u00e9frig\u00e9rateurs sur demande.","robots":{"index":"index","follow":"follow","max-snippet":"max-snippet:-1","max-image-preview":"max-image-preview:large","max-video-preview":"max-video-preview:-1"},"canonical":"https:\/\/www.wierec.com\/fr\/appareils-menagers\/","og_locale":"fr_FR","og_type":"article","og_title":"Appareils m\u00e9nagers","og_description":"Nous achetons des appareils m\u00e9nagers et \u00e9lectrom\u00e9nagers. Nous recyclons le petit et le gros \u00e9lectrom\u00e9nager, comme les fours, les cuisini\u00e8res, les machines \u00e0 laver, les grille-pain ou les radios. R\u00e9frig\u00e9rateurs sur demande.","og_url":"https:\/\/www.wierec.com\/fr\/appareils-menagers\/","og_site_name":"Wiederkehr Recycling","article_modified_time":"2022-07-04T12:25:46+00:00","twitter_card":"summary_large_image","twitter_misc":{"Dur\u00e9e de lecture estim\u00e9e":"1 minute"},"schema":{"@context":"https:\/\/schema.org","@graph":[{"@type":"WebPage","@id":"https:\/\/www.wierec.com\/fr\/appareils-menagers\/","url":"https:\/\/www.wierec.com\/fr\/appareils-menagers\/","name":"Appareils m\u00e9nagers | Groupe Wiederkehr","isPartOf":{"@id":"https:\/\/www.wierec.com\/fr\/#website"},"datePublished":"2020-11-18T19:04:56+00:00","dateModified":"2022-07-04T12:25:46+00:00","description":"Nous achetons des appareils m\u00e9nagers et \u00e9lectrom\u00e9nagers. Nous recyclons le petit et le gros \u00e9lectrom\u00e9nager, comme les fours, les cuisini\u00e8res, les machines \u00e0 laver, les grille-pain ou les radios. R\u00e9frig\u00e9rateurs sur demande.","breadcrumb":{"@id":"https:\/\/www.wierec.com\/fr\/appareils-menagers\/#breadcrumb"},"inLanguage":"fr-FR","potentialAction":[{"@type":"ReadAction","target":["https:\/\/www.wierec.com\/fr\/appareils-menagers\/"]}]},{"@type":"BreadcrumbList","@id":"https:\/\/www.wierec.com\/fr\/appareils-menagers\/#breadcrumb","itemListElement":[{"@type":"ListItem","position":1,"name":"Home","item":"https:\/\/www.wierec.com\/fr\/"},{"@type":"ListItem","position":2,"name":"Appareils m\u00e9nagers"}]},{"@type":"WebSite","@id":"https:\/\/www.wierec.com\/fr\/#website","url":"https:\/\/www.wierec.com\/fr\/","name":"Wiederkehr Recycling","description":"Die Wiederkehr der Rohstoffe","publisher":{"@id":"https:\/\/www.wierec.com\/fr\/#organization"},"potentialAction":[{"@type":"SearchAction","target":{"@type":"EntryPoint","urlTemplate":"https:\/\/www.wierec.com\/fr\/?s={search_term_string}"},"query-input":{"@type":"PropertyValueSpecification","valueRequired":true,"valueName":"search_term_string"}}],"inLanguage":"fr-FR"},{"@type":"Organization","@id":"https:\/\/www.wierec.com\/fr\/#organization","name":"Wiederkehr Recycling AG","url":"https:\/\/www.wierec.com\/fr\/","logo":{"@type":"ImageObject","inLanguage":"fr-FR","@id":"https:\/\/www.wierec.com\/fr\/#\/schema\/logo\/image\/","url":"https:\/\/www.wierec.com\/wp-content\/uploads\/2020\/11\/logo-wiederkehr-gruppe-4f-quer-001.png","contentUrl":"https:\/\/www.wierec.com\/wp-content\/uploads\/2020\/11\/logo-wiederkehr-gruppe-4f-quer-001.png","width":1500,"height":367,"caption":"Wiederkehr Recycling AG"},"image":{"@id":"https:\/\/www.wierec.com\/fr\/#\/schema\/logo\/image\/"}}]}},"_links":{"self":[{"href":"https:\/\/www.wierec.com\/fr\/wp-json\/wp\/v2\/pages\/5804","targetHints":{"allow":["GET"]}}],"collection":[{"href":"https:\/\/www.wierec.com\/fr\/wp-json\/wp\/v2\/pages"}],"about":[{"href":"https:\/\/www.wierec.com\/fr\/wp-json\/wp\/v2\/types\/page"}],"author":[{"embeddable":true,"href":"https:\/\/www.wierec.com\/fr\/wp-json\/wp\/v2\/users\/1"}],"replies":[{"embeddable":true,"href":"https:\/\/www.wierec.com\/fr\/wp-json\/wp\/v2\/comments?post=5804"}],"version-history":[{"count":4,"href":"https:\/\/www.wierec.com\/fr\/wp-json\/wp\/v2\/pages\/5804\/revisions"}],"predecessor-version":[{"id":11354,"href":"https:\/\/www.wierec.com\/fr\/wp-json\/wp\/v2\/pages\/5804\/revisions\/11354"}],"wp:attachment":[{"href":"https:\/\/www.wierec.com\/fr\/wp-json\/wp\/v2\/media?parent=5804"}],"curies":[{"name":"wp","href":"https:\/\/api.w.org\/{rel}","templated":true}]}}