{"id":5807,"date":"2020-11-18T19:06:51","date_gmt":"2020-11-18T19:06:51","guid":{"rendered":"https:\/\/www.wierec.com\/?page_id=5807"},"modified":"2022-07-05T09:50:10","modified_gmt":"2022-07-05T09:50:10","slug":"cables","status":"publish","type":"page","link":"https:\/\/www.wierec.com\/fr\/cables\/","title":{"rendered":"C\u00e2bles"},"content":{"rendered":"<h1>C\u00c2BLES<\/h1>\n<p><img decoding=\"async\" src=\"\/wp-content\/uploads\/2020\/11\/recycling-wiederkehr-gruppe-wertstoffe-kabel-001-scaled.jpg\" alt=\"\"><\/p>\n<h2>Recyclage de c\u00e2bles<\/h2>\n<div>\n<p>Lors de travaux de d\u00e9mant\u00e8lement ou du recyclage d\u2019appareils usag\u00e9s, on se retrouve souvent avec de vieux c\u00e2bles. Il s\u2019agit de d\u00e9chets tr\u00e8s pr\u00e9cieux, car les c\u00e2bles contiennent des m\u00e9taux, le plus souvent du cuivre ou de l\u2019aluminium: des mat\u00e9riaux recherch\u00e9s, de qualit\u00e9 \u00e9quivalente \u00e0 celle des ressources naturelles. C\u2019est aussi ce qui rend le recyclage des c\u00e2bles si int\u00e9ressant: une fois s\u00e9par\u00e9s du plastique, les m\u00e9taux se retrouvent dans une forme tr\u00e8s pure et peuvent \u00eatre directement renvoy\u00e9s dans la production de c\u00e2bles. En effet, les vieux c\u00e2bles constituent aujourd\u2019hui une source majeure de cuivre recycl\u00e9. Les c\u00e2bles sont broy\u00e9s, s\u00e9par\u00e9s puis finissent sous forme de granul\u00e9s de diff\u00e9rentes tailles. Le plastique peut lui aussi \u00eatre transform\u00e9 en granul\u00e9s avant d\u2019\u00eatre r\u00e9introduit dans le cycle \u00e9conomique.<\/p>\n<p>Wiederkehr Recycling reprend des c\u00e2bles de toutes formes et de toutes tailles, tri\u00e9s ou m\u00e9lang\u00e9s. Les c\u00e2bles de terre sont soumis \u00e0 des r\u00e9glementations sp\u00e9cifiques, car ils sont souvent m\u00e9lang\u00e9s avec du plomb et doivent donc \u00eatre contr\u00f4l\u00e9s. Nous sommes \u00e0 votre disposition pour vous conseiller si vous avez des questions concernant le recyclage des c\u00e2bles.<\/p>\n<\/div>\n<h2>\u00c9LABORER UNE OFFRE POUR LA VENTE DE MAT\u00c9RIEL<\/h2>\n<div>\n\n<div class=\"wpcf7 no-js\" id=\"wpcf7-f5527-o1\" lang=\"fr-FR\" dir=\"ltr\" data-wpcf7-id=\"5527\">\n<div class=\"screen-reader-response\"><p role=\"status\" aria-live=\"polite\" aria-atomic=\"true\"><\/p> <ul><\/ul><\/div>\n<form action=\"\/fr\/wp-json\/wp\/v2\/pages\/5807#wpcf7-f5527-o1\" method=\"post\" class=\"wpcf7-form init\" aria-label=\"Formulaire de contact\" novalidate=\"novalidate\" data-status=\"init\">\n<fieldset class=\"hidden-fields-container\"><input type=\"hidden\" name=\"_wpcf7\" value=\"5527\" \/><input type=\"hidden\" name=\"_wpcf7_version\" value=\"6.1.5\" \/><input type=\"hidden\" name=\"_wpcf7_locale\" value=\"fr_FR\" \/><input type=\"hidden\" name=\"_wpcf7_unit_tag\" value=\"wpcf7-f5527-o1\" \/><input type=\"hidden\" name=\"_wpcf7_container_post\" value=\"0\" \/><input type=\"hidden\" name=\"_wpcf7_posted_data_hash\" value=\"\" \/><input type=\"hidden\" name=\"_wpcf7_recaptcha_response\" value=\"\" \/>\n<\/fieldset>\n<p><label> Nom*<br \/>\n<span class=\"wpcf7-form-control-wrap\" data-name=\"your-name\"><input size=\"40\" maxlength=\"400\" class=\"wpcf7-form-control wpcf7-text wpcf7-validates-as-required\" aria-required=\"true\" aria-invalid=\"false\" value=\"\" type=\"text\" name=\"your-name\" \/><\/span> <\/label><br \/>\n<label> Soci\u00e9t\u00e9*<br \/>\n<span class=\"wpcf7-form-control-wrap\" data-name=\"your-firma\"><input size=\"40\" maxlength=\"400\" class=\"wpcf7-form-control wpcf7-text wpcf7-validates-as-required\" aria-required=\"true\" aria-invalid=\"false\" value=\"\" type=\"text\" name=\"your-firma\" \/><\/span> <\/label><br \/>\n<label> T\u00e9l\u00e9phone*<br \/>\n<span class=\"wpcf7-form-control-wrap\" data-name=\"your-telefon\"><input size=\"40\" maxlength=\"400\" class=\"wpcf7-form-control wpcf7-text wpcf7-validates-as-required\" aria-required=\"true\" aria-invalid=\"false\" value=\"\" type=\"text\" name=\"your-telefon\" \/><\/span> <\/label>\n<\/p>\n<p><label> E-Mail*<br \/>\n<span class=\"wpcf7-form-control-wrap\" data-name=\"your-email\"><input size=\"40\" maxlength=\"400\" class=\"wpcf7-form-control wpcf7-email wpcf7-validates-as-required wpcf7-text wpcf7-validates-as-email\" aria-required=\"true\" aria-invalid=\"false\" value=\"\" type=\"email\" name=\"your-email\" \/><\/span> <\/label>\n<\/p>\n<p><label> Mat\u00e9riau*<br \/>\n<span class=\"wpcf7-form-control-wrap\" data-name=\"your-material\"><input size=\"40\" maxlength=\"400\" class=\"wpcf7-form-control wpcf7-text wpcf7-validates-as-required\" aria-required=\"true\" aria-invalid=\"false\" value=\"\" type=\"text\" name=\"your-material\" \/><\/span> <\/label>\n<\/p>\n<p><label> Quantit\u00e9*<br \/>\n<span class=\"wpcf7-form-control-wrap\" data-name=\"your-menge\"><input size=\"40\" maxlength=\"400\" class=\"wpcf7-form-control wpcf7-text wpcf7-validates-as-required\" aria-required=\"true\" aria-invalid=\"false\" value=\"\" type=\"text\" name=\"your-menge\" \/><\/span> <\/label>\n<\/p>\n<p><label> Etat*<br \/>\n<span class=\"wpcf7-form-control-wrap\" data-name=\"your-menge\"><input size=\"40\" maxlength=\"400\" class=\"wpcf7-form-control wpcf7-text wpcf7-validates-as-required\" aria-required=\"true\" aria-invalid=\"false\" value=\"\" type=\"text\" name=\"your-menge\" \/><\/span> <\/label>\n<\/p>\n<p><input class=\"wpcf7-form-control wpcf7-submit has-spinner\" type=\"submit\" value=\"ENVOYER\" \/>\n<\/p><div class=\"wpcf7-response-output\" aria-hidden=\"true\"><\/div>\n<\/form>\n<\/div>\n\n<\/div>\n<p><!--more--><br \/>\n<!-- {\"name\":\"Kabel DE\",\"type\":\"layout\",\"children\":[{\"type\":\"section\",\"props\":{\"style\":\"muted\",\"width\":\"xlarge\",\"vertical_align\":\"middle\",\"title_position\":\"top-left\",\"title_rotation\":\"left\",\"title_breakpoint\":\"xl\",\"image_position\":\"center-center\"},\"children\":[{\"type\":\"row\",\"children\":[{\"type\":\"column\",\"props\":{\"image_position\":\"center-center\",\"media_overlay_gradient\":\"\",\"position_sticky_breakpoint\":\"m\"},\"children\":[{\"type\":\"headline\",\"props\":{\"title_element\":\"h1\",\"title_style\":\"heading-small\",\"text_align\":\"center\",\"content\":\"C\\u00c2BLES\"}}]}]},{\"type\":\"row\",\"props\":{\"layout\":\"1-3,2-3\"},\"children\":[{\"type\":\"column\",\"props\":{\"image_position\":\"center-center\",\"media_overlay_gradient\":\"\",\"width_medium\":\"1-3\",\"position_sticky_breakpoint\":\"m\"},\"children\":[{\"type\":\"image\",\"props\":{\"margin\":\"default\",\"image_svg_color\":\"emphasis\",\"image\":\"wp-content\\\/uploads\\\/2020\\\/11\\\/recycling-wiederkehr-gruppe-wertstoffe-kabel-001-scaled.jpg\"}}]},{\"type\":\"column\",\"props\":{\"image_position\":\"center-center\",\"media_overlay_gradient\":\"\",\"width_medium\":\"2-3\",\"vertical_align\":\"middle\",\"position_sticky_breakpoint\":\"m\"},\"children\":[{\"type\":\"headline\",\"props\":{\"title_element\":\"h2\",\"content\":\"Recyclage de c\\u00e2bles\",\"title_style\":\"h5\"}},{\"type\":\"text\",\"props\":{\"margin\":\"default\",\"column_breakpoint\":\"m\",\"content\":\"\n\n<p>Lors de travaux de d\\u00e9mant\\u00e8lement ou du recyclage d\\u2019appareils usag\\u00e9s, on se retrouve souvent avec de vieux c\\u00e2bles. Il s\\u2019agit de d\\u00e9chets tr\\u00e8s pr\\u00e9cieux, car les c\\u00e2bles contiennent des m\\u00e9taux, le plus souvent du cuivre ou de l\\u2019aluminium: des mat\\u00e9riaux recherch\\u00e9s, de qualit\\u00e9 \\u00e9quivalente \\u00e0 celle des ressources naturelles. C\\u2019est aussi ce qui rend le recyclage des c\\u00e2bles si int\\u00e9ressant: une fois s\\u00e9par\\u00e9s du plastique, les m\\u00e9taux se retrouvent dans une forme tr\\u00e8s pure et peuvent \\u00eatre directement renvoy\\u00e9s dans la production de c\\u00e2bles. En effet, les vieux c\\u00e2bles constituent aujourd\\u2019hui une source majeure de cuivre recycl\\u00e9. Les c\\u00e2bles sont broy\\u00e9s, s\\u00e9par\\u00e9s puis finissent sous forme de granul\\u00e9s de diff\\u00e9rentes tailles. Le plastique peut lui aussi \\u00eatre transform\\u00e9 en granul\\u00e9s avant d\\u2019\\u00eatre r\\u00e9introduit dans le cycle \\u00e9conomique.<\\\/p>\\n\n\n<p>Wiederkehr Recycling reprend des c\\u00e2bles de toutes formes et de toutes tailles, tri\\u00e9s ou m\\u00e9lang\\u00e9s. Les c\\u00e2bles de terre sont soumis \\u00e0 des r\\u00e9glementations sp\\u00e9cifiques, car ils sont souvent m\\u00e9lang\\u00e9s avec du plomb et doivent donc \\u00eatre contr\\u00f4l\\u00e9s. Nous sommes \\u00e0 votre disposition pour vous conseiller si vous avez des questions concernant le recyclage des c\\u00e2bles.<\\\/p>\"}}]}]},{\"type\":\"row\",\"children\":[{\"type\":\"column\",\"props\":{\"image_position\":\"center-center\",\"media_overlay_gradient\":\"\",\"style\":\"default\",\"position_sticky_breakpoint\":\"m\"},\"children\":[{\"type\":\"headline\",\"props\":{\"title_element\":\"h2\",\"title_style\":\"heading-small\",\"text_align\":\"center\",\"content\":\"\\u00c9LABORER UNE OFFRE POUR LA VENTE DE MAT\\u00c9RIEL\"}},{\"type\":\"text\",\"props\":{\"margin\":\"default\",\"column_breakpoint\":\"m\",\"content\":\"\n\n<p>[contact-form-7 id=\\\"2356\\\" title=\\\"Material\\\"]<\\\/p>\"}}]}]}],\"modified\":\"2020-10-31T15:01:28.483Z\",\"name\":\"Eventservice\"}],\"version\":\"2.7.22\"} --><\/p>\n","protected":false},"excerpt":{"rendered":"<p>C\u00c2BLES Recyclage de c\u00e2bles Lors de travaux de d\u00e9mant\u00e8lement ou du recyclage d\u2019appareils usag\u00e9s, on se retrouve souvent avec de vieux c\u00e2bles. Il s\u2019agit de d\u00e9chets tr\u00e8s pr\u00e9cieux, car les c\u00e2bles contiennent des m\u00e9taux, le plus souvent du cuivre ou de l\u2019aluminium: des mat\u00e9riaux recherch\u00e9s, de qualit\u00e9 \u00e9quivalente \u00e0 celle des ressources naturelles. C\u2019est aussi [&hellip;]<\/p>\n","protected":false},"author":1,"featured_media":0,"parent":0,"menu_order":0,"comment_status":"closed","ping_status":"closed","template":"","meta":{"inline_featured_image":false,"footnotes":""},"class_list":["post-5807","page","type-page","status-publish","hentry"],"yoast_head":"<!-- This site is optimized with the Yoast SEO Premium plugin v24.3 (Yoast SEO v27.4) - https:\/\/yoast.com\/product\/yoast-seo-premium-wordpress\/ -->\n<title>C\u00e2bles | Groupe Wiederkehr<\/title>\n<meta name=\"description\" content=\"Nous achetons des c\u00e2bles et des vieux c\u00e2bles, tri\u00e9s ou m\u00e9lang\u00e9s. Recyclage de c\u00e2bles en aluminium, en cuivre ou de terre. Nous sommes \u00e0 votre disposition pour vous conseiller et vous proposer une offre.\" \/>\n<meta name=\"robots\" content=\"index, follow, max-snippet:-1, max-image-preview:large, max-video-preview:-1\" \/>\n<link rel=\"canonical\" href=\"https:\/\/www.wierec.com\/fr\/cables\/\" \/>\n<meta property=\"og:locale\" content=\"fr_FR\" \/>\n<meta property=\"og:type\" content=\"article\" \/>\n<meta property=\"og:title\" content=\"C\u00e2bles\" \/>\n<meta property=\"og:description\" content=\"Nous achetons des c\u00e2bles et des vieux c\u00e2bles, tri\u00e9s ou m\u00e9lang\u00e9s. Recyclage de c\u00e2bles en aluminium, en cuivre ou de terre. Nous sommes \u00e0 votre disposition pour vous conseiller et vous proposer une offre.\" \/>\n<meta property=\"og:url\" content=\"https:\/\/www.wierec.com\/fr\/cables\/\" \/>\n<meta property=\"og:site_name\" content=\"Wiederkehr Recycling\" \/>\n<meta property=\"article:modified_time\" content=\"2022-07-05T09:50:10+00:00\" \/>\n<meta name=\"twitter:card\" content=\"summary_large_image\" \/>\n<meta name=\"twitter:label1\" content=\"Dur\u00e9e de lecture estim\u00e9e\" \/>\n\t<meta name=\"twitter:data1\" content=\"1 minute\" \/>\n<script type=\"application\/ld+json\" class=\"yoast-schema-graph\">{\"@context\":\"https:\\\/\\\/schema.org\",\"@graph\":[{\"@type\":\"WebPage\",\"@id\":\"https:\\\/\\\/www.wierec.com\\\/fr\\\/cables\\\/\",\"url\":\"https:\\\/\\\/www.wierec.com\\\/fr\\\/cables\\\/\",\"name\":\"C\u00e2bles | Groupe Wiederkehr\",\"isPartOf\":{\"@id\":\"https:\\\/\\\/www.wierec.com\\\/fr\\\/#website\"},\"datePublished\":\"2020-11-18T19:06:51+00:00\",\"dateModified\":\"2022-07-05T09:50:10+00:00\",\"description\":\"Nous achetons des c\u00e2bles et des vieux c\u00e2bles, tri\u00e9s ou m\u00e9lang\u00e9s. Recyclage de c\u00e2bles en aluminium, en cuivre ou de terre. Nous sommes \u00e0 votre disposition pour vous conseiller et vous proposer une offre.\",\"breadcrumb\":{\"@id\":\"https:\\\/\\\/www.wierec.com\\\/fr\\\/cables\\\/#breadcrumb\"},\"inLanguage\":\"fr-FR\",\"potentialAction\":[{\"@type\":\"ReadAction\",\"target\":[\"https:\\\/\\\/www.wierec.com\\\/fr\\\/cables\\\/\"]}]},{\"@type\":\"BreadcrumbList\",\"@id\":\"https:\\\/\\\/www.wierec.com\\\/fr\\\/cables\\\/#breadcrumb\",\"itemListElement\":[{\"@type\":\"ListItem\",\"position\":1,\"name\":\"Home\",\"item\":\"https:\\\/\\\/www.wierec.com\\\/fr\\\/\"},{\"@type\":\"ListItem\",\"position\":2,\"name\":\"C\u00e2bles\"}]},{\"@type\":\"WebSite\",\"@id\":\"https:\\\/\\\/www.wierec.com\\\/fr\\\/#website\",\"url\":\"https:\\\/\\\/www.wierec.com\\\/fr\\\/\",\"name\":\"Wiederkehr Recycling\",\"description\":\"Die Wiederkehr der Rohstoffe\",\"publisher\":{\"@id\":\"https:\\\/\\\/www.wierec.com\\\/fr\\\/#organization\"},\"potentialAction\":[{\"@type\":\"SearchAction\",\"target\":{\"@type\":\"EntryPoint\",\"urlTemplate\":\"https:\\\/\\\/www.wierec.com\\\/fr\\\/?s={search_term_string}\"},\"query-input\":{\"@type\":\"PropertyValueSpecification\",\"valueRequired\":true,\"valueName\":\"search_term_string\"}}],\"inLanguage\":\"fr-FR\"},{\"@type\":\"Organization\",\"@id\":\"https:\\\/\\\/www.wierec.com\\\/fr\\\/#organization\",\"name\":\"Wiederkehr Recycling AG\",\"url\":\"https:\\\/\\\/www.wierec.com\\\/fr\\\/\",\"logo\":{\"@type\":\"ImageObject\",\"inLanguage\":\"fr-FR\",\"@id\":\"https:\\\/\\\/www.wierec.com\\\/fr\\\/#\\\/schema\\\/logo\\\/image\\\/\",\"url\":\"https:\\\/\\\/www.wierec.com\\\/wp-content\\\/uploads\\\/2020\\\/11\\\/logo-wiederkehr-gruppe-4f-quer-001.png\",\"contentUrl\":\"https:\\\/\\\/www.wierec.com\\\/wp-content\\\/uploads\\\/2020\\\/11\\\/logo-wiederkehr-gruppe-4f-quer-001.png\",\"width\":1500,\"height\":367,\"caption\":\"Wiederkehr Recycling AG\"},\"image\":{\"@id\":\"https:\\\/\\\/www.wierec.com\\\/fr\\\/#\\\/schema\\\/logo\\\/image\\\/\"}}]}<\/script>\n<!-- \/ Yoast SEO Premium plugin. -->","yoast_head_json":{"title":"C\u00e2bles | Groupe Wiederkehr","description":"Nous achetons des c\u00e2bles et des vieux c\u00e2bles, tri\u00e9s ou m\u00e9lang\u00e9s. Recyclage de c\u00e2bles en aluminium, en cuivre ou de terre. Nous sommes \u00e0 votre disposition pour vous conseiller et vous proposer une offre.","robots":{"index":"index","follow":"follow","max-snippet":"max-snippet:-1","max-image-preview":"max-image-preview:large","max-video-preview":"max-video-preview:-1"},"canonical":"https:\/\/www.wierec.com\/fr\/cables\/","og_locale":"fr_FR","og_type":"article","og_title":"C\u00e2bles","og_description":"Nous achetons des c\u00e2bles et des vieux c\u00e2bles, tri\u00e9s ou m\u00e9lang\u00e9s. Recyclage de c\u00e2bles en aluminium, en cuivre ou de terre. Nous sommes \u00e0 votre disposition pour vous conseiller et vous proposer une offre.","og_url":"https:\/\/www.wierec.com\/fr\/cables\/","og_site_name":"Wiederkehr Recycling","article_modified_time":"2022-07-05T09:50:10+00:00","twitter_card":"summary_large_image","twitter_misc":{"Dur\u00e9e de lecture estim\u00e9e":"1 minute"},"schema":{"@context":"https:\/\/schema.org","@graph":[{"@type":"WebPage","@id":"https:\/\/www.wierec.com\/fr\/cables\/","url":"https:\/\/www.wierec.com\/fr\/cables\/","name":"C\u00e2bles | Groupe Wiederkehr","isPartOf":{"@id":"https:\/\/www.wierec.com\/fr\/#website"},"datePublished":"2020-11-18T19:06:51+00:00","dateModified":"2022-07-05T09:50:10+00:00","description":"Nous achetons des c\u00e2bles et des vieux c\u00e2bles, tri\u00e9s ou m\u00e9lang\u00e9s. Recyclage de c\u00e2bles en aluminium, en cuivre ou de terre. Nous sommes \u00e0 votre disposition pour vous conseiller et vous proposer une offre.","breadcrumb":{"@id":"https:\/\/www.wierec.com\/fr\/cables\/#breadcrumb"},"inLanguage":"fr-FR","potentialAction":[{"@type":"ReadAction","target":["https:\/\/www.wierec.com\/fr\/cables\/"]}]},{"@type":"BreadcrumbList","@id":"https:\/\/www.wierec.com\/fr\/cables\/#breadcrumb","itemListElement":[{"@type":"ListItem","position":1,"name":"Home","item":"https:\/\/www.wierec.com\/fr\/"},{"@type":"ListItem","position":2,"name":"C\u00e2bles"}]},{"@type":"WebSite","@id":"https:\/\/www.wierec.com\/fr\/#website","url":"https:\/\/www.wierec.com\/fr\/","name":"Wiederkehr Recycling","description":"Die Wiederkehr der Rohstoffe","publisher":{"@id":"https:\/\/www.wierec.com\/fr\/#organization"},"potentialAction":[{"@type":"SearchAction","target":{"@type":"EntryPoint","urlTemplate":"https:\/\/www.wierec.com\/fr\/?s={search_term_string}"},"query-input":{"@type":"PropertyValueSpecification","valueRequired":true,"valueName":"search_term_string"}}],"inLanguage":"fr-FR"},{"@type":"Organization","@id":"https:\/\/www.wierec.com\/fr\/#organization","name":"Wiederkehr Recycling AG","url":"https:\/\/www.wierec.com\/fr\/","logo":{"@type":"ImageObject","inLanguage":"fr-FR","@id":"https:\/\/www.wierec.com\/fr\/#\/schema\/logo\/image\/","url":"https:\/\/www.wierec.com\/wp-content\/uploads\/2020\/11\/logo-wiederkehr-gruppe-4f-quer-001.png","contentUrl":"https:\/\/www.wierec.com\/wp-content\/uploads\/2020\/11\/logo-wiederkehr-gruppe-4f-quer-001.png","width":1500,"height":367,"caption":"Wiederkehr Recycling AG"},"image":{"@id":"https:\/\/www.wierec.com\/fr\/#\/schema\/logo\/image\/"}}]}},"_links":{"self":[{"href":"https:\/\/www.wierec.com\/fr\/wp-json\/wp\/v2\/pages\/5807","targetHints":{"allow":["GET"]}}],"collection":[{"href":"https:\/\/www.wierec.com\/fr\/wp-json\/wp\/v2\/pages"}],"about":[{"href":"https:\/\/www.wierec.com\/fr\/wp-json\/wp\/v2\/types\/page"}],"author":[{"embeddable":true,"href":"https:\/\/www.wierec.com\/fr\/wp-json\/wp\/v2\/users\/1"}],"replies":[{"embeddable":true,"href":"https:\/\/www.wierec.com\/fr\/wp-json\/wp\/v2\/comments?post=5807"}],"version-history":[{"count":7,"href":"https:\/\/www.wierec.com\/fr\/wp-json\/wp\/v2\/pages\/5807\/revisions"}],"predecessor-version":[{"id":11808,"href":"https:\/\/www.wierec.com\/fr\/wp-json\/wp\/v2\/pages\/5807\/revisions\/11808"}],"wp:attachment":[{"href":"https:\/\/www.wierec.com\/fr\/wp-json\/wp\/v2\/media?parent=5807"}],"curies":[{"name":"wp","href":"https:\/\/api.w.org\/{rel}","templated":true}]}}