{"id":5811,"date":"2020-11-18T19:08:44","date_gmt":"2020-11-18T19:08:44","guid":{"rendered":"https:\/\/www.wierec.com\/?page_id=5811"},"modified":"2022-07-04T12:26:19","modified_gmt":"2022-07-04T12:26:19","slug":"cuivre","status":"publish","type":"page","link":"https:\/\/www.wierec.com\/fr\/cuivre\/","title":{"rendered":"Cuivre"},"content":{"rendered":"<h1>CUIVRE<\/h1>\n<p><img decoding=\"async\" src=\"\/wp-content\/uploads\/2020\/11\/recycling-wiederkehr-gruppe-wertstoffe-kupfer-001-1-scaled.jpg\" alt=\"\"><\/p>\n<h2>\n<p><strong>Qu\u2019est-ce que le cuivre?<\/strong><\/p>\n<\/h2>\n<div>\n<p>Le cuivre est un \u00e9l\u00e9ment chimique souple, facile \u00e0 travailler et r\u00e9sistant. Il est tr\u00e8s facile \u00e0 reconna\u00eetre avec sa coloration rouge\u00e2tre distinctive. Au contact du dioxyde de carbone, il forme une couche de carbonate appel\u00e9e patine. Apr\u00e8s l\u2019argent, c\u2019est le cuivre qui pr\u00e9sente la plus haute conductivit\u00e9 \u00e9lectrique parmi toutes les substances, et ce encore plus que l\u2019or. Le cuivre est un m\u00e9tal lourd, faiblement r\u00e9actif, qui fait partie des m\u00e9taux semi-pr\u00e9cieux. On le retrouve dans de nombreux alliages, par exemple le laiton, le bronze ou le maillechort. Le cuivre est pr\u00e9sent dans la cro\u00fbte terrestre. A l\u2019instar des m\u00e9taux pr\u00e9cieux comme l\u2019or, l\u2019argent ou le platine, il existe souvent \u00e0 l\u2019\u00e9tat natif, c\u2019est-\u00e0-dire dans sa forme pure, \u00e9l\u00e9mentaire.<\/p>\n<\/div>\n<h2>\n<p><strong>O\u00f9 trouve-t-on du cuivre?<\/strong><\/p>\n<\/h2>\n<div>\n<p>Comme il est tr\u00e8s bon conducteur de chaleur et d\u2019\u00e9lectricit\u00e9, on rencontre souvent le cuivre dans les installations domestiques. Il est polyvalent et particuli\u00e8rement durable. Le secteur du g\u00e9nie \u00e9lectrique b\u00e9n\u00e9ficie \u00e9galement des exceptionnelles propri\u00e9t\u00e9s de ce m\u00e9tal. Le cuivre est utilis\u00e9 sous sa forme pure ou en tant qu\u2019alliage.<\/p>\n<ul>\n<li>Pi\u00e8ces de pr\u00e9cision<\/li>\n<li>C\u00e2bles \u00e9lectriques et fils, cat\u00e9naires<\/li>\n<li>Machines \u00e9lectriques (bobines, enroulements de fils, moteurs \u00e9lectriques, transformateurs, etc.)<\/li>\n<li>Plaques conductrices, circuits imprim\u00e9s, composants<\/li>\n<li>Tuyauteries (eau, gaz, chauffage)<\/li>\n<li>Pi\u00e8ces de monnaie<\/li>\n<li>Couverts<\/li>\n<li>Objets d\u2019art<\/li>\n<li>Instruments de musique<\/li>\n<\/ul>\n<\/div>\n<h2>\n<p><strong>Recyclage du cuivre<\/strong><\/p>\n<\/h2>\n<div>\n<p>A cause de l\u2019industrialisation mondiale, les r\u00e9serves naturelles de cuivre s\u2019\u00e9puisent de plus en plus et les prix augmentent.<\/p>\n<p>On r\u00e9cup\u00e8re ce m\u00e9tal en faisant fondre des d\u00e9chets de cuivre pur dans un <a href=\"https:\/\/fr.wikipedia.org\/wiki\/Four_%C3%A0_induction\">four \u00e0 induction<\/a>. Les d\u00e9chets \u00e0 faible teneur en cuivre doivent \u00eatre trait\u00e9s au moyen d\u2019un <a href=\"https:\/\/fr.wikipedia.org\/wiki\/Affinage_(m%C3%A9tallurgie)\">processus d\u2019affinage<\/a>. Le cuivre peut pr\u00e9senter diff\u00e9rents degr\u00e9s de puret\u00e9:<\/p>\n<p>Cuivre Millberry:<\/p>\n<ul>\n<li>Qualit\u00e9 maximale pour les fils de cuivre<\/li>\n<li>Pur, \u00e0 partir d\u20191\u00a0mm de diam\u00e8tre, s\u00e9paration m\u00e9canique<\/li>\n<li>Aucun r\u00e9sidu de salet\u00e9, graisse, \u00e9tain ou mat\u00e9riau d\u2019isolation<\/li>\n<li>Coloration rouge\/dor\u00e9e<\/li>\n<\/ul>\n<p>Cuivre Berry:<\/p>\n<ul>\n<li>Deuxi\u00e8me qualit\u00e9 pour les fils de cuivre<\/li>\n<li>L\u00e9g\u00e8rement oxyd\u00e9, us\u00e9<\/li>\n<\/ul>\n<p>Cuivre Raff:<\/p>\n<ul>\n<li>Cuivre, fortement souill\u00e9, oxyd\u00e9<\/li>\n<li>Teneur en cuivre 95\u201396%<\/li>\n<\/ul>\n<p>Cuivre Birch:<\/p>\n<ul>\n<li>Ferraille de cuivre<\/li>\n<\/ul>\n<\/div>\n<h2>\n<p class=\"WierecHeadline\"><span lang=\"FR-CH\">\u00c9LABORER UNE OFFRE POUR LA VENTE DE MAT\u00c9RIEL<\/span><\/p>\n<\/h2>\n<div>\n\n<div class=\"wpcf7 no-js\" id=\"wpcf7-f5527-o1\" lang=\"fr-FR\" dir=\"ltr\" data-wpcf7-id=\"5527\">\n<div class=\"screen-reader-response\"><p role=\"status\" aria-live=\"polite\" aria-atomic=\"true\"><\/p> <ul><\/ul><\/div>\n<form action=\"\/fr\/wp-json\/wp\/v2\/pages\/5811#wpcf7-f5527-o1\" method=\"post\" class=\"wpcf7-form init\" aria-label=\"Formulaire de contact\" novalidate=\"novalidate\" data-status=\"init\">\n<fieldset class=\"hidden-fields-container\"><input type=\"hidden\" name=\"_wpcf7\" value=\"5527\" \/><input type=\"hidden\" name=\"_wpcf7_version\" value=\"6.1.5\" \/><input type=\"hidden\" name=\"_wpcf7_locale\" value=\"fr_FR\" \/><input type=\"hidden\" name=\"_wpcf7_unit_tag\" value=\"wpcf7-f5527-o1\" \/><input type=\"hidden\" name=\"_wpcf7_container_post\" value=\"0\" \/><input type=\"hidden\" name=\"_wpcf7_posted_data_hash\" value=\"\" \/><input type=\"hidden\" name=\"_wpcf7_recaptcha_response\" value=\"\" \/>\n<\/fieldset>\n<p><label> Nom*<br \/>\n<span class=\"wpcf7-form-control-wrap\" data-name=\"your-name\"><input size=\"40\" maxlength=\"400\" class=\"wpcf7-form-control wpcf7-text wpcf7-validates-as-required\" aria-required=\"true\" aria-invalid=\"false\" value=\"\" type=\"text\" name=\"your-name\" \/><\/span> <\/label><br \/>\n<label> Soci\u00e9t\u00e9*<br \/>\n<span class=\"wpcf7-form-control-wrap\" data-name=\"your-firma\"><input size=\"40\" maxlength=\"400\" class=\"wpcf7-form-control wpcf7-text wpcf7-validates-as-required\" aria-required=\"true\" aria-invalid=\"false\" value=\"\" type=\"text\" name=\"your-firma\" \/><\/span> <\/label><br \/>\n<label> T\u00e9l\u00e9phone*<br \/>\n<span class=\"wpcf7-form-control-wrap\" data-name=\"your-telefon\"><input size=\"40\" maxlength=\"400\" class=\"wpcf7-form-control wpcf7-text wpcf7-validates-as-required\" aria-required=\"true\" aria-invalid=\"false\" value=\"\" type=\"text\" name=\"your-telefon\" \/><\/span> <\/label>\n<\/p>\n<p><label> E-Mail*<br \/>\n<span class=\"wpcf7-form-control-wrap\" data-name=\"your-email\"><input size=\"40\" maxlength=\"400\" class=\"wpcf7-form-control wpcf7-email wpcf7-validates-as-required wpcf7-text wpcf7-validates-as-email\" aria-required=\"true\" aria-invalid=\"false\" value=\"\" type=\"email\" name=\"your-email\" \/><\/span> <\/label>\n<\/p>\n<p><label> Mat\u00e9riau*<br \/>\n<span class=\"wpcf7-form-control-wrap\" data-name=\"your-material\"><input size=\"40\" maxlength=\"400\" class=\"wpcf7-form-control wpcf7-text wpcf7-validates-as-required\" aria-required=\"true\" aria-invalid=\"false\" value=\"\" type=\"text\" name=\"your-material\" \/><\/span> <\/label>\n<\/p>\n<p><label> Quantit\u00e9*<br \/>\n<span class=\"wpcf7-form-control-wrap\" data-name=\"your-menge\"><input size=\"40\" maxlength=\"400\" class=\"wpcf7-form-control wpcf7-text wpcf7-validates-as-required\" aria-required=\"true\" aria-invalid=\"false\" value=\"\" type=\"text\" name=\"your-menge\" \/><\/span> <\/label>\n<\/p>\n<p><label> Etat*<br \/>\n<span class=\"wpcf7-form-control-wrap\" data-name=\"your-menge\"><input size=\"40\" maxlength=\"400\" class=\"wpcf7-form-control wpcf7-text wpcf7-validates-as-required\" aria-required=\"true\" aria-invalid=\"false\" value=\"\" type=\"text\" name=\"your-menge\" \/><\/span> <\/label>\n<\/p>\n<p><input class=\"wpcf7-form-control wpcf7-submit has-spinner\" type=\"submit\" value=\"ENVOYER\" \/>\n<\/p><div class=\"wpcf7-response-output\" aria-hidden=\"true\"><\/div>\n<\/form>\n<\/div>\n\n<\/div>\n<p><!--more--><br \/>\n<!-- {\"name\":\"Kupfer DE\",\"type\":\"layout\",\"children\":[{\"type\":\"section\",\"props\":{\"style\":\"muted\",\"width\":\"xlarge\",\"vertical_align\":\"middle\",\"title_position\":\"top-left\",\"title_rotation\":\"left\",\"title_breakpoint\":\"xl\",\"image_position\":\"center-center\"},\"children\":[{\"type\":\"row\",\"children\":[{\"type\":\"column\",\"props\":{\"image_position\":\"center-center\",\"media_overlay_gradient\":\"\",\"position_sticky_breakpoint\":\"m\"},\"children\":[{\"type\":\"headline\",\"props\":{\"title_element\":\"h1\",\"title_style\":\"heading-small\",\"text_align\":\"center\",\"content\":\"CUIVRE\"}}]}]},{\"type\":\"row\",\"props\":{\"layout\":\"1-3,2-3\"},\"children\":[{\"type\":\"column\",\"props\":{\"image_position\":\"center-center\",\"media_overlay_gradient\":\"\",\"width_medium\":\"1-3\",\"position_sticky_breakpoint\":\"m\"},\"children\":[{\"type\":\"image\",\"props\":{\"margin\":\"default\",\"image_svg_color\":\"emphasis\",\"image\":\"wp-content\\\/uploads\\\/2020\\\/11\\\/recycling-wiederkehr-gruppe-wertstoffe-kupfer-001-1-scaled.jpg\"}}]},{\"type\":\"column\",\"props\":{\"image_position\":\"center-center\",\"media_overlay_gradient\":\"\",\"width_medium\":\"2-3\",\"vertical_align\":\"middle\",\"position_sticky_breakpoint\":\"m\"},\"children\":[{\"type\":\"headline\",\"props\":{\"title_element\":\"h2\",\"content\":\"\n\n<p><strong>Qu\\u2019est-ce que le cuivre?<\\\/strong><\\\/p>\",\"title_style\":\"h5\"}},{\"type\":\"text\",\"props\":{\"margin\":\"default\",\"column_breakpoint\":\"m\",\"content\":\"\n\n<p>Le cuivre est un \\u00e9l\\u00e9ment chimique souple, facile \\u00e0 travailler et r\\u00e9sistant. Il est tr\\u00e8s facile \\u00e0 reconna\\u00eetre avec sa coloration rouge\\u00e2tre distinctive. Au contact du dioxyde de carbone, il forme une couche de carbonate appel\\u00e9e patine. Apr\\u00e8s l\\u2019argent, c\\u2019est le cuivre qui pr\\u00e9sente la plus haute conductivit\\u00e9 \\u00e9lectrique parmi toutes les substances, et ce encore plus que l\\u2019or. Le cuivre est un m\\u00e9tal lourd, faiblement r\\u00e9actif, qui fait partie des m\\u00e9taux semi-pr\\u00e9cieux. On le retrouve dans de nombreux alliages, par exemple le laiton, le bronze ou le maillechort. Le cuivre est pr\\u00e9sent dans la cro\\u00fbte terrestre. A l\\u2019instar des m\\u00e9taux pr\\u00e9cieux comme l\\u2019or, l\\u2019argent ou le platine, il existe souvent \\u00e0 l\\u2019\\u00e9tat natif, c\\u2019est-\\u00e0-dire dans sa forme pure, \\u00e9l\\u00e9mentaire.<\\\/p>\"}},{\"type\":\"headline\",\"props\":{\"title_element\":\"h2\",\"content\":\"\n\n<p><strong>O\\u00f9 trouve-t-on du cuivre?<\\\/strong><\\\/p>\",\"title_style\":\"h5\"}},{\"type\":\"text\",\"props\":{\"margin\":\"default\",\"column_breakpoint\":\"m\",\"content\":\"\n\n<p>Comme il est tr\\u00e8s bon conducteur de chaleur et d\\u2019\\u00e9lectricit\\u00e9, on rencontre souvent le cuivre dans les installations domestiques. Il est polyvalent et particuli\\u00e8rement durable. Le secteur du g\\u00e9nie \\u00e9lectrique b\\u00e9n\\u00e9ficie \\u00e9galement des exceptionnelles propri\\u00e9t\\u00e9s de ce m\\u00e9tal. Le cuivre est utilis\\u00e9 sous sa forme pure ou en tant qu\\u2019alliage.<\\\/p>\\n\n\n<ul>\\n\n\n<li>Pi\\u00e8ces de pr\\u00e9cision<\\\/li>\\n\n\n<li>C\\u00e2bles \\u00e9lectriques et fils, cat\\u00e9naires<\\\/li>\\n\n\n<li>Machines \\u00e9lectriques (bobines, enroulements de fils, moteurs \\u00e9lectriques, transformateurs, etc.)<\\\/li>\\n\n\n<li>Plaques conductrices, circuits imprim\\u00e9s, composants<\\\/li>\\n\n\n<li>Tuyauteries (eau, gaz, chauffage)<\\\/li>\\n\n\n<li>Pi\\u00e8ces de monnaie<\\\/li>\\n\n\n<li>Couverts<\\\/li>\\n\n\n<li>Objets d\\u2019art<\\\/li>\\n\n\n<li>Instruments de musique<\\\/li>\\n<\\\/ul>\"}},{\"type\":\"headline\",\"props\":{\"title_element\":\"h2\",\"content\":\"\n\n<p><strong>Recyclage du cuivre<\\\/strong><\\\/p>\",\"title_style\":\"h5\"}},{\"type\":\"text\",\"props\":{\"margin\":\"default\",\"column_breakpoint\":\"m\",\"content\":\"\n\n<p>A cause de l\\u2019industrialisation mondiale, les r\\u00e9serves naturelles de cuivre s\\u2019\\u00e9puisent de plus en plus et les prix augmentent.<\\\/p>\\n\n\n<p>On r\\u00e9cup\\u00e8re ce m\\u00e9tal en faisant fondre des d\\u00e9chets de cuivre pur dans un <a href=\\\"https:\\\/\\\/fr.wikipedia.org\\\/wiki\\\/Four_%C3%A0_induction\\\">four \\u00e0 induction<\\\/a>. Les d\\u00e9chets \\u00e0 faible teneur en cuivre doivent \\u00eatre trait\\u00e9s au moyen d\\u2019un <a href=\\\"https:\\\/\\\/fr.wikipedia.org\\\/wiki\\\/Affinage_(m%C3%A9tallurgie)\\\">processus d\\u2019affinage<\\\/a>. Le cuivre peut pr\\u00e9senter diff\\u00e9rents degr\\u00e9s de puret\\u00e9:<\\\/p>\\n\n\n<p>Cuivre Millberry:<\\\/p>\\n\n\n<ul>\\n\n\n<li>Qualit\\u00e9 maximale pour les fils de cuivre<\\\/li>\\n\n\n<li>Pur, \\u00e0 partir d\\u20191\\u00a0mm de diam\\u00e8tre, s\\u00e9paration m\\u00e9canique<\\\/li>\\n\n\n<li>Aucun r\\u00e9sidu de salet\\u00e9, graisse, \\u00e9tain ou mat\\u00e9riau d\\u2019isolation<\\\/li>\\n\n\n<li>Coloration rouge\\\/dor\\u00e9e<\\\/li>\\n<\\\/ul>\\n\n\n<p>Cuivre Berry:<\\\/p>\\n\n\n<ul>\\n\n\n<li>Deuxi\\u00e8me qualit\\u00e9 pour les fils de cuivre<\\\/li>\\n\n\n<li>L\\u00e9g\\u00e8rement oxyd\\u00e9, us\\u00e9<\\\/li>\\n<\\\/ul>\\n\n\n<p>Cuivre Raff:<\\\/p>\\n\n\n<ul>\\n\n\n<li>Cuivre, fortement souill\\u00e9, oxyd\\u00e9<\\\/li>\\n\n\n<li>Teneur en cuivre 95\\u201396%<\\\/li>\\n<\\\/ul>\\n\n\n<p>Cuivre Birch:<\\\/p>\\n\n\n<ul>\\n\n\n<li>Ferraille de cuivre<\\\/li>\\n<\\\/ul>\"}}]}]},{\"type\":\"row\",\"children\":[{\"type\":\"column\",\"props\":{\"image_position\":\"center-center\",\"media_overlay_gradient\":\"\",\"style\":\"default\",\"position_sticky_breakpoint\":\"m\"},\"children\":[{\"type\":\"headline\",\"props\":{\"title_element\":\"h2\",\"title_style\":\"heading-small\",\"text_align\":\"center\",\"content\":\"\n\n<p class=\\\"WierecHeadline\\\"><span lang=\\\"FR-CH\\\">\\u00c9LABORER UNE OFFRE POUR LA VENTE DE MAT\\u00c9RIEL<\\\/span><\\\/p>\"}},{\"type\":\"text\",\"props\":{\"margin\":\"default\",\"column_breakpoint\":\"m\",\"content\":\"\n\n<p>[contact-form-7 id=\\\"2356\\\" title=\\\"Material\\\"]<\\\/p>\"}}]}]}],\"modified\":\"2020-10-31T15:01:28.483Z\",\"name\":\"Eventservice\"}],\"version\":\"2.7.22\"} --><\/p>\n","protected":false},"excerpt":{"rendered":"<p>CUIVRE Qu\u2019est-ce que le cuivre? Le cuivre est un \u00e9l\u00e9ment chimique souple, facile \u00e0 travailler et r\u00e9sistant. Il est tr\u00e8s facile \u00e0 reconna\u00eetre avec sa coloration rouge\u00e2tre distinctive. Au contact du dioxyde de carbone, il forme une couche de carbonate appel\u00e9e patine. Apr\u00e8s l\u2019argent, c\u2019est le cuivre qui pr\u00e9sente la plus haute conductivit\u00e9 \u00e9lectrique parmi [&hellip;]<\/p>\n","protected":false},"author":1,"featured_media":0,"parent":0,"menu_order":0,"comment_status":"closed","ping_status":"closed","template":"","meta":{"inline_featured_image":false,"footnotes":""},"class_list":["post-5811","page","type-page","status-publish","hentry"],"yoast_head":"<!-- This site is optimized with the Yoast SEO Premium plugin v24.3 (Yoast SEO v27.4) - https:\/\/yoast.com\/product\/yoast-seo-premium-wordpress\/ -->\n<title>Cuivre | Groupe Wiederkehr<\/title>\n<meta name=\"description\" content=\"Nous achetons du cuivre neuf et d\u2019occasion et alli\u00e9 dans le laiton, le bronze et le maillechort. Du cuivre Millberry en passant par le cuivre Berry, jusqu\u2019au vieux cuivre et \u00e0 la ferraille. Nous sommes \u00e0 votre disposition pour vous conseiller.\" \/>\n<meta name=\"robots\" content=\"index, follow, max-snippet:-1, max-image-preview:large, max-video-preview:-1\" \/>\n<link rel=\"canonical\" href=\"https:\/\/www.wierec.com\/fr\/cuivre\/\" \/>\n<meta property=\"og:locale\" content=\"fr_FR\" \/>\n<meta property=\"og:type\" content=\"article\" \/>\n<meta property=\"og:title\" content=\"Cuivre\" \/>\n<meta property=\"og:description\" content=\"Nous achetons du cuivre neuf et d\u2019occasion et alli\u00e9 dans le laiton, le bronze et le maillechort. Du cuivre Millberry en passant par le cuivre Berry, jusqu\u2019au vieux cuivre et \u00e0 la ferraille. Nous sommes \u00e0 votre disposition pour vous conseiller.\" \/>\n<meta property=\"og:url\" content=\"https:\/\/www.wierec.com\/fr\/cuivre\/\" \/>\n<meta property=\"og:site_name\" content=\"Wiederkehr Recycling\" \/>\n<meta property=\"article:modified_time\" content=\"2022-07-04T12:26:19+00:00\" \/>\n<meta name=\"twitter:card\" content=\"summary_large_image\" \/>\n<meta name=\"twitter:label1\" content=\"Dur\u00e9e de lecture estim\u00e9e\" \/>\n\t<meta name=\"twitter:data1\" content=\"2 minutes\" \/>\n<script type=\"application\/ld+json\" class=\"yoast-schema-graph\">{\"@context\":\"https:\\\/\\\/schema.org\",\"@graph\":[{\"@type\":\"WebPage\",\"@id\":\"https:\\\/\\\/www.wierec.com\\\/fr\\\/cuivre\\\/\",\"url\":\"https:\\\/\\\/www.wierec.com\\\/fr\\\/cuivre\\\/\",\"name\":\"Cuivre | Groupe Wiederkehr\",\"isPartOf\":{\"@id\":\"https:\\\/\\\/www.wierec.com\\\/fr\\\/#website\"},\"datePublished\":\"2020-11-18T19:08:44+00:00\",\"dateModified\":\"2022-07-04T12:26:19+00:00\",\"description\":\"Nous achetons du cuivre neuf et d\u2019occasion et alli\u00e9 dans le laiton, le bronze et le maillechort. Du cuivre Millberry en passant par le cuivre Berry, jusqu\u2019au vieux cuivre et \u00e0 la ferraille. Nous sommes \u00e0 votre disposition pour vous conseiller.\",\"breadcrumb\":{\"@id\":\"https:\\\/\\\/www.wierec.com\\\/fr\\\/cuivre\\\/#breadcrumb\"},\"inLanguage\":\"fr-FR\",\"potentialAction\":[{\"@type\":\"ReadAction\",\"target\":[\"https:\\\/\\\/www.wierec.com\\\/fr\\\/cuivre\\\/\"]}]},{\"@type\":\"BreadcrumbList\",\"@id\":\"https:\\\/\\\/www.wierec.com\\\/fr\\\/cuivre\\\/#breadcrumb\",\"itemListElement\":[{\"@type\":\"ListItem\",\"position\":1,\"name\":\"Home\",\"item\":\"https:\\\/\\\/www.wierec.com\\\/fr\\\/\"},{\"@type\":\"ListItem\",\"position\":2,\"name\":\"Cuivre\"}]},{\"@type\":\"WebSite\",\"@id\":\"https:\\\/\\\/www.wierec.com\\\/fr\\\/#website\",\"url\":\"https:\\\/\\\/www.wierec.com\\\/fr\\\/\",\"name\":\"Wiederkehr Recycling\",\"description\":\"Die Wiederkehr der Rohstoffe\",\"publisher\":{\"@id\":\"https:\\\/\\\/www.wierec.com\\\/fr\\\/#organization\"},\"potentialAction\":[{\"@type\":\"SearchAction\",\"target\":{\"@type\":\"EntryPoint\",\"urlTemplate\":\"https:\\\/\\\/www.wierec.com\\\/fr\\\/?s={search_term_string}\"},\"query-input\":{\"@type\":\"PropertyValueSpecification\",\"valueRequired\":true,\"valueName\":\"search_term_string\"}}],\"inLanguage\":\"fr-FR\"},{\"@type\":\"Organization\",\"@id\":\"https:\\\/\\\/www.wierec.com\\\/fr\\\/#organization\",\"name\":\"Wiederkehr Recycling AG\",\"url\":\"https:\\\/\\\/www.wierec.com\\\/fr\\\/\",\"logo\":{\"@type\":\"ImageObject\",\"inLanguage\":\"fr-FR\",\"@id\":\"https:\\\/\\\/www.wierec.com\\\/fr\\\/#\\\/schema\\\/logo\\\/image\\\/\",\"url\":\"https:\\\/\\\/www.wierec.com\\\/wp-content\\\/uploads\\\/2020\\\/11\\\/logo-wiederkehr-gruppe-4f-quer-001.png\",\"contentUrl\":\"https:\\\/\\\/www.wierec.com\\\/wp-content\\\/uploads\\\/2020\\\/11\\\/logo-wiederkehr-gruppe-4f-quer-001.png\",\"width\":1500,\"height\":367,\"caption\":\"Wiederkehr Recycling AG\"},\"image\":{\"@id\":\"https:\\\/\\\/www.wierec.com\\\/fr\\\/#\\\/schema\\\/logo\\\/image\\\/\"}}]}<\/script>\n<!-- \/ Yoast SEO Premium plugin. -->","yoast_head_json":{"title":"Cuivre | Groupe Wiederkehr","description":"Nous achetons du cuivre neuf et d\u2019occasion et alli\u00e9 dans le laiton, le bronze et le maillechort. Du cuivre Millberry en passant par le cuivre Berry, jusqu\u2019au vieux cuivre et \u00e0 la ferraille. Nous sommes \u00e0 votre disposition pour vous conseiller.","robots":{"index":"index","follow":"follow","max-snippet":"max-snippet:-1","max-image-preview":"max-image-preview:large","max-video-preview":"max-video-preview:-1"},"canonical":"https:\/\/www.wierec.com\/fr\/cuivre\/","og_locale":"fr_FR","og_type":"article","og_title":"Cuivre","og_description":"Nous achetons du cuivre neuf et d\u2019occasion et alli\u00e9 dans le laiton, le bronze et le maillechort. Du cuivre Millberry en passant par le cuivre Berry, jusqu\u2019au vieux cuivre et \u00e0 la ferraille. Nous sommes \u00e0 votre disposition pour vous conseiller.","og_url":"https:\/\/www.wierec.com\/fr\/cuivre\/","og_site_name":"Wiederkehr Recycling","article_modified_time":"2022-07-04T12:26:19+00:00","twitter_card":"summary_large_image","twitter_misc":{"Dur\u00e9e de lecture estim\u00e9e":"2 minutes"},"schema":{"@context":"https:\/\/schema.org","@graph":[{"@type":"WebPage","@id":"https:\/\/www.wierec.com\/fr\/cuivre\/","url":"https:\/\/www.wierec.com\/fr\/cuivre\/","name":"Cuivre | Groupe Wiederkehr","isPartOf":{"@id":"https:\/\/www.wierec.com\/fr\/#website"},"datePublished":"2020-11-18T19:08:44+00:00","dateModified":"2022-07-04T12:26:19+00:00","description":"Nous achetons du cuivre neuf et d\u2019occasion et alli\u00e9 dans le laiton, le bronze et le maillechort. Du cuivre Millberry en passant par le cuivre Berry, jusqu\u2019au vieux cuivre et \u00e0 la ferraille. Nous sommes \u00e0 votre disposition pour vous conseiller.","breadcrumb":{"@id":"https:\/\/www.wierec.com\/fr\/cuivre\/#breadcrumb"},"inLanguage":"fr-FR","potentialAction":[{"@type":"ReadAction","target":["https:\/\/www.wierec.com\/fr\/cuivre\/"]}]},{"@type":"BreadcrumbList","@id":"https:\/\/www.wierec.com\/fr\/cuivre\/#breadcrumb","itemListElement":[{"@type":"ListItem","position":1,"name":"Home","item":"https:\/\/www.wierec.com\/fr\/"},{"@type":"ListItem","position":2,"name":"Cuivre"}]},{"@type":"WebSite","@id":"https:\/\/www.wierec.com\/fr\/#website","url":"https:\/\/www.wierec.com\/fr\/","name":"Wiederkehr Recycling","description":"Die Wiederkehr der Rohstoffe","publisher":{"@id":"https:\/\/www.wierec.com\/fr\/#organization"},"potentialAction":[{"@type":"SearchAction","target":{"@type":"EntryPoint","urlTemplate":"https:\/\/www.wierec.com\/fr\/?s={search_term_string}"},"query-input":{"@type":"PropertyValueSpecification","valueRequired":true,"valueName":"search_term_string"}}],"inLanguage":"fr-FR"},{"@type":"Organization","@id":"https:\/\/www.wierec.com\/fr\/#organization","name":"Wiederkehr Recycling AG","url":"https:\/\/www.wierec.com\/fr\/","logo":{"@type":"ImageObject","inLanguage":"fr-FR","@id":"https:\/\/www.wierec.com\/fr\/#\/schema\/logo\/image\/","url":"https:\/\/www.wierec.com\/wp-content\/uploads\/2020\/11\/logo-wiederkehr-gruppe-4f-quer-001.png","contentUrl":"https:\/\/www.wierec.com\/wp-content\/uploads\/2020\/11\/logo-wiederkehr-gruppe-4f-quer-001.png","width":1500,"height":367,"caption":"Wiederkehr Recycling AG"},"image":{"@id":"https:\/\/www.wierec.com\/fr\/#\/schema\/logo\/image\/"}}]}},"_links":{"self":[{"href":"https:\/\/www.wierec.com\/fr\/wp-json\/wp\/v2\/pages\/5811","targetHints":{"allow":["GET"]}}],"collection":[{"href":"https:\/\/www.wierec.com\/fr\/wp-json\/wp\/v2\/pages"}],"about":[{"href":"https:\/\/www.wierec.com\/fr\/wp-json\/wp\/v2\/types\/page"}],"author":[{"embeddable":true,"href":"https:\/\/www.wierec.com\/fr\/wp-json\/wp\/v2\/users\/1"}],"replies":[{"embeddable":true,"href":"https:\/\/www.wierec.com\/fr\/wp-json\/wp\/v2\/comments?post=5811"}],"version-history":[{"count":5,"href":"https:\/\/www.wierec.com\/fr\/wp-json\/wp\/v2\/pages\/5811\/revisions"}],"predecessor-version":[{"id":11356,"href":"https:\/\/www.wierec.com\/fr\/wp-json\/wp\/v2\/pages\/5811\/revisions\/11356"}],"wp:attachment":[{"href":"https:\/\/www.wierec.com\/fr\/wp-json\/wp\/v2\/media?parent=5811"}],"curies":[{"name":"wp","href":"https:\/\/api.w.org\/{rel}","templated":true}]}}