{"id":5821,"date":"2020-11-18T19:15:44","date_gmt":"2020-11-18T19:15:44","guid":{"rendered":"https:\/\/www.wierec.com\/?page_id=5821"},"modified":"2023-03-09T12:17:44","modified_gmt":"2023-03-09T12:17:44","slug":"anciens-vehicules","status":"publish","type":"page","link":"https:\/\/www.wierec.com\/fr\/anciens-vehicules\/","title":{"rendered":"anciens-vehicules"},"content":{"rendered":"<h1>V\u00c9HICULES HORS D\u2019USAGE ET CARCASSES DE VOITURES<\/h1>\n<p><img decoding=\"async\" src=\"\/wp-content\/uploads\/2023\/03\/wiederkehr-recycling-Altfahrzeuge_Restkarossen.jpg\" alt=\"\"><\/p>\n<h2>Que sont les v\u00e9hicules hors d\u2019usage et les carcasses de voitures?<\/h2>\n<div>\n<p>Le recyclage de v\u00e9hicules hors d\u2019usage requiert au pr\u00e9alable de d\u00e9monter toutes les pi\u00e8ces, telles que les essieux, les suspensions, l\u2019ensemble des \u00e9quipements int\u00e9rieurs et l\u2019\u00e9lectronique. Une fois vid\u00e9e, la coque de ce qui \u00e9tait autrefois une belle voiture est pr\u00eate pour le processus de recyclage.<\/p>\n<\/div>\n<h2>Recyclage de v\u00e9hicules hors d\u2019usage et de carcasses de voitures<\/h2>\n<div>\n<p>Si la carrosserie du v\u00e9hicule ne contient pas d\u2019autres mat\u00e9riaux, le corps m\u00e9tallique est d\u2019abord compact\u00e9 dans la presse \u00e0 ferraille, avant d\u2019\u00eatre d\u00e9chiquet\u00e9 par le broyeur. Les alliages et les pi\u00e8ces peintes sont s\u00e9par\u00e9s au moyen de processus sophistiqu\u00e9s. Les compos\u00e9s fractionn\u00e9s qui en r\u00e9sultent peuvent \u00eatre r\u00e9int\u00e9gr\u00e9s dans le cycle de production. <\/p>\n<\/div>\n<h2>\u00c9LABORER UNE OFFRE POUR LA VENTE DE MAT\u00c9RIEL<\/h2>\n<div>\n\n<div class=\"wpcf7 no-js\" id=\"wpcf7-f5527-o1\" lang=\"fr-FR\" dir=\"ltr\" data-wpcf7-id=\"5527\">\n<div class=\"screen-reader-response\"><p role=\"status\" aria-live=\"polite\" aria-atomic=\"true\"><\/p> <ul><\/ul><\/div>\n<form action=\"\/fr\/wp-json\/wp\/v2\/pages\/5821#wpcf7-f5527-o1\" method=\"post\" class=\"wpcf7-form init\" aria-label=\"Formulaire de contact\" novalidate=\"novalidate\" data-status=\"init\">\n<fieldset class=\"hidden-fields-container\"><input type=\"hidden\" name=\"_wpcf7\" value=\"5527\" \/><input type=\"hidden\" name=\"_wpcf7_version\" value=\"6.1.5\" \/><input type=\"hidden\" name=\"_wpcf7_locale\" value=\"fr_FR\" \/><input type=\"hidden\" name=\"_wpcf7_unit_tag\" value=\"wpcf7-f5527-o1\" \/><input type=\"hidden\" name=\"_wpcf7_container_post\" value=\"0\" \/><input type=\"hidden\" name=\"_wpcf7_posted_data_hash\" value=\"\" \/><input type=\"hidden\" name=\"_wpcf7_recaptcha_response\" value=\"\" \/>\n<\/fieldset>\n<p><label> Nom*<br \/>\n<span class=\"wpcf7-form-control-wrap\" data-name=\"your-name\"><input size=\"40\" maxlength=\"400\" class=\"wpcf7-form-control wpcf7-text wpcf7-validates-as-required\" aria-required=\"true\" aria-invalid=\"false\" value=\"\" type=\"text\" name=\"your-name\" \/><\/span> <\/label><br \/>\n<label> Soci\u00e9t\u00e9*<br \/>\n<span class=\"wpcf7-form-control-wrap\" data-name=\"your-firma\"><input size=\"40\" maxlength=\"400\" class=\"wpcf7-form-control wpcf7-text wpcf7-validates-as-required\" aria-required=\"true\" aria-invalid=\"false\" value=\"\" type=\"text\" name=\"your-firma\" \/><\/span> <\/label><br \/>\n<label> T\u00e9l\u00e9phone*<br \/>\n<span class=\"wpcf7-form-control-wrap\" data-name=\"your-telefon\"><input size=\"40\" maxlength=\"400\" class=\"wpcf7-form-control wpcf7-text wpcf7-validates-as-required\" aria-required=\"true\" aria-invalid=\"false\" value=\"\" type=\"text\" name=\"your-telefon\" \/><\/span> <\/label>\n<\/p>\n<p><label> E-Mail*<br \/>\n<span class=\"wpcf7-form-control-wrap\" data-name=\"your-email\"><input size=\"40\" maxlength=\"400\" class=\"wpcf7-form-control wpcf7-email wpcf7-validates-as-required wpcf7-text wpcf7-validates-as-email\" aria-required=\"true\" aria-invalid=\"false\" value=\"\" type=\"email\" name=\"your-email\" \/><\/span> <\/label>\n<\/p>\n<p><label> Mat\u00e9riau*<br \/>\n<span class=\"wpcf7-form-control-wrap\" data-name=\"your-material\"><input size=\"40\" maxlength=\"400\" class=\"wpcf7-form-control wpcf7-text wpcf7-validates-as-required\" aria-required=\"true\" aria-invalid=\"false\" value=\"\" type=\"text\" name=\"your-material\" \/><\/span> <\/label>\n<\/p>\n<p><label> Quantit\u00e9*<br \/>\n<span class=\"wpcf7-form-control-wrap\" data-name=\"your-menge\"><input size=\"40\" maxlength=\"400\" class=\"wpcf7-form-control wpcf7-text wpcf7-validates-as-required\" aria-required=\"true\" aria-invalid=\"false\" value=\"\" type=\"text\" name=\"your-menge\" \/><\/span> <\/label>\n<\/p>\n<p><label> Etat*<br \/>\n<span class=\"wpcf7-form-control-wrap\" data-name=\"your-menge\"><input size=\"40\" maxlength=\"400\" class=\"wpcf7-form-control wpcf7-text wpcf7-validates-as-required\" aria-required=\"true\" aria-invalid=\"false\" value=\"\" type=\"text\" name=\"your-menge\" \/><\/span> <\/label>\n<\/p>\n<p><input class=\"wpcf7-form-control wpcf7-submit has-spinner\" type=\"submit\" value=\"ENVOYER\" \/>\n<\/p><div class=\"wpcf7-response-output\" aria-hidden=\"true\"><\/div>\n<\/form>\n<\/div>\n\n<\/div>\n<p><!--more--><br \/>\n<!-- {\"name\":\"Fahrzeugkarkasse DE\",\"type\":\"layout\",\"children\":[{\"type\":\"section\",\"props\":{\"image_position\":\"center-center\",\"style\":\"muted\",\"title_breakpoint\":\"xl\",\"title_position\":\"top-left\",\"title_rotation\":\"left\",\"vertical_align\":\"middle\",\"width\":\"xlarge\"},\"children\":[{\"type\":\"row\",\"children\":[{\"type\":\"column\",\"props\":{\"image_position\":\"center-center\",\"media_overlay_gradient\":\"\",\"position_sticky_breakpoint\":\"m\"},\"children\":[{\"type\":\"headline\",\"props\":{\"content\":\"V\\u00c9HICULES HORS D\\u2019USAGE ET CARCASSES DE VOITURES\",\"text_align\":\"center\",\"title_element\":\"h1\",\"title_style\":\"heading-small\"}}]}]},{\"type\":\"row\",\"props\":{\"layout\":\"1-3,2-3\"},\"children\":[{\"type\":\"column\",\"props\":{\"image_position\":\"center-center\",\"media_overlay_gradient\":\"\",\"position_sticky_breakpoint\":\"m\",\"width_medium\":\"1-3\"},\"children\":[{\"type\":\"image\",\"props\":{\"image\":\"wp-content\\\/uploads\\\/2023\\\/03\\\/wiederkehr-recycling-Altfahrzeuge_Restkarossen.jpg\",\"image_svg_color\":\"emphasis\",\"margin\":\"default\"}}]},{\"type\":\"column\",\"props\":{\"image_position\":\"center-center\",\"media_overlay_gradient\":\"\",\"position_sticky_breakpoint\":\"m\",\"vertical_align\":\"middle\",\"width_medium\":\"2-3\"},\"children\":[{\"type\":\"headline\",\"props\":{\"content\":\"Que sont les v\\u00e9hicules hors d\\u2019usage et les carcasses de voitures?\",\"title_element\":\"h2\",\"title_style\":\"h5\"}},{\"type\":\"text\",\"props\":{\"column_breakpoint\":\"m\",\"content\":\"\n\n<p>Le recyclage de v\\u00e9hicules hors d\\u2019usage requiert au pr\\u00e9alable de d\\u00e9monter toutes les pi\\u00e8ces, telles que les essieux, les suspensions, l\\u2019ensemble des \\u00e9quipements int\\u00e9rieurs et l\\u2019\\u00e9lectronique. Une fois vid\\u00e9e, la coque de ce qui \\u00e9tait autrefois une belle voiture est pr\\u00eate pour le processus de recyclage.<\\\/p>\",\"margin\":\"default\"}},{\"type\":\"headline\",\"props\":{\"content\":\"Recyclage de v\\u00e9hicules hors d\\u2019usage et de carcasses de voitures\",\"title_element\":\"h2\",\"title_style\":\"h5\"}},{\"type\":\"text\",\"props\":{\"column_breakpoint\":\"m\",\"content\":\"\n\n<p>Si la carrosserie du v\\u00e9hicule ne contient pas d\\u2019autres mat\\u00e9riaux, le corps m\\u00e9tallique est d\\u2019abord compact\\u00e9 dans la presse \\u00e0 ferraille, avant d\\u2019\\u00eatre d\\u00e9chiquet\\u00e9 par le broyeur. Les alliages et les pi\\u00e8ces peintes sont s\\u00e9par\\u00e9s au moyen de processus sophistiqu\\u00e9s. Les compos\\u00e9s fractionn\\u00e9s qui en r\\u00e9sultent peuvent \\u00eatre r\\u00e9int\\u00e9gr\\u00e9s dans le cycle de production. <\\\/p>\",\"margin\":\"default\"}}]}]},{\"type\":\"row\",\"children\":[{\"type\":\"column\",\"props\":{\"image_position\":\"center-center\",\"media_overlay_gradient\":\"\",\"position_sticky_breakpoint\":\"m\",\"style\":\"default\"},\"children\":[{\"type\":\"headline\",\"props\":{\"content\":\"\\u00c9LABORER UNE OFFRE POUR LA VENTE DE MAT\\u00c9RIEL\",\"text_align\":\"center\",\"title_element\":\"h2\",\"title_style\":\"heading-small\"}},{\"type\":\"text\",\"props\":{\"column_breakpoint\":\"m\",\"content\":\"\n\n<p>[contact-form-7 id=\\\"2356\\\" title=\\\"Material\\\"]<\\\/p>\",\"margin\":\"default\"}}]}]}],\"modified\":\"2020-10-31T15:01:28.483Z\",\"name\":\"Eventservice\"}],\"version\":\"3.0.25\"} --><\/p>\n","protected":false},"excerpt":{"rendered":"<p>V\u00c9HICULES HORS D\u2019USAGE ET CARCASSES DE VOITURES Que sont les v\u00e9hicules hors d\u2019usage et les carcasses de voitures? Le recyclage de v\u00e9hicules hors d\u2019usage requiert au pr\u00e9alable de d\u00e9monter toutes les pi\u00e8ces, telles que les essieux, les suspensions, l\u2019ensemble des \u00e9quipements int\u00e9rieurs et l\u2019\u00e9lectronique. Une fois vid\u00e9e, la coque de ce qui \u00e9tait autrefois une [&hellip;]<\/p>\n","protected":false},"author":1,"featured_media":0,"parent":0,"menu_order":0,"comment_status":"closed","ping_status":"closed","template":"","meta":{"inline_featured_image":false,"footnotes":""},"class_list":["post-5821","page","type-page","status-publish","hentry"],"yoast_head":"<!-- This site is optimized with the Yoast SEO Premium plugin v24.3 (Yoast SEO v27.3) - https:\/\/yoast.com\/product\/yoast-seo-premium-wordpress\/ -->\n<title>V\u00e9hicules hors d\u2019usage, carcasses de voitures<\/title>\n<meta name=\"description\" content=\"Recyclage de v\u00e9hicules hors d\u2019usage, de carcasses de voitures et de v\u00e9hicules utilitaires mis au rebut. Nous sommes les sp\u00e9cialistes du retraitement de la ferraille automobile.\" \/>\n<meta name=\"robots\" content=\"index, follow, max-snippet:-1, max-image-preview:large, max-video-preview:-1\" \/>\n<link rel=\"canonical\" href=\"https:\/\/www.wierec.com\/fr\/anciens-vehicules\/\" \/>\n<meta property=\"og:locale\" content=\"fr_FR\" \/>\n<meta property=\"og:type\" content=\"article\" \/>\n<meta property=\"og:title\" content=\"anciens-vehicules\" \/>\n<meta property=\"og:description\" content=\"Recyclage de v\u00e9hicules hors d\u2019usage, de carcasses de voitures et de v\u00e9hicules utilitaires mis au rebut. Nous sommes les sp\u00e9cialistes du retraitement de la ferraille automobile.\" \/>\n<meta property=\"og:url\" content=\"https:\/\/www.wierec.com\/fr\/anciens-vehicules\/\" \/>\n<meta property=\"og:site_name\" content=\"Wiederkehr Recycling\" \/>\n<meta property=\"article:modified_time\" content=\"2023-03-09T12:17:44+00:00\" \/>\n<meta name=\"twitter:card\" content=\"summary_large_image\" \/>\n<meta name=\"twitter:label1\" content=\"Dur\u00e9e de lecture estim\u00e9e\" \/>\n\t<meta name=\"twitter:data1\" content=\"1 minute\" \/>\n<script type=\"application\/ld+json\" class=\"yoast-schema-graph\">{\"@context\":\"https:\\\/\\\/schema.org\",\"@graph\":[{\"@type\":\"WebPage\",\"@id\":\"https:\\\/\\\/www.wierec.com\\\/fr\\\/anciens-vehicules\\\/\",\"url\":\"https:\\\/\\\/www.wierec.com\\\/fr\\\/anciens-vehicules\\\/\",\"name\":\"V\u00e9hicules hors d\u2019usage, carcasses de voitures\",\"isPartOf\":{\"@id\":\"https:\\\/\\\/www.wierec.com\\\/fr\\\/#website\"},\"datePublished\":\"2020-11-18T19:15:44+00:00\",\"dateModified\":\"2023-03-09T12:17:44+00:00\",\"description\":\"Recyclage de v\u00e9hicules hors d\u2019usage, de carcasses de voitures et de v\u00e9hicules utilitaires mis au rebut. Nous sommes les sp\u00e9cialistes du retraitement de la ferraille automobile.\",\"breadcrumb\":{\"@id\":\"https:\\\/\\\/www.wierec.com\\\/fr\\\/anciens-vehicules\\\/#breadcrumb\"},\"inLanguage\":\"fr-FR\",\"potentialAction\":[{\"@type\":\"ReadAction\",\"target\":[\"https:\\\/\\\/www.wierec.com\\\/fr\\\/anciens-vehicules\\\/\"]}]},{\"@type\":\"BreadcrumbList\",\"@id\":\"https:\\\/\\\/www.wierec.com\\\/fr\\\/anciens-vehicules\\\/#breadcrumb\",\"itemListElement\":[{\"@type\":\"ListItem\",\"position\":1,\"name\":\"Home\",\"item\":\"https:\\\/\\\/www.wierec.com\\\/fr\\\/\"},{\"@type\":\"ListItem\",\"position\":2,\"name\":\"anciens-vehicules\"}]},{\"@type\":\"WebSite\",\"@id\":\"https:\\\/\\\/www.wierec.com\\\/fr\\\/#website\",\"url\":\"https:\\\/\\\/www.wierec.com\\\/fr\\\/\",\"name\":\"Wiederkehr Recycling\",\"description\":\"Die Wiederkehr der Rohstoffe\",\"publisher\":{\"@id\":\"https:\\\/\\\/www.wierec.com\\\/fr\\\/#organization\"},\"potentialAction\":[{\"@type\":\"SearchAction\",\"target\":{\"@type\":\"EntryPoint\",\"urlTemplate\":\"https:\\\/\\\/www.wierec.com\\\/fr\\\/?s={search_term_string}\"},\"query-input\":{\"@type\":\"PropertyValueSpecification\",\"valueRequired\":true,\"valueName\":\"search_term_string\"}}],\"inLanguage\":\"fr-FR\"},{\"@type\":\"Organization\",\"@id\":\"https:\\\/\\\/www.wierec.com\\\/fr\\\/#organization\",\"name\":\"Wiederkehr Recycling AG\",\"url\":\"https:\\\/\\\/www.wierec.com\\\/fr\\\/\",\"logo\":{\"@type\":\"ImageObject\",\"inLanguage\":\"fr-FR\",\"@id\":\"https:\\\/\\\/www.wierec.com\\\/fr\\\/#\\\/schema\\\/logo\\\/image\\\/\",\"url\":\"https:\\\/\\\/www.wierec.com\\\/wp-content\\\/uploads\\\/2020\\\/11\\\/logo-wiederkehr-gruppe-4f-quer-001.png\",\"contentUrl\":\"https:\\\/\\\/www.wierec.com\\\/wp-content\\\/uploads\\\/2020\\\/11\\\/logo-wiederkehr-gruppe-4f-quer-001.png\",\"width\":1500,\"height\":367,\"caption\":\"Wiederkehr Recycling AG\"},\"image\":{\"@id\":\"https:\\\/\\\/www.wierec.com\\\/fr\\\/#\\\/schema\\\/logo\\\/image\\\/\"}}]}<\/script>\n<!-- \/ Yoast SEO Premium plugin. -->","yoast_head_json":{"title":"V\u00e9hicules hors d\u2019usage, carcasses de voitures","description":"Recyclage de v\u00e9hicules hors d\u2019usage, de carcasses de voitures et de v\u00e9hicules utilitaires mis au rebut. Nous sommes les sp\u00e9cialistes du retraitement de la ferraille automobile.","robots":{"index":"index","follow":"follow","max-snippet":"max-snippet:-1","max-image-preview":"max-image-preview:large","max-video-preview":"max-video-preview:-1"},"canonical":"https:\/\/www.wierec.com\/fr\/anciens-vehicules\/","og_locale":"fr_FR","og_type":"article","og_title":"anciens-vehicules","og_description":"Recyclage de v\u00e9hicules hors d\u2019usage, de carcasses de voitures et de v\u00e9hicules utilitaires mis au rebut. Nous sommes les sp\u00e9cialistes du retraitement de la ferraille automobile.","og_url":"https:\/\/www.wierec.com\/fr\/anciens-vehicules\/","og_site_name":"Wiederkehr Recycling","article_modified_time":"2023-03-09T12:17:44+00:00","twitter_card":"summary_large_image","twitter_misc":{"Dur\u00e9e de lecture estim\u00e9e":"1 minute"},"schema":{"@context":"https:\/\/schema.org","@graph":[{"@type":"WebPage","@id":"https:\/\/www.wierec.com\/fr\/anciens-vehicules\/","url":"https:\/\/www.wierec.com\/fr\/anciens-vehicules\/","name":"V\u00e9hicules hors d\u2019usage, carcasses de voitures","isPartOf":{"@id":"https:\/\/www.wierec.com\/fr\/#website"},"datePublished":"2020-11-18T19:15:44+00:00","dateModified":"2023-03-09T12:17:44+00:00","description":"Recyclage de v\u00e9hicules hors d\u2019usage, de carcasses de voitures et de v\u00e9hicules utilitaires mis au rebut. Nous sommes les sp\u00e9cialistes du retraitement de la ferraille automobile.","breadcrumb":{"@id":"https:\/\/www.wierec.com\/fr\/anciens-vehicules\/#breadcrumb"},"inLanguage":"fr-FR","potentialAction":[{"@type":"ReadAction","target":["https:\/\/www.wierec.com\/fr\/anciens-vehicules\/"]}]},{"@type":"BreadcrumbList","@id":"https:\/\/www.wierec.com\/fr\/anciens-vehicules\/#breadcrumb","itemListElement":[{"@type":"ListItem","position":1,"name":"Home","item":"https:\/\/www.wierec.com\/fr\/"},{"@type":"ListItem","position":2,"name":"anciens-vehicules"}]},{"@type":"WebSite","@id":"https:\/\/www.wierec.com\/fr\/#website","url":"https:\/\/www.wierec.com\/fr\/","name":"Wiederkehr Recycling","description":"Die Wiederkehr der Rohstoffe","publisher":{"@id":"https:\/\/www.wierec.com\/fr\/#organization"},"potentialAction":[{"@type":"SearchAction","target":{"@type":"EntryPoint","urlTemplate":"https:\/\/www.wierec.com\/fr\/?s={search_term_string}"},"query-input":{"@type":"PropertyValueSpecification","valueRequired":true,"valueName":"search_term_string"}}],"inLanguage":"fr-FR"},{"@type":"Organization","@id":"https:\/\/www.wierec.com\/fr\/#organization","name":"Wiederkehr Recycling AG","url":"https:\/\/www.wierec.com\/fr\/","logo":{"@type":"ImageObject","inLanguage":"fr-FR","@id":"https:\/\/www.wierec.com\/fr\/#\/schema\/logo\/image\/","url":"https:\/\/www.wierec.com\/wp-content\/uploads\/2020\/11\/logo-wiederkehr-gruppe-4f-quer-001.png","contentUrl":"https:\/\/www.wierec.com\/wp-content\/uploads\/2020\/11\/logo-wiederkehr-gruppe-4f-quer-001.png","width":1500,"height":367,"caption":"Wiederkehr Recycling AG"},"image":{"@id":"https:\/\/www.wierec.com\/fr\/#\/schema\/logo\/image\/"}}]}},"_links":{"self":[{"href":"https:\/\/www.wierec.com\/fr\/wp-json\/wp\/v2\/pages\/5821","targetHints":{"allow":["GET"]}}],"collection":[{"href":"https:\/\/www.wierec.com\/fr\/wp-json\/wp\/v2\/pages"}],"about":[{"href":"https:\/\/www.wierec.com\/fr\/wp-json\/wp\/v2\/types\/page"}],"author":[{"embeddable":true,"href":"https:\/\/www.wierec.com\/fr\/wp-json\/wp\/v2\/users\/1"}],"replies":[{"embeddable":true,"href":"https:\/\/www.wierec.com\/fr\/wp-json\/wp\/v2\/comments?post=5821"}],"version-history":[{"count":6,"href":"https:\/\/www.wierec.com\/fr\/wp-json\/wp\/v2\/pages\/5821\/revisions"}],"predecessor-version":[{"id":13258,"href":"https:\/\/www.wierec.com\/fr\/wp-json\/wp\/v2\/pages\/5821\/revisions\/13258"}],"wp:attachment":[{"href":"https:\/\/www.wierec.com\/fr\/wp-json\/wp\/v2\/media?parent=5821"}],"curies":[{"name":"wp","href":"https:\/\/api.w.org\/{rel}","templated":true}]}}