{"id":5824,"date":"2020-11-18T19:17:56","date_gmt":"2020-11-18T19:17:56","guid":{"rendered":"https:\/\/www.wierec.com\/?page_id=5824"},"modified":"2022-07-04T12:26:40","modified_gmt":"2022-07-04T12:26:40","slug":"laiton","status":"publish","type":"page","link":"https:\/\/www.wierec.com\/fr\/laiton\/","title":{"rendered":"Laiton"},"content":{"rendered":"<h1>LAITON<\/h1>\n<p><img decoding=\"async\" src=\"\/wp-content\/uploads\/2020\/11\/recycling-wiederkehr-gruppe-wertstoffe-messing-001.jpg\" alt=\"\"><\/p>\n<h2>\n<p><strong>Qu\u2019est-ce que le laiton?<\/strong><\/p>\n<\/h2>\n<div>\n<p>Le laiton est un alliage de cuivre et de zinc (jusqu\u2019\u00e0 40%). Sa couleur dor\u00e9e typique d\u00e9pend principalement de sa teneur en zinc. Elle peut varier du jaune clair au brun. Le laiton appartient au groupe des m\u00e9taux non ferreux. Il est plus dur que le cuivre pur, mais plus souple que le bronze, qui est un alliage de cuivre et d\u2019\u00e9tain. La r\u00e9sistance du m\u00e9tal ne peut \u00eatre ajust\u00e9e que gr\u00e2ce au choix du bon alliage et en recourant \u00e0 des techniques de d\u00e9formation m\u00e9canique, tel que le laminage, le forgeage ou l\u2019\u00e9tirage \u00e0 froid. Le laiton est r\u00e9sistant \u00e0 la corrosion et non magn\u00e9tique.<\/p>\n<\/div>\n<h2>\n<p><strong>D\u2019o\u00f9 vient le laiton?<\/strong><\/p>\n<\/h2>\n<div>\n<p>La premi\u00e8re utilisation du laiton remonte au troisi\u00e8me mill\u00e9naire avant J\u00e9sus-Christ, \u00e0 cette \u00e9poque, principalement pour des objets d\u2019art et de joaillerie. De nos jours, le laiton rev\u00eat \u00e9galement une grande importance dans le domaine technique. On utilise couramment ce m\u00e9tal lorsque l\u2019on souhaite b\u00e9n\u00e9ficier d\u2019une bonne conductivit\u00e9 \u00e9lectrique et d\u2019une bonne stabilit\u00e9 m\u00e9canique. Par exemple, les antennes et les guides d\u2019ondes sont souvent en laiton et les broches des connecteurs en fil de laiton. L\u2019\u00e9ventail des domaines d\u2019application du laiton est tr\u00e8s large, du secteur de la construction \u00e0 l\u2019\u00e9lectrotechnique en passant par l\u2019industrie automobile.<\/p>\n<ul>\n<li>D\u00e9chets de laiton<\/li>\n<li>Installations sanitaires (robinetterie, raccords)<\/li>\n<li>Instruments de musique<\/li>\n<li>Domaines des arts et de la joaillerie<\/li>\n<\/ul>\n<\/div>\n<h2>\n<p><strong>Recyclage du laiton<\/strong><\/p>\n<\/h2>\n<div>\n<p>Les d\u00e9chets de laiton sont une mati\u00e8re premi\u00e8re secondaire parfaite, car ils peuvent \u00eatre enti\u00e8rement recycl\u00e9s, en requ\u00e9rant relativement peu d\u2019\u00e9nergie.<\/p>\n<\/div>\n<h2>\n<p>\u00c9LABORER UNE OFFRE POUR LA VENTE DE MAT\u00c9RIEL<\/p>\n<\/h2>\n<div>\n\n<div class=\"wpcf7 no-js\" id=\"wpcf7-f5527-o1\" lang=\"fr-FR\" dir=\"ltr\" data-wpcf7-id=\"5527\">\n<div class=\"screen-reader-response\"><p role=\"status\" aria-live=\"polite\" aria-atomic=\"true\"><\/p> <ul><\/ul><\/div>\n<form action=\"\/fr\/wp-json\/wp\/v2\/pages\/5824#wpcf7-f5527-o1\" method=\"post\" class=\"wpcf7-form init\" aria-label=\"Formulaire de contact\" novalidate=\"novalidate\" data-status=\"init\">\n<fieldset class=\"hidden-fields-container\"><input type=\"hidden\" name=\"_wpcf7\" value=\"5527\" \/><input type=\"hidden\" name=\"_wpcf7_version\" value=\"6.1.5\" \/><input type=\"hidden\" name=\"_wpcf7_locale\" value=\"fr_FR\" \/><input type=\"hidden\" name=\"_wpcf7_unit_tag\" value=\"wpcf7-f5527-o1\" \/><input type=\"hidden\" name=\"_wpcf7_container_post\" value=\"0\" \/><input type=\"hidden\" name=\"_wpcf7_posted_data_hash\" value=\"\" \/><input type=\"hidden\" name=\"_wpcf7_recaptcha_response\" value=\"\" \/>\n<\/fieldset>\n<p><label> Nom*<br \/>\n<span class=\"wpcf7-form-control-wrap\" data-name=\"your-name\"><input size=\"40\" maxlength=\"400\" class=\"wpcf7-form-control wpcf7-text wpcf7-validates-as-required\" aria-required=\"true\" aria-invalid=\"false\" value=\"\" type=\"text\" name=\"your-name\" \/><\/span> <\/label><br \/>\n<label> Soci\u00e9t\u00e9*<br \/>\n<span class=\"wpcf7-form-control-wrap\" data-name=\"your-firma\"><input size=\"40\" maxlength=\"400\" class=\"wpcf7-form-control wpcf7-text wpcf7-validates-as-required\" aria-required=\"true\" aria-invalid=\"false\" value=\"\" type=\"text\" name=\"your-firma\" \/><\/span> <\/label><br \/>\n<label> T\u00e9l\u00e9phone*<br \/>\n<span class=\"wpcf7-form-control-wrap\" data-name=\"your-telefon\"><input size=\"40\" maxlength=\"400\" class=\"wpcf7-form-control wpcf7-text wpcf7-validates-as-required\" aria-required=\"true\" aria-invalid=\"false\" value=\"\" type=\"text\" name=\"your-telefon\" \/><\/span> <\/label>\n<\/p>\n<p><label> E-Mail*<br \/>\n<span class=\"wpcf7-form-control-wrap\" data-name=\"your-email\"><input size=\"40\" maxlength=\"400\" class=\"wpcf7-form-control wpcf7-email wpcf7-validates-as-required wpcf7-text wpcf7-validates-as-email\" aria-required=\"true\" aria-invalid=\"false\" value=\"\" type=\"email\" name=\"your-email\" \/><\/span> <\/label>\n<\/p>\n<p><label> Mat\u00e9riau*<br \/>\n<span class=\"wpcf7-form-control-wrap\" data-name=\"your-material\"><input size=\"40\" maxlength=\"400\" class=\"wpcf7-form-control wpcf7-text wpcf7-validates-as-required\" aria-required=\"true\" aria-invalid=\"false\" value=\"\" type=\"text\" name=\"your-material\" \/><\/span> <\/label>\n<\/p>\n<p><label> Quantit\u00e9*<br \/>\n<span class=\"wpcf7-form-control-wrap\" data-name=\"your-menge\"><input size=\"40\" maxlength=\"400\" class=\"wpcf7-form-control wpcf7-text wpcf7-validates-as-required\" aria-required=\"true\" aria-invalid=\"false\" value=\"\" type=\"text\" name=\"your-menge\" \/><\/span> <\/label>\n<\/p>\n<p><label> Etat*<br \/>\n<span class=\"wpcf7-form-control-wrap\" data-name=\"your-menge\"><input size=\"40\" maxlength=\"400\" class=\"wpcf7-form-control wpcf7-text wpcf7-validates-as-required\" aria-required=\"true\" aria-invalid=\"false\" value=\"\" type=\"text\" name=\"your-menge\" \/><\/span> <\/label>\n<\/p>\n<p><input class=\"wpcf7-form-control wpcf7-submit has-spinner\" type=\"submit\" value=\"ENVOYER\" \/>\n<\/p><div class=\"wpcf7-response-output\" aria-hidden=\"true\"><\/div>\n<\/form>\n<\/div>\n\n<\/div>\n<p><!--more--><br \/>\n<!-- {\"name\":\"Messing DE\",\"type\":\"layout\",\"children\":[{\"type\":\"section\",\"props\":{\"style\":\"muted\",\"width\":\"xlarge\",\"vertical_align\":\"middle\",\"title_position\":\"top-left\",\"title_rotation\":\"left\",\"title_breakpoint\":\"xl\",\"image_position\":\"center-center\"},\"children\":[{\"type\":\"row\",\"children\":[{\"type\":\"column\",\"props\":{\"image_position\":\"center-center\",\"media_overlay_gradient\":\"\",\"position_sticky_breakpoint\":\"m\"},\"children\":[{\"type\":\"headline\",\"props\":{\"title_element\":\"h1\",\"title_style\":\"heading-small\",\"text_align\":\"center\",\"content\":\"LAITON\"}}]}]},{\"type\":\"row\",\"props\":{\"layout\":\"1-3,2-3\"},\"children\":[{\"type\":\"column\",\"props\":{\"image_position\":\"center-center\",\"media_overlay_gradient\":\"\",\"width_medium\":\"1-3\",\"position_sticky_breakpoint\":\"m\"},\"children\":[{\"type\":\"image\",\"props\":{\"margin\":\"default\",\"image_svg_color\":\"emphasis\",\"image\":\"wp-content\\\/uploads\\\/2020\\\/11\\\/recycling-wiederkehr-gruppe-wertstoffe-messing-001.jpg\"}}]},{\"type\":\"column\",\"props\":{\"image_position\":\"center-center\",\"media_overlay_gradient\":\"\",\"width_medium\":\"2-3\",\"vertical_align\":\"middle\",\"position_sticky_breakpoint\":\"m\"},\"children\":[{\"type\":\"headline\",\"props\":{\"title_element\":\"h2\",\"content\":\"\n\n<p><strong>Qu\\u2019est-ce que le laiton?<\\\/strong><\\\/p>\",\"title_style\":\"h5\"}},{\"type\":\"text\",\"props\":{\"margin\":\"default\",\"column_breakpoint\":\"m\",\"content\":\"\n\n<p>Le laiton est un alliage de cuivre et de zinc (jusqu\\u2019\\u00e0 40%). Sa couleur dor\\u00e9e typique d\\u00e9pend principalement de sa teneur en zinc. Elle peut varier du jaune clair au brun. Le laiton appartient au groupe des m\\u00e9taux non ferreux. Il est plus dur que le cuivre pur, mais plus souple que le bronze, qui est un alliage de cuivre et d\\u2019\\u00e9tain. La r\\u00e9sistance du m\\u00e9tal ne peut \\u00eatre ajust\\u00e9e que gr\\u00e2ce au choix du bon alliage et en recourant \\u00e0 des techniques de d\\u00e9formation m\\u00e9canique, tel que le laminage, le forgeage ou l\\u2019\\u00e9tirage \\u00e0 froid. Le laiton est r\\u00e9sistant \\u00e0 la corrosion et non magn\\u00e9tique.<\\\/p>\"}},{\"type\":\"headline\",\"props\":{\"title_element\":\"h2\",\"content\":\"\n\n<p><strong>D\\u2019o\\u00f9 vient le laiton?<\\\/strong><\\\/p>\",\"title_style\":\"h5\"}},{\"type\":\"text\",\"props\":{\"margin\":\"default\",\"column_breakpoint\":\"m\",\"content\":\"\n\n<p>La premi\\u00e8re utilisation du laiton remonte au troisi\\u00e8me mill\\u00e9naire avant J\\u00e9sus-Christ, \\u00e0 cette \\u00e9poque, principalement pour des objets d\\u2019art et de joaillerie. De nos jours, le laiton rev\\u00eat \\u00e9galement une grande importance dans le domaine technique. On utilise couramment ce m\\u00e9tal lorsque l\\u2019on souhaite b\\u00e9n\\u00e9ficier d\\u2019une bonne conductivit\\u00e9 \\u00e9lectrique et d\\u2019une bonne stabilit\\u00e9 m\\u00e9canique. Par exemple, les antennes et les guides d\\u2019ondes sont souvent en laiton et les broches des connecteurs en fil de laiton. L\\u2019\\u00e9ventail des domaines d\\u2019application du laiton est tr\\u00e8s large, du secteur de la construction \\u00e0 l\\u2019\\u00e9lectrotechnique en passant par l\\u2019industrie automobile.<\\\/p>\\n\n\n<ul>\\n\n\n<li>D\\u00e9chets de laiton<\\\/li>\\n\n\n<li>Installations sanitaires (robinetterie, raccords)<\\\/li>\\n\n\n<li>Instruments de musique<\\\/li>\\n\n\n<li>Domaines des arts et de la joaillerie<\\\/li>\\n<\\\/ul>\"}},{\"type\":\"headline\",\"props\":{\"title_element\":\"h2\",\"content\":\"\n\n<p><strong>Recyclage du laiton<\\\/strong><\\\/p>\",\"title_style\":\"h5\"}},{\"type\":\"text\",\"props\":{\"margin\":\"default\",\"column_breakpoint\":\"m\",\"content\":\"\n\n<p>Les d\\u00e9chets de laiton sont une mati\\u00e8re premi\\u00e8re secondaire parfaite, car ils peuvent \\u00eatre enti\\u00e8rement recycl\\u00e9s, en requ\\u00e9rant relativement peu d\\u2019\\u00e9nergie.<\\\/p>\"}}]}]},{\"type\":\"row\",\"children\":[{\"type\":\"column\",\"props\":{\"image_position\":\"center-center\",\"media_overlay_gradient\":\"\",\"style\":\"default\",\"position_sticky_breakpoint\":\"m\"},\"children\":[{\"type\":\"headline\",\"props\":{\"title_element\":\"h2\",\"title_style\":\"heading-small\",\"text_align\":\"center\",\"content\":\"\n\n<p>\\u00c9LABORER UNE OFFRE POUR LA VENTE DE MAT\\u00c9RIEL<\\\/p>\"}},{\"type\":\"text\",\"props\":{\"margin\":\"default\",\"column_breakpoint\":\"m\",\"content\":\"\n\n<p>[contact-form-7 id=\\\"2356\\\" title=\\\"Material\\\"]<\\\/p>\"}}]}]}],\"modified\":\"2020-10-31T15:01:28.483Z\",\"name\":\"Eventservice\"}],\"version\":\"2.7.22\"} --><\/p>\n","protected":false},"excerpt":{"rendered":"<p>LAITON Qu\u2019est-ce que le laiton? Le laiton est un alliage de cuivre et de zinc (jusqu\u2019\u00e0 40%). Sa couleur dor\u00e9e typique d\u00e9pend principalement de sa teneur en zinc. Elle peut varier du jaune clair au brun. Le laiton appartient au groupe des m\u00e9taux non ferreux. Il est plus dur que le cuivre pur, mais plus [&hellip;]<\/p>\n","protected":false},"author":1,"featured_media":0,"parent":0,"menu_order":0,"comment_status":"closed","ping_status":"closed","template":"","meta":{"inline_featured_image":false,"footnotes":""},"class_list":["post-5824","page","type-page","status-publish","hentry"],"yoast_head":"<!-- This site is optimized with the Yoast SEO Premium plugin v24.3 (Yoast SEO v27.3) - https:\/\/yoast.com\/product\/yoast-seo-premium-wordpress\/ -->\n<title>Laiton | Groupe Wiederkehr<\/title>\n<meta name=\"description\" content=\"Nous rachetons le laiton, un alliage de cuivre et de zinc. N\u2019h\u00e9sitez pas \u00e0 nous contacter en cas de questions concernant le recyclage des d\u00e9chets de laiton.\" \/>\n<meta name=\"robots\" content=\"index, follow, max-snippet:-1, max-image-preview:large, max-video-preview:-1\" \/>\n<link rel=\"canonical\" href=\"https:\/\/www.wierec.com\/fr\/laiton\/\" \/>\n<meta property=\"og:locale\" content=\"fr_FR\" \/>\n<meta property=\"og:type\" content=\"article\" \/>\n<meta property=\"og:title\" content=\"Laiton\" \/>\n<meta property=\"og:description\" content=\"Nous rachetons le laiton, un alliage de cuivre et de zinc. N\u2019h\u00e9sitez pas \u00e0 nous contacter en cas de questions concernant le recyclage des d\u00e9chets de laiton.\" \/>\n<meta property=\"og:url\" content=\"https:\/\/www.wierec.com\/fr\/laiton\/\" \/>\n<meta property=\"og:site_name\" content=\"Wiederkehr Recycling\" \/>\n<meta property=\"article:modified_time\" content=\"2022-07-04T12:26:40+00:00\" \/>\n<meta name=\"twitter:card\" content=\"summary_large_image\" \/>\n<meta name=\"twitter:label1\" content=\"Dur\u00e9e de lecture estim\u00e9e\" \/>\n\t<meta name=\"twitter:data1\" content=\"2 minutes\" \/>\n<script type=\"application\/ld+json\" class=\"yoast-schema-graph\">{\"@context\":\"https:\\\/\\\/schema.org\",\"@graph\":[{\"@type\":\"WebPage\",\"@id\":\"https:\\\/\\\/www.wierec.com\\\/fr\\\/laiton\\\/\",\"url\":\"https:\\\/\\\/www.wierec.com\\\/fr\\\/laiton\\\/\",\"name\":\"Laiton | Groupe Wiederkehr\",\"isPartOf\":{\"@id\":\"https:\\\/\\\/www.wierec.com\\\/fr\\\/#website\"},\"datePublished\":\"2020-11-18T19:17:56+00:00\",\"dateModified\":\"2022-07-04T12:26:40+00:00\",\"description\":\"Nous rachetons le laiton, un alliage de cuivre et de zinc. N\u2019h\u00e9sitez pas \u00e0 nous contacter en cas de questions concernant le recyclage des d\u00e9chets de laiton.\",\"breadcrumb\":{\"@id\":\"https:\\\/\\\/www.wierec.com\\\/fr\\\/laiton\\\/#breadcrumb\"},\"inLanguage\":\"fr-FR\",\"potentialAction\":[{\"@type\":\"ReadAction\",\"target\":[\"https:\\\/\\\/www.wierec.com\\\/fr\\\/laiton\\\/\"]}]},{\"@type\":\"BreadcrumbList\",\"@id\":\"https:\\\/\\\/www.wierec.com\\\/fr\\\/laiton\\\/#breadcrumb\",\"itemListElement\":[{\"@type\":\"ListItem\",\"position\":1,\"name\":\"Home\",\"item\":\"https:\\\/\\\/www.wierec.com\\\/fr\\\/\"},{\"@type\":\"ListItem\",\"position\":2,\"name\":\"Laiton\"}]},{\"@type\":\"WebSite\",\"@id\":\"https:\\\/\\\/www.wierec.com\\\/fr\\\/#website\",\"url\":\"https:\\\/\\\/www.wierec.com\\\/fr\\\/\",\"name\":\"Wiederkehr Recycling\",\"description\":\"Die Wiederkehr der Rohstoffe\",\"publisher\":{\"@id\":\"https:\\\/\\\/www.wierec.com\\\/fr\\\/#organization\"},\"potentialAction\":[{\"@type\":\"SearchAction\",\"target\":{\"@type\":\"EntryPoint\",\"urlTemplate\":\"https:\\\/\\\/www.wierec.com\\\/fr\\\/?s={search_term_string}\"},\"query-input\":{\"@type\":\"PropertyValueSpecification\",\"valueRequired\":true,\"valueName\":\"search_term_string\"}}],\"inLanguage\":\"fr-FR\"},{\"@type\":\"Organization\",\"@id\":\"https:\\\/\\\/www.wierec.com\\\/fr\\\/#organization\",\"name\":\"Wiederkehr Recycling AG\",\"url\":\"https:\\\/\\\/www.wierec.com\\\/fr\\\/\",\"logo\":{\"@type\":\"ImageObject\",\"inLanguage\":\"fr-FR\",\"@id\":\"https:\\\/\\\/www.wierec.com\\\/fr\\\/#\\\/schema\\\/logo\\\/image\\\/\",\"url\":\"https:\\\/\\\/www.wierec.com\\\/wp-content\\\/uploads\\\/2020\\\/11\\\/logo-wiederkehr-gruppe-4f-quer-001.png\",\"contentUrl\":\"https:\\\/\\\/www.wierec.com\\\/wp-content\\\/uploads\\\/2020\\\/11\\\/logo-wiederkehr-gruppe-4f-quer-001.png\",\"width\":1500,\"height\":367,\"caption\":\"Wiederkehr Recycling AG\"},\"image\":{\"@id\":\"https:\\\/\\\/www.wierec.com\\\/fr\\\/#\\\/schema\\\/logo\\\/image\\\/\"}}]}<\/script>\n<!-- \/ Yoast SEO Premium plugin. -->","yoast_head_json":{"title":"Laiton | Groupe Wiederkehr","description":"Nous rachetons le laiton, un alliage de cuivre et de zinc. N\u2019h\u00e9sitez pas \u00e0 nous contacter en cas de questions concernant le recyclage des d\u00e9chets de laiton.","robots":{"index":"index","follow":"follow","max-snippet":"max-snippet:-1","max-image-preview":"max-image-preview:large","max-video-preview":"max-video-preview:-1"},"canonical":"https:\/\/www.wierec.com\/fr\/laiton\/","og_locale":"fr_FR","og_type":"article","og_title":"Laiton","og_description":"Nous rachetons le laiton, un alliage de cuivre et de zinc. N\u2019h\u00e9sitez pas \u00e0 nous contacter en cas de questions concernant le recyclage des d\u00e9chets de laiton.","og_url":"https:\/\/www.wierec.com\/fr\/laiton\/","og_site_name":"Wiederkehr Recycling","article_modified_time":"2022-07-04T12:26:40+00:00","twitter_card":"summary_large_image","twitter_misc":{"Dur\u00e9e de lecture estim\u00e9e":"2 minutes"},"schema":{"@context":"https:\/\/schema.org","@graph":[{"@type":"WebPage","@id":"https:\/\/www.wierec.com\/fr\/laiton\/","url":"https:\/\/www.wierec.com\/fr\/laiton\/","name":"Laiton | Groupe Wiederkehr","isPartOf":{"@id":"https:\/\/www.wierec.com\/fr\/#website"},"datePublished":"2020-11-18T19:17:56+00:00","dateModified":"2022-07-04T12:26:40+00:00","description":"Nous rachetons le laiton, un alliage de cuivre et de zinc. N\u2019h\u00e9sitez pas \u00e0 nous contacter en cas de questions concernant le recyclage des d\u00e9chets de laiton.","breadcrumb":{"@id":"https:\/\/www.wierec.com\/fr\/laiton\/#breadcrumb"},"inLanguage":"fr-FR","potentialAction":[{"@type":"ReadAction","target":["https:\/\/www.wierec.com\/fr\/laiton\/"]}]},{"@type":"BreadcrumbList","@id":"https:\/\/www.wierec.com\/fr\/laiton\/#breadcrumb","itemListElement":[{"@type":"ListItem","position":1,"name":"Home","item":"https:\/\/www.wierec.com\/fr\/"},{"@type":"ListItem","position":2,"name":"Laiton"}]},{"@type":"WebSite","@id":"https:\/\/www.wierec.com\/fr\/#website","url":"https:\/\/www.wierec.com\/fr\/","name":"Wiederkehr Recycling","description":"Die Wiederkehr der Rohstoffe","publisher":{"@id":"https:\/\/www.wierec.com\/fr\/#organization"},"potentialAction":[{"@type":"SearchAction","target":{"@type":"EntryPoint","urlTemplate":"https:\/\/www.wierec.com\/fr\/?s={search_term_string}"},"query-input":{"@type":"PropertyValueSpecification","valueRequired":true,"valueName":"search_term_string"}}],"inLanguage":"fr-FR"},{"@type":"Organization","@id":"https:\/\/www.wierec.com\/fr\/#organization","name":"Wiederkehr Recycling AG","url":"https:\/\/www.wierec.com\/fr\/","logo":{"@type":"ImageObject","inLanguage":"fr-FR","@id":"https:\/\/www.wierec.com\/fr\/#\/schema\/logo\/image\/","url":"https:\/\/www.wierec.com\/wp-content\/uploads\/2020\/11\/logo-wiederkehr-gruppe-4f-quer-001.png","contentUrl":"https:\/\/www.wierec.com\/wp-content\/uploads\/2020\/11\/logo-wiederkehr-gruppe-4f-quer-001.png","width":1500,"height":367,"caption":"Wiederkehr Recycling AG"},"image":{"@id":"https:\/\/www.wierec.com\/fr\/#\/schema\/logo\/image\/"}}]}},"_links":{"self":[{"href":"https:\/\/www.wierec.com\/fr\/wp-json\/wp\/v2\/pages\/5824","targetHints":{"allow":["GET"]}}],"collection":[{"href":"https:\/\/www.wierec.com\/fr\/wp-json\/wp\/v2\/pages"}],"about":[{"href":"https:\/\/www.wierec.com\/fr\/wp-json\/wp\/v2\/types\/page"}],"author":[{"embeddable":true,"href":"https:\/\/www.wierec.com\/fr\/wp-json\/wp\/v2\/users\/1"}],"replies":[{"embeddable":true,"href":"https:\/\/www.wierec.com\/fr\/wp-json\/wp\/v2\/comments?post=5824"}],"version-history":[{"count":5,"href":"https:\/\/www.wierec.com\/fr\/wp-json\/wp\/v2\/pages\/5824\/revisions"}],"predecessor-version":[{"id":11357,"href":"https:\/\/www.wierec.com\/fr\/wp-json\/wp\/v2\/pages\/5824\/revisions\/11357"}],"wp:attachment":[{"href":"https:\/\/www.wierec.com\/fr\/wp-json\/wp\/v2\/media?parent=5824"}],"curies":[{"name":"wp","href":"https:\/\/api.w.org\/{rel}","templated":true}]}}