{"id":5828,"date":"2020-11-18T19:20:27","date_gmt":"2020-11-18T19:20:27","guid":{"rendered":"https:\/\/www.wierec.com\/?page_id=5828"},"modified":"2023-03-09T13:08:01","modified_gmt":"2023-03-09T13:08:01","slug":"melanges-de-metaux","status":"publish","type":"page","link":"https:\/\/www.wierec.com\/fr\/melanges-de-metaux\/","title":{"rendered":"M\u00e9langes de m\u00e9taux"},"content":{"rendered":"<h1>M\u00c9LANGES DE M\u00c9TAUX<br \/>\n(ZURIK, ZORBA, HEAVIES)<br \/>\n<\/h1>\n<p><img decoding=\"async\" src=\"\/wp-content\/uploads\/2023\/03\/Wiederkehr-recycling-Metall-Mix2.jpg\" alt=\"Wiederkehr-recycling-Metall-Mix\"><\/p>\n<h2>\n<p><strong>Qu\u2019est-ce qu\u2019un m\u00e9lange de m\u00e9taux?<\/strong><\/p>\n<\/h2>\n<div>\n<p>Les m\u00e9langes de m\u00e9taux sont de plus en plus courants. Cela s\u2019explique par notre mode de vie moderne, engendrant une demande croissante de biens techniques et industriels qui doivent r\u00e9pondre \u00e0 des exigences tr\u00e8s diff\u00e9rentes. La valeur des m\u00e9langes de m\u00e9taux augmente en fonction de la demande des m\u00e9taux purs qu\u2019ils contiennent. Le zorba est de l\u2019aluminium broy\u00e9, qui peut contenir du plomb, du zinc, de l\u2019acier inoxydable, du fer, du laiton, du cuivre ou du nickel. Le zurik, comme le heavies, est un m\u00e9lange de m\u00e9taux qui se compose principalement d\u2019acier inoxydable. Le zorba et le zurik constituent des d\u00e9nominations importantes utilis\u00e9es dans les \u00e9changes internationaux.  <\/p>\n<\/div>\n<h2>\n<p><strong>O\u00f9 trouve-t-on des m\u00e9langes de m\u00e9taux?<\/strong><\/p>\n<\/h2>\n<div>\n<p>Les m\u00e9taux non ferreux, comme le zorba, se retrouvent dans des appareils ou des v\u00e9hicules hors d\u2019usage.<\/p>\n<p>Le zurik est un m\u00e9lange de m\u00e9taux que l\u2019on cr\u00e9e lors du processus de recyclage et qui est ensuite retrait\u00e9.<\/p>\n<\/div>\n<h2>\n<p><strong>Recyclage des m\u00e9langes de m\u00e9taux<\/strong><\/p>\n<\/h2>\n<div>\n<p>L\u2019obtention de fractions de m\u00e9lange d\u00e9licates n\u00e9cessite le recours \u00e0 des technologies de recyclage parmi les plus exigeantes qui existent, une telle puret\u00e9 de tri \u00e9tant impossible avec des syst\u00e8mes de tri conventionnels. Des technologies de tri de pointe bas\u00e9es sur des capteurs peuvent consid\u00e9rablement am\u00e9liorer la valeur des m\u00e9langes de m\u00e9taux.<\/p>\n<\/div>\n<h2>\n<p>\u00c9LABORER UNE OFFRE POUR LA VENTE DE MAT\u00c9RIEL<\/p>\n<\/h2>\n<div>\n\n<div class=\"wpcf7 no-js\" id=\"wpcf7-f5527-o1\" lang=\"fr-FR\" dir=\"ltr\" data-wpcf7-id=\"5527\">\n<div class=\"screen-reader-response\"><p role=\"status\" aria-live=\"polite\" aria-atomic=\"true\"><\/p> <ul><\/ul><\/div>\n<form action=\"\/fr\/wp-json\/wp\/v2\/pages\/5828#wpcf7-f5527-o1\" method=\"post\" class=\"wpcf7-form init\" aria-label=\"Formulaire de contact\" novalidate=\"novalidate\" data-status=\"init\">\n<fieldset class=\"hidden-fields-container\"><input type=\"hidden\" name=\"_wpcf7\" value=\"5527\" \/><input type=\"hidden\" name=\"_wpcf7_version\" value=\"6.1.5\" \/><input type=\"hidden\" name=\"_wpcf7_locale\" value=\"fr_FR\" \/><input type=\"hidden\" name=\"_wpcf7_unit_tag\" value=\"wpcf7-f5527-o1\" \/><input type=\"hidden\" name=\"_wpcf7_container_post\" value=\"0\" \/><input type=\"hidden\" name=\"_wpcf7_posted_data_hash\" value=\"\" \/><input type=\"hidden\" name=\"_wpcf7_recaptcha_response\" value=\"\" \/>\n<\/fieldset>\n<p><label> Nom*<br \/>\n<span class=\"wpcf7-form-control-wrap\" data-name=\"your-name\"><input size=\"40\" maxlength=\"400\" class=\"wpcf7-form-control wpcf7-text wpcf7-validates-as-required\" aria-required=\"true\" aria-invalid=\"false\" value=\"\" type=\"text\" name=\"your-name\" \/><\/span> <\/label><br \/>\n<label> Soci\u00e9t\u00e9*<br \/>\n<span class=\"wpcf7-form-control-wrap\" data-name=\"your-firma\"><input size=\"40\" maxlength=\"400\" class=\"wpcf7-form-control wpcf7-text wpcf7-validates-as-required\" aria-required=\"true\" aria-invalid=\"false\" value=\"\" type=\"text\" name=\"your-firma\" \/><\/span> <\/label><br \/>\n<label> T\u00e9l\u00e9phone*<br \/>\n<span class=\"wpcf7-form-control-wrap\" data-name=\"your-telefon\"><input size=\"40\" maxlength=\"400\" class=\"wpcf7-form-control wpcf7-text wpcf7-validates-as-required\" aria-required=\"true\" aria-invalid=\"false\" value=\"\" type=\"text\" name=\"your-telefon\" \/><\/span> <\/label>\n<\/p>\n<p><label> E-Mail*<br \/>\n<span class=\"wpcf7-form-control-wrap\" data-name=\"your-email\"><input size=\"40\" maxlength=\"400\" class=\"wpcf7-form-control wpcf7-email wpcf7-validates-as-required wpcf7-text wpcf7-validates-as-email\" aria-required=\"true\" aria-invalid=\"false\" value=\"\" type=\"email\" name=\"your-email\" \/><\/span> <\/label>\n<\/p>\n<p><label> Mat\u00e9riau*<br \/>\n<span class=\"wpcf7-form-control-wrap\" data-name=\"your-material\"><input size=\"40\" maxlength=\"400\" class=\"wpcf7-form-control wpcf7-text wpcf7-validates-as-required\" aria-required=\"true\" aria-invalid=\"false\" value=\"\" type=\"text\" name=\"your-material\" \/><\/span> <\/label>\n<\/p>\n<p><label> Quantit\u00e9*<br \/>\n<span class=\"wpcf7-form-control-wrap\" data-name=\"your-menge\"><input size=\"40\" maxlength=\"400\" class=\"wpcf7-form-control wpcf7-text wpcf7-validates-as-required\" aria-required=\"true\" aria-invalid=\"false\" value=\"\" type=\"text\" name=\"your-menge\" \/><\/span> <\/label>\n<\/p>\n<p><label> Etat*<br \/>\n<span class=\"wpcf7-form-control-wrap\" data-name=\"your-menge\"><input size=\"40\" maxlength=\"400\" class=\"wpcf7-form-control wpcf7-text wpcf7-validates-as-required\" aria-required=\"true\" aria-invalid=\"false\" value=\"\" type=\"text\" name=\"your-menge\" \/><\/span> <\/label>\n<\/p>\n<p><input class=\"wpcf7-form-control wpcf7-submit has-spinner\" type=\"submit\" value=\"ENVOYER\" \/>\n<\/p><div class=\"wpcf7-response-output\" aria-hidden=\"true\"><\/div>\n<\/form>\n<\/div>\n\n<\/div>\n<p><!--more--><br \/>\n<!-- {\"name\":\"Metall-Mix DE\",\"type\":\"layout\",\"children\":[{\"type\":\"section\",\"props\":{\"image_position\":\"center-center\",\"style\":\"muted\",\"title_breakpoint\":\"xl\",\"title_position\":\"top-left\",\"title_rotation\":\"left\",\"vertical_align\":\"middle\",\"width\":\"xlarge\"},\"children\":[{\"type\":\"row\",\"children\":[{\"type\":\"column\",\"props\":{\"image_position\":\"center-center\",\"media_overlay_gradient\":\"\",\"position_sticky_breakpoint\":\"m\"},\"children\":[{\"type\":\"headline\",\"props\":{\"content\":\"M\\u00c9LANGES DE M\\u00c9TAUX\\n(ZURIK, ZORBA, HEAVIES)\\n\",\"text_align\":\"center\",\"title_element\":\"h1\",\"title_style\":\"heading-small\"}}]}]},{\"type\":\"row\",\"props\":{\"layout\":\"1-3,2-3\"},\"children\":[{\"type\":\"column\",\"props\":{\"image_position\":\"center-center\",\"media_overlay_gradient\":\"\",\"position_sticky_breakpoint\":\"m\",\"width_medium\":\"1-3\"},\"children\":[{\"type\":\"image\",\"props\":{\"image\":\"wp-content\\\/uploads\\\/2023\\\/03\\\/Wiederkehr-recycling-Metall-Mix2.jpg\",\"image_alt\":\"Wiederkehr-recycling-Metall-Mix\",\"image_svg_color\":\"emphasis\",\"margin\":\"default\"}}]},{\"type\":\"column\",\"props\":{\"image_position\":\"center-center\",\"media_overlay_gradient\":\"\",\"position_sticky_breakpoint\":\"m\",\"vertical_align\":\"middle\",\"width_medium\":\"2-3\"},\"children\":[{\"type\":\"headline\",\"props\":{\"content\":\"\n\n<p><strong>Qu\\u2019est-ce qu\\u2019un m\\u00e9lange de m\\u00e9taux?<\\\/strong><\\\/p>\",\"title_element\":\"h2\",\"title_style\":\"h5\"}},{\"type\":\"text\",\"props\":{\"column_breakpoint\":\"m\",\"content\":\"\n\n<p>Les m\\u00e9langes de m\\u00e9taux sont de plus en plus courants. Cela s\\u2019explique par notre mode de vie moderne, engendrant une demande croissante de biens techniques et industriels qui doivent r\\u00e9pondre \\u00e0 des exigences tr\\u00e8s diff\\u00e9rentes. La valeur des m\\u00e9langes de m\\u00e9taux augmente en fonction de la demande des m\\u00e9taux purs qu\\u2019ils contiennent. Le zorba est de l\\u2019aluminium broy\\u00e9, qui peut contenir du plomb, du zinc, de l\\u2019acier inoxydable, du fer, du laiton, du cuivre ou du nickel. Le zurik, comme le heavies, est un m\\u00e9lange de m\\u00e9taux qui se compose principalement d\\u2019acier inoxydable. Le zorba et le zurik constituent des d\\u00e9nominations importantes utilis\\u00e9es dans les \\u00e9changes internationaux.  <\\\/p>\",\"margin\":\"default\"}},{\"type\":\"headline\",\"props\":{\"content\":\"\n\n<p><strong>O\\u00f9 trouve-t-on des m\\u00e9langes de m\\u00e9taux?<\\\/strong><\\\/p>\",\"title_element\":\"h2\",\"title_style\":\"h5\"}},{\"type\":\"text\",\"props\":{\"column_breakpoint\":\"m\",\"content\":\"\n\n<p>Les m\\u00e9taux non ferreux, comme le zorba, se retrouvent dans des appareils ou des v\\u00e9hicules hors d\\u2019usage.<\\\/p>\\n\n\n<p>Le zurik est un m\\u00e9lange de m\\u00e9taux que l\\u2019on cr\\u00e9e lors du processus de recyclage et qui est ensuite retrait\\u00e9.<\\\/p>\",\"margin\":\"default\"}},{\"type\":\"headline\",\"props\":{\"content\":\"\n\n<p><strong>Recyclage des m\\u00e9langes de m\\u00e9taux<\\\/strong><\\\/p>\",\"title_element\":\"h2\",\"title_style\":\"h5\"}},{\"type\":\"text\",\"props\":{\"column_breakpoint\":\"m\",\"content\":\"\n\n<p>L\\u2019obtention de fractions de m\\u00e9lange d\\u00e9licates n\\u00e9cessite le recours \\u00e0 des technologies de recyclage parmi les plus exigeantes qui existent, une telle puret\\u00e9 de tri \\u00e9tant impossible avec des syst\\u00e8mes de tri conventionnels. Des technologies de tri de pointe bas\\u00e9es sur des capteurs peuvent consid\\u00e9rablement am\\u00e9liorer la valeur des m\\u00e9langes de m\\u00e9taux.<\\\/p>\",\"margin\":\"default\"}}]}]},{\"type\":\"row\",\"children\":[{\"type\":\"column\",\"props\":{\"image_position\":\"center-center\",\"media_overlay_gradient\":\"\",\"position_sticky_breakpoint\":\"m\",\"style\":\"default\"},\"children\":[{\"type\":\"headline\",\"props\":{\"content\":\"\n\n<p>\\u00c9LABORER UNE OFFRE POUR LA VENTE DE MAT\\u00c9RIEL<\\\/p>\",\"text_align\":\"center\",\"title_element\":\"h2\",\"title_style\":\"heading-small\"}},{\"type\":\"text\",\"props\":{\"column_breakpoint\":\"m\",\"content\":\"\n\n<p>[contact-form-7 id=\\\"2356\\\" title=\\\"Material\\\"]<\\\/p>\",\"margin\":\"default\"}}]}]}],\"modified\":\"2020-10-31T15:01:28.483Z\",\"name\":\"Eventservice\"}],\"version\":\"3.0.25\"} --><\/p>\n","protected":false},"excerpt":{"rendered":"<p>M\u00c9LANGES DE M\u00c9TAUX (ZURIK, ZORBA, HEAVIES) Qu\u2019est-ce qu\u2019un m\u00e9lange de m\u00e9taux? Les m\u00e9langes de m\u00e9taux sont de plus en plus courants. Cela s\u2019explique par notre mode de vie moderne, engendrant une demande croissante de biens techniques et industriels qui doivent r\u00e9pondre \u00e0 des exigences tr\u00e8s diff\u00e9rentes. La valeur des m\u00e9langes de m\u00e9taux augmente en fonction [&hellip;]<\/p>\n","protected":false},"author":1,"featured_media":0,"parent":0,"menu_order":0,"comment_status":"closed","ping_status":"closed","template":"","meta":{"inline_featured_image":false,"footnotes":""},"class_list":["post-5828","page","type-page","status-publish","hentry"],"yoast_head":"<!-- This site is optimized with the Yoast SEO Premium plugin v24.3 (Yoast SEO v27.4) - https:\/\/yoast.com\/product\/yoast-seo-premium-wordpress\/ -->\n<title>M\u00e9langes de m\u00e9taux | Groupe Wiederkehr<\/title>\n<meta name=\"description\" content=\"Nous rachetons des m\u00e9langes de m\u00e9taux, tels que du zurik, du zorba et du heavies. Nous vous conseillons sur les questions relatives aux m\u00e9langes de m\u00e9taux et pr\u00e9parons une offre individuelle.\" \/>\n<meta name=\"robots\" content=\"index, follow, max-snippet:-1, max-image-preview:large, max-video-preview:-1\" \/>\n<link rel=\"canonical\" href=\"https:\/\/www.wierec.com\/fr\/melanges-de-metaux\/\" \/>\n<meta property=\"og:locale\" content=\"fr_FR\" \/>\n<meta property=\"og:type\" content=\"article\" \/>\n<meta property=\"og:title\" content=\"M\u00e9langes de m\u00e9taux\" \/>\n<meta property=\"og:description\" content=\"Nous rachetons des m\u00e9langes de m\u00e9taux, tels que du zurik, du zorba et du heavies. Nous vous conseillons sur les questions relatives aux m\u00e9langes de m\u00e9taux et pr\u00e9parons une offre individuelle.\" \/>\n<meta property=\"og:url\" content=\"https:\/\/www.wierec.com\/fr\/melanges-de-metaux\/\" \/>\n<meta property=\"og:site_name\" content=\"Wiederkehr Recycling\" \/>\n<meta property=\"article:modified_time\" content=\"2023-03-09T13:08:01+00:00\" \/>\n<meta name=\"twitter:card\" content=\"summary_large_image\" \/>\n<meta name=\"twitter:label1\" content=\"Dur\u00e9e de lecture estim\u00e9e\" \/>\n\t<meta name=\"twitter:data1\" content=\"1 minute\" \/>\n<script type=\"application\/ld+json\" class=\"yoast-schema-graph\">{\"@context\":\"https:\\\/\\\/schema.org\",\"@graph\":[{\"@type\":\"WebPage\",\"@id\":\"https:\\\/\\\/www.wierec.com\\\/fr\\\/melanges-de-metaux\\\/\",\"url\":\"https:\\\/\\\/www.wierec.com\\\/fr\\\/melanges-de-metaux\\\/\",\"name\":\"M\u00e9langes de m\u00e9taux | Groupe Wiederkehr\",\"isPartOf\":{\"@id\":\"https:\\\/\\\/www.wierec.com\\\/fr\\\/#website\"},\"datePublished\":\"2020-11-18T19:20:27+00:00\",\"dateModified\":\"2023-03-09T13:08:01+00:00\",\"description\":\"Nous rachetons des m\u00e9langes de m\u00e9taux, tels que du zurik, du zorba et du heavies. Nous vous conseillons sur les questions relatives aux m\u00e9langes de m\u00e9taux et pr\u00e9parons une offre individuelle.\",\"breadcrumb\":{\"@id\":\"https:\\\/\\\/www.wierec.com\\\/fr\\\/melanges-de-metaux\\\/#breadcrumb\"},\"inLanguage\":\"fr-FR\",\"potentialAction\":[{\"@type\":\"ReadAction\",\"target\":[\"https:\\\/\\\/www.wierec.com\\\/fr\\\/melanges-de-metaux\\\/\"]}]},{\"@type\":\"BreadcrumbList\",\"@id\":\"https:\\\/\\\/www.wierec.com\\\/fr\\\/melanges-de-metaux\\\/#breadcrumb\",\"itemListElement\":[{\"@type\":\"ListItem\",\"position\":1,\"name\":\"Home\",\"item\":\"https:\\\/\\\/www.wierec.com\\\/fr\\\/\"},{\"@type\":\"ListItem\",\"position\":2,\"name\":\"M\u00e9langes de m\u00e9taux\"}]},{\"@type\":\"WebSite\",\"@id\":\"https:\\\/\\\/www.wierec.com\\\/fr\\\/#website\",\"url\":\"https:\\\/\\\/www.wierec.com\\\/fr\\\/\",\"name\":\"Wiederkehr Recycling\",\"description\":\"Die Wiederkehr der Rohstoffe\",\"publisher\":{\"@id\":\"https:\\\/\\\/www.wierec.com\\\/fr\\\/#organization\"},\"potentialAction\":[{\"@type\":\"SearchAction\",\"target\":{\"@type\":\"EntryPoint\",\"urlTemplate\":\"https:\\\/\\\/www.wierec.com\\\/fr\\\/?s={search_term_string}\"},\"query-input\":{\"@type\":\"PropertyValueSpecification\",\"valueRequired\":true,\"valueName\":\"search_term_string\"}}],\"inLanguage\":\"fr-FR\"},{\"@type\":\"Organization\",\"@id\":\"https:\\\/\\\/www.wierec.com\\\/fr\\\/#organization\",\"name\":\"Wiederkehr Recycling AG\",\"url\":\"https:\\\/\\\/www.wierec.com\\\/fr\\\/\",\"logo\":{\"@type\":\"ImageObject\",\"inLanguage\":\"fr-FR\",\"@id\":\"https:\\\/\\\/www.wierec.com\\\/fr\\\/#\\\/schema\\\/logo\\\/image\\\/\",\"url\":\"https:\\\/\\\/www.wierec.com\\\/wp-content\\\/uploads\\\/2020\\\/11\\\/logo-wiederkehr-gruppe-4f-quer-001.png\",\"contentUrl\":\"https:\\\/\\\/www.wierec.com\\\/wp-content\\\/uploads\\\/2020\\\/11\\\/logo-wiederkehr-gruppe-4f-quer-001.png\",\"width\":1500,\"height\":367,\"caption\":\"Wiederkehr Recycling AG\"},\"image\":{\"@id\":\"https:\\\/\\\/www.wierec.com\\\/fr\\\/#\\\/schema\\\/logo\\\/image\\\/\"}}]}<\/script>\n<!-- \/ Yoast SEO Premium plugin. -->","yoast_head_json":{"title":"M\u00e9langes de m\u00e9taux | Groupe Wiederkehr","description":"Nous rachetons des m\u00e9langes de m\u00e9taux, tels que du zurik, du zorba et du heavies. Nous vous conseillons sur les questions relatives aux m\u00e9langes de m\u00e9taux et pr\u00e9parons une offre individuelle.","robots":{"index":"index","follow":"follow","max-snippet":"max-snippet:-1","max-image-preview":"max-image-preview:large","max-video-preview":"max-video-preview:-1"},"canonical":"https:\/\/www.wierec.com\/fr\/melanges-de-metaux\/","og_locale":"fr_FR","og_type":"article","og_title":"M\u00e9langes de m\u00e9taux","og_description":"Nous rachetons des m\u00e9langes de m\u00e9taux, tels que du zurik, du zorba et du heavies. Nous vous conseillons sur les questions relatives aux m\u00e9langes de m\u00e9taux et pr\u00e9parons une offre individuelle.","og_url":"https:\/\/www.wierec.com\/fr\/melanges-de-metaux\/","og_site_name":"Wiederkehr Recycling","article_modified_time":"2023-03-09T13:08:01+00:00","twitter_card":"summary_large_image","twitter_misc":{"Dur\u00e9e de lecture estim\u00e9e":"1 minute"},"schema":{"@context":"https:\/\/schema.org","@graph":[{"@type":"WebPage","@id":"https:\/\/www.wierec.com\/fr\/melanges-de-metaux\/","url":"https:\/\/www.wierec.com\/fr\/melanges-de-metaux\/","name":"M\u00e9langes de m\u00e9taux | Groupe Wiederkehr","isPartOf":{"@id":"https:\/\/www.wierec.com\/fr\/#website"},"datePublished":"2020-11-18T19:20:27+00:00","dateModified":"2023-03-09T13:08:01+00:00","description":"Nous rachetons des m\u00e9langes de m\u00e9taux, tels que du zurik, du zorba et du heavies. Nous vous conseillons sur les questions relatives aux m\u00e9langes de m\u00e9taux et pr\u00e9parons une offre individuelle.","breadcrumb":{"@id":"https:\/\/www.wierec.com\/fr\/melanges-de-metaux\/#breadcrumb"},"inLanguage":"fr-FR","potentialAction":[{"@type":"ReadAction","target":["https:\/\/www.wierec.com\/fr\/melanges-de-metaux\/"]}]},{"@type":"BreadcrumbList","@id":"https:\/\/www.wierec.com\/fr\/melanges-de-metaux\/#breadcrumb","itemListElement":[{"@type":"ListItem","position":1,"name":"Home","item":"https:\/\/www.wierec.com\/fr\/"},{"@type":"ListItem","position":2,"name":"M\u00e9langes de m\u00e9taux"}]},{"@type":"WebSite","@id":"https:\/\/www.wierec.com\/fr\/#website","url":"https:\/\/www.wierec.com\/fr\/","name":"Wiederkehr Recycling","description":"Die Wiederkehr der Rohstoffe","publisher":{"@id":"https:\/\/www.wierec.com\/fr\/#organization"},"potentialAction":[{"@type":"SearchAction","target":{"@type":"EntryPoint","urlTemplate":"https:\/\/www.wierec.com\/fr\/?s={search_term_string}"},"query-input":{"@type":"PropertyValueSpecification","valueRequired":true,"valueName":"search_term_string"}}],"inLanguage":"fr-FR"},{"@type":"Organization","@id":"https:\/\/www.wierec.com\/fr\/#organization","name":"Wiederkehr Recycling AG","url":"https:\/\/www.wierec.com\/fr\/","logo":{"@type":"ImageObject","inLanguage":"fr-FR","@id":"https:\/\/www.wierec.com\/fr\/#\/schema\/logo\/image\/","url":"https:\/\/www.wierec.com\/wp-content\/uploads\/2020\/11\/logo-wiederkehr-gruppe-4f-quer-001.png","contentUrl":"https:\/\/www.wierec.com\/wp-content\/uploads\/2020\/11\/logo-wiederkehr-gruppe-4f-quer-001.png","width":1500,"height":367,"caption":"Wiederkehr Recycling AG"},"image":{"@id":"https:\/\/www.wierec.com\/fr\/#\/schema\/logo\/image\/"}}]}},"_links":{"self":[{"href":"https:\/\/www.wierec.com\/fr\/wp-json\/wp\/v2\/pages\/5828","targetHints":{"allow":["GET"]}}],"collection":[{"href":"https:\/\/www.wierec.com\/fr\/wp-json\/wp\/v2\/pages"}],"about":[{"href":"https:\/\/www.wierec.com\/fr\/wp-json\/wp\/v2\/types\/page"}],"author":[{"embeddable":true,"href":"https:\/\/www.wierec.com\/fr\/wp-json\/wp\/v2\/users\/1"}],"replies":[{"embeddable":true,"href":"https:\/\/www.wierec.com\/fr\/wp-json\/wp\/v2\/comments?post=5828"}],"version-history":[{"count":5,"href":"https:\/\/www.wierec.com\/fr\/wp-json\/wp\/v2\/pages\/5828\/revisions"}],"predecessor-version":[{"id":13290,"href":"https:\/\/www.wierec.com\/fr\/wp-json\/wp\/v2\/pages\/5828\/revisions\/13290"}],"wp:attachment":[{"href":"https:\/\/www.wierec.com\/fr\/wp-json\/wp\/v2\/media?parent=5828"}],"curies":[{"name":"wp","href":"https:\/\/api.w.org\/{rel}","templated":true}]}}