{"id":5831,"date":"2020-11-18T19:23:02","date_gmt":"2020-11-18T19:23:02","guid":{"rendered":"https:\/\/www.wierec.com\/?page_id=5831"},"modified":"2022-07-04T12:27:19","modified_gmt":"2022-07-04T12:27:19","slug":"dechets-de-production-de-metaux","status":"publish","type":"page","link":"https:\/\/www.wierec.com\/fr\/dechets-de-production-de-metaux\/","title":{"rendered":"D\u00c9CHETS DE PRODUCTION DE M\u00c9TAUX"},"content":{"rendered":"<h1>D\u00c9CHETS DE PRODUCTION DE M\u00c9TAUX<\/h1>\n<p><img decoding=\"async\" src=\"\/wp-content\/uploads\/2020\/11\/recycling-wiederkehr-gruppe-wertstoffe-metall-produktionsabfaelle-0011.jpg\" alt=\"\"><\/p>\n<h2>\n<p><strong>Recyclage des d\u00e9chets de production de m\u00e9taux<\/strong><\/p>\n<\/h2>\n<div>\n<p>Toute activit\u00e9 m\u00e9tallurgique g\u00e9n\u00e8re des d\u00e9chets de production. Il peut s\u2019agir de mat\u00e9riaux r\u00e9siduels, tels que des copeaux de m\u00e9tal, des d\u00e9chets de perforation de t\u00f4les et d\u2019autres rebuts. Les entreprises typiquement concern\u00e9es sont par exemple les usines d\u2019emboutissage ou les ateliers de m\u00e9canique. Les d\u00e9chets de production de m\u00e9taux sont particuli\u00e8rement int\u00e9ressants car les mat\u00e9riaux sont de qualit\u00e9 uniforme et sont livr\u00e9s sous une forme tr\u00e8s pure. L\u2019installation de bennes, de forme et de taille appropri\u00e9es, facilite l\u2019\u00e9limination des d\u00e9chets r\u00e9siduels. Nous disposons de la bonne solution logistique r\u00e9pondant \u00e0 chaque besoin. Nous proposons des solutions sur contrat enti\u00e8rement personnalis\u00e9es pour des retraits r\u00e9guliers.<\/p>\n<\/div>\n<h2>\n<p>\n\u00c9LABORER UNE OFFRE POUR LA VENTE DE MAT\u00c9RIEL\n<\/p>\n<\/h2>\n<div>\n\n<div class=\"wpcf7 no-js\" id=\"wpcf7-f5527-o1\" lang=\"fr-FR\" dir=\"ltr\" data-wpcf7-id=\"5527\">\n<div class=\"screen-reader-response\"><p role=\"status\" aria-live=\"polite\" aria-atomic=\"true\"><\/p> <ul><\/ul><\/div>\n<form action=\"\/fr\/wp-json\/wp\/v2\/pages\/5831#wpcf7-f5527-o1\" method=\"post\" class=\"wpcf7-form init\" aria-label=\"Formulaire de contact\" novalidate=\"novalidate\" data-status=\"init\">\n<fieldset class=\"hidden-fields-container\"><input type=\"hidden\" name=\"_wpcf7\" value=\"5527\" \/><input type=\"hidden\" name=\"_wpcf7_version\" value=\"6.1.5\" \/><input type=\"hidden\" name=\"_wpcf7_locale\" value=\"fr_FR\" \/><input type=\"hidden\" name=\"_wpcf7_unit_tag\" value=\"wpcf7-f5527-o1\" \/><input type=\"hidden\" name=\"_wpcf7_container_post\" value=\"0\" \/><input type=\"hidden\" name=\"_wpcf7_posted_data_hash\" value=\"\" \/><input type=\"hidden\" name=\"_wpcf7_recaptcha_response\" value=\"\" \/>\n<\/fieldset>\n<p><label> Nom*<br \/>\n<span class=\"wpcf7-form-control-wrap\" data-name=\"your-name\"><input size=\"40\" maxlength=\"400\" class=\"wpcf7-form-control wpcf7-text wpcf7-validates-as-required\" aria-required=\"true\" aria-invalid=\"false\" value=\"\" type=\"text\" name=\"your-name\" \/><\/span> <\/label><br \/>\n<label> Soci\u00e9t\u00e9*<br \/>\n<span class=\"wpcf7-form-control-wrap\" data-name=\"your-firma\"><input size=\"40\" maxlength=\"400\" class=\"wpcf7-form-control wpcf7-text wpcf7-validates-as-required\" aria-required=\"true\" aria-invalid=\"false\" value=\"\" type=\"text\" name=\"your-firma\" \/><\/span> <\/label><br \/>\n<label> T\u00e9l\u00e9phone*<br \/>\n<span class=\"wpcf7-form-control-wrap\" data-name=\"your-telefon\"><input size=\"40\" maxlength=\"400\" class=\"wpcf7-form-control wpcf7-text wpcf7-validates-as-required\" aria-required=\"true\" aria-invalid=\"false\" value=\"\" type=\"text\" name=\"your-telefon\" \/><\/span> <\/label>\n<\/p>\n<p><label> E-Mail*<br \/>\n<span class=\"wpcf7-form-control-wrap\" data-name=\"your-email\"><input size=\"40\" maxlength=\"400\" class=\"wpcf7-form-control wpcf7-email wpcf7-validates-as-required wpcf7-text wpcf7-validates-as-email\" aria-required=\"true\" aria-invalid=\"false\" value=\"\" type=\"email\" name=\"your-email\" \/><\/span> <\/label>\n<\/p>\n<p><label> Mat\u00e9riau*<br \/>\n<span class=\"wpcf7-form-control-wrap\" data-name=\"your-material\"><input size=\"40\" maxlength=\"400\" class=\"wpcf7-form-control wpcf7-text wpcf7-validates-as-required\" aria-required=\"true\" aria-invalid=\"false\" value=\"\" type=\"text\" name=\"your-material\" \/><\/span> <\/label>\n<\/p>\n<p><label> Quantit\u00e9*<br \/>\n<span class=\"wpcf7-form-control-wrap\" data-name=\"your-menge\"><input size=\"40\" maxlength=\"400\" class=\"wpcf7-form-control wpcf7-text wpcf7-validates-as-required\" aria-required=\"true\" aria-invalid=\"false\" value=\"\" type=\"text\" name=\"your-menge\" \/><\/span> <\/label>\n<\/p>\n<p><label> Etat*<br \/>\n<span class=\"wpcf7-form-control-wrap\" data-name=\"your-menge\"><input size=\"40\" maxlength=\"400\" class=\"wpcf7-form-control wpcf7-text wpcf7-validates-as-required\" aria-required=\"true\" aria-invalid=\"false\" value=\"\" type=\"text\" name=\"your-menge\" \/><\/span> <\/label>\n<\/p>\n<p><input class=\"wpcf7-form-control wpcf7-submit has-spinner\" type=\"submit\" value=\"ENVOYER\" \/>\n<\/p><div class=\"wpcf7-response-output\" aria-hidden=\"true\"><\/div>\n<\/form>\n<\/div>\n\n<\/div>\n<p><!--more--><br \/>\n<!-- {\"name\":\"Metall-Produktionsabf\\u00e4lle DE\",\"type\":\"layout\",\"children\":[{\"type\":\"section\",\"props\":{\"style\":\"muted\",\"width\":\"xlarge\",\"vertical_align\":\"middle\",\"title_position\":\"top-left\",\"title_rotation\":\"left\",\"title_breakpoint\":\"xl\",\"image_position\":\"center-center\"},\"children\":[{\"type\":\"row\",\"children\":[{\"type\":\"column\",\"props\":{\"image_position\":\"center-center\",\"media_overlay_gradient\":\"\",\"position_sticky_breakpoint\":\"m\"},\"children\":[{\"type\":\"headline\",\"props\":{\"title_element\":\"h1\",\"title_style\":\"heading-small\",\"text_align\":\"center\",\"content\":\"D\\u00c9CHETS DE PRODUCTION DE M\\u00c9TAUX\"}}]}]},{\"type\":\"row\",\"props\":{\"layout\":\"1-3,2-3\"},\"children\":[{\"type\":\"column\",\"props\":{\"image_position\":\"center-center\",\"media_overlay_gradient\":\"\",\"width_medium\":\"1-3\",\"position_sticky_breakpoint\":\"m\"},\"children\":[{\"type\":\"image\",\"props\":{\"margin\":\"default\",\"image_svg_color\":\"emphasis\",\"image\":\"wp-content\\\/uploads\\\/2020\\\/11\\\/recycling-wiederkehr-gruppe-wertstoffe-metall-produktionsabfaelle-0011.jpg\"}}]},{\"type\":\"column\",\"props\":{\"image_position\":\"center-center\",\"media_overlay_gradient\":\"\",\"width_medium\":\"2-3\",\"vertical_align\":\"middle\",\"position_sticky_breakpoint\":\"m\"},\"children\":[{\"type\":\"headline\",\"props\":{\"title_element\":\"h2\",\"content\":\"\n\n<p><strong>Recyclage des d\\u00e9chets de production de m\\u00e9taux<\\\/strong><\\\/p>\",\"title_style\":\"h5\"}},{\"type\":\"text\",\"props\":{\"margin\":\"default\",\"column_breakpoint\":\"m\",\"content\":\"\n\n<p>Toute activit\\u00e9 m\\u00e9tallurgique g\\u00e9n\\u00e8re des d\\u00e9chets de production. Il peut s\\u2019agir de mat\\u00e9riaux r\\u00e9siduels, tels que des copeaux de m\\u00e9tal, des d\\u00e9chets de perforation de t\\u00f4les et d\\u2019autres rebuts. Les entreprises typiquement concern\\u00e9es sont par exemple les usines d\\u2019emboutissage ou les ateliers de m\\u00e9canique. Les d\\u00e9chets de production de m\\u00e9taux sont particuli\\u00e8rement int\\u00e9ressants car les mat\\u00e9riaux sont de qualit\\u00e9 uniforme et sont livr\\u00e9s sous une forme tr\\u00e8s pure. L\\u2019installation de bennes, de forme et de taille appropri\\u00e9es, facilite l\\u2019\\u00e9limination des d\\u00e9chets r\\u00e9siduels. Nous disposons de la bonne solution logistique r\\u00e9pondant \\u00e0 chaque besoin. Nous proposons des solutions sur contrat enti\\u00e8rement personnalis\\u00e9es pour des retraits r\\u00e9guliers.<\\\/p>\"}}]}]},{\"type\":\"row\",\"children\":[{\"type\":\"column\",\"props\":{\"image_position\":\"center-center\",\"media_overlay_gradient\":\"\",\"style\":\"default\",\"position_sticky_breakpoint\":\"m\"},\"children\":[{\"type\":\"headline\",\"props\":{\"title_element\":\"h2\",\"title_style\":\"heading-small\",\"text_align\":\"center\",\"content\":\"\n\n<p>\\n\\u00c9LABORER UNE OFFRE POUR LA VENTE DE MAT\\u00c9RIEL\\n<\\\/p>\"}},{\"type\":\"text\",\"props\":{\"margin\":\"default\",\"column_breakpoint\":\"m\",\"content\":\"\n\n<p>[contact-form-7 id=\\\"2356\\\" title=\\\"Material\\\"]<\\\/p>\"}}]}]}],\"modified\":\"2020-10-31T15:01:28.483Z\",\"name\":\"Eventservice\"}],\"version\":\"2.7.22\"} --><\/p>\n","protected":false},"excerpt":{"rendered":"<p>D\u00c9CHETS DE PRODUCTION DE M\u00c9TAUX Recyclage des d\u00e9chets de production de m\u00e9taux Toute activit\u00e9 m\u00e9tallurgique g\u00e9n\u00e8re des d\u00e9chets de production. Il peut s\u2019agir de mat\u00e9riaux r\u00e9siduels, tels que des copeaux de m\u00e9tal, des d\u00e9chets de perforation de t\u00f4les et d\u2019autres rebuts. Les entreprises typiquement concern\u00e9es sont par exemple les usines d\u2019emboutissage ou les ateliers de [&hellip;]<\/p>\n","protected":false},"author":1,"featured_media":0,"parent":0,"menu_order":0,"comment_status":"closed","ping_status":"closed","template":"","meta":{"inline_featured_image":false,"footnotes":""},"class_list":["post-5831","page","type-page","status-publish","hentry"],"yoast_head":"<!-- This site is optimized with the Yoast SEO Premium plugin v24.3 (Yoast SEO v27.3) - https:\/\/yoast.com\/product\/yoast-seo-premium-wordpress\/ -->\n<title>D\u00e9chets de production de m\u00e9taux | Groupe Wiederkehr<\/title>\n<meta name=\"description\" content=\"Nous rachetons vos d\u00e9chets de production de m\u00e9taux. Les mat\u00e9riaux r\u00e9siduels, tels que les copeaux de m\u00e9tal, les d\u00e9chets de perforation ou les pi\u00e8ces restantes. Nous pouvons \u00e9galement mettre \u00e0 disposition des bennes, de fa\u00e7on ponctuelle ou sur la base de retraits r\u00e9guliers.\" \/>\n<meta name=\"robots\" content=\"index, follow, max-snippet:-1, max-image-preview:large, max-video-preview:-1\" \/>\n<link rel=\"canonical\" href=\"https:\/\/www.wierec.com\/fr\/dechets-de-production-de-metaux\/\" \/>\n<meta property=\"og:locale\" content=\"fr_FR\" \/>\n<meta property=\"og:type\" content=\"article\" \/>\n<meta property=\"og:title\" content=\"D\u00c9CHETS DE PRODUCTION DE M\u00c9TAUX\" \/>\n<meta property=\"og:description\" content=\"Nous rachetons vos d\u00e9chets de production de m\u00e9taux. Les mat\u00e9riaux r\u00e9siduels, tels que les copeaux de m\u00e9tal, les d\u00e9chets de perforation ou les pi\u00e8ces restantes. Nous pouvons \u00e9galement mettre \u00e0 disposition des bennes, de fa\u00e7on ponctuelle ou sur la base de retraits r\u00e9guliers.\" \/>\n<meta property=\"og:url\" content=\"https:\/\/www.wierec.com\/fr\/dechets-de-production-de-metaux\/\" \/>\n<meta property=\"og:site_name\" content=\"Wiederkehr Recycling\" \/>\n<meta property=\"article:modified_time\" content=\"2022-07-04T12:27:19+00:00\" \/>\n<meta name=\"twitter:card\" content=\"summary_large_image\" \/>\n<meta name=\"twitter:label1\" content=\"Dur\u00e9e de lecture estim\u00e9e\" \/>\n\t<meta name=\"twitter:data1\" content=\"1 minute\" \/>\n<script type=\"application\/ld+json\" class=\"yoast-schema-graph\">{\"@context\":\"https:\\\/\\\/schema.org\",\"@graph\":[{\"@type\":\"WebPage\",\"@id\":\"https:\\\/\\\/www.wierec.com\\\/fr\\\/dechets-de-production-de-metaux\\\/\",\"url\":\"https:\\\/\\\/www.wierec.com\\\/fr\\\/dechets-de-production-de-metaux\\\/\",\"name\":\"D\u00e9chets de production de m\u00e9taux | Groupe Wiederkehr\",\"isPartOf\":{\"@id\":\"https:\\\/\\\/www.wierec.com\\\/fr\\\/#website\"},\"datePublished\":\"2020-11-18T19:23:02+00:00\",\"dateModified\":\"2022-07-04T12:27:19+00:00\",\"description\":\"Nous rachetons vos d\u00e9chets de production de m\u00e9taux. Les mat\u00e9riaux r\u00e9siduels, tels que les copeaux de m\u00e9tal, les d\u00e9chets de perforation ou les pi\u00e8ces restantes. Nous pouvons \u00e9galement mettre \u00e0 disposition des bennes, de fa\u00e7on ponctuelle ou sur la base de retraits r\u00e9guliers.\",\"breadcrumb\":{\"@id\":\"https:\\\/\\\/www.wierec.com\\\/fr\\\/dechets-de-production-de-metaux\\\/#breadcrumb\"},\"inLanguage\":\"fr-FR\",\"potentialAction\":[{\"@type\":\"ReadAction\",\"target\":[\"https:\\\/\\\/www.wierec.com\\\/fr\\\/dechets-de-production-de-metaux\\\/\"]}]},{\"@type\":\"BreadcrumbList\",\"@id\":\"https:\\\/\\\/www.wierec.com\\\/fr\\\/dechets-de-production-de-metaux\\\/#breadcrumb\",\"itemListElement\":[{\"@type\":\"ListItem\",\"position\":1,\"name\":\"Home\",\"item\":\"https:\\\/\\\/www.wierec.com\\\/fr\\\/\"},{\"@type\":\"ListItem\",\"position\":2,\"name\":\"D\u00c9CHETS DE PRODUCTION DE M\u00c9TAUX\"}]},{\"@type\":\"WebSite\",\"@id\":\"https:\\\/\\\/www.wierec.com\\\/fr\\\/#website\",\"url\":\"https:\\\/\\\/www.wierec.com\\\/fr\\\/\",\"name\":\"Wiederkehr Recycling\",\"description\":\"Die Wiederkehr der Rohstoffe\",\"publisher\":{\"@id\":\"https:\\\/\\\/www.wierec.com\\\/fr\\\/#organization\"},\"potentialAction\":[{\"@type\":\"SearchAction\",\"target\":{\"@type\":\"EntryPoint\",\"urlTemplate\":\"https:\\\/\\\/www.wierec.com\\\/fr\\\/?s={search_term_string}\"},\"query-input\":{\"@type\":\"PropertyValueSpecification\",\"valueRequired\":true,\"valueName\":\"search_term_string\"}}],\"inLanguage\":\"fr-FR\"},{\"@type\":\"Organization\",\"@id\":\"https:\\\/\\\/www.wierec.com\\\/fr\\\/#organization\",\"name\":\"Wiederkehr Recycling AG\",\"url\":\"https:\\\/\\\/www.wierec.com\\\/fr\\\/\",\"logo\":{\"@type\":\"ImageObject\",\"inLanguage\":\"fr-FR\",\"@id\":\"https:\\\/\\\/www.wierec.com\\\/fr\\\/#\\\/schema\\\/logo\\\/image\\\/\",\"url\":\"https:\\\/\\\/www.wierec.com\\\/wp-content\\\/uploads\\\/2020\\\/11\\\/logo-wiederkehr-gruppe-4f-quer-001.png\",\"contentUrl\":\"https:\\\/\\\/www.wierec.com\\\/wp-content\\\/uploads\\\/2020\\\/11\\\/logo-wiederkehr-gruppe-4f-quer-001.png\",\"width\":1500,\"height\":367,\"caption\":\"Wiederkehr Recycling AG\"},\"image\":{\"@id\":\"https:\\\/\\\/www.wierec.com\\\/fr\\\/#\\\/schema\\\/logo\\\/image\\\/\"}}]}<\/script>\n<!-- \/ Yoast SEO Premium plugin. -->","yoast_head_json":{"title":"D\u00e9chets de production de m\u00e9taux | Groupe Wiederkehr","description":"Nous rachetons vos d\u00e9chets de production de m\u00e9taux. Les mat\u00e9riaux r\u00e9siduels, tels que les copeaux de m\u00e9tal, les d\u00e9chets de perforation ou les pi\u00e8ces restantes. Nous pouvons \u00e9galement mettre \u00e0 disposition des bennes, de fa\u00e7on ponctuelle ou sur la base de retraits r\u00e9guliers.","robots":{"index":"index","follow":"follow","max-snippet":"max-snippet:-1","max-image-preview":"max-image-preview:large","max-video-preview":"max-video-preview:-1"},"canonical":"https:\/\/www.wierec.com\/fr\/dechets-de-production-de-metaux\/","og_locale":"fr_FR","og_type":"article","og_title":"D\u00c9CHETS DE PRODUCTION DE M\u00c9TAUX","og_description":"Nous rachetons vos d\u00e9chets de production de m\u00e9taux. Les mat\u00e9riaux r\u00e9siduels, tels que les copeaux de m\u00e9tal, les d\u00e9chets de perforation ou les pi\u00e8ces restantes. Nous pouvons \u00e9galement mettre \u00e0 disposition des bennes, de fa\u00e7on ponctuelle ou sur la base de retraits r\u00e9guliers.","og_url":"https:\/\/www.wierec.com\/fr\/dechets-de-production-de-metaux\/","og_site_name":"Wiederkehr Recycling","article_modified_time":"2022-07-04T12:27:19+00:00","twitter_card":"summary_large_image","twitter_misc":{"Dur\u00e9e de lecture estim\u00e9e":"1 minute"},"schema":{"@context":"https:\/\/schema.org","@graph":[{"@type":"WebPage","@id":"https:\/\/www.wierec.com\/fr\/dechets-de-production-de-metaux\/","url":"https:\/\/www.wierec.com\/fr\/dechets-de-production-de-metaux\/","name":"D\u00e9chets de production de m\u00e9taux | Groupe Wiederkehr","isPartOf":{"@id":"https:\/\/www.wierec.com\/fr\/#website"},"datePublished":"2020-11-18T19:23:02+00:00","dateModified":"2022-07-04T12:27:19+00:00","description":"Nous rachetons vos d\u00e9chets de production de m\u00e9taux. Les mat\u00e9riaux r\u00e9siduels, tels que les copeaux de m\u00e9tal, les d\u00e9chets de perforation ou les pi\u00e8ces restantes. Nous pouvons \u00e9galement mettre \u00e0 disposition des bennes, de fa\u00e7on ponctuelle ou sur la base de retraits r\u00e9guliers.","breadcrumb":{"@id":"https:\/\/www.wierec.com\/fr\/dechets-de-production-de-metaux\/#breadcrumb"},"inLanguage":"fr-FR","potentialAction":[{"@type":"ReadAction","target":["https:\/\/www.wierec.com\/fr\/dechets-de-production-de-metaux\/"]}]},{"@type":"BreadcrumbList","@id":"https:\/\/www.wierec.com\/fr\/dechets-de-production-de-metaux\/#breadcrumb","itemListElement":[{"@type":"ListItem","position":1,"name":"Home","item":"https:\/\/www.wierec.com\/fr\/"},{"@type":"ListItem","position":2,"name":"D\u00c9CHETS DE PRODUCTION DE M\u00c9TAUX"}]},{"@type":"WebSite","@id":"https:\/\/www.wierec.com\/fr\/#website","url":"https:\/\/www.wierec.com\/fr\/","name":"Wiederkehr Recycling","description":"Die Wiederkehr der Rohstoffe","publisher":{"@id":"https:\/\/www.wierec.com\/fr\/#organization"},"potentialAction":[{"@type":"SearchAction","target":{"@type":"EntryPoint","urlTemplate":"https:\/\/www.wierec.com\/fr\/?s={search_term_string}"},"query-input":{"@type":"PropertyValueSpecification","valueRequired":true,"valueName":"search_term_string"}}],"inLanguage":"fr-FR"},{"@type":"Organization","@id":"https:\/\/www.wierec.com\/fr\/#organization","name":"Wiederkehr Recycling AG","url":"https:\/\/www.wierec.com\/fr\/","logo":{"@type":"ImageObject","inLanguage":"fr-FR","@id":"https:\/\/www.wierec.com\/fr\/#\/schema\/logo\/image\/","url":"https:\/\/www.wierec.com\/wp-content\/uploads\/2020\/11\/logo-wiederkehr-gruppe-4f-quer-001.png","contentUrl":"https:\/\/www.wierec.com\/wp-content\/uploads\/2020\/11\/logo-wiederkehr-gruppe-4f-quer-001.png","width":1500,"height":367,"caption":"Wiederkehr Recycling AG"},"image":{"@id":"https:\/\/www.wierec.com\/fr\/#\/schema\/logo\/image\/"}}]}},"_links":{"self":[{"href":"https:\/\/www.wierec.com\/fr\/wp-json\/wp\/v2\/pages\/5831","targetHints":{"allow":["GET"]}}],"collection":[{"href":"https:\/\/www.wierec.com\/fr\/wp-json\/wp\/v2\/pages"}],"about":[{"href":"https:\/\/www.wierec.com\/fr\/wp-json\/wp\/v2\/types\/page"}],"author":[{"embeddable":true,"href":"https:\/\/www.wierec.com\/fr\/wp-json\/wp\/v2\/users\/1"}],"replies":[{"embeddable":true,"href":"https:\/\/www.wierec.com\/fr\/wp-json\/wp\/v2\/comments?post=5831"}],"version-history":[{"count":4,"href":"https:\/\/www.wierec.com\/fr\/wp-json\/wp\/v2\/pages\/5831\/revisions"}],"predecessor-version":[{"id":11359,"href":"https:\/\/www.wierec.com\/fr\/wp-json\/wp\/v2\/pages\/5831\/revisions\/11359"}],"wp:attachment":[{"href":"https:\/\/www.wierec.com\/fr\/wp-json\/wp\/v2\/media?parent=5831"}],"curies":[{"name":"wp","href":"https:\/\/api.w.org\/{rel}","templated":true}]}}