{"id":5847,"date":"2020-11-18T19:33:17","date_gmt":"2020-11-18T19:33:17","guid":{"rendered":"https:\/\/www.wierec.com\/?page_id=5847"},"modified":"2023-03-09T13:00:30","modified_gmt":"2023-03-09T13:00:30","slug":"titane","status":"publish","type":"page","link":"https:\/\/www.wierec.com\/fr\/titane\/","title":{"rendered":"Titane"},"content":{"rendered":"<h1>TITANE<\/h1>\n<p><img decoding=\"async\" src=\"\/wp-content\/uploads\/2023\/03\/wiederkehr-recycling-Titan.jpg\" alt=\"wiederkehr-recycling-Titan\"><\/p>\n<h2>\n<p><strong>Qu\u2019est-ce que le titane?<\/strong><\/p>\n<\/h2>\n<div>\n<p>Le titane, m\u00e9tal l\u00e9ger, est un \u00e9l\u00e9ment chimique que l\u2019on retrouve dans la cro\u00fbte terrestre presque exclusivement sous forme de composants li\u00e9s \u00e0 des min\u00e9raux. Il a une faible densit\u00e9, est mall\u00e9able et r\u00e9siste \u00e0 la chaleur et \u00e0 la corrosion. Il pr\u00e9sente une couleur argent assez claire. Le titane pur n\u2019est que mod\u00e9r\u00e9ment dur. La combinaison de petits ajouts en alliage a un effet positif sur sa r\u00e9sistance et fait que ce m\u00e9tal est particuli\u00e8rement demand\u00e9 pour les applications requ\u00e9rant un faible poids tout en offrant une grande r\u00e9sistance \u00e0 la corrosion et \u00e0 la traction.<\/p>\n<\/div>\n<h2>\n<p><strong>O\u00f9 trouve-t-on du titane?<\/strong><\/p>\n<\/h2>\n<div>\n<p>Le titane est souvent utilis\u00e9 comme composant micro-alli\u00e9 pour l\u2019acier, ce qui lui conf\u00e8re une solidit\u00e9, une r\u00e9sistance et une ductilit\u00e9 \u00e9lev\u00e9es, m\u00eame \u00e0 faible concentration. Les alliages de titane sont tr\u00e8s chers et ne sont donc utilis\u00e9s que pour des applications tr\u00e8s sp\u00e9cifiques.<\/p>\n<ul>\n<li>Industrie automobile<\/li>\n<li>Construction navale (arbres, pi\u00e8ces d\u2019h\u00e9lice)<\/li>\n<li>Technologie a\u00e9rospatiale<\/li>\n<li>Equipement militaire (\u00e9quipement de protection)<\/li>\n<li>Domaine m\u00e9dical (implants, proth\u00e8ses, etc.)<\/li>\n<li>Electronique (bo\u00eetiers d\u2019ordinateurs portables, smartphones, smartwatch)<\/li>\n<li>Activit\u00e9s ext\u00e9rieures (\u00e9quipements sportifs, outils de mesure, etc.)<\/li>\n<li>Joaillerie<\/li>\n<\/ul>\n<\/div>\n<h2>\n<p><strong>Recyclage du titane<\/strong><\/p>\n<\/h2>\n<div>La fabrication des composants en titane g\u00e9n\u00e8re beaucoup de copeaux. Dans le cadre de la fabrication de composants de grande taille, cela peut repr\u00e9senter jusqu\u2019\u00e0 90%. Les alliages de titane sont fondus dans des fours \u00e0 induction et mis \u00e0 part. Cela permet de produire au final des lingots de titane, qui sont r\u00e9int\u00e9gr\u00e9s dans le cycle des mat\u00e9riaux industriels pour \u00eatre r\u00e9utilis\u00e9s.<\/div>\n<h2>\n<p>\u00c9LABORER UNE OFFRE POUR LA VENTE DE MAT\u00c9RIEL<\/p>\n<\/h2>\n<div>\n\n<div class=\"wpcf7 no-js\" id=\"wpcf7-f5527-o1\" lang=\"fr-FR\" dir=\"ltr\" data-wpcf7-id=\"5527\">\n<div class=\"screen-reader-response\"><p role=\"status\" aria-live=\"polite\" aria-atomic=\"true\"><\/p> <ul><\/ul><\/div>\n<form action=\"\/fr\/wp-json\/wp\/v2\/pages\/5847#wpcf7-f5527-o1\" method=\"post\" class=\"wpcf7-form init\" aria-label=\"Formulaire de contact\" novalidate=\"novalidate\" data-status=\"init\">\n<fieldset class=\"hidden-fields-container\"><input type=\"hidden\" name=\"_wpcf7\" value=\"5527\" \/><input type=\"hidden\" name=\"_wpcf7_version\" value=\"6.1.5\" \/><input type=\"hidden\" name=\"_wpcf7_locale\" value=\"fr_FR\" \/><input type=\"hidden\" name=\"_wpcf7_unit_tag\" value=\"wpcf7-f5527-o1\" \/><input type=\"hidden\" name=\"_wpcf7_container_post\" value=\"0\" \/><input type=\"hidden\" name=\"_wpcf7_posted_data_hash\" value=\"\" \/><input type=\"hidden\" name=\"_wpcf7_recaptcha_response\" value=\"\" \/>\n<\/fieldset>\n<p><label> Nom*<br \/>\n<span class=\"wpcf7-form-control-wrap\" data-name=\"your-name\"><input size=\"40\" maxlength=\"400\" class=\"wpcf7-form-control wpcf7-text wpcf7-validates-as-required\" aria-required=\"true\" aria-invalid=\"false\" value=\"\" type=\"text\" name=\"your-name\" \/><\/span> <\/label><br \/>\n<label> Soci\u00e9t\u00e9*<br \/>\n<span class=\"wpcf7-form-control-wrap\" data-name=\"your-firma\"><input size=\"40\" maxlength=\"400\" class=\"wpcf7-form-control wpcf7-text wpcf7-validates-as-required\" aria-required=\"true\" aria-invalid=\"false\" value=\"\" type=\"text\" name=\"your-firma\" \/><\/span> <\/label><br \/>\n<label> T\u00e9l\u00e9phone*<br \/>\n<span class=\"wpcf7-form-control-wrap\" data-name=\"your-telefon\"><input size=\"40\" maxlength=\"400\" class=\"wpcf7-form-control wpcf7-text wpcf7-validates-as-required\" aria-required=\"true\" aria-invalid=\"false\" value=\"\" type=\"text\" name=\"your-telefon\" \/><\/span> <\/label>\n<\/p>\n<p><label> E-Mail*<br \/>\n<span class=\"wpcf7-form-control-wrap\" data-name=\"your-email\"><input size=\"40\" maxlength=\"400\" class=\"wpcf7-form-control wpcf7-email wpcf7-validates-as-required wpcf7-text wpcf7-validates-as-email\" aria-required=\"true\" aria-invalid=\"false\" value=\"\" type=\"email\" name=\"your-email\" \/><\/span> <\/label>\n<\/p>\n<p><label> Mat\u00e9riau*<br \/>\n<span class=\"wpcf7-form-control-wrap\" data-name=\"your-material\"><input size=\"40\" maxlength=\"400\" class=\"wpcf7-form-control wpcf7-text wpcf7-validates-as-required\" aria-required=\"true\" aria-invalid=\"false\" value=\"\" type=\"text\" name=\"your-material\" \/><\/span> <\/label>\n<\/p>\n<p><label> Quantit\u00e9*<br \/>\n<span class=\"wpcf7-form-control-wrap\" data-name=\"your-menge\"><input size=\"40\" maxlength=\"400\" class=\"wpcf7-form-control wpcf7-text wpcf7-validates-as-required\" aria-required=\"true\" aria-invalid=\"false\" value=\"\" type=\"text\" name=\"your-menge\" \/><\/span> <\/label>\n<\/p>\n<p><label> Etat*<br \/>\n<span class=\"wpcf7-form-control-wrap\" data-name=\"your-menge\"><input size=\"40\" maxlength=\"400\" class=\"wpcf7-form-control wpcf7-text wpcf7-validates-as-required\" aria-required=\"true\" aria-invalid=\"false\" value=\"\" type=\"text\" name=\"your-menge\" \/><\/span> <\/label>\n<\/p>\n<p><input class=\"wpcf7-form-control wpcf7-submit has-spinner\" type=\"submit\" value=\"ENVOYER\" \/>\n<\/p><div class=\"wpcf7-response-output\" aria-hidden=\"true\"><\/div>\n<\/form>\n<\/div>\n\n<\/div>\n<p><!--more--><br \/>\n<!-- {\"name\":\"Titan DE\",\"type\":\"layout\",\"children\":[{\"type\":\"section\",\"props\":{\"image_position\":\"center-center\",\"style\":\"muted\",\"title_breakpoint\":\"xl\",\"title_position\":\"top-left\",\"title_rotation\":\"left\",\"vertical_align\":\"middle\",\"width\":\"xlarge\"},\"children\":[{\"type\":\"row\",\"children\":[{\"type\":\"column\",\"props\":{\"image_position\":\"center-center\",\"media_overlay_gradient\":\"\",\"position_sticky_breakpoint\":\"m\"},\"children\":[{\"type\":\"headline\",\"props\":{\"content\":\"TITANE\",\"text_align\":\"center\",\"title_element\":\"h1\",\"title_style\":\"heading-small\"}}]}]},{\"type\":\"row\",\"props\":{\"layout\":\"1-3,2-3\"},\"children\":[{\"type\":\"column\",\"props\":{\"image_position\":\"center-center\",\"media_overlay_gradient\":\"\",\"position_sticky_breakpoint\":\"m\",\"width_medium\":\"1-3\"},\"children\":[{\"type\":\"image\",\"props\":{\"image\":\"wp-content\\\/uploads\\\/2023\\\/03\\\/wiederkehr-recycling-Titan.jpg\",\"image_alt\":\"wiederkehr-recycling-Titan\",\"image_svg_color\":\"emphasis\",\"margin\":\"default\"}}]},{\"type\":\"column\",\"props\":{\"image_position\":\"center-center\",\"media_overlay_gradient\":\"\",\"position_sticky_breakpoint\":\"m\",\"vertical_align\":\"middle\",\"width_medium\":\"2-3\"},\"children\":[{\"type\":\"headline\",\"props\":{\"content\":\"\n\n<p><strong>Qu\\u2019est-ce que le titane?<\\\/strong><\\\/p>\",\"title_element\":\"h2\",\"title_style\":\"h5\"}},{\"type\":\"text\",\"props\":{\"column_breakpoint\":\"m\",\"content\":\"\n\n<p>Le titane, m\\u00e9tal l\\u00e9ger, est un \\u00e9l\\u00e9ment chimique que l\\u2019on retrouve dans la cro\\u00fbte terrestre presque exclusivement sous forme de composants li\\u00e9s \\u00e0 des min\\u00e9raux. Il a une faible densit\\u00e9, est mall\\u00e9able et r\\u00e9siste \\u00e0 la chaleur et \\u00e0 la corrosion. Il pr\\u00e9sente une couleur argent assez claire. Le titane pur n\\u2019est que mod\\u00e9r\\u00e9ment dur. La combinaison de petits ajouts en alliage a un effet positif sur sa r\\u00e9sistance et fait que ce m\\u00e9tal est particuli\\u00e8rement demand\\u00e9 pour les applications requ\\u00e9rant un faible poids tout en offrant une grande r\\u00e9sistance \\u00e0 la corrosion et \\u00e0 la traction.<\\\/p>\",\"margin\":\"default\"}},{\"type\":\"headline\",\"props\":{\"content\":\"\n\n<p><strong>O\\u00f9 trouve-t-on du titane?<\\\/strong><\\\/p>\",\"title_element\":\"h2\",\"title_style\":\"h5\"}},{\"type\":\"text\",\"props\":{\"column_breakpoint\":\"m\",\"content\":\"\n\n<p>Le titane est souvent utilis\\u00e9 comme composant micro-alli\\u00e9 pour l\\u2019acier, ce qui lui conf\\u00e8re une solidit\\u00e9, une r\\u00e9sistance et une ductilit\\u00e9 \\u00e9lev\\u00e9es, m\\u00eame \\u00e0 faible concentration. Les alliages de titane sont tr\\u00e8s chers et ne sont donc utilis\\u00e9s que pour des applications tr\\u00e8s sp\\u00e9cifiques.<\\\/p>\\n\n\n<ul>\\n\n\n<li>Industrie automobile<\\\/li>\\n\n\n<li>Construction navale (arbres, pi\\u00e8ces d\\u2019h\\u00e9lice)<\\\/li>\\n\n\n<li>Technologie a\\u00e9rospatiale<\\\/li>\\n\n\n<li>Equipement militaire (\\u00e9quipement de protection)<\\\/li>\\n\n\n<li>Domaine m\\u00e9dical (implants, proth\\u00e8ses, etc.)<\\\/li>\\n\n\n<li>Electronique (bo\\u00eetiers d\\u2019ordinateurs portables, smartphones, smartwatch)<\\\/li>\\n\n\n<li>Activit\\u00e9s ext\\u00e9rieures (\\u00e9quipements sportifs, outils de mesure, etc.)<\\\/li>\\n\n\n<li>Joaillerie<\\\/li>\\n<\\\/ul>\",\"margin\":\"default\"}},{\"type\":\"headline\",\"props\":{\"content\":\"\n\n<p><strong>Recyclage du titane<\\\/strong><\\\/p>\",\"title_element\":\"h2\",\"title_style\":\"h5\"}},{\"type\":\"text\",\"props\":{\"column_breakpoint\":\"m\",\"content\":\"La fabrication des composants en titane g\\u00e9n\\u00e8re beaucoup de copeaux. Dans le cadre de la fabrication de composants de grande taille, cela peut repr\\u00e9senter jusqu\\u2019\\u00e0 90%. Les alliages de titane sont fondus dans des fours \\u00e0 induction et mis \\u00e0 part. Cela permet de produire au final des lingots de titane, qui sont r\\u00e9int\\u00e9gr\\u00e9s dans le cycle des mat\\u00e9riaux industriels pour \\u00eatre r\\u00e9utilis\\u00e9s.\",\"margin\":\"default\"}}]}]},{\"type\":\"row\",\"children\":[{\"type\":\"column\",\"props\":{\"image_position\":\"center-center\",\"media_overlay_gradient\":\"\",\"position_sticky_breakpoint\":\"m\",\"style\":\"default\"},\"children\":[{\"type\":\"headline\",\"props\":{\"content\":\"\n\n<p>\\u00c9LABORER UNE OFFRE POUR LA VENTE DE MAT\\u00c9RIEL<\\\/p>\",\"text_align\":\"center\",\"title_element\":\"h2\",\"title_style\":\"heading-small\"}},{\"type\":\"text\",\"props\":{\"column_breakpoint\":\"m\",\"content\":\"\n\n<p>[contact-form-7 id=\\\"2356\\\" title=\\\"Material\\\"]<\\\/p>\",\"margin\":\"default\"}}]}]}],\"modified\":\"2020-10-31T15:01:28.483Z\",\"name\":\"Eventservice\"}],\"version\":\"3.0.25\"} --><\/p>\n","protected":false},"excerpt":{"rendered":"<p>TITANE Qu\u2019est-ce que le titane? Le titane, m\u00e9tal l\u00e9ger, est un \u00e9l\u00e9ment chimique que l\u2019on retrouve dans la cro\u00fbte terrestre presque exclusivement sous forme de composants li\u00e9s \u00e0 des min\u00e9raux. Il a une faible densit\u00e9, est mall\u00e9able et r\u00e9siste \u00e0 la chaleur et \u00e0 la corrosion. Il pr\u00e9sente une couleur argent assez claire. Le titane [&hellip;]<\/p>\n","protected":false},"author":1,"featured_media":0,"parent":0,"menu_order":0,"comment_status":"closed","ping_status":"closed","template":"","meta":{"inline_featured_image":false,"footnotes":""},"class_list":["post-5847","page","type-page","status-publish","hentry"],"yoast_head":"<!-- This site is optimized with the Yoast SEO Premium plugin v24.3 (Yoast SEO v27.3) - https:\/\/yoast.com\/product\/yoast-seo-premium-wordpress\/ -->\n<title>Titane | Groupe Wiederkehr<\/title>\n<meta name=\"description\" content=\"Nous rachetons le titane. Recyclage des d\u00e9chets et des copeaux de titane. Laissez-nous vous conseiller. Nous nous ferons un plaisir de vous faire une offre.\" \/>\n<meta name=\"robots\" content=\"index, follow, max-snippet:-1, max-image-preview:large, max-video-preview:-1\" \/>\n<link rel=\"canonical\" href=\"https:\/\/www.wierec.com\/fr\/titane\/\" \/>\n<meta property=\"og:locale\" content=\"fr_FR\" \/>\n<meta property=\"og:type\" content=\"article\" \/>\n<meta property=\"og:title\" content=\"Titane\" \/>\n<meta property=\"og:description\" content=\"Nous rachetons le titane. Recyclage des d\u00e9chets et des copeaux de titane. Laissez-nous vous conseiller. Nous nous ferons un plaisir de vous faire une offre.\" \/>\n<meta property=\"og:url\" content=\"https:\/\/www.wierec.com\/fr\/titane\/\" \/>\n<meta property=\"og:site_name\" content=\"Wiederkehr Recycling\" \/>\n<meta property=\"article:modified_time\" content=\"2023-03-09T13:00:30+00:00\" \/>\n<meta name=\"twitter:card\" content=\"summary_large_image\" \/>\n<meta name=\"twitter:label1\" content=\"Dur\u00e9e de lecture estim\u00e9e\" \/>\n\t<meta name=\"twitter:data1\" content=\"2 minutes\" \/>\n<script type=\"application\/ld+json\" class=\"yoast-schema-graph\">{\"@context\":\"https:\\\/\\\/schema.org\",\"@graph\":[{\"@type\":\"WebPage\",\"@id\":\"https:\\\/\\\/www.wierec.com\\\/fr\\\/titane\\\/\",\"url\":\"https:\\\/\\\/www.wierec.com\\\/fr\\\/titane\\\/\",\"name\":\"Titane | Groupe Wiederkehr\",\"isPartOf\":{\"@id\":\"https:\\\/\\\/www.wierec.com\\\/fr\\\/#website\"},\"datePublished\":\"2020-11-18T19:33:17+00:00\",\"dateModified\":\"2023-03-09T13:00:30+00:00\",\"description\":\"Nous rachetons le titane. Recyclage des d\u00e9chets et des copeaux de titane. Laissez-nous vous conseiller. Nous nous ferons un plaisir de vous faire une offre.\",\"breadcrumb\":{\"@id\":\"https:\\\/\\\/www.wierec.com\\\/fr\\\/titane\\\/#breadcrumb\"},\"inLanguage\":\"fr-FR\",\"potentialAction\":[{\"@type\":\"ReadAction\",\"target\":[\"https:\\\/\\\/www.wierec.com\\\/fr\\\/titane\\\/\"]}]},{\"@type\":\"BreadcrumbList\",\"@id\":\"https:\\\/\\\/www.wierec.com\\\/fr\\\/titane\\\/#breadcrumb\",\"itemListElement\":[{\"@type\":\"ListItem\",\"position\":1,\"name\":\"Home\",\"item\":\"https:\\\/\\\/www.wierec.com\\\/fr\\\/\"},{\"@type\":\"ListItem\",\"position\":2,\"name\":\"Titane\"}]},{\"@type\":\"WebSite\",\"@id\":\"https:\\\/\\\/www.wierec.com\\\/fr\\\/#website\",\"url\":\"https:\\\/\\\/www.wierec.com\\\/fr\\\/\",\"name\":\"Wiederkehr Recycling\",\"description\":\"Die Wiederkehr der Rohstoffe\",\"publisher\":{\"@id\":\"https:\\\/\\\/www.wierec.com\\\/fr\\\/#organization\"},\"potentialAction\":[{\"@type\":\"SearchAction\",\"target\":{\"@type\":\"EntryPoint\",\"urlTemplate\":\"https:\\\/\\\/www.wierec.com\\\/fr\\\/?s={search_term_string}\"},\"query-input\":{\"@type\":\"PropertyValueSpecification\",\"valueRequired\":true,\"valueName\":\"search_term_string\"}}],\"inLanguage\":\"fr-FR\"},{\"@type\":\"Organization\",\"@id\":\"https:\\\/\\\/www.wierec.com\\\/fr\\\/#organization\",\"name\":\"Wiederkehr Recycling AG\",\"url\":\"https:\\\/\\\/www.wierec.com\\\/fr\\\/\",\"logo\":{\"@type\":\"ImageObject\",\"inLanguage\":\"fr-FR\",\"@id\":\"https:\\\/\\\/www.wierec.com\\\/fr\\\/#\\\/schema\\\/logo\\\/image\\\/\",\"url\":\"https:\\\/\\\/www.wierec.com\\\/wp-content\\\/uploads\\\/2020\\\/11\\\/logo-wiederkehr-gruppe-4f-quer-001.png\",\"contentUrl\":\"https:\\\/\\\/www.wierec.com\\\/wp-content\\\/uploads\\\/2020\\\/11\\\/logo-wiederkehr-gruppe-4f-quer-001.png\",\"width\":1500,\"height\":367,\"caption\":\"Wiederkehr Recycling AG\"},\"image\":{\"@id\":\"https:\\\/\\\/www.wierec.com\\\/fr\\\/#\\\/schema\\\/logo\\\/image\\\/\"}}]}<\/script>\n<!-- \/ Yoast SEO Premium plugin. -->","yoast_head_json":{"title":"Titane | Groupe Wiederkehr","description":"Nous rachetons le titane. Recyclage des d\u00e9chets et des copeaux de titane. Laissez-nous vous conseiller. Nous nous ferons un plaisir de vous faire une offre.","robots":{"index":"index","follow":"follow","max-snippet":"max-snippet:-1","max-image-preview":"max-image-preview:large","max-video-preview":"max-video-preview:-1"},"canonical":"https:\/\/www.wierec.com\/fr\/titane\/","og_locale":"fr_FR","og_type":"article","og_title":"Titane","og_description":"Nous rachetons le titane. Recyclage des d\u00e9chets et des copeaux de titane. Laissez-nous vous conseiller. Nous nous ferons un plaisir de vous faire une offre.","og_url":"https:\/\/www.wierec.com\/fr\/titane\/","og_site_name":"Wiederkehr Recycling","article_modified_time":"2023-03-09T13:00:30+00:00","twitter_card":"summary_large_image","twitter_misc":{"Dur\u00e9e de lecture estim\u00e9e":"2 minutes"},"schema":{"@context":"https:\/\/schema.org","@graph":[{"@type":"WebPage","@id":"https:\/\/www.wierec.com\/fr\/titane\/","url":"https:\/\/www.wierec.com\/fr\/titane\/","name":"Titane | Groupe Wiederkehr","isPartOf":{"@id":"https:\/\/www.wierec.com\/fr\/#website"},"datePublished":"2020-11-18T19:33:17+00:00","dateModified":"2023-03-09T13:00:30+00:00","description":"Nous rachetons le titane. Recyclage des d\u00e9chets et des copeaux de titane. Laissez-nous vous conseiller. Nous nous ferons un plaisir de vous faire une offre.","breadcrumb":{"@id":"https:\/\/www.wierec.com\/fr\/titane\/#breadcrumb"},"inLanguage":"fr-FR","potentialAction":[{"@type":"ReadAction","target":["https:\/\/www.wierec.com\/fr\/titane\/"]}]},{"@type":"BreadcrumbList","@id":"https:\/\/www.wierec.com\/fr\/titane\/#breadcrumb","itemListElement":[{"@type":"ListItem","position":1,"name":"Home","item":"https:\/\/www.wierec.com\/fr\/"},{"@type":"ListItem","position":2,"name":"Titane"}]},{"@type":"WebSite","@id":"https:\/\/www.wierec.com\/fr\/#website","url":"https:\/\/www.wierec.com\/fr\/","name":"Wiederkehr Recycling","description":"Die Wiederkehr der Rohstoffe","publisher":{"@id":"https:\/\/www.wierec.com\/fr\/#organization"},"potentialAction":[{"@type":"SearchAction","target":{"@type":"EntryPoint","urlTemplate":"https:\/\/www.wierec.com\/fr\/?s={search_term_string}"},"query-input":{"@type":"PropertyValueSpecification","valueRequired":true,"valueName":"search_term_string"}}],"inLanguage":"fr-FR"},{"@type":"Organization","@id":"https:\/\/www.wierec.com\/fr\/#organization","name":"Wiederkehr Recycling AG","url":"https:\/\/www.wierec.com\/fr\/","logo":{"@type":"ImageObject","inLanguage":"fr-FR","@id":"https:\/\/www.wierec.com\/fr\/#\/schema\/logo\/image\/","url":"https:\/\/www.wierec.com\/wp-content\/uploads\/2020\/11\/logo-wiederkehr-gruppe-4f-quer-001.png","contentUrl":"https:\/\/www.wierec.com\/wp-content\/uploads\/2020\/11\/logo-wiederkehr-gruppe-4f-quer-001.png","width":1500,"height":367,"caption":"Wiederkehr Recycling AG"},"image":{"@id":"https:\/\/www.wierec.com\/fr\/#\/schema\/logo\/image\/"}}]}},"_links":{"self":[{"href":"https:\/\/www.wierec.com\/fr\/wp-json\/wp\/v2\/pages\/5847","targetHints":{"allow":["GET"]}}],"collection":[{"href":"https:\/\/www.wierec.com\/fr\/wp-json\/wp\/v2\/pages"}],"about":[{"href":"https:\/\/www.wierec.com\/fr\/wp-json\/wp\/v2\/types\/page"}],"author":[{"embeddable":true,"href":"https:\/\/www.wierec.com\/fr\/wp-json\/wp\/v2\/users\/1"}],"replies":[{"embeddable":true,"href":"https:\/\/www.wierec.com\/fr\/wp-json\/wp\/v2\/comments?post=5847"}],"version-history":[{"count":7,"href":"https:\/\/www.wierec.com\/fr\/wp-json\/wp\/v2\/pages\/5847\/revisions"}],"predecessor-version":[{"id":13281,"href":"https:\/\/www.wierec.com\/fr\/wp-json\/wp\/v2\/pages\/5847\/revisions\/13281"}],"wp:attachment":[{"href":"https:\/\/www.wierec.com\/fr\/wp-json\/wp\/v2\/media?parent=5847"}],"curies":[{"name":"wp","href":"https:\/\/api.w.org\/{rel}","templated":true}]}}