{"id":5852,"date":"2020-11-18T19:37:18","date_gmt":"2020-11-18T19:37:18","guid":{"rendered":"https:\/\/www.wierec.com\/?page_id=5852"},"modified":"2022-07-04T12:29:09","modified_gmt":"2022-07-04T12:29:09","slug":"transformateurs","status":"publish","type":"page","link":"https:\/\/www.wierec.com\/fr\/transformateurs\/","title":{"rendered":"Transformateurs"},"content":{"rendered":"<h1>Transformateurs<\/h1>\n<p><img decoding=\"async\" src=\"\/wp-content\/uploads\/2020\/11\/recycling-wiederkehr-gruppe-wertstoffe-trafos-001.jpg\" alt=\"\"><\/p>\n<h2>\n<p><strong>Recyclage des transformateurs<\/strong><\/p>\n<\/h2>\n<div>\n<p>Partout il y a des transformateurs, depuis les petits transformateurs \u00e9lectriques des b\u00e2timents jusqu\u2019aux grandes installations dans les ateliers industriels, les usines et bien entendu les centrales \u00e9lectriques. L\u2019\u00e9limination et le recyclage des transformateurs dans les grandes usines requi\u00e8rent un projet con\u00e7u sur mesure, car le d\u00e9mant\u00e8lement a ses exigences sp\u00e9cifiques et est g\u00e9n\u00e9ralement tr\u00e8s laborieux. On peut aussi bien proc\u00e9der \u00e0 l\u2019\u00e9limination de composants individuels que d\u2019installations enti\u00e8res. Dans le cas de la d\u00e9molition compl\u00e8te de centrales \u00e9lectriques ou d\u2019usines, il s\u2019agit alors de recyclage d\u2019installations.<\/p>\n<p>Les transformateurs sont des syst\u00e8mes compliqu\u00e9s, ce qui rend leur \u00e9limination si difficile. Ils contiennent notamment beaucoup d\u2019huile. Bien qu\u2019il ne s\u2019agisse que d\u2019un d\u00e9chet, celle-ci doit \u00eatre correctement \u00e9vacu\u00e9e via le circuit d\u2019\u00e9limination ad\u00e9quat. Les transformateurs sont d\u00e9mantel\u00e9s dans des stations dites de d\u00e9sassemblage. Le cuivre des transformateurs est un composant pr\u00e9cieux. Il est de tr\u00e8s haute qualit\u00e9 et repr\u00e9sente environ 20% de la masse.<\/p>\n<\/div>\n<h2>\n<p><span lang=\"FR-CH\">\u00c9LABORER UNE OFFRE POUR LA VENTE DE MAT\u00c9RIEL<\/span><\/p>\n<\/h2>\n<div>\n\n<div class=\"wpcf7 no-js\" id=\"wpcf7-f5527-o1\" lang=\"fr-FR\" dir=\"ltr\" data-wpcf7-id=\"5527\">\n<div class=\"screen-reader-response\"><p role=\"status\" aria-live=\"polite\" aria-atomic=\"true\"><\/p> <ul><\/ul><\/div>\n<form action=\"\/fr\/wp-json\/wp\/v2\/pages\/5852#wpcf7-f5527-o1\" method=\"post\" class=\"wpcf7-form init\" aria-label=\"Formulaire de contact\" novalidate=\"novalidate\" data-status=\"init\">\n<fieldset class=\"hidden-fields-container\"><input type=\"hidden\" name=\"_wpcf7\" value=\"5527\" \/><input type=\"hidden\" name=\"_wpcf7_version\" value=\"6.1.5\" \/><input type=\"hidden\" name=\"_wpcf7_locale\" value=\"fr_FR\" \/><input type=\"hidden\" name=\"_wpcf7_unit_tag\" value=\"wpcf7-f5527-o1\" \/><input type=\"hidden\" name=\"_wpcf7_container_post\" value=\"0\" \/><input type=\"hidden\" name=\"_wpcf7_posted_data_hash\" value=\"\" \/><input type=\"hidden\" name=\"_wpcf7_recaptcha_response\" value=\"\" \/>\n<\/fieldset>\n<p><label> Nom*<br \/>\n<span class=\"wpcf7-form-control-wrap\" data-name=\"your-name\"><input size=\"40\" maxlength=\"400\" class=\"wpcf7-form-control wpcf7-text wpcf7-validates-as-required\" aria-required=\"true\" aria-invalid=\"false\" value=\"\" type=\"text\" name=\"your-name\" \/><\/span> <\/label><br \/>\n<label> Soci\u00e9t\u00e9*<br \/>\n<span class=\"wpcf7-form-control-wrap\" data-name=\"your-firma\"><input size=\"40\" maxlength=\"400\" class=\"wpcf7-form-control wpcf7-text wpcf7-validates-as-required\" aria-required=\"true\" aria-invalid=\"false\" value=\"\" type=\"text\" name=\"your-firma\" \/><\/span> <\/label><br \/>\n<label> T\u00e9l\u00e9phone*<br \/>\n<span class=\"wpcf7-form-control-wrap\" data-name=\"your-telefon\"><input size=\"40\" maxlength=\"400\" class=\"wpcf7-form-control wpcf7-text wpcf7-validates-as-required\" aria-required=\"true\" aria-invalid=\"false\" value=\"\" type=\"text\" name=\"your-telefon\" \/><\/span> <\/label>\n<\/p>\n<p><label> E-Mail*<br \/>\n<span class=\"wpcf7-form-control-wrap\" data-name=\"your-email\"><input size=\"40\" maxlength=\"400\" class=\"wpcf7-form-control wpcf7-email wpcf7-validates-as-required wpcf7-text wpcf7-validates-as-email\" aria-required=\"true\" aria-invalid=\"false\" value=\"\" type=\"email\" name=\"your-email\" \/><\/span> <\/label>\n<\/p>\n<p><label> Mat\u00e9riau*<br \/>\n<span class=\"wpcf7-form-control-wrap\" data-name=\"your-material\"><input size=\"40\" maxlength=\"400\" class=\"wpcf7-form-control wpcf7-text wpcf7-validates-as-required\" aria-required=\"true\" aria-invalid=\"false\" value=\"\" type=\"text\" name=\"your-material\" \/><\/span> <\/label>\n<\/p>\n<p><label> Quantit\u00e9*<br \/>\n<span class=\"wpcf7-form-control-wrap\" data-name=\"your-menge\"><input size=\"40\" maxlength=\"400\" class=\"wpcf7-form-control wpcf7-text wpcf7-validates-as-required\" aria-required=\"true\" aria-invalid=\"false\" value=\"\" type=\"text\" name=\"your-menge\" \/><\/span> <\/label>\n<\/p>\n<p><label> Etat*<br \/>\n<span class=\"wpcf7-form-control-wrap\" data-name=\"your-menge\"><input size=\"40\" maxlength=\"400\" class=\"wpcf7-form-control wpcf7-text wpcf7-validates-as-required\" aria-required=\"true\" aria-invalid=\"false\" value=\"\" type=\"text\" name=\"your-menge\" \/><\/span> <\/label>\n<\/p>\n<p><input class=\"wpcf7-form-control wpcf7-submit has-spinner\" type=\"submit\" value=\"ENVOYER\" \/>\n<\/p><div class=\"wpcf7-response-output\" aria-hidden=\"true\"><\/div>\n<\/form>\n<\/div>\n\n<\/div>\n<p><!--more--><br \/>\n<!-- {\"name\":\"Trafos DE\",\"type\":\"layout\",\"children\":[{\"type\":\"section\",\"props\":{\"style\":\"muted\",\"width\":\"xlarge\",\"vertical_align\":\"middle\",\"title_position\":\"top-left\",\"title_rotation\":\"left\",\"title_breakpoint\":\"xl\",\"image_position\":\"center-center\"},\"children\":[{\"type\":\"row\",\"children\":[{\"type\":\"column\",\"props\":{\"image_position\":\"center-center\",\"media_overlay_gradient\":\"\",\"position_sticky_breakpoint\":\"m\"},\"children\":[{\"type\":\"headline\",\"props\":{\"title_element\":\"h1\",\"title_style\":\"heading-small\",\"text_align\":\"center\",\"content\":\"Transformateurs\"}}]}]},{\"type\":\"row\",\"props\":{\"layout\":\"1-3,2-3\"},\"children\":[{\"type\":\"column\",\"props\":{\"image_position\":\"center-center\",\"media_overlay_gradient\":\"\",\"width_medium\":\"1-3\",\"position_sticky_breakpoint\":\"m\"},\"children\":[{\"type\":\"image\",\"props\":{\"margin\":\"default\",\"image_svg_color\":\"emphasis\",\"image\":\"wp-content\\\/uploads\\\/2020\\\/11\\\/recycling-wiederkehr-gruppe-wertstoffe-trafos-001.jpg\"}}]},{\"type\":\"column\",\"props\":{\"image_position\":\"center-center\",\"media_overlay_gradient\":\"\",\"width_medium\":\"2-3\",\"vertical_align\":\"middle\",\"position_sticky_breakpoint\":\"m\"},\"children\":[{\"type\":\"headline\",\"props\":{\"title_element\":\"h2\",\"content\":\"\n\n<p><strong>Recyclage des transformateurs<\\\/strong><\\\/p>\",\"title_style\":\"h5\"}},{\"type\":\"text\",\"props\":{\"margin\":\"default\",\"column_breakpoint\":\"m\",\"content\":\"\n\n<p>Partout il y a des transformateurs, depuis les petits transformateurs \\u00e9lectriques des b\\u00e2timents jusqu\\u2019aux grandes installations dans les ateliers industriels, les usines et bien entendu les centrales \\u00e9lectriques. L\\u2019\\u00e9limination et le recyclage des transformateurs dans les grandes usines requi\\u00e8rent un projet con\\u00e7u sur mesure, car le d\\u00e9mant\\u00e8lement a ses exigences sp\\u00e9cifiques et est g\\u00e9n\\u00e9ralement tr\\u00e8s laborieux. On peut aussi bien proc\\u00e9der \\u00e0 l\\u2019\\u00e9limination de composants individuels que d\\u2019installations enti\\u00e8res. Dans le cas de la d\\u00e9molition compl\\u00e8te de centrales \\u00e9lectriques ou d\\u2019usines, il s\\u2019agit alors de recyclage d\\u2019installations.<\\\/p>\\n\n\n<p>Les transformateurs sont des syst\\u00e8mes compliqu\\u00e9s, ce qui rend leur \\u00e9limination si difficile. Ils contiennent notamment beaucoup d\\u2019huile. Bien qu\\u2019il ne s\\u2019agisse que d\\u2019un d\\u00e9chet, celle-ci doit \\u00eatre correctement \\u00e9vacu\\u00e9e via le circuit d\\u2019\\u00e9limination ad\\u00e9quat. Les transformateurs sont d\\u00e9mantel\\u00e9s dans des stations dites de d\\u00e9sassemblage. Le cuivre des transformateurs est un composant pr\\u00e9cieux. Il est de tr\\u00e8s haute qualit\\u00e9 et repr\\u00e9sente environ 20% de la masse.<\\\/p>\"}}]}]},{\"type\":\"row\",\"children\":[{\"type\":\"column\",\"props\":{\"image_position\":\"center-center\",\"media_overlay_gradient\":\"\",\"style\":\"default\",\"position_sticky_breakpoint\":\"m\"},\"children\":[{\"type\":\"headline\",\"props\":{\"title_element\":\"h2\",\"title_style\":\"heading-small\",\"text_align\":\"center\",\"content\":\"\n\n<p><span lang=\\\"FR-CH\\\">\\u00c9LABORER UNE OFFRE POUR LA VENTE DE MAT\\u00c9RIEL<\\\/span><\\\/p>\"}},{\"type\":\"text\",\"props\":{\"margin\":\"default\",\"column_breakpoint\":\"m\",\"content\":\"\n\n<p>[contact-form-7 id=\\\"2356\\\" title=\\\"Material\\\"]<\\\/p>\"}}]}]}],\"modified\":\"2020-10-31T15:01:28.483Z\",\"name\":\"Eventservice\"}],\"version\":\"2.7.22\"} --><\/p>\n","protected":false},"excerpt":{"rendered":"<p>Transformateurs Recyclage des transformateurs Partout il y a des transformateurs, depuis les petits transformateurs \u00e9lectriques des b\u00e2timents jusqu\u2019aux grandes installations dans les ateliers industriels, les usines et bien entendu les centrales \u00e9lectriques. L\u2019\u00e9limination et le recyclage des transformateurs dans les grandes usines requi\u00e8rent un projet con\u00e7u sur mesure, car le d\u00e9mant\u00e8lement a ses exigences sp\u00e9cifiques [&hellip;]<\/p>\n","protected":false},"author":1,"featured_media":0,"parent":0,"menu_order":0,"comment_status":"closed","ping_status":"closed","template":"","meta":{"inline_featured_image":false,"footnotes":""},"class_list":["post-5852","page","type-page","status-publish","hentry"],"yoast_head":"<!-- This site is optimized with the Yoast SEO Premium plugin v24.3 (Yoast SEO v27.4) - https:\/\/yoast.com\/product\/yoast-seo-premium-wordpress\/ -->\n<title>Transformateurs | Groupe Wiederkehr<\/title>\n<meta name=\"description\" content=\"Nous rachetons les transformateurs. Du transformateur de courant \u00e0 la grande installation. Nous aidons au d\u00e9mant\u00e8lement dans les usines ou les centrales \u00e9lectriques et offrons des conseils comp\u00e9tents personnalis\u00e9s.\" \/>\n<meta name=\"robots\" content=\"index, follow, max-snippet:-1, max-image-preview:large, max-video-preview:-1\" \/>\n<link rel=\"canonical\" href=\"https:\/\/www.wierec.com\/fr\/transformateurs\/\" \/>\n<meta property=\"og:locale\" content=\"fr_FR\" \/>\n<meta property=\"og:type\" content=\"article\" \/>\n<meta property=\"og:title\" content=\"Transformateurs\" \/>\n<meta property=\"og:description\" content=\"Nous rachetons les transformateurs. Du transformateur de courant \u00e0 la grande installation. Nous aidons au d\u00e9mant\u00e8lement dans les usines ou les centrales \u00e9lectriques et offrons des conseils comp\u00e9tents personnalis\u00e9s.\" \/>\n<meta property=\"og:url\" content=\"https:\/\/www.wierec.com\/fr\/transformateurs\/\" \/>\n<meta property=\"og:site_name\" content=\"Wiederkehr Recycling\" \/>\n<meta property=\"article:modified_time\" content=\"2022-07-04T12:29:09+00:00\" \/>\n<meta name=\"twitter:card\" content=\"summary_large_image\" \/>\n<meta name=\"twitter:label1\" content=\"Dur\u00e9e de lecture estim\u00e9e\" \/>\n\t<meta name=\"twitter:data1\" content=\"1 minute\" \/>\n<script type=\"application\/ld+json\" class=\"yoast-schema-graph\">{\"@context\":\"https:\\\/\\\/schema.org\",\"@graph\":[{\"@type\":\"WebPage\",\"@id\":\"https:\\\/\\\/www.wierec.com\\\/fr\\\/transformateurs\\\/\",\"url\":\"https:\\\/\\\/www.wierec.com\\\/fr\\\/transformateurs\\\/\",\"name\":\"Transformateurs | Groupe Wiederkehr\",\"isPartOf\":{\"@id\":\"https:\\\/\\\/www.wierec.com\\\/fr\\\/#website\"},\"datePublished\":\"2020-11-18T19:37:18+00:00\",\"dateModified\":\"2022-07-04T12:29:09+00:00\",\"description\":\"Nous rachetons les transformateurs. Du transformateur de courant \u00e0 la grande installation. Nous aidons au d\u00e9mant\u00e8lement dans les usines ou les centrales \u00e9lectriques et offrons des conseils comp\u00e9tents personnalis\u00e9s.\",\"breadcrumb\":{\"@id\":\"https:\\\/\\\/www.wierec.com\\\/fr\\\/transformateurs\\\/#breadcrumb\"},\"inLanguage\":\"fr-FR\",\"potentialAction\":[{\"@type\":\"ReadAction\",\"target\":[\"https:\\\/\\\/www.wierec.com\\\/fr\\\/transformateurs\\\/\"]}]},{\"@type\":\"BreadcrumbList\",\"@id\":\"https:\\\/\\\/www.wierec.com\\\/fr\\\/transformateurs\\\/#breadcrumb\",\"itemListElement\":[{\"@type\":\"ListItem\",\"position\":1,\"name\":\"Home\",\"item\":\"https:\\\/\\\/www.wierec.com\\\/fr\\\/\"},{\"@type\":\"ListItem\",\"position\":2,\"name\":\"Transformateurs\"}]},{\"@type\":\"WebSite\",\"@id\":\"https:\\\/\\\/www.wierec.com\\\/fr\\\/#website\",\"url\":\"https:\\\/\\\/www.wierec.com\\\/fr\\\/\",\"name\":\"Wiederkehr Recycling\",\"description\":\"Die Wiederkehr der Rohstoffe\",\"publisher\":{\"@id\":\"https:\\\/\\\/www.wierec.com\\\/fr\\\/#organization\"},\"potentialAction\":[{\"@type\":\"SearchAction\",\"target\":{\"@type\":\"EntryPoint\",\"urlTemplate\":\"https:\\\/\\\/www.wierec.com\\\/fr\\\/?s={search_term_string}\"},\"query-input\":{\"@type\":\"PropertyValueSpecification\",\"valueRequired\":true,\"valueName\":\"search_term_string\"}}],\"inLanguage\":\"fr-FR\"},{\"@type\":\"Organization\",\"@id\":\"https:\\\/\\\/www.wierec.com\\\/fr\\\/#organization\",\"name\":\"Wiederkehr Recycling AG\",\"url\":\"https:\\\/\\\/www.wierec.com\\\/fr\\\/\",\"logo\":{\"@type\":\"ImageObject\",\"inLanguage\":\"fr-FR\",\"@id\":\"https:\\\/\\\/www.wierec.com\\\/fr\\\/#\\\/schema\\\/logo\\\/image\\\/\",\"url\":\"https:\\\/\\\/www.wierec.com\\\/wp-content\\\/uploads\\\/2020\\\/11\\\/logo-wiederkehr-gruppe-4f-quer-001.png\",\"contentUrl\":\"https:\\\/\\\/www.wierec.com\\\/wp-content\\\/uploads\\\/2020\\\/11\\\/logo-wiederkehr-gruppe-4f-quer-001.png\",\"width\":1500,\"height\":367,\"caption\":\"Wiederkehr Recycling AG\"},\"image\":{\"@id\":\"https:\\\/\\\/www.wierec.com\\\/fr\\\/#\\\/schema\\\/logo\\\/image\\\/\"}}]}<\/script>\n<!-- \/ Yoast SEO Premium plugin. -->","yoast_head_json":{"title":"Transformateurs | Groupe Wiederkehr","description":"Nous rachetons les transformateurs. Du transformateur de courant \u00e0 la grande installation. Nous aidons au d\u00e9mant\u00e8lement dans les usines ou les centrales \u00e9lectriques et offrons des conseils comp\u00e9tents personnalis\u00e9s.","robots":{"index":"index","follow":"follow","max-snippet":"max-snippet:-1","max-image-preview":"max-image-preview:large","max-video-preview":"max-video-preview:-1"},"canonical":"https:\/\/www.wierec.com\/fr\/transformateurs\/","og_locale":"fr_FR","og_type":"article","og_title":"Transformateurs","og_description":"Nous rachetons les transformateurs. Du transformateur de courant \u00e0 la grande installation. Nous aidons au d\u00e9mant\u00e8lement dans les usines ou les centrales \u00e9lectriques et offrons des conseils comp\u00e9tents personnalis\u00e9s.","og_url":"https:\/\/www.wierec.com\/fr\/transformateurs\/","og_site_name":"Wiederkehr Recycling","article_modified_time":"2022-07-04T12:29:09+00:00","twitter_card":"summary_large_image","twitter_misc":{"Dur\u00e9e de lecture estim\u00e9e":"1 minute"},"schema":{"@context":"https:\/\/schema.org","@graph":[{"@type":"WebPage","@id":"https:\/\/www.wierec.com\/fr\/transformateurs\/","url":"https:\/\/www.wierec.com\/fr\/transformateurs\/","name":"Transformateurs | Groupe Wiederkehr","isPartOf":{"@id":"https:\/\/www.wierec.com\/fr\/#website"},"datePublished":"2020-11-18T19:37:18+00:00","dateModified":"2022-07-04T12:29:09+00:00","description":"Nous rachetons les transformateurs. Du transformateur de courant \u00e0 la grande installation. Nous aidons au d\u00e9mant\u00e8lement dans les usines ou les centrales \u00e9lectriques et offrons des conseils comp\u00e9tents personnalis\u00e9s.","breadcrumb":{"@id":"https:\/\/www.wierec.com\/fr\/transformateurs\/#breadcrumb"},"inLanguage":"fr-FR","potentialAction":[{"@type":"ReadAction","target":["https:\/\/www.wierec.com\/fr\/transformateurs\/"]}]},{"@type":"BreadcrumbList","@id":"https:\/\/www.wierec.com\/fr\/transformateurs\/#breadcrumb","itemListElement":[{"@type":"ListItem","position":1,"name":"Home","item":"https:\/\/www.wierec.com\/fr\/"},{"@type":"ListItem","position":2,"name":"Transformateurs"}]},{"@type":"WebSite","@id":"https:\/\/www.wierec.com\/fr\/#website","url":"https:\/\/www.wierec.com\/fr\/","name":"Wiederkehr Recycling","description":"Die Wiederkehr der Rohstoffe","publisher":{"@id":"https:\/\/www.wierec.com\/fr\/#organization"},"potentialAction":[{"@type":"SearchAction","target":{"@type":"EntryPoint","urlTemplate":"https:\/\/www.wierec.com\/fr\/?s={search_term_string}"},"query-input":{"@type":"PropertyValueSpecification","valueRequired":true,"valueName":"search_term_string"}}],"inLanguage":"fr-FR"},{"@type":"Organization","@id":"https:\/\/www.wierec.com\/fr\/#organization","name":"Wiederkehr Recycling AG","url":"https:\/\/www.wierec.com\/fr\/","logo":{"@type":"ImageObject","inLanguage":"fr-FR","@id":"https:\/\/www.wierec.com\/fr\/#\/schema\/logo\/image\/","url":"https:\/\/www.wierec.com\/wp-content\/uploads\/2020\/11\/logo-wiederkehr-gruppe-4f-quer-001.png","contentUrl":"https:\/\/www.wierec.com\/wp-content\/uploads\/2020\/11\/logo-wiederkehr-gruppe-4f-quer-001.png","width":1500,"height":367,"caption":"Wiederkehr Recycling AG"},"image":{"@id":"https:\/\/www.wierec.com\/fr\/#\/schema\/logo\/image\/"}}]}},"_links":{"self":[{"href":"https:\/\/www.wierec.com\/fr\/wp-json\/wp\/v2\/pages\/5852","targetHints":{"allow":["GET"]}}],"collection":[{"href":"https:\/\/www.wierec.com\/fr\/wp-json\/wp\/v2\/pages"}],"about":[{"href":"https:\/\/www.wierec.com\/fr\/wp-json\/wp\/v2\/types\/page"}],"author":[{"embeddable":true,"href":"https:\/\/www.wierec.com\/fr\/wp-json\/wp\/v2\/users\/1"}],"replies":[{"embeddable":true,"href":"https:\/\/www.wierec.com\/fr\/wp-json\/wp\/v2\/comments?post=5852"}],"version-history":[{"count":5,"href":"https:\/\/www.wierec.com\/fr\/wp-json\/wp\/v2\/pages\/5852\/revisions"}],"predecessor-version":[{"id":11366,"href":"https:\/\/www.wierec.com\/fr\/wp-json\/wp\/v2\/pages\/5852\/revisions\/11366"}],"wp:attachment":[{"href":"https:\/\/www.wierec.com\/fr\/wp-json\/wp\/v2\/media?parent=5852"}],"curies":[{"name":"wp","href":"https:\/\/api.w.org\/{rel}","templated":true}]}}