{"id":5859,"date":"2020-11-18T19:41:34","date_gmt":"2020-11-18T19:41:34","guid":{"rendered":"https:\/\/www.wierec.com\/?page_id=5859"},"modified":"2022-07-05T09:48:54","modified_gmt":"2022-07-05T09:48:54","slug":"etain","status":"publish","type":"page","link":"https:\/\/www.wierec.com\/fr\/etain\/","title":{"rendered":"Etain"},"content":{"rendered":"<h1>\u00c9TAIN<\/h1>\n<p><img decoding=\"async\" src=\"\/wp-content\/uploads\/2020\/11\/recycling-wiederkehr-gruppe-wertstoffe-zinn-001.jpg\" alt=\"\"><\/p>\n<h2>Qu\u2019est-ce que l\u2019\u00e9tain?<\/h2>\n<div>\n<p>L\u2019\u00e9tain est un \u00e9l\u00e9ment chimique extrait de la cassit\u00e9rite, un minerai \u00e9galement appel\u00e9 \u00abpierre d\u2019\u00e9tain\u00bb. Cet \u00e9l\u00e9ment qui entre dans la cat\u00e9gorie des m\u00e9taux lourds est pr\u00e9sent dans la cro\u00fbte terrestre. M\u00e9tal blanc argent\u00e9, brillant et tr\u00e8s doux, on peut facilement le rayer avec l\u2019ongle. Le pliage d\u2019un \u00e9tain de puret\u00e9 moyenne produit un bruit caract\u00e9ristique, \u00e9galement appel\u00e9 \u00abcri de l\u2019\u00e9tain\u00bb, caus\u00e9 par la friction de cristaux. L\u2019\u00e9tain ultra-pur ou hautement souill\u00e9 n\u2019a pas cette propri\u00e9t\u00e9. L\u2019\u00e9tain a un point de fusion particuli\u00e8rement bas pour les m\u00e9taux.<\/p>\n<\/div>\n<h2>O\u00f9 trouve-t-on de l\u2019\u00e9tain?<\/h2>\n<div>\n<p>De nombreux articles m\u00e9nagers, tels que la vaisselle ou les jouets pour enfants, \u00e9taient autrefois fabriqu\u00e9s en \u00e9tain. Depuis lors, des mat\u00e9riaux moins chers ont remplac\u00e9 ce m\u00e9tal. Le fer-blanc, \u00e0 savoir la t\u00f4le de fer \u00e9tam\u00e9e, est encore utilis\u00e9 aujourd\u2019hui pour des bo\u00eetes de conserve ou des plaques de cuisson. Ce m\u00e9tal est \u00e9galement en demande en tant que composant d\u2019alliage, notamment avec du cuivre pour former du bronze. Gr\u00e2ce \u00e0 sa faible temp\u00e9rature de fusion, l\u2019\u00e9tain est utilis\u00e9 dans la soudure pour la connexion de composants \u00e9lectroniques. L\u2019\u00e9tain est \u00e9galement utilis\u00e9 comme m\u00e9tal antifriction et comme composant de produits chimiques.<\/p>\n<ul>\n<li>Ferraille d\u2019\u00e9tain (v\u00e9hicules hors d\u2019usage, machines, d\u00e9chets \u00e9lectroniques, etc.)<\/li>\n<li>Vaisselle en \u00e9tain<\/li>\n<li>Soudures en \u00e9tain<\/li>\n<li>Tuyaux d\u2019orgue<\/li>\n<\/ul>\n<\/div>\n<h2>Recyclage de l\u2019\u00e9tain<\/h2>\n<div>\n<p>Les vieux d\u00e9chets d\u2019\u00e9tain peuvent \u00eatre directement refondus. Le recyclage de l\u2019\u00e9tain provenant de plaques intervient apr\u00e8s pr\u00e9paration dans des fonderies secondaires int\u00e9gr\u00e9es. La r\u00e9cup\u00e9ration de l\u2019\u00e9tain du fer-blanc est possible, mais elle n\u2019est plus pratiqu\u00e9e en raison de la faible teneur en \u00e9tain de la t\u00f4le.<\/p>\n<\/div>\n<h2>\u00c9LABORER UNE OFFRE POUR LA VENTE DE MAT\u00c9RIEL<\/h2>\n<div>\n\n<div class=\"wpcf7 no-js\" id=\"wpcf7-f5527-o1\" lang=\"fr-FR\" dir=\"ltr\" data-wpcf7-id=\"5527\">\n<div class=\"screen-reader-response\"><p role=\"status\" aria-live=\"polite\" aria-atomic=\"true\"><\/p> <ul><\/ul><\/div>\n<form action=\"\/fr\/wp-json\/wp\/v2\/pages\/5859#wpcf7-f5527-o1\" method=\"post\" class=\"wpcf7-form init\" aria-label=\"Formulaire de contact\" novalidate=\"novalidate\" data-status=\"init\">\n<fieldset class=\"hidden-fields-container\"><input type=\"hidden\" name=\"_wpcf7\" value=\"5527\" \/><input type=\"hidden\" name=\"_wpcf7_version\" value=\"6.1.5\" \/><input type=\"hidden\" name=\"_wpcf7_locale\" value=\"fr_FR\" \/><input type=\"hidden\" name=\"_wpcf7_unit_tag\" value=\"wpcf7-f5527-o1\" \/><input type=\"hidden\" name=\"_wpcf7_container_post\" value=\"0\" \/><input type=\"hidden\" name=\"_wpcf7_posted_data_hash\" value=\"\" \/><input type=\"hidden\" name=\"_wpcf7_recaptcha_response\" value=\"\" \/>\n<\/fieldset>\n<p><label> Nom*<br \/>\n<span class=\"wpcf7-form-control-wrap\" data-name=\"your-name\"><input size=\"40\" maxlength=\"400\" class=\"wpcf7-form-control wpcf7-text wpcf7-validates-as-required\" aria-required=\"true\" aria-invalid=\"false\" value=\"\" type=\"text\" name=\"your-name\" \/><\/span> <\/label><br \/>\n<label> Soci\u00e9t\u00e9*<br \/>\n<span class=\"wpcf7-form-control-wrap\" data-name=\"your-firma\"><input size=\"40\" maxlength=\"400\" class=\"wpcf7-form-control wpcf7-text wpcf7-validates-as-required\" aria-required=\"true\" aria-invalid=\"false\" value=\"\" type=\"text\" name=\"your-firma\" \/><\/span> <\/label><br \/>\n<label> T\u00e9l\u00e9phone*<br \/>\n<span class=\"wpcf7-form-control-wrap\" data-name=\"your-telefon\"><input size=\"40\" maxlength=\"400\" class=\"wpcf7-form-control wpcf7-text wpcf7-validates-as-required\" aria-required=\"true\" aria-invalid=\"false\" value=\"\" type=\"text\" name=\"your-telefon\" \/><\/span> <\/label>\n<\/p>\n<p><label> E-Mail*<br \/>\n<span class=\"wpcf7-form-control-wrap\" data-name=\"your-email\"><input size=\"40\" maxlength=\"400\" class=\"wpcf7-form-control wpcf7-email wpcf7-validates-as-required wpcf7-text wpcf7-validates-as-email\" aria-required=\"true\" aria-invalid=\"false\" value=\"\" type=\"email\" name=\"your-email\" \/><\/span> <\/label>\n<\/p>\n<p><label> Mat\u00e9riau*<br \/>\n<span class=\"wpcf7-form-control-wrap\" data-name=\"your-material\"><input size=\"40\" maxlength=\"400\" class=\"wpcf7-form-control wpcf7-text wpcf7-validates-as-required\" aria-required=\"true\" aria-invalid=\"false\" value=\"\" type=\"text\" name=\"your-material\" \/><\/span> <\/label>\n<\/p>\n<p><label> Quantit\u00e9*<br \/>\n<span class=\"wpcf7-form-control-wrap\" data-name=\"your-menge\"><input size=\"40\" maxlength=\"400\" class=\"wpcf7-form-control wpcf7-text wpcf7-validates-as-required\" aria-required=\"true\" aria-invalid=\"false\" value=\"\" type=\"text\" name=\"your-menge\" \/><\/span> <\/label>\n<\/p>\n<p><label> Etat*<br \/>\n<span class=\"wpcf7-form-control-wrap\" data-name=\"your-menge\"><input size=\"40\" maxlength=\"400\" class=\"wpcf7-form-control wpcf7-text wpcf7-validates-as-required\" aria-required=\"true\" aria-invalid=\"false\" value=\"\" type=\"text\" name=\"your-menge\" \/><\/span> <\/label>\n<\/p>\n<p><input class=\"wpcf7-form-control wpcf7-submit has-spinner\" type=\"submit\" value=\"ENVOYER\" \/>\n<\/p><div class=\"wpcf7-response-output\" aria-hidden=\"true\"><\/div>\n<\/form>\n<\/div>\n\n<\/div>\n<p><!--more--><br \/>\n<!-- {\"name\":\"Zinn DE\",\"type\":\"layout\",\"children\":[{\"type\":\"section\",\"props\":{\"style\":\"muted\",\"width\":\"xlarge\",\"vertical_align\":\"middle\",\"title_position\":\"top-left\",\"title_rotation\":\"left\",\"title_breakpoint\":\"xl\",\"image_position\":\"center-center\"},\"children\":[{\"type\":\"row\",\"children\":[{\"type\":\"column\",\"props\":{\"image_position\":\"center-center\",\"media_overlay_gradient\":\"\",\"position_sticky_breakpoint\":\"m\"},\"children\":[{\"type\":\"headline\",\"props\":{\"title_element\":\"h1\",\"title_style\":\"heading-small\",\"text_align\":\"center\",\"content\":\"\\u00c9TAIN\"}}]}]},{\"type\":\"row\",\"props\":{\"layout\":\"1-3,2-3\"},\"children\":[{\"type\":\"column\",\"props\":{\"image_position\":\"center-center\",\"media_overlay_gradient\":\"\",\"width_medium\":\"1-3\",\"position_sticky_breakpoint\":\"m\"},\"children\":[{\"type\":\"image\",\"props\":{\"margin\":\"default\",\"image_svg_color\":\"emphasis\",\"image\":\"wp-content\\\/uploads\\\/2020\\\/11\\\/recycling-wiederkehr-gruppe-wertstoffe-zinn-001.jpg\"}}]},{\"type\":\"column\",\"props\":{\"image_position\":\"center-center\",\"media_overlay_gradient\":\"\",\"width_medium\":\"2-3\",\"vertical_align\":\"middle\",\"position_sticky_breakpoint\":\"m\"},\"children\":[{\"type\":\"headline\",\"props\":{\"title_element\":\"h2\",\"content\":\"Qu\\u2019est-ce que l\\u2019\\u00e9tain?\",\"title_style\":\"h5\"}},{\"type\":\"text\",\"props\":{\"margin\":\"default\",\"column_breakpoint\":\"m\",\"content\":\"\n\n<p>L\\u2019\\u00e9tain est un \\u00e9l\\u00e9ment chimique extrait de la cassit\\u00e9rite, un minerai \\u00e9galement appel\\u00e9 \\u00abpierre d\\u2019\\u00e9tain\\u00bb. Cet \\u00e9l\\u00e9ment qui entre dans la cat\\u00e9gorie des m\\u00e9taux lourds est pr\\u00e9sent dans la cro\\u00fbte terrestre. M\\u00e9tal blanc argent\\u00e9, brillant et tr\\u00e8s doux, on peut facilement le rayer avec l\\u2019ongle. Le pliage d\\u2019un \\u00e9tain de puret\\u00e9 moyenne produit un bruit caract\\u00e9ristique, \\u00e9galement appel\\u00e9 \\u00abcri de l\\u2019\\u00e9tain\\u00bb, caus\\u00e9 par la friction de cristaux. L\\u2019\\u00e9tain ultra-pur ou hautement souill\\u00e9 n\\u2019a pas cette propri\\u00e9t\\u00e9. L\\u2019\\u00e9tain a un point de fusion particuli\\u00e8rement bas pour les m\\u00e9taux.<\\\/p>\"}},{\"type\":\"headline\",\"props\":{\"title_element\":\"h2\",\"content\":\"O\\u00f9 trouve-t-on de l\\u2019\\u00e9tain?\",\"title_style\":\"h5\"}},{\"type\":\"text\",\"props\":{\"margin\":\"default\",\"column_breakpoint\":\"m\",\"content\":\"\n\n<p>De nombreux articles m\\u00e9nagers, tels que la vaisselle ou les jouets pour enfants, \\u00e9taient autrefois fabriqu\\u00e9s en \\u00e9tain. Depuis lors, des mat\\u00e9riaux moins chers ont remplac\\u00e9 ce m\\u00e9tal. Le fer-blanc, \\u00e0 savoir la t\\u00f4le de fer \\u00e9tam\\u00e9e, est encore utilis\\u00e9 aujourd\\u2019hui pour des bo\\u00eetes de conserve ou des plaques de cuisson. Ce m\\u00e9tal est \\u00e9galement en demande en tant que composant d\\u2019alliage, notamment avec du cuivre pour former du bronze. Gr\\u00e2ce \\u00e0 sa faible temp\\u00e9rature de fusion, l\\u2019\\u00e9tain est utilis\\u00e9 dans la soudure pour la connexion de composants \\u00e9lectroniques. L\\u2019\\u00e9tain est \\u00e9galement utilis\\u00e9 comme m\\u00e9tal antifriction et comme composant de produits chimiques.<\\\/p>\\n\n\n<ul>\\n\n\n<li>Ferraille d\\u2019\\u00e9tain (v\\u00e9hicules hors d\\u2019usage, machines, d\\u00e9chets \\u00e9lectroniques, etc.)<\\\/li>\\n\n\n<li>Vaisselle en \\u00e9tain<\\\/li>\\n\n\n<li>Soudures en \\u00e9tain<\\\/li>\\n\n\n<li>Tuyaux d\\u2019orgue<\\\/li>\\n<\\\/ul>\"}},{\"type\":\"headline\",\"props\":{\"title_element\":\"h2\",\"content\":\"Recyclage de l\\u2019\\u00e9tain\",\"title_style\":\"h5\"}},{\"type\":\"text\",\"props\":{\"margin\":\"default\",\"column_breakpoint\":\"m\",\"content\":\"\n\n<p>Les vieux d\\u00e9chets d\\u2019\\u00e9tain peuvent \\u00eatre directement refondus. Le recyclage de l\\u2019\\u00e9tain provenant de plaques intervient apr\\u00e8s pr\\u00e9paration dans des fonderies secondaires int\\u00e9gr\\u00e9es. La r\\u00e9cup\\u00e9ration de l\\u2019\\u00e9tain du fer-blanc est possible, mais elle n\\u2019est plus pratiqu\\u00e9e en raison de la faible teneur en \\u00e9tain de la t\\u00f4le.<\\\/p>\"}}]}]},{\"type\":\"row\",\"children\":[{\"type\":\"column\",\"props\":{\"image_position\":\"center-center\",\"media_overlay_gradient\":\"\",\"style\":\"default\",\"position_sticky_breakpoint\":\"m\"},\"children\":[{\"type\":\"headline\",\"props\":{\"title_element\":\"h2\",\"title_style\":\"heading-small\",\"text_align\":\"center\",\"content\":\"\\u00c9LABORER UNE OFFRE POUR LA VENTE DE MAT\\u00c9RIEL\"}},{\"type\":\"text\",\"props\":{\"margin\":\"default\",\"column_breakpoint\":\"m\",\"content\":\"\n\n<p>[contact-form-7 id=\\\"2356\\\" title=\\\"Material\\\"]<\\\/p>\"}}]}]}],\"modified\":\"2020-10-31T15:01:28.483Z\",\"name\":\"Eventservice\"}],\"version\":\"2.7.22\"} --><\/p>\n","protected":false},"excerpt":{"rendered":"<p>\u00c9TAIN Qu\u2019est-ce que l\u2019\u00e9tain? L\u2019\u00e9tain est un \u00e9l\u00e9ment chimique extrait de la cassit\u00e9rite, un minerai \u00e9galement appel\u00e9 \u00abpierre d\u2019\u00e9tain\u00bb. Cet \u00e9l\u00e9ment qui entre dans la cat\u00e9gorie des m\u00e9taux lourds est pr\u00e9sent dans la cro\u00fbte terrestre. M\u00e9tal blanc argent\u00e9, brillant et tr\u00e8s doux, on peut facilement le rayer avec l\u2019ongle. Le pliage d\u2019un \u00e9tain de puret\u00e9 [&hellip;]<\/p>\n","protected":false},"author":1,"featured_media":0,"parent":0,"menu_order":0,"comment_status":"closed","ping_status":"closed","template":"","meta":{"inline_featured_image":false,"footnotes":""},"class_list":["post-5859","page","type-page","status-publish","hentry"],"yoast_head":"<!-- This site is optimized with the Yoast SEO Premium plugin v24.3 (Yoast SEO v27.3) - https:\/\/yoast.com\/product\/yoast-seo-premium-wordpress\/ -->\n<title>Etain | Groupe Wiederkehr<\/title>\n<meta name=\"description\" content=\"Nous achetons de l\u2019\u00e9tain. Recyclage des d\u00e9chets d\u2019\u00e9tain, de la vaisselle ou des soudures en \u00e9tain. Nous sommes \u00e0 votre disposition pour toute question.\" \/>\n<meta name=\"robots\" content=\"index, follow, max-snippet:-1, max-image-preview:large, max-video-preview:-1\" \/>\n<link rel=\"canonical\" href=\"https:\/\/www.wierec.com\/fr\/etain\/\" \/>\n<meta property=\"og:locale\" content=\"fr_FR\" \/>\n<meta property=\"og:type\" content=\"article\" \/>\n<meta property=\"og:title\" content=\"Etain\" \/>\n<meta property=\"og:description\" content=\"Nous achetons de l\u2019\u00e9tain. Recyclage des d\u00e9chets d\u2019\u00e9tain, de la vaisselle ou des soudures en \u00e9tain. Nous sommes \u00e0 votre disposition pour toute question.\" \/>\n<meta property=\"og:url\" content=\"https:\/\/www.wierec.com\/fr\/etain\/\" \/>\n<meta property=\"og:site_name\" content=\"Wiederkehr Recycling\" \/>\n<meta property=\"article:modified_time\" content=\"2022-07-05T09:48:54+00:00\" \/>\n<meta name=\"twitter:card\" content=\"summary_large_image\" \/>\n<meta name=\"twitter:label1\" content=\"Dur\u00e9e de lecture estim\u00e9e\" \/>\n\t<meta name=\"twitter:data1\" content=\"2 minutes\" \/>\n<script type=\"application\/ld+json\" class=\"yoast-schema-graph\">{\"@context\":\"https:\\\/\\\/schema.org\",\"@graph\":[{\"@type\":\"WebPage\",\"@id\":\"https:\\\/\\\/www.wierec.com\\\/fr\\\/etain\\\/\",\"url\":\"https:\\\/\\\/www.wierec.com\\\/fr\\\/etain\\\/\",\"name\":\"Etain | Groupe Wiederkehr\",\"isPartOf\":{\"@id\":\"https:\\\/\\\/www.wierec.com\\\/fr\\\/#website\"},\"datePublished\":\"2020-11-18T19:41:34+00:00\",\"dateModified\":\"2022-07-05T09:48:54+00:00\",\"description\":\"Nous achetons de l\u2019\u00e9tain. Recyclage des d\u00e9chets d\u2019\u00e9tain, de la vaisselle ou des soudures en \u00e9tain. Nous sommes \u00e0 votre disposition pour toute question.\",\"breadcrumb\":{\"@id\":\"https:\\\/\\\/www.wierec.com\\\/fr\\\/etain\\\/#breadcrumb\"},\"inLanguage\":\"fr-FR\",\"potentialAction\":[{\"@type\":\"ReadAction\",\"target\":[\"https:\\\/\\\/www.wierec.com\\\/fr\\\/etain\\\/\"]}]},{\"@type\":\"BreadcrumbList\",\"@id\":\"https:\\\/\\\/www.wierec.com\\\/fr\\\/etain\\\/#breadcrumb\",\"itemListElement\":[{\"@type\":\"ListItem\",\"position\":1,\"name\":\"Home\",\"item\":\"https:\\\/\\\/www.wierec.com\\\/fr\\\/\"},{\"@type\":\"ListItem\",\"position\":2,\"name\":\"Etain\"}]},{\"@type\":\"WebSite\",\"@id\":\"https:\\\/\\\/www.wierec.com\\\/fr\\\/#website\",\"url\":\"https:\\\/\\\/www.wierec.com\\\/fr\\\/\",\"name\":\"Wiederkehr Recycling\",\"description\":\"Die Wiederkehr der Rohstoffe\",\"publisher\":{\"@id\":\"https:\\\/\\\/www.wierec.com\\\/fr\\\/#organization\"},\"potentialAction\":[{\"@type\":\"SearchAction\",\"target\":{\"@type\":\"EntryPoint\",\"urlTemplate\":\"https:\\\/\\\/www.wierec.com\\\/fr\\\/?s={search_term_string}\"},\"query-input\":{\"@type\":\"PropertyValueSpecification\",\"valueRequired\":true,\"valueName\":\"search_term_string\"}}],\"inLanguage\":\"fr-FR\"},{\"@type\":\"Organization\",\"@id\":\"https:\\\/\\\/www.wierec.com\\\/fr\\\/#organization\",\"name\":\"Wiederkehr Recycling AG\",\"url\":\"https:\\\/\\\/www.wierec.com\\\/fr\\\/\",\"logo\":{\"@type\":\"ImageObject\",\"inLanguage\":\"fr-FR\",\"@id\":\"https:\\\/\\\/www.wierec.com\\\/fr\\\/#\\\/schema\\\/logo\\\/image\\\/\",\"url\":\"https:\\\/\\\/www.wierec.com\\\/wp-content\\\/uploads\\\/2020\\\/11\\\/logo-wiederkehr-gruppe-4f-quer-001.png\",\"contentUrl\":\"https:\\\/\\\/www.wierec.com\\\/wp-content\\\/uploads\\\/2020\\\/11\\\/logo-wiederkehr-gruppe-4f-quer-001.png\",\"width\":1500,\"height\":367,\"caption\":\"Wiederkehr Recycling AG\"},\"image\":{\"@id\":\"https:\\\/\\\/www.wierec.com\\\/fr\\\/#\\\/schema\\\/logo\\\/image\\\/\"}}]}<\/script>\n<!-- \/ Yoast SEO Premium plugin. -->","yoast_head_json":{"title":"Etain | Groupe Wiederkehr","description":"Nous achetons de l\u2019\u00e9tain. Recyclage des d\u00e9chets d\u2019\u00e9tain, de la vaisselle ou des soudures en \u00e9tain. Nous sommes \u00e0 votre disposition pour toute question.","robots":{"index":"index","follow":"follow","max-snippet":"max-snippet:-1","max-image-preview":"max-image-preview:large","max-video-preview":"max-video-preview:-1"},"canonical":"https:\/\/www.wierec.com\/fr\/etain\/","og_locale":"fr_FR","og_type":"article","og_title":"Etain","og_description":"Nous achetons de l\u2019\u00e9tain. Recyclage des d\u00e9chets d\u2019\u00e9tain, de la vaisselle ou des soudures en \u00e9tain. Nous sommes \u00e0 votre disposition pour toute question.","og_url":"https:\/\/www.wierec.com\/fr\/etain\/","og_site_name":"Wiederkehr Recycling","article_modified_time":"2022-07-05T09:48:54+00:00","twitter_card":"summary_large_image","twitter_misc":{"Dur\u00e9e de lecture estim\u00e9e":"2 minutes"},"schema":{"@context":"https:\/\/schema.org","@graph":[{"@type":"WebPage","@id":"https:\/\/www.wierec.com\/fr\/etain\/","url":"https:\/\/www.wierec.com\/fr\/etain\/","name":"Etain | Groupe Wiederkehr","isPartOf":{"@id":"https:\/\/www.wierec.com\/fr\/#website"},"datePublished":"2020-11-18T19:41:34+00:00","dateModified":"2022-07-05T09:48:54+00:00","description":"Nous achetons de l\u2019\u00e9tain. Recyclage des d\u00e9chets d\u2019\u00e9tain, de la vaisselle ou des soudures en \u00e9tain. Nous sommes \u00e0 votre disposition pour toute question.","breadcrumb":{"@id":"https:\/\/www.wierec.com\/fr\/etain\/#breadcrumb"},"inLanguage":"fr-FR","potentialAction":[{"@type":"ReadAction","target":["https:\/\/www.wierec.com\/fr\/etain\/"]}]},{"@type":"BreadcrumbList","@id":"https:\/\/www.wierec.com\/fr\/etain\/#breadcrumb","itemListElement":[{"@type":"ListItem","position":1,"name":"Home","item":"https:\/\/www.wierec.com\/fr\/"},{"@type":"ListItem","position":2,"name":"Etain"}]},{"@type":"WebSite","@id":"https:\/\/www.wierec.com\/fr\/#website","url":"https:\/\/www.wierec.com\/fr\/","name":"Wiederkehr Recycling","description":"Die Wiederkehr der Rohstoffe","publisher":{"@id":"https:\/\/www.wierec.com\/fr\/#organization"},"potentialAction":[{"@type":"SearchAction","target":{"@type":"EntryPoint","urlTemplate":"https:\/\/www.wierec.com\/fr\/?s={search_term_string}"},"query-input":{"@type":"PropertyValueSpecification","valueRequired":true,"valueName":"search_term_string"}}],"inLanguage":"fr-FR"},{"@type":"Organization","@id":"https:\/\/www.wierec.com\/fr\/#organization","name":"Wiederkehr Recycling AG","url":"https:\/\/www.wierec.com\/fr\/","logo":{"@type":"ImageObject","inLanguage":"fr-FR","@id":"https:\/\/www.wierec.com\/fr\/#\/schema\/logo\/image\/","url":"https:\/\/www.wierec.com\/wp-content\/uploads\/2020\/11\/logo-wiederkehr-gruppe-4f-quer-001.png","contentUrl":"https:\/\/www.wierec.com\/wp-content\/uploads\/2020\/11\/logo-wiederkehr-gruppe-4f-quer-001.png","width":1500,"height":367,"caption":"Wiederkehr Recycling AG"},"image":{"@id":"https:\/\/www.wierec.com\/fr\/#\/schema\/logo\/image\/"}}]}},"_links":{"self":[{"href":"https:\/\/www.wierec.com\/fr\/wp-json\/wp\/v2\/pages\/5859","targetHints":{"allow":["GET"]}}],"collection":[{"href":"https:\/\/www.wierec.com\/fr\/wp-json\/wp\/v2\/pages"}],"about":[{"href":"https:\/\/www.wierec.com\/fr\/wp-json\/wp\/v2\/types\/page"}],"author":[{"embeddable":true,"href":"https:\/\/www.wierec.com\/fr\/wp-json\/wp\/v2\/users\/1"}],"replies":[{"embeddable":true,"href":"https:\/\/www.wierec.com\/fr\/wp-json\/wp\/v2\/comments?post=5859"}],"version-history":[{"count":7,"href":"https:\/\/www.wierec.com\/fr\/wp-json\/wp\/v2\/pages\/5859\/revisions"}],"predecessor-version":[{"id":11804,"href":"https:\/\/www.wierec.com\/fr\/wp-json\/wp\/v2\/pages\/5859\/revisions\/11804"}],"wp:attachment":[{"href":"https:\/\/www.wierec.com\/fr\/wp-json\/wp\/v2\/media?parent=5859"}],"curies":[{"name":"wp","href":"https:\/\/api.w.org\/{rel}","templated":true}]}}