{"id":6494,"date":"2020-11-20T14:36:18","date_gmt":"2020-11-20T14:36:18","guid":{"rendered":"https:\/\/www.wierec.com\/?page_id=6494"},"modified":"2025-05-05T11:17:05","modified_gmt":"2025-05-05T11:17:05","slug":"impressum","status":"publish","type":"page","link":"https:\/\/www.wierec.com\/fr\/impressum\/","title":{"rendered":"impressum"},"content":{"rendered":"<div>\n<h1>Impressum<\/h1>\n<h1><\/h1>\n<\/div>\n<div>\n<div class=\"uk-grid-margin uk-container\">\n<div class=\"uk-grid\" uk-grid=\"\">\n<div class=\"uk-width-expand@m uk-first-column\">\n<div class=\"uk-margin uk-text-center\">\n<p style=\"text-align: left;\"><strong>propri\u00e9taire:<br \/><\/strong>Wiederkehr Recycling AG<br \/>Titlisstrasse 332<br \/>5622 Waltenschwil<br \/>Tel. +41 56 618 36 36<br \/><a href=\"mailto:info@wierec.com\" target=\"_blank\" rel=\"noopener\">info@wierec.com<\/a><\/p>\n<p style=\"text-align: left;\">\n<p style=\"text-align: left;\"><strong>Conception globale et mise en \u0153uvret:<br \/><\/strong>Marketingwerkstatt GmbH<br \/>Bahnhofstrasse 3b<br \/>5643 Sins<br \/><a href=\"http:\/\/www.marketingwerkstatt.ch\" target=\"_blank\" rel=\"noopener\">www.marketingwerkstatt.ch<\/a><\/p>\n<p style=\"text-align: left;\">\n<\/div>\n<\/div>\n<div class=\"uk-width-expand@m\" style=\"text-align: left;\">\n<div class=\"uk-margin\">\n<p><a href=\"http:\/\/www.enovate.ch\" target=\"_blank\" rel=\"noopener\"><\/a><\/p>\n<p><strong>photos:<\/strong><br \/>Britta Kapitzki<br \/>Reto Kuhn<br \/>Wiederkehr Gruppe<br \/>Adobe Stock<\/p>\n<p><strong>illustrations<\/strong><br \/>Marketingwerkstatt GmbH<\/p>\n<p><strong>Video:<\/strong><br \/>Peter Arnold<br \/>Kirsten Kennel<\/p>\n<\/div>\n<\/div>\n<div class=\"uk-width-expand@m\">\n<div class=\"uk-margin\">\n<p style=\"text-align: left;\"><strong>mention l\u00e9gale:<\/strong><br \/>Aucune responsabilit\u00e9 n&rsquo;est accept\u00e9e pour le contenu des sites Web li\u00e9s.<\/p>\n<p><strong>Copyright:<br \/><\/strong>\u00a9 <script>\n            var Jahr = new Date().getFullYear()\n            document.write(Jahr)\n<\/script> , Wiederkehr Gruppe<\/p>\n<\/div>\n<\/div>\n<\/div>\n<\/div>\n<\/div>\n<p><!--more--><br \/>\n<!-- {\"name\":\"impressum DE\",\"type\":\"layout\",\"children\":[{\"type\":\"section\",\"props\":{\"image_position\":\"center-center\",\"style\":\"default\",\"title_breakpoint\":\"xl\",\"title_position\":\"top-left\",\"title_rotation\":\"left\",\"vertical_align\":\"middle\",\"width\":\"default\"},\"children\":[{\"type\":\"row\",\"children\":[{\"type\":\"column\",\"props\":{\"image_position\":\"center-center\",\"position_sticky_breakpoint\":\"m\"},\"children\":[{\"type\":\"text\",\"props\":{\"column_breakpoint\":\"m\",\"content\":\"\n\n<h1>Impressum<\\\/h1>\\n\n\n<h1><\\\/h1>\",\"css\":\".el-element {display:none;}\",\"margin\":\"default\"},\"name\":\"H1 versteckt\"},{\"type\":\"text\",\"props\":{\"column_breakpoint\":\"m\",\"content\":\"\n\n<div class=\\\"uk-grid-margin uk-container\\\">\\n\n\n<div class=\\\"uk-grid\\\" uk-grid=\\\"\\\">\\n\n\n<div class=\\\"uk-width-expand@m uk-first-column\\\">\\n\n\n<div class=\\\"uk-margin uk-text-center\\\">\\n\n\n<p style=\\\"text-align: left;\\\"><strong>propri\\u00e9taire:<br \\\/><\\\/strong>Wiederkehr Recycling AG<br \\\/>Titlisstrasse 332<br \\\/>5622 Waltenschwil<br \\\/>Tel. +41 56 618 36 36<br \\\/><a href=\\\"mailto:info@wierec.com\\\" target=\\\"_blank\\\" rel=\\\"noopener\\\">info@wierec.com<\\\/a><\\\/p>\\n\n\n<p style=\\\"text-align: left;\\\"><\\\/p>\\n\n\n<p style=\\\"text-align: left;\\\"><strong>Conception globale et mise en \\u0153uvret:<br \\\/><\\\/strong>Marketingwerkstatt GmbH<br \\\/>Bahnhofstrasse 3b<br \\\/>5643 Sins<br \\\/><a href=\\\"http:\\\/\\\/www.marketingwerkstatt.ch\\\" target=\\\"_blank\\\" rel=\\\"noopener\\\">www.marketingwerkstatt.ch<\\\/a><\\\/p>\\n\n\n<p style=\\\"text-align: left;\\\"><\\\/p>\\n<\\\/div>\\n<\\\/div>\\n\n\n<div class=\\\"uk-width-expand@m\\\" style=\\\"text-align: left;\\\">\\n\n\n<div class=\\\"uk-margin\\\">\\n\n\n<p><a href=\\\"http:\\\/\\\/www.enovate.ch\\\" target=\\\"_blank\\\" rel=\\\"noopener\\\"><\\\/a><\\\/p>\\n\n\n<p><strong>photos:<\\\/strong><br \\\/>Britta Kapitzki<br \\\/>Reto Kuhn<br \\\/>Wiederkehr Gruppe<br \\\/>Adobe Stock<\\\/p>\\n\n\n<p><strong>illustrations<\\\/strong><br \\\/>Marketingwerkstatt GmbH<\\\/p>\\n\n\n<p><strong>Video:<\\\/strong><br \\\/>Peter Arnold<br \\\/>Kirsten Kennel<\\\/p>\\n<\\\/div>\\n<\\\/div>\\n\n\n<div class=\\\"uk-width-expand@m\\\">\\n\n\n<div class=\\\"uk-margin\\\">\\n\n\n<p style=\\\"text-align: left;\\\"><strong>mention l\\u00e9gale:<\\\/strong><br \\\/>Aucune responsabilit\\u00e9 n'est accept\\u00e9e pour le contenu des sites Web li\\u00e9s.<\\\/p>\\n\n\n<p><strong>Copyright:<br \\\/><\\\/strong>\\u00a9 <script>\\n            var Jahr = new Date().getFullYear()\\n            document.write(Jahr)\\n<\\\/script> , Wiederkehr Gruppe<\\\/p>\\n<\\\/div>\\n<\\\/div>\\n<\\\/div>\\n<\\\/div>\",\"margin\":\"default\"}}]}]}]}],\"version\":\"4.3.4\"} --><\/p>\n","protected":false},"excerpt":{"rendered":"<p>Impressum propri\u00e9taire:Wiederkehr Recycling AGTitlisstrasse 3325622 WaltenschwilTel. +41 56 618 36 36info@wierec.com Conception globale et mise en \u0153uvret:Marketingwerkstatt GmbHBahnhofstrasse 3b5643 Sinswww.marketingwerkstatt.ch photos:Britta KapitzkiReto KuhnWiederkehr GruppeAdobe Stock illustrationsMarketingwerkstatt GmbH Video:Peter ArnoldKirsten Kennel mention l\u00e9gale:Aucune responsabilit\u00e9 n&rsquo;est accept\u00e9e pour le contenu des sites Web li\u00e9s. Copyright:\u00a9 , Wiederkehr Gruppe<\/p>\n","protected":false},"author":1,"featured_media":0,"parent":0,"menu_order":0,"comment_status":"closed","ping_status":"closed","template":"","meta":{"inline_featured_image":false,"footnotes":""},"class_list":["post-6494","page","type-page","status-publish","hentry"],"yoast_head":"<!-- This site is optimized with the Yoast SEO Premium plugin v24.3 (Yoast SEO v27.3) - https:\/\/yoast.com\/product\/yoast-seo-premium-wordpress\/ -->\n<title>impressum - Wiederkehr Recycling<\/title>\n<meta name=\"robots\" content=\"index, follow, max-snippet:-1, max-image-preview:large, max-video-preview:-1\" \/>\n<link rel=\"canonical\" href=\"https:\/\/www.wierec.com\/fr\/impressum\/\" \/>\n<meta property=\"og:locale\" content=\"fr_FR\" \/>\n<meta property=\"og:type\" content=\"article\" \/>\n<meta property=\"og:title\" content=\"impressum\" \/>\n<meta property=\"og:description\" content=\"Impressum propri\u00e9taire:Wiederkehr Recycling AGTitlisstrasse 3325622 WaltenschwilTel. +41 56 618 36 36info@wierec.com Conception globale et mise en \u0153uvret:Marketingwerkstatt GmbHBahnhofstrasse 3b5643 Sinswww.marketingwerkstatt.ch photos:Britta KapitzkiReto KuhnWiederkehr GruppeAdobe Stock illustrationsMarketingwerkstatt GmbH Video:Peter ArnoldKirsten Kennel mention l\u00e9gale:Aucune responsabilit\u00e9 n&rsquo;est accept\u00e9e pour le contenu des sites Web li\u00e9s. Copyright:\u00a9 , Wiederkehr Gruppe\" \/>\n<meta property=\"og:url\" content=\"https:\/\/www.wierec.com\/fr\/impressum\/\" \/>\n<meta property=\"og:site_name\" content=\"Wiederkehr Recycling\" \/>\n<meta property=\"article:modified_time\" content=\"2025-05-05T11:17:05+00:00\" \/>\n<meta name=\"twitter:card\" content=\"summary_large_image\" \/>\n<script type=\"application\/ld+json\" class=\"yoast-schema-graph\">{\"@context\":\"https:\\\/\\\/schema.org\",\"@graph\":[{\"@type\":\"WebPage\",\"@id\":\"https:\\\/\\\/www.wierec.com\\\/fr\\\/impressum\\\/\",\"url\":\"https:\\\/\\\/www.wierec.com\\\/fr\\\/impressum\\\/\",\"name\":\"impressum - Wiederkehr Recycling\",\"isPartOf\":{\"@id\":\"https:\\\/\\\/www.wierec.com\\\/fr\\\/#website\"},\"datePublished\":\"2020-11-20T14:36:18+00:00\",\"dateModified\":\"2025-05-05T11:17:05+00:00\",\"breadcrumb\":{\"@id\":\"https:\\\/\\\/www.wierec.com\\\/fr\\\/impressum\\\/#breadcrumb\"},\"inLanguage\":\"fr-FR\",\"potentialAction\":[{\"@type\":\"ReadAction\",\"target\":[\"https:\\\/\\\/www.wierec.com\\\/fr\\\/impressum\\\/\"]}]},{\"@type\":\"BreadcrumbList\",\"@id\":\"https:\\\/\\\/www.wierec.com\\\/fr\\\/impressum\\\/#breadcrumb\",\"itemListElement\":[{\"@type\":\"ListItem\",\"position\":1,\"name\":\"Home\",\"item\":\"https:\\\/\\\/www.wierec.com\\\/fr\\\/\"},{\"@type\":\"ListItem\",\"position\":2,\"name\":\"impressum\"}]},{\"@type\":\"WebSite\",\"@id\":\"https:\\\/\\\/www.wierec.com\\\/fr\\\/#website\",\"url\":\"https:\\\/\\\/www.wierec.com\\\/fr\\\/\",\"name\":\"Wiederkehr Recycling\",\"description\":\"Die Wiederkehr der Rohstoffe\",\"publisher\":{\"@id\":\"https:\\\/\\\/www.wierec.com\\\/fr\\\/#organization\"},\"potentialAction\":[{\"@type\":\"SearchAction\",\"target\":{\"@type\":\"EntryPoint\",\"urlTemplate\":\"https:\\\/\\\/www.wierec.com\\\/fr\\\/?s={search_term_string}\"},\"query-input\":{\"@type\":\"PropertyValueSpecification\",\"valueRequired\":true,\"valueName\":\"search_term_string\"}}],\"inLanguage\":\"fr-FR\"},{\"@type\":\"Organization\",\"@id\":\"https:\\\/\\\/www.wierec.com\\\/fr\\\/#organization\",\"name\":\"Wiederkehr Recycling AG\",\"url\":\"https:\\\/\\\/www.wierec.com\\\/fr\\\/\",\"logo\":{\"@type\":\"ImageObject\",\"inLanguage\":\"fr-FR\",\"@id\":\"https:\\\/\\\/www.wierec.com\\\/fr\\\/#\\\/schema\\\/logo\\\/image\\\/\",\"url\":\"https:\\\/\\\/www.wierec.com\\\/wp-content\\\/uploads\\\/2020\\\/11\\\/logo-wiederkehr-gruppe-4f-quer-001.png\",\"contentUrl\":\"https:\\\/\\\/www.wierec.com\\\/wp-content\\\/uploads\\\/2020\\\/11\\\/logo-wiederkehr-gruppe-4f-quer-001.png\",\"width\":1500,\"height\":367,\"caption\":\"Wiederkehr Recycling AG\"},\"image\":{\"@id\":\"https:\\\/\\\/www.wierec.com\\\/fr\\\/#\\\/schema\\\/logo\\\/image\\\/\"}}]}<\/script>\n<!-- \/ Yoast SEO Premium plugin. -->","yoast_head_json":{"title":"impressum - Wiederkehr Recycling","robots":{"index":"index","follow":"follow","max-snippet":"max-snippet:-1","max-image-preview":"max-image-preview:large","max-video-preview":"max-video-preview:-1"},"canonical":"https:\/\/www.wierec.com\/fr\/impressum\/","og_locale":"fr_FR","og_type":"article","og_title":"impressum","og_description":"Impressum propri\u00e9taire:Wiederkehr Recycling AGTitlisstrasse 3325622 WaltenschwilTel. +41 56 618 36 36info@wierec.com Conception globale et mise en \u0153uvret:Marketingwerkstatt GmbHBahnhofstrasse 3b5643 Sinswww.marketingwerkstatt.ch photos:Britta KapitzkiReto KuhnWiederkehr GruppeAdobe Stock illustrationsMarketingwerkstatt GmbH Video:Peter ArnoldKirsten Kennel mention l\u00e9gale:Aucune responsabilit\u00e9 n&rsquo;est accept\u00e9e pour le contenu des sites Web li\u00e9s. Copyright:\u00a9 , Wiederkehr Gruppe","og_url":"https:\/\/www.wierec.com\/fr\/impressum\/","og_site_name":"Wiederkehr Recycling","article_modified_time":"2025-05-05T11:17:05+00:00","twitter_card":"summary_large_image","schema":{"@context":"https:\/\/schema.org","@graph":[{"@type":"WebPage","@id":"https:\/\/www.wierec.com\/fr\/impressum\/","url":"https:\/\/www.wierec.com\/fr\/impressum\/","name":"impressum - Wiederkehr Recycling","isPartOf":{"@id":"https:\/\/www.wierec.com\/fr\/#website"},"datePublished":"2020-11-20T14:36:18+00:00","dateModified":"2025-05-05T11:17:05+00:00","breadcrumb":{"@id":"https:\/\/www.wierec.com\/fr\/impressum\/#breadcrumb"},"inLanguage":"fr-FR","potentialAction":[{"@type":"ReadAction","target":["https:\/\/www.wierec.com\/fr\/impressum\/"]}]},{"@type":"BreadcrumbList","@id":"https:\/\/www.wierec.com\/fr\/impressum\/#breadcrumb","itemListElement":[{"@type":"ListItem","position":1,"name":"Home","item":"https:\/\/www.wierec.com\/fr\/"},{"@type":"ListItem","position":2,"name":"impressum"}]},{"@type":"WebSite","@id":"https:\/\/www.wierec.com\/fr\/#website","url":"https:\/\/www.wierec.com\/fr\/","name":"Wiederkehr Recycling","description":"Die Wiederkehr der Rohstoffe","publisher":{"@id":"https:\/\/www.wierec.com\/fr\/#organization"},"potentialAction":[{"@type":"SearchAction","target":{"@type":"EntryPoint","urlTemplate":"https:\/\/www.wierec.com\/fr\/?s={search_term_string}"},"query-input":{"@type":"PropertyValueSpecification","valueRequired":true,"valueName":"search_term_string"}}],"inLanguage":"fr-FR"},{"@type":"Organization","@id":"https:\/\/www.wierec.com\/fr\/#organization","name":"Wiederkehr Recycling AG","url":"https:\/\/www.wierec.com\/fr\/","logo":{"@type":"ImageObject","inLanguage":"fr-FR","@id":"https:\/\/www.wierec.com\/fr\/#\/schema\/logo\/image\/","url":"https:\/\/www.wierec.com\/wp-content\/uploads\/2020\/11\/logo-wiederkehr-gruppe-4f-quer-001.png","contentUrl":"https:\/\/www.wierec.com\/wp-content\/uploads\/2020\/11\/logo-wiederkehr-gruppe-4f-quer-001.png","width":1500,"height":367,"caption":"Wiederkehr Recycling AG"},"image":{"@id":"https:\/\/www.wierec.com\/fr\/#\/schema\/logo\/image\/"}}]}},"_links":{"self":[{"href":"https:\/\/www.wierec.com\/fr\/wp-json\/wp\/v2\/pages\/6494","targetHints":{"allow":["GET"]}}],"collection":[{"href":"https:\/\/www.wierec.com\/fr\/wp-json\/wp\/v2\/pages"}],"about":[{"href":"https:\/\/www.wierec.com\/fr\/wp-json\/wp\/v2\/types\/page"}],"author":[{"embeddable":true,"href":"https:\/\/www.wierec.com\/fr\/wp-json\/wp\/v2\/users\/1"}],"replies":[{"embeddable":true,"href":"https:\/\/www.wierec.com\/fr\/wp-json\/wp\/v2\/comments?post=6494"}],"version-history":[{"count":7,"href":"https:\/\/www.wierec.com\/fr\/wp-json\/wp\/v2\/pages\/6494\/revisions"}],"predecessor-version":[{"id":19592,"href":"https:\/\/www.wierec.com\/fr\/wp-json\/wp\/v2\/pages\/6494\/revisions\/19592"}],"wp:attachment":[{"href":"https:\/\/www.wierec.com\/fr\/wp-json\/wp\/v2\/media?parent=6494"}],"curies":[{"name":"wp","href":"https:\/\/api.w.org\/{rel}","templated":true}]}}